{"id":2921,"date":"2017-12-30T21:05:14","date_gmt":"2017-12-30T21:05:14","guid":{"rendered":"http:\/\/biblian.is\/biblian\/bar%c2%9cksb%c2%97k-5-kafli\/"},"modified":"2017-12-30T21:05:14","modified_gmt":"2017-12-30T21:05:14","slug":"baruksbok-5-kafli","status":"publish","type":"page","link":"https:\/\/biblian.is\/biblian\/baruksbok-5-kafli\/","title":{"rendered":"Bar\u00faksb\u00f3k 5. kafli"},"content":{"rendered":"<p><span class=\"ljodatexti\"> <a name=\"1\"><span class=\"versanumer_ljod\">1<\/span><\/a>Afkl\u00e6\u00f0 \u00feig, Jer\u00fasalem, hrygg\u00f0ar- og h\u00f6rmungarskikkju \u00feinni, <br \/>\u00edkl\u00e6\u00f0stu skarti Gu\u00f0s d\u00fdr\u00f0ar a\u00f0 eil\u00edfu. <br \/> <\/span> <span class=\"ljodatexti\"> <a name=\"2\"><span class=\"versanumer_ljod\">2<\/span><\/a> Sveipa \u00feig m\u00f6ttli r\u00e9ttl\u00e6tis Gu\u00f0s, <br \/>set h\u00f6fu\u00f0b\u00fana\u00f0 d\u00fdr\u00f0ar Hins eil\u00edfa \u00e1 h\u00f6fu\u00f0 \u00fe\u00e9r. <br \/> <\/span> <span class=\"ljodatexti\"> <a name=\"3\"><span class=\"versanumer_ljod\">3<\/span><\/a> Gu\u00f0 mun s\u00fdna s\u00e9rhverri \u00fej\u00f3\u00f0 \u00e1 j\u00f6r\u00f0u vegsemd \u00fe\u00edna <br \/> <\/span> <span class=\"ljodatexti\"> <a name=\"4\"><span class=\"versanumer_ljod\">4<\/span><\/a> \u00fev\u00ed a\u00f0 Gu\u00f0 mun veita \u00fe\u00e9r a\u00f0 eil\u00edfu nafni\u00f0: <br \/>\u201eFri\u00f0ur vegna r\u00e9ttl\u00e6tis, d\u00fdr\u00f0 sakir gu\u00f0r\u00e6kni.\u201c <br \/> <\/span> <span class=\"ljodatexti\"> <a name=\"5\"><span class=\"versanumer_ljod\">5<\/span><\/a> R\u00eds upp, Jer\u00fasalem, tak \u00fe\u00e9r st\u00f6\u00f0u \u00e1 h\u00e6\u00f0inni, <br \/>hef upp augu \u00fe\u00edn og horf\u00f0u \u00ed austur. <br \/>L\u00edt b\u00f6rn \u00fe\u00edn sem safna\u00f0 var saman a\u00f0 bo\u00f0i Hins heilaga,<br \/>\u00feau koma \u00far vestri og austri,<br \/>fagnandi yfir a\u00f0 Gu\u00f0 minntist \u00feeirra. <br \/> <\/span> <span class=\"ljodatexti\"> <a name=\"6\"><span class=\"versanumer_ljod\">6<\/span><\/a> F\u00f3tgangandi f\u00f3ru \u00feau fr\u00e1 \u00fe\u00e9r,<br \/>leidd burt af \u00f3vinum.<br \/>En Gu\u00f0 f\u00e6rir \u00feau aftur til \u00fe\u00edn<br \/>og munu \u00feau borin \u00ed vegsemd l\u00edkt og \u00ed h\u00e1s\u00e6ti. <br \/> <\/span> <span class=\"ljodatexti\"> <a name=\"7\"><span class=\"versanumer_ljod\">7<\/span><\/a> \u00dev\u00ed a\u00f0 Gu\u00f0 hefur bo\u00f0i\u00f0 a\u00f0 hvert h\u00e1tt fjall skuli l\u00e6kka,<br \/>eil\u00edfar h\u00e6\u00f0ir jafnast<br \/>og dalirnir fyllast og ver\u00f0a a\u00f0 jafnsl\u00e9ttu <br \/>svo a\u00f0 \u00cdsrael megi ganga fram \u00ed skj\u00f3li d\u00fdr\u00f0ar Gu\u00f0s.<br \/> <\/span> <span class=\"ljodatexti\"> <a name=\"8\"><span class=\"versanumer_ljod\">8<\/span><\/a> A\u00f0 bo\u00f0i Gu\u00f0s munu sk\u00f3gar og \u00f6ll ilmandi tr\u00e9<br \/>veita \u00cdsrael skugga. <br \/> <\/span> <span class=\"ljodatexti\"> <a name=\"9\"><span class=\"versanumer_ljod\">9<\/span><\/a> Me\u00f0 lj\u00f3si d\u00fdr\u00f0ar sinnar<br \/>og me\u00f0 miskunn sinni og r\u00e9ttl\u00e6ti<br \/>mun Gu\u00f0 lei\u00f0a \u00cdsrael fagnandi heim. <\/span> <\/p>\n","protected":false},"excerpt":{"rendered":"<p>1Afkl\u00e6\u00f0 \u00feig, Jer\u00fasalem, hrygg\u00f0ar- og h\u00f6rmungarskikkju \u00feinni, \u00edkl\u00e6\u00f0stu skarti Gu\u00f0s d\u00fdr\u00f0ar a\u00f0 eil\u00edfu. 2 Sveipa \u00feig m\u00f6ttli r\u00e9ttl\u00e6tis Gu\u00f0s, set h\u00f6fu\u00f0b\u00fana\u00f0 d\u00fdr\u00f0ar Hins eil\u00edfa \u00e1 h\u00f6fu\u00f0 \u00fe\u00e9r. 3 Gu\u00f0 mun s\u00fdna s\u00e9rhverri \u00fej\u00f3\u00f0 \u00e1 j\u00f6r\u00f0u vegsemd \u00fe\u00edna 4 \u00fev\u00ed a\u00f0 Gu\u00f0 mun veita \u00fe\u00e9r a\u00f0 eil\u00edfu nafni\u00f0: \u201eFri\u00f0ur vegna r\u00e9ttl\u00e6tis, d\u00fdr\u00f0 sakir gu\u00f0r\u00e6kni.\u201c 5 R\u00eds upp, Jer\u00fasalem, tak \u00fe\u00e9r st\u00f6\u00f0u \u00e1 h\u00e6\u00f0inni, hef upp augu \u00fe\u00edn og horf\u00f0u \u00ed austur. L\u00edt b\u00f6rn \u00fe\u00edn sem safna\u00f0 var saman a\u00f0 bo\u00f0i Hins heilaga,\u00feau koma \u00far vestri og austri,fagnandi yfir a\u00f0 Gu\u00f0 minntist \u00feeirra. 6 F\u00f3tgangandi f\u00f3ru \u00feau fr\u00e1 \u00fe\u00e9r,leidd burt af \u00f3vinum.En <a href=\"https:\/\/biblian.is\/biblian\/baruksbok-5-kafli\/\"> [&#8230;]<\/a><\/p>\n","protected":false},"author":1,"featured_media":0,"parent":0,"menu_order":0,"comment_status":"open","ping_status":"open","template":"bibliukaflar.php","meta":{"footnotes":""},"class_list":["post-2921","page","type-page","status-publish","hentry"],"_links":{"self":[{"href":"https:\/\/biblian.is\/biblian\/wp-json\/wp\/v2\/pages\/2921","targetHints":{"allow":["GET"]}}],"collection":[{"href":"https:\/\/biblian.is\/biblian\/wp-json\/wp\/v2\/pages"}],"about":[{"href":"https:\/\/biblian.is\/biblian\/wp-json\/wp\/v2\/types\/page"}],"author":[{"embeddable":true,"href":"https:\/\/biblian.is\/biblian\/wp-json\/wp\/v2\/users\/1"}],"replies":[{"embeddable":true,"href":"https:\/\/biblian.is\/biblian\/wp-json\/wp\/v2\/comments?post=2921"}],"version-history":[{"count":0,"href":"https:\/\/biblian.is\/biblian\/wp-json\/wp\/v2\/pages\/2921\/revisions"}],"wp:attachment":[{"href":"https:\/\/biblian.is\/biblian\/wp-json\/wp\/v2\/media?parent=2921"}],"curies":[{"name":"wp","href":"https:\/\/api.w.org\/{rel}","templated":true}]}}