{"id":2920,"date":"2017-12-30T21:05:14","date_gmt":"2017-12-30T21:05:14","guid":{"rendered":"http:\/\/biblian.is\/biblian\/bar%c2%9cksb%c2%97k-4-kafli\/"},"modified":"2017-12-30T21:05:14","modified_gmt":"2017-12-30T21:05:14","slug":"baruksbok-4-kafli","status":"publish","type":"page","link":"https:\/\/biblian.is\/biblian\/baruksbok-4-kafli\/","title":{"rendered":"Bar\u00faksb\u00f3k 4. kafli"},"content":{"rendered":"<p><span class=\"ljodatexti\"> <a name=\"1\"><span class=\"versanumer_ljod\">1<\/span><\/a>Spekin er b\u00f3k bo\u00f0or\u00f0a Gu\u00f0s,<br \/>l\u00f6gm\u00e1li\u00f0 sem varir a\u00f0 eil\u00edfu.<br \/>Allir sem halda s\u00e9r fast vi\u00f0 hana munu lifa,<br \/>hinir sem yfirgefa hana munu deyja. <br \/> <\/span> <span class=\"ljodatexti\"> <a name=\"2\"><span class=\"versanumer_ljod\">2<\/span><\/a> Sn\u00fa vi\u00f0, Jakob, og gr\u00edp hana,<br \/>gakk inn \u00ed lj\u00f3mann sem leggur af lj\u00f3si hennar. <br \/> <\/span> <span class=\"ljodatexti\"> <a name=\"3\"><span class=\"versanumer_ljod\">3<\/span><\/a> Gef engum \u00f6\u00f0rum s\u00e6md \u00fe\u00edna<br \/>n\u00e9 framandi \u00fej\u00f3\u00f0 \u00fea\u00f0 sem \u00fe\u00e9r er til heilla.<br \/> <\/span> <span class=\"ljodatexti\"> <a name=\"4\"><span class=\"versanumer_ljod\">4<\/span><\/a> S\u00e6lir erum v\u00e9r, \u00cdsraelsmenn,<br \/>\u00fev\u00ed a\u00f0 v\u00e9r vitum hva\u00f0 Gu\u00f0i er \u00fe\u00f3knanlegt. <br \/> <\/span><\/p>\n<h3 class=\"millifyrirsogn_2007\">Huggun Jer\u00fasalem til handa<\/h3>\n<p><span class=\"ljodatexti\"> <a name=\"5\"><span class=\"versanumer_ljod\">5<\/span><\/a>Ver hughraust, \u00fej\u00f3\u00f0 m\u00edn,<br \/>sem heldur minningu \u00cdsraels vi\u00f0 l\u00fd\u00f0i.<br \/> <\/span> <span class=\"ljodatexti\"> <a name=\"6\"><span class=\"versanumer_ljod\">6<\/span><\/a> \u00de\u00e9r voru\u00f0 seldir hei\u00f0ingjunum<br \/>en \u00fea\u00f0 var ekki til \u00feess a\u00f0 \u00fe\u00e9r gl\u00f6tu\u00f0ust.<br \/>\u00de\u00e9r voru\u00f0 ofurseldir \u00f3vinum<br \/>sakir \u00feess a\u00f0 \u00fe\u00e9r v\u00f6ktu\u00f0 rei\u00f0i Gu\u00f0s.<br \/> <\/span> <span class=\"ljodatexti\"> <a name=\"7\"><span class=\"versanumer_ljod\">7<\/span><\/a> \u00de\u00e9r v\u00f6ktu\u00f0 gremju Gu\u00f0s sem skapa\u00f0i y\u00f0ur<br \/>er \u00fe\u00e9r f\u00e6r\u00f0u\u00f0 illum \u00f6ndum f\u00f3rnir en ekki honum.<br \/> <\/span> <span class=\"ljodatexti\"> <a name=\"8\"><span class=\"versanumer_ljod\">8<\/span><\/a> \u00de\u00e9r gleymdu\u00f0 eil\u00edfum Gu\u00f0i, sem \u00f3l \u00f6nn fyrir y\u00f0ur, <br \/>og ollu\u00f0 sorg Jer\u00fasalem sem f\u00f3stra\u00f0i y\u00f0ur.<br \/> <\/span> <span class=\"ljodatexti\"> <a name=\"9\"><span class=\"versanumer_ljod\">9<\/span><\/a> H\u00fan s\u00e1 hegningu Gu\u00f0s koma yfir y\u00f0ur<br \/>og sag\u00f0i: \u201eHeyri\u00f0, grannkonur S\u00edonar, <br \/>Gu\u00f0 hefur l\u00e1ti\u00f0 mikla hrygg\u00f0 koma yfir mig.<br \/> <\/span> <span class=\"ljodatexti\"> <a name=\"10\"><span class=\"versanumer_ljod\">10<\/span><\/a> \u00dev\u00ed a\u00f0 \u00e9g hef s\u00e9\u00f0 herlei\u00f0ingu sona minna og d\u00e6tra<br \/>sem hinn eil\u00edfi leiddi yfir \u00feau.<br \/> <\/span> <span class=\"ljodatexti\"> <a name=\"11\"><span class=\"versanumer_ljod\">11<\/span><\/a> \u00c9g \u00f3l \u00feau upp me\u00f0 f\u00f6gnu\u00f0i<br \/>en l\u00e9t \u00feau me\u00f0 gr\u00e1ti og harmi fr\u00e1 m\u00e9r fara.<br \/> <\/span> <span class=\"ljodatexti\"> <a name=\"12\"><span class=\"versanumer_ljod\">12<\/span><\/a> Enginn hlakki yfir m\u00e9r, ekkjunni, <br \/>sem m\u00e1tt hefur sj\u00e1 svo m\u00f6rgum \u00e1 bak.<br \/>\u00c9g er yfirgefin \u00fev\u00ed a\u00f0 b\u00f6rn m\u00edn syndgu\u00f0u<br \/>og viku fr\u00e1 l\u00f6gm\u00e1li Gu\u00f0s.<br \/> <\/span> <span class=\"ljodatexti\"> <a name=\"13\"><span class=\"versanumer_ljod\">13<\/span><\/a> \u00deau virtu ekki r\u00e9ttl\u00e6tiskr\u00f6fur hans,<br \/>fylgdu ekki bo\u00f0or\u00f0um Gu\u00f0s<br \/>og f\u00f3ru ekki \u00feann veg<br \/>sem r\u00e9ttl\u00e6ti hans benti \u00feeim.<br \/> <\/span> <span class=\"ljodatexti\"> <a name=\"14\"><span class=\"versanumer_ljod\">14<\/span><\/a> Komi\u00f0, grannkonur S\u00edonar.<br \/>Minnist herlei\u00f0ingar sona minna og d\u00e6tra<br \/>sem Hinn eil\u00edfi leiddi yfir \u00feau.<br \/> <\/span> <span class=\"ljodatexti\"> <a name=\"15\"><span class=\"versanumer_ljod\">15<\/span><\/a> Hann stefndi gegn \u00feeim \u00fej\u00f3\u00f0 \u00far fjarska,<br \/>blyg\u00f0unarlausum l\u00fd\u00f0 sem talar annarlega tungu,<br \/>vir\u00f0ir aldra\u00f0a einskis<br \/>og miskunnar ekki barni. <br \/> <\/span> <span class=\"ljodatexti\"> <a name=\"16\"><span class=\"versanumer_ljod\">16<\/span><\/a> \u00deeir h\u00f6f\u00f0u brott me\u00f0 s\u00e9r elska\u00f0a syni ekkjunnar<br \/>og sviptu einmana konuna d\u00e6trum s\u00ednum.<br \/> <\/span> <span class=\"ljodatexti\"> <a name=\"17\"><span class=\"versanumer_ljod\">17<\/span><\/a> Hvernig \u00e6tti \u00e9g a\u00f0 geta hj\u00e1lpa\u00f0 y\u00f0ur?<br \/> <\/span> <span class=\"ljodatexti\"> <a name=\"18\"><span class=\"versanumer_ljod\">18<\/span><\/a> Hann einn, sem leiddi \u00f3g\u00e6funa yfir y\u00f0ur,<br \/>getur frelsa\u00f0 y\u00f0ur \u00far h\u00f6ndum \u00f3vina y\u00f0ar.<br \/> <\/span> <span class=\"ljodatexti\"> <a name=\"19\"><span class=\"versanumer_ljod\">19<\/span><\/a> Fari\u00f0, b\u00f6rn m\u00edn, fari\u00f0<br \/>\u00fev\u00ed a\u00f0 \u00e9g er au\u00f0 og yfirgefin.<br \/> <\/span> <span class=\"ljodatexti\"> <a name=\"20\"><span class=\"versanumer_ljod\">20<\/span><\/a> \u00c9g hef afkl\u00e6\u00f0st vels\u00e6ldarskikkju<br \/>og \u00edkl\u00e6\u00f0st h\u00e6rusekk m\u00ednum til b\u00e6nar\u00e1kalls.<br \/>\u00c9g mun hr\u00f3pa til Hins eil\u00edfa alla daga m\u00edna.<br \/> <\/span> <span class=\"ljodatexti\"> <a name=\"21\"><span class=\"versanumer_ljod\">21<\/span><\/a> Veri\u00f0 hughraust, b\u00f6rnin m\u00edn, \u00e1kalli\u00f0 Drottin,<br \/>hann mun frelsa y\u00f0ur undan ofbeldi<br \/>og \u00far h\u00f6ndum \u00f3vinanna.<br \/> <\/span> <span class=\"ljodatexti\"> <a name=\"22\"><span class=\"versanumer_ljod\">22<\/span><\/a> Von m\u00edn er a\u00f0 Hinn eil\u00edfi frelsi y\u00f0ur<br \/>og a\u00f0 m\u00e9r hlotnist f\u00f6gnu\u00f0ur fr\u00e1 Hinum heilaga<br \/>vegna miskunnarinnar sem hann mun br\u00e1tt au\u00f0s\u00fdna y\u00f0ur,<br \/>hann, eil\u00edfur frelsari y\u00f0ar.<br \/> <\/span> <span class=\"ljodatexti\"> <a name=\"23\"><span class=\"versanumer_ljod\">23<\/span><\/a> \u00c9g l\u00e9t y\u00f0ur fr\u00e1 m\u00e9r me\u00f0 sorg og kveini<br \/>en Gu\u00f0 mun gefa m\u00e9r y\u00f0ur aftur<br \/>me\u00f0 gle\u00f0i og f\u00f6gnu\u00f0i sem varir a\u00f0 eil\u00edfu.<br \/> <\/span> <span class=\"ljodatexti\"> <a name=\"24\"><span class=\"versanumer_ljod\">24<\/span><\/a> Eins og grannkonur S\u00edonar s\u00e1u herlei\u00f0ingu y\u00f0ar<br \/>munu \u00fe\u00e6r br\u00e1tt sj\u00e1 frelsun y\u00f0ar fr\u00e1 Gu\u00f0i<br \/>sem mun koma til y\u00f0ar me\u00f0 mikilli d\u00fdr\u00f0 og lj\u00f3ma Hins eil\u00edfa.<br \/> <\/span> <span class=\"ljodatexti\"> <a name=\"25\"><span class=\"versanumer_ljod\">25<\/span><\/a> B\u00f6rnin m\u00edn, beri\u00f0 \u00feolg\u00f3\u00f0 rei\u00f0i Gu\u00f0s sem er yfir y\u00f0ur komin. <br \/>\u00d3vinur \u00feinn ofs\u00f3tti \u00feig <br \/>en br\u00e1tt muntu sj\u00e1 tort\u00edmingu hans <br \/>og setja f\u00f3tinn \u00e1 h\u00e1ls honum.<br \/> <\/span> <span class=\"ljodatexti\"> <a name=\"26\"><span class=\"versanumer_ljod\">26<\/span><\/a> B\u00f6rnin m\u00edn, sem \u00e9g dekra\u00f0i, ur\u00f0u a\u00f0 ganga gr\u00fdttar brautir, <br \/>\u00feau voru hrifin burt eins og b\u00faf\u00e9 sem \u00f3vinir r\u00e6na. <br \/> <\/span> <span class=\"ljodatexti\"> <a name=\"27\"><span class=\"versanumer_ljod\">27<\/span><\/a> Veri\u00f0 hugr\u00f6kk, b\u00f6rnin m\u00edn, og \u00e1kalli\u00f0 Gu\u00f0. <br \/>Hann sem leiddi \u00f3g\u00e6funa yfir y\u00f0ur hefur ekki gleymt y\u00f0ur. <br \/> <\/span> <span class=\"ljodatexti\"> <a name=\"28\"><span class=\"versanumer_ljod\">28<\/span><\/a> \u00dev\u00ed a\u00f0 eins og \u00fe\u00e9r hneig\u00f0ust til a\u00f0 villast fr\u00e1 Gu\u00f0i <br \/>skulu\u00f0 \u00fe\u00e9r n\u00fa sn\u00faa vi\u00f0 og leita hans t\u00edfalt \u00e1kafar. <br \/> <\/span> <span class=\"ljodatexti\"> <a name=\"29\"><span class=\"versanumer_ljod\">29<\/span><\/a> \u00dev\u00ed a\u00f0 s\u00e1 hinn sami og leiddi \u00f3g\u00e6funa yfir y\u00f0ur <br \/>mun senda y\u00f0ur frelsun og eil\u00edfa gle\u00f0i.\u201c <\/span> <\/p>\n<h3 class=\"millifyrirsogn_2007\">Jer\u00fasalem fullvissu\u00f0 um hj\u00e1lp<\/h3>\n<p><span class=\"ljodatexti\"> <a name=\"30\"><span class=\"versanumer_ljod\">30<\/span><\/a> Vertu hughraust, Jer\u00fasalem.<br \/>S\u00e1 mun hugga \u00feig sem gaf \u00fe\u00e9r nafn.<br \/> <\/span> <span class=\"ljodatexti\"> <a name=\"31\"><span class=\"versanumer_ljod\">31<\/span><\/a> Vei \u00feeim sem l\u00e9ku \u00feig illa<br \/>og f\u00f6gnu\u00f0u yfir falli \u00fe\u00ednu.<br \/> <\/span> <span class=\"ljodatexti\"> <a name=\"32\"><span class=\"versanumer_ljod\">32<\/span><\/a> Vei \u00feeim borgum sem \u00fer\u00e6lku\u00f0u b\u00f6rn \u00fe\u00edn.<br \/>Vei borginni sem t\u00f3k syni \u00fe\u00edna. <br \/> <\/span> <span class=\"ljodatexti\"> <a name=\"33\"><span class=\"versanumer_ljod\">33<\/span><\/a> Eins og h\u00fan fagna\u00f0i yfir falli \u00fe\u00ednu<br \/>og hlakka\u00f0i yfir hruni \u00fe\u00ednu,<br \/>\u00feannig mun h\u00fan hryggjast yfir ey\u00f0ingu sj\u00e1lfrar s\u00edn.<br \/> <\/span> <span class=\"ljodatexti\"> <a name=\"34\"><span class=\"versanumer_ljod\">34<\/span><\/a> \u00c9g mun svipta hana stolti af \u00edb\u00faafj\u00f6lda s\u00ednum<br \/>og sn\u00faa hroka hennar \u00ed hrygg\u00f0.<br \/> <\/span> <span class=\"ljodatexti\"> <a name=\"35\"><span class=\"versanumer_ljod\">35<\/span><\/a> Eldur fr\u00e1 Hinum eil\u00edfa mun brenna hana langa hr\u00ed\u00f0<br \/>og h\u00fan mun bygg\u00f0 illum \u00f6ndum um langt skei\u00f0. <br \/> <\/span> <span class=\"ljodatexti\"> <a name=\"36\"><span class=\"versanumer_ljod\">36<\/span><\/a> L\u00edt til austurs, Jer\u00fasalem,<br \/>sj\u00e1\u00f0u f\u00f6gnu\u00f0inn sem kemur til \u00fe\u00edn fr\u00e1 Gu\u00f0i. <br \/> <\/span> <span class=\"ljodatexti\"> <a name=\"37\"><span class=\"versanumer_ljod\">37<\/span><\/a> \u00dear koma synir \u00fe\u00ednir sem \u00fe\u00fa \u00feurftir a\u00f0 senda burt,<br \/>\u00feeir koma \u00far austri og vestri <br \/>\u00ed fylkingu a\u00f0 bo\u00f0i Hins heilaga<br \/>og fagnandi yfir d\u00fdr\u00f0 Gu\u00f0s. <\/span> <\/p>\n","protected":false},"excerpt":{"rendered":"<p>1Spekin er b\u00f3k bo\u00f0or\u00f0a Gu\u00f0s,l\u00f6gm\u00e1li\u00f0 sem varir a\u00f0 eil\u00edfu.Allir sem halda s\u00e9r fast vi\u00f0 hana munu lifa,hinir sem yfirgefa hana munu deyja. 2 Sn\u00fa vi\u00f0, Jakob, og gr\u00edp hana,gakk inn \u00ed lj\u00f3mann sem leggur af lj\u00f3si hennar. 3 Gef engum \u00f6\u00f0rum s\u00e6md \u00fe\u00ednan\u00e9 framandi \u00fej\u00f3\u00f0 \u00fea\u00f0 sem \u00fe\u00e9r er til heilla. 4 S\u00e6lir erum v\u00e9r, \u00cdsraelsmenn,\u00fev\u00ed a\u00f0 v\u00e9r vitum hva\u00f0 Gu\u00f0i er \u00fe\u00f3knanlegt. Huggun Jer\u00fasalem til handa 5Ver hughraust, \u00fej\u00f3\u00f0 m\u00edn,sem heldur minningu \u00cdsraels vi\u00f0 l\u00fd\u00f0i. 6 \u00de\u00e9r voru\u00f0 seldir hei\u00f0ingjunumen \u00fea\u00f0 var ekki til \u00feess a\u00f0 \u00fe\u00e9r gl\u00f6tu\u00f0ust.\u00de\u00e9r voru\u00f0 ofurseldir \u00f3vinumsakir \u00feess a\u00f0 \u00fe\u00e9r v\u00f6ktu\u00f0 rei\u00f0i Gu\u00f0s. 7 \u00de\u00e9r <a href=\"https:\/\/biblian.is\/biblian\/baruksbok-4-kafli\/\"> [&#8230;]<\/a><\/p>\n","protected":false},"author":1,"featured_media":0,"parent":0,"menu_order":0,"comment_status":"open","ping_status":"open","template":"bibliukaflar.php","meta":{"footnotes":""},"class_list":["post-2920","page","type-page","status-publish","hentry"],"_links":{"self":[{"href":"https:\/\/biblian.is\/biblian\/wp-json\/wp\/v2\/pages\/2920","targetHints":{"allow":["GET"]}}],"collection":[{"href":"https:\/\/biblian.is\/biblian\/wp-json\/wp\/v2\/pages"}],"about":[{"href":"https:\/\/biblian.is\/biblian\/wp-json\/wp\/v2\/types\/page"}],"author":[{"embeddable":true,"href":"https:\/\/biblian.is\/biblian\/wp-json\/wp\/v2\/users\/1"}],"replies":[{"embeddable":true,"href":"https:\/\/biblian.is\/biblian\/wp-json\/wp\/v2\/comments?post=2920"}],"version-history":[{"count":0,"href":"https:\/\/biblian.is\/biblian\/wp-json\/wp\/v2\/pages\/2920\/revisions"}],"wp:attachment":[{"href":"https:\/\/biblian.is\/biblian\/wp-json\/wp\/v2\/media?parent=2920"}],"curies":[{"name":"wp","href":"https:\/\/api.w.org\/{rel}","templated":true}]}}