{"id":2919,"date":"2017-12-30T21:05:14","date_gmt":"2017-12-30T21:05:14","guid":{"rendered":"http:\/\/biblian.is\/biblian\/bar%c2%9cksb%c2%97k-3-kafli\/"},"modified":"2017-12-30T21:05:14","modified_gmt":"2017-12-30T21:05:14","slug":"baruksbok-3-kafli","status":"publish","type":"page","link":"https:\/\/biblian.is\/biblian\/baruksbok-3-kafli\/","title":{"rendered":"Bar\u00faksb\u00f3k 3. kafli"},"content":{"rendered":"<p><a name=\"1\"><span class=\"versanumer_2007\">1<\/span><\/a> Drottinn alm\u00e1ttugur, Gu\u00f0 \u00cdsraels. \u00dea\u00f0 er s\u00e1l \u00ed nau\u00f0 og \u00fejaka\u00f0ur andi sem hr\u00f3par til \u00fe\u00edn. <a name=\"2\"><span class=\"versanumer_2007\">2<\/span><\/a> Heyr, Drottinn, og miskunna \u00fe\u00fa \u00fev\u00ed a\u00f0 v\u00e9r h\u00f6fum syndga\u00f0 gegn \u00fe\u00e9r. <a name=\"3\"><span class=\"versanumer_2007\">3<\/span><\/a> \u00de\u00fa r\u00edkir a\u00f0 eil\u00edfu en v\u00e9r erum a\u00f0 eil\u00edfu glata\u00f0ir. <a name=\"4\"><span class=\"versanumer_2007\">4<\/span><\/a> Drottinn alm\u00e1ttugur, Gu\u00f0 \u00cdsraels. Hl\u00fd\u00f0 \u00e1 b\u00e6nir l\u00e1tinna \u00cdsraelsmanna og afkomenda \u00feeirra sem syndgu\u00f0u gegn \u00fe\u00e9r. \u00deeir hl\u00fdddu ekki raust Drottins Gu\u00f0s s\u00edns og sakir \u00feess hefur \u00f3g\u00e6fan fylgt oss. <a name=\"5\"><span class=\"versanumer_2007\">5<\/span><\/a> Minnstu ekki misgj\u00f6r\u00f0a fe\u00f0ranna. Minnstu heldur m\u00e1ttar \u00fe\u00edns og nafns \u00fe\u00edns \u00e1 \u00feessari stundu. <a name=\"6\"><span class=\"versanumer_2007\">6<\/span><\/a> \u00dev\u00ed a\u00f0 \u00fe\u00fa ert Drottinn Gu\u00f0 og v\u00e9r skulum syngja \u00fe\u00e9r lof, Drottinn. <a name=\"7\"><span class=\"versanumer_2007\">7<\/span><\/a> Til \u00feess lag\u00f0ir \u00fe\u00fa gu\u00f0s\u00f3tta \u00ed hj\u00f6rtu vor a\u00f0 v\u00e9r \u00e1k\u00f6llu\u00f0um nafn \u00feitt. \u00de\u00e9r lofsyngjum v\u00e9r \u00ed \u00fatleg\u00f0 vorri \u00fev\u00ed a\u00f0 v\u00e9r h\u00f6fum r\u00fdmt \u00far hj\u00f6rtum vorum \u00f6llu rangl\u00e6ti fe\u00f0ra vorra sem syndgu\u00f0u gegn \u00fe\u00e9r. <a name=\"8\"><span class=\"versanumer_2007\">8<\/span><\/a> N\u00fa erum v\u00e9r \u00ed \u00fatleg\u00f0 \u00fear sem \u00fe\u00fa dreif\u00f0ir oss til sm\u00e1nar og b\u00f6lvunar. Oss er hegnt fyrir allar misgj\u00f6r\u00f0ir fe\u00f0ra vorra sem brug\u00f0u tr\u00fana\u00f0i vi\u00f0 Drottin Gu\u00f0.<\/p>\n<h3 class=\"millifyrirsogn_2007\">Spekin vegs\u00f6mu\u00f0<\/h3>\n<p><span class=\"ljodatexti\"> <a name=\"9\"><span class=\"versanumer_ljod\">9<\/span><\/a>Heyr, \u00cdsrael, bo\u00f0 l\u00edfsins, <br \/>taki\u00f0 eftir svo a\u00f0 \u00fe\u00e9r \u00f6\u00f0list skilning.<br \/> <\/span> <span class=\"ljodatexti\"> <a name=\"10\"><span class=\"versanumer_ljod\">10<\/span><\/a> Hvers vegna, \u00cdsrael,<br \/>hv\u00ed ert \u00fe\u00fa \u00ed landi \u00f3vina?<br \/>Hv\u00ed ertu or\u00f0inn aldurhniginn \u00ed framandi landi?<br \/> <\/span> <span class=\"ljodatexti\"> <a name=\"11\"><span class=\"versanumer_ljod\">11<\/span><\/a> Hv\u00ed ertu flekka\u00f0ur eins og n\u00e1r<br \/>og talinn me\u00f0 \u00feeim sem gengnir eru til heljar?<br \/> <\/span> <span class=\"ljodatexti\"> <a name=\"12\"><span class=\"versanumer_ljod\">12<\/span><\/a> \u00de\u00fa yfirgafst lind spekinnar. <br \/> <\/span> <span class=\"ljodatexti\"> <a name=\"13\"><span class=\"versanumer_ljod\">13<\/span><\/a> Hef\u00f0ir \u00fe\u00fa gengi\u00f0 \u00e1 Gu\u00f0s vegum<br \/>s\u00e6tir \u00fe\u00fa heill heima um aldur.<br \/> <\/span> <span class=\"ljodatexti\"> <a name=\"14\"><span class=\"versanumer_ljod\">14<\/span><\/a> L\u00e6r\u00f0u \u00fev\u00ed hvar hyggindi eru og kraftur<br \/>og hvar skilning er a\u00f0 finna.<br \/>\u00de\u00e1 munt \u00fe\u00fa einnig komast a\u00f0 raun um<br \/>hvar l\u00edf er a\u00f0 finna, hvar augu lj\u00f3ma af gle\u00f0i<br \/>og hvar langl\u00edfi og fri\u00f0ur finnst.<br \/> <\/span> <span class=\"ljodatexti\"> <a name=\"15\"><span class=\"versanumer_ljod\">15<\/span><\/a> Hver hefur fundi\u00f0 b\u00fasta\u00f0 spekinnar,<br \/>hver gengi\u00f0 \u00ed for\u00f0ab\u00far hennar?<br \/> <\/span> <span class=\"ljodatexti\"> <a name=\"16\"><span class=\"versanumer_ljod\">16<\/span><\/a> Hvar eru \u00feeir sem r\u00e9\u00f0u \u00fej\u00f3\u00f0um<br \/>og drottnu\u00f0u yfir d\u00fdrum jar\u00f0arinnar? <br \/> <\/span> <span class=\"ljodatexti\"> <a name=\"17\"><span class=\"versanumer_ljod\">17<\/span><\/a> Hvar eru \u00feeir sem h\u00f6f\u00f0u fugla himins a\u00f0 leikfangi<br \/>og s\u00f6fnu\u00f0u au\u00f0i gulls og silfurs<br \/>sem mennirnir treysta \u00e1<br \/>og gera allt til a\u00f0 eignast?<br \/> <\/span> <span class=\"ljodatexti\"> <a name=\"18\"><span class=\"versanumer_ljod\">18<\/span><\/a> Hvar eru \u00feeir sem m\u00f3tu\u00f0u silfri\u00f0 me\u00f0 kostg\u00e6fni?<br \/>Hvar m\u00e1 finna snilli \u00feeirra?<br \/> <\/span> <span class=\"ljodatexti\"> <a name=\"19\"><span class=\"versanumer_ljod\">19<\/span><\/a> \u00deeir eru horfnir og stignir ni\u00f0ur til heljar<br \/>og a\u00f0rir komnir \u00ed \u00feeirra sta\u00f0.<br \/> <\/span> <span class=\"ljodatexti\"> <a name=\"20\"><span class=\"versanumer_ljod\">20<\/span><\/a> N\u00fdjar kynsl\u00f3\u00f0ir litu dagslj\u00f3si\u00f0 og bjuggu \u00e1 j\u00f6r\u00f0u<br \/>en veg spekinnar \u00feekktu \u00fe\u00e6r eigi.<br \/> <\/span> <span class=\"ljodatexti\"> <a name=\"21\"><span class=\"versanumer_ljod\">21<\/span><\/a> \u00de\u00e6r b\u00e1ru ekki skyn \u00e1 stigu hennar<br \/>og f\u00f3ru \u00e1 mis vi\u00f0 hana<br \/>og ni\u00f0jar \u00feeirra f\u00f3ru v\u00ed\u00f0s fjarri vegum spekinnar.<br \/> <\/span> <span class=\"ljodatexti\"> <a name=\"22\"><span class=\"versanumer_ljod\">22<\/span><\/a> Til spekinnar spur\u00f0ist ekki \u00ed Kanaan<br \/>og ekki birtist h\u00fan heldur \u00ed Teman. <br \/> <\/span> <span class=\"ljodatexti\"> <a name=\"23\"><span class=\"versanumer_ljod\">23<\/span><\/a> Ni\u00f0jar Hagar, sem leitu\u00f0u spekinnar \u00e1 j\u00f6r\u00f0u,<br \/>og kaupmenn fr\u00e1 Merran og Tema,<br \/>sagna\u00feulir og v\u00edsd\u00f3msleitendur <br \/>fundu ekki heldur veg spekinnar<br \/>og hirtu ekki um stigu hennar.<br \/> <\/span> <span class=\"ljodatexti\"> <a name=\"24\"><span class=\"versanumer_ljod\">24<\/span><\/a> \u00d3, \u00cdsrael, hve mikilfenglegur er b\u00fasta\u00f0ur Drottins,<br \/>hve v\u00ed\u00f0\u00e1ttumiklar lendur hans.<br \/> <\/span> <span class=\"ljodatexti\"> <a name=\"25\"><span class=\"versanumer_ljod\">25<\/span><\/a> \u00de\u00e6r eru st\u00f3rar og \u00f3endanlegar,<br \/>h\u00e1ar og \u00f3m\u00e6lanlegar.<br \/> <\/span> <span class=\"ljodatexti\"> <a name=\"26\"><span class=\"versanumer_ljod\">26<\/span><\/a> \u00dear f\u00e6ddust nafnfr\u00e6gu risarnir, <br \/>fort\u00ed\u00f0arhetjurnar voldugu og v\u00edgk\u00e6nu.<br \/> <\/span> <span class=\"ljodatexti\"> <a name=\"27\"><span class=\"versanumer_ljod\">27<\/span><\/a> En Gu\u00f0 \u00fatvaldi \u00fe\u00e1 ekki<br \/>og v\u00edsa\u00f0i \u00feeim ekki veg spekinnar.<br \/> <\/span> <span class=\"ljodatexti\"> <a name=\"28\"><span class=\"versanumer_ljod\">28<\/span><\/a> \u00deeir f\u00f3rust vegna skorts \u00e1 hyggindum,<br \/>gl\u00f6tu\u00f0ust vegna heimsku sinnar.<br \/> <\/span> <span class=\"ljodatexti\"> <a name=\"29\"><span class=\"versanumer_ljod\">29<\/span><\/a> Hver hefur stigi\u00f0 upp \u00ed himininn og s\u00f3tt spekina<br \/>og komi\u00f0 me\u00f0 hana ni\u00f0ur \u00far sk\u00fdjunum? <br \/> <\/span> <span class=\"ljodatexti\"> <a name=\"30\"><span class=\"versanumer_ljod\">30<\/span><\/a> Hver hefur haldi\u00f0 yfir um hafi\u00f0 og fundi\u00f0 hana<br \/>og keypt spekina fyrir sk\u00edrasta gull?<br \/> <\/span> <span class=\"ljodatexti\"> <a name=\"31\"><span class=\"versanumer_ljod\">31<\/span><\/a> Alls enginn \u00feekkir veginn til hennar<br \/>e\u00f0a l\u00e6tur sig var\u00f0a um stigu hennar.<br \/> <\/span> <span class=\"ljodatexti\"> <a name=\"32\"><span class=\"versanumer_ljod\">32<\/span><\/a> En s\u00e1 sem allt veit \u00feekkir spekina<br \/>og hefur fundi\u00f0 hana af inns\u00e6i s\u00ednu,<br \/>s\u00e1 sem m\u00f3ta\u00f0i j\u00f6r\u00f0ina fyrir eil\u00edfar aldir<br \/>og fyllti hana ferf\u00e6tlingum.<br \/> <\/span> <span class=\"ljodatexti\"> <a name=\"33\"><span class=\"versanumer_ljod\">33<\/span><\/a> Hann sendir \u00fat lj\u00f3si\u00f0 og \u00fea\u00f0 fer,<br \/>hann kallar \u00e1 \u00fea\u00f0 og titrandi hl\u00fd\u00f0ir \u00fea\u00f0 honum.<br \/> <\/span> <span class=\"ljodatexti\"> <a name=\"34\"><span class=\"versanumer_ljod\">34<\/span><\/a> Stj\u00f6rnurnar tendrast \u00e1 var\u00f0st\u00f6\u00f0vum s\u00ednum<br \/>og lj\u00f3ma af gle\u00f0i.<br \/> <\/span> <span class=\"ljodatexti\"> <a name=\"35\"><span class=\"versanumer_ljod\">35<\/span><\/a> Hann kallar \u00e1 \u00fe\u00e6r og \u00fe\u00e6r segja: \u201eH\u00e9r erum v\u00e9r.\u201c<br \/>Me\u00f0 f\u00f6gnu\u00f0i sk\u00edna \u00fe\u00e6r vi\u00f0 skapara s\u00ednum. <br \/> <\/span> <span class=\"ljodatexti\"> <a name=\"36\"><span class=\"versanumer_ljod\">36<\/span><\/a> \u00deannig er Gu\u00f0 vor.<br \/>Vi\u00f0 hann ver\u00f0ur engum jafna\u00f0. <br \/> <\/span> <span class=\"ljodatexti\"> <a name=\"37\"><span class=\"versanumer_ljod\">37<\/span><\/a> Hann fann allan veg spekinnar <br \/>og gaf hana Jakobi, \u00fej\u00f3ni s\u00ednum, <br \/>og \u00cdsrael sem hann elska\u00f0i. <br \/> <\/span> <span class=\"ljodatexti\"> <a name=\"38\"><span class=\"versanumer_ljod\">38<\/span><\/a> Eftir \u00fea\u00f0 birtist h\u00fan \u00e1 j\u00f6r\u00f0u, <br \/>og bj\u00f3 me\u00f0 m\u00f6nnunum. <\/span> <\/p>\n","protected":false},"excerpt":{"rendered":"<p>1 Drottinn alm\u00e1ttugur, Gu\u00f0 \u00cdsraels. \u00dea\u00f0 er s\u00e1l \u00ed nau\u00f0 og \u00fejaka\u00f0ur andi sem hr\u00f3par til \u00fe\u00edn. 2 Heyr, Drottinn, og miskunna \u00fe\u00fa \u00fev\u00ed a\u00f0 v\u00e9r h\u00f6fum syndga\u00f0 gegn \u00fe\u00e9r. 3 \u00de\u00fa r\u00edkir a\u00f0 eil\u00edfu en v\u00e9r erum a\u00f0 eil\u00edfu glata\u00f0ir. 4 Drottinn alm\u00e1ttugur, Gu\u00f0 \u00cdsraels. Hl\u00fd\u00f0 \u00e1 b\u00e6nir l\u00e1tinna \u00cdsraelsmanna og afkomenda \u00feeirra sem syndgu\u00f0u gegn \u00fe\u00e9r. \u00deeir hl\u00fdddu ekki raust Drottins Gu\u00f0s s\u00edns og sakir \u00feess hefur \u00f3g\u00e6fan fylgt oss. 5 Minnstu ekki misgj\u00f6r\u00f0a fe\u00f0ranna. Minnstu heldur m\u00e1ttar \u00fe\u00edns og nafns \u00fe\u00edns \u00e1 \u00feessari stundu. 6 \u00dev\u00ed a\u00f0 \u00fe\u00fa ert Drottinn Gu\u00f0 og v\u00e9r skulum syngja \u00fe\u00e9r lof, <a href=\"https:\/\/biblian.is\/biblian\/baruksbok-3-kafli\/\"> [&#8230;]<\/a><\/p>\n","protected":false},"author":1,"featured_media":0,"parent":0,"menu_order":0,"comment_status":"open","ping_status":"open","template":"bibliukaflar.php","meta":{"footnotes":""},"class_list":["post-2919","page","type-page","status-publish","hentry"],"_links":{"self":[{"href":"https:\/\/biblian.is\/biblian\/wp-json\/wp\/v2\/pages\/2919","targetHints":{"allow":["GET"]}}],"collection":[{"href":"https:\/\/biblian.is\/biblian\/wp-json\/wp\/v2\/pages"}],"about":[{"href":"https:\/\/biblian.is\/biblian\/wp-json\/wp\/v2\/types\/page"}],"author":[{"embeddable":true,"href":"https:\/\/biblian.is\/biblian\/wp-json\/wp\/v2\/users\/1"}],"replies":[{"embeddable":true,"href":"https:\/\/biblian.is\/biblian\/wp-json\/wp\/v2\/comments?post=2919"}],"version-history":[{"count":0,"href":"https:\/\/biblian.is\/biblian\/wp-json\/wp\/v2\/pages\/2919\/revisions"}],"wp:attachment":[{"href":"https:\/\/biblian.is\/biblian\/wp-json\/wp\/v2\/media?parent=2919"}],"curies":[{"name":"wp","href":"https:\/\/api.w.org\/{rel}","templated":true}]}}