{"id":2915,"date":"2017-12-30T21:05:09","date_gmt":"2017-12-30T21:05:09","guid":{"rendered":"http:\/\/biblian.is\/biblian\/s%c2%92raksb%c2%97k-50-kafli\/"},"modified":"2017-12-30T21:05:11","modified_gmt":"2017-12-30T21:05:11","slug":"siraksbok-50-kafli","status":"publish","type":"page","link":"https:\/\/biblian.is\/biblian\/siraksbok-50-kafli\/","title":{"rendered":"S\u00edraksb\u00f3k 50. kafli"},"content":{"rendered":"<h3 class=\"millifyrirsogn_2007\"> S\u00edmon \u00d3n\u00edasson<\/h3>\n<p><span class=\"ljodatexti\"> <a name=\"1\"><span class=\"versanumer_ljod\">1<\/span><\/a>\u00c6\u00f0sti presturinn S\u00edmon <span class=\"nedan_mal\" title=\" Annar lesh\u00e1ttur: H\u00f6f\u00f0ingi br\u00e6\u00f0ra sinna og hei\u00f0ur \u00fej\u00f3\u00f0ar var S\u00edmeon prestur, sonur J\u00f3kanans.\">[<\/span> \u00d3n\u00edasson<br \/>l\u00e9t endurb\u00e6ta helgid\u00f3minn me\u00f0an hann lif\u00f0i<br \/>og styrkti musteri\u00f0 um s\u00edna daga.<br \/> <\/span> <span class=\"ljodatexti\"> <a name=\"2\"><span class=\"versanumer_ljod\">2<\/span><\/a> Hann lag\u00f0i grundv\u00f6ll a\u00f0 h\u00e6kkun salarins<br \/>og h\u00e1um sto\u00f0veggjum um musteri\u00f0.<br \/> <\/span> <span class=\"ljodatexti\"> <a name=\"3\"><span class=\"versanumer_ljod\">3<\/span><\/a> \u00c1 d\u00f6gum hans var grafin vatns\u00fer\u00f3,<br \/>vatnsgeymir l\u00edkur hafsj\u00f3 a\u00f0 umm\u00e1li.<br \/> <\/span> <span class=\"ljodatexti\"> <a name=\"4\"><span class=\"versanumer_ljod\">4<\/span><\/a> Hann l\u00e9t s\u00e9r umhuga\u00f0 um a\u00f0 vernda \u00fej\u00f3\u00f0 s\u00edna fyrir \u00f3g\u00e6fu<br \/>og styrkti borgarvarnir gegn ums\u00e1tri.<br \/> <\/span> <span class=\"ljodatexti\"> <a name=\"5\"><span class=\"versanumer_ljod\">5<\/span><\/a> Hve undursamlegur var hann er hann gekk um helgid\u00f3minn<br \/>og st\u00e9 \u00fat \u00far hinu allra helgasta a\u00f0 baki fortjaldsins. <br \/> <\/span> <span class=\"ljodatexti\"> <a name=\"6\"><span class=\"versanumer_ljod\">6<\/span><\/a> Hann var sem morgunstjarna \u00ed sk\u00fdjarofi,<br \/>m\u00e1ninn \u00ed fyllingu \u00e1 h\u00e1t\u00ed\u00f0um.<br \/> <\/span> <span class=\"ljodatexti\"> <a name=\"7\"><span class=\"versanumer_ljod\">7<\/span><\/a> Hann var sem r\u00f6\u00f0ull er ro\u00f0ar musteri Hins h\u00e6sta,<br \/>l\u00edkur regnboga er lj\u00f3mar \u00ed bj\u00f6rtum sk\u00fdjum.<br \/> <\/span> <span class=\"ljodatexti\"> <a name=\"8\"><span class=\"versanumer_ljod\">8<\/span><\/a> Hann var sem \u00fatsprungin r\u00f3s \u00e1 vordegi,<br \/>liljur vi\u00f0 lindaruppsprettu,<br \/>skr\u00fa\u00f0 L\u00edbanonssk\u00f3ga \u00e1 sumard\u00f6gum.<br \/> <\/span> <span class=\"ljodatexti\"> <a name=\"9\"><span class=\"versanumer_ljod\">9<\/span><\/a> Hann var sem logandi reykelsi \u00e1 eldfatinu,<br \/>ker af slegnu gulli<br \/>sem pr\u00fdtt er margs kyns e\u00f0alsteinum.<br \/> <\/span> <span class=\"ljodatexti\"> <a name=\"10\"><span class=\"versanumer_ljod\">10<\/span><\/a> Hann var sem \u00f3l\u00edfutr\u00e9 sem svignar undan \u00e1v\u00f6xtum,<br \/>k\u00fdprusvi\u00f0ur sem teygist til sk\u00fdja.<br \/> <\/span> <span class=\"ljodatexti\"> <a name=\"11\"><span class=\"versanumer_ljod\">11<\/span><\/a> \u00deannig var hann er hann skr\u00fdddist tignarskr\u00fa\u00f0a, <br \/>bj\u00f3st fullum skr\u00fa\u00f0a vegsemdar sinnar.<br \/>Er hann gekk upp a\u00f0 hinu heilaga altari<br \/>lag\u00f0i lj\u00f3ma hans um forgar\u00f0 musterisins.<br \/> <\/span> <span class=\"ljodatexti\"> <a name=\"12\"><span class=\"versanumer_ljod\">12<\/span><\/a> \u00deegar hann t\u00f3k vi\u00f0 f\u00f3rnarhlutunum \u00far h\u00f6ndum prestanna<br \/>st\u00f3\u00f0 hann sj\u00e1lfur vi\u00f0 altarisk\u00f6stinn<br \/>en br\u00e6\u00f0ur hans st\u00f3\u00f0u umhverfis l\u00edkt og sveigur.<br \/>Hann var sem sedrustr\u00e9 \u00e1 L\u00edbanon,<br \/>umlukt p\u00e1lmatrj\u00e1m.<br \/> <\/span> <span class=\"ljodatexti\"> <a name=\"13\"><span class=\"versanumer_ljod\">13<\/span><\/a> Allir Aronssynir st\u00f3\u00f0u \u00fear \u00ed d\u00fdr\u00f0 sinni<br \/>me\u00f0 f\u00f3rnargjafir til Drottins \u00ed h\u00f6ndum<br \/>andsp\u00e6nis \u00f6llum s\u00f6fnu\u00f0i \u00cdsraelsmanna.<br \/> <\/span> <span class=\"ljodatexti\"> <a name=\"14\"><span class=\"versanumer_ljod\">14<\/span><\/a> Er S\u00edmon haf\u00f0i s\u00ed\u00f0an loki\u00f0 altaris\u00fej\u00f3nustu<br \/>fullkomna\u00f0i hann f\u00f3rnina til Hins h\u00e6sta, Hins alm\u00e1ttuga,<br \/> <\/span> <span class=\"ljodatexti\"> <a name=\"15\"><span class=\"versanumer_ljod\">15<\/span><\/a> og r\u00e9tti \u00fat hendur eftir f\u00f3rnarkaleiknum,<br \/>hellti af honum \u00fer\u00fagnadreyra<br \/>og st\u00f6kkti honum \u00e1 undirst\u00f6\u00f0ur altarisins<br \/>til \u00feekkilegs ilms hinum h\u00e6sta konungi alls.<br \/> <\/span> <span class=\"ljodatexti\"> <a name=\"16\"><span class=\"versanumer_ljod\">16<\/span><\/a> \u00de\u00e1 hr\u00f3pu\u00f0u synir Arons upp<br \/>og \u00feeyttu s\u00ed\u00f0an silfurl\u00fa\u00f0ra, <br \/>l\u00e9tu \u00fe\u00e1 gjalla miklum hlj\u00f3mi<br \/>til \u00e1minningar frammi fyrir Hinum h\u00e6sta.<br \/> <\/span> <span class=\"ljodatexti\"> <a name=\"17\"><span class=\"versanumer_ljod\">17<\/span><\/a> Jafnskj\u00f3tt l\u00e9t allt f\u00f3lki\u00f0 sig falla<br \/>til jar\u00f0ar \u00e1 \u00e1sj\u00f3nur s\u00ednar<br \/>til a\u00f0 tilbi\u00f0ja Drottin sinn,<br \/>hinn alm\u00e1ttuga \u00e6\u00f0sta Gu\u00f0.<br \/> <\/span> <span class=\"ljodatexti\"> <a name=\"18\"><span class=\"versanumer_ljod\">18<\/span><\/a> Og s\u00f6ngvarar h\u00f3fu upp lofs\u00f6ng sinn,<br \/>sterklega \u00f3ma\u00f0i hi\u00f0 lj\u00fafa lag.<br \/> <\/span> <span class=\"ljodatexti\"> <a name=\"19\"><span class=\"versanumer_ljod\">19<\/span><\/a> En f\u00f3lki\u00f0 \u00e1kalla\u00f0i hinn \u00e6\u00f0sta Drottin,<br \/>ba\u00f0 frammi fyrir hinum miskunnsama<br \/>uns loki\u00f0 var helgri \u00fej\u00f3nustu vi\u00f0 Drottin<br \/>og gj\u00f6rv\u00f6ll gu\u00f0s\u00fej\u00f3nustan til lykta leidd.<br \/> <\/span> <span class=\"ljodatexti\"> <a name=\"20\"><span class=\"versanumer_ljod\">20<\/span><\/a> \u00de\u00e1 gekk \u00e6\u00f0sti presturinn ofan og h\u00f3f upp hendur<br \/>yfir allan s\u00f6fnu\u00f0 \u00cdsraelsmanna<br \/>til a\u00f0 veita \u00feeim blessun Drottins me\u00f0 v\u00f6rum s\u00ednum<br \/>og m\u00e6la fram nafn Drottins me\u00f0 f\u00f6gnu\u00f0i. <br \/> <\/span> <span class=\"ljodatexti\"> <a name=\"21\"><span class=\"versanumer_ljod\">21<\/span><\/a> Og \u00f6\u00f0ru sinni f\u00e9ll f\u00f3lki\u00f0 fram<br \/>til a\u00f0 taka vi\u00f0 blessun fr\u00e1 Hinum h\u00e6sta.<br \/> <\/span> <span class=\"ljodatexti\"> <a name=\"22\"><span class=\"versanumer_ljod\">22<\/span><\/a> N\u00fa skulu\u00f0 \u00fe\u00e9r lofa Gu\u00f0 alheims,<br \/>hann sem hvarvetna gerir m\u00e1ttarverk<br \/>og veitir oss vegsemd alla \u00e6vi fr\u00e1 f\u00e6\u00f0ingu<br \/>og breytir vi\u00f0 oss samkv\u00e6mt miskunn sinni.<br \/> <\/span> <span class=\"ljodatexti\"> <a name=\"23\"><span class=\"versanumer_ljod\">23<\/span><\/a> Gefi hann oss gle\u00f0i \u00ed hjarta<br \/>og veiti \u00cdsrael fri\u00f0 um vora daga<br \/>eins og var fyrir \u00f6r\u00f3fi alda.<br \/> <\/span> <span class=\"ljodatexti\"> <a name=\"24\"><span class=\"versanumer_ljod\">24<\/span><\/a> Megi miskunn hans st\u00f6\u00f0ug vera me\u00f0 oss<br \/>og megi hann frelsa oss um vora daga.<br \/> <\/span> <span class=\"ljodatexti\"> <a name=\"25\"><span class=\"versanumer_ljod\">25<\/span><\/a> \u00c1 tveim \u00fej\u00f3\u00f0um hef \u00e9g andstygg\u00f0<br \/>og hin \u00feri\u00f0ja er \u00f3\u00fej\u00f3\u00f0.<br \/> <\/span> <span class=\"ljodatexti\"> <a name=\"26\"><span class=\"versanumer_ljod\">26<\/span><\/a> \u00dea\u00f0 eru \u00fe\u00e6r sem b\u00faa \u00ed Se\u00edrfj\u00f6llum og Filistear<br \/>og vitvana \u00fej\u00f3\u00f0in sem \u00e1 heima \u00ed S\u00edkem. <\/span> <\/p>\n<h3 class=\"millifyrirsogn_2007\">Ni\u00f0urlagsor\u00f0 h\u00f6fundar<\/h3>\n<p><span class=\"ljodatexti\"> <a name=\"27\"><span class=\"versanumer_ljod\">27<\/span><\/a> Fr\u00e6\u00f0sla, sem veitir skilning og \u00feekking,<br \/>er skr\u00e1\u00f0 \u00e1 \u00feessa b\u00f3k<br \/>af Jes\u00fa Eleasarssyni S\u00edrakssonar fr\u00e1 Jer\u00fasalem <br \/>sem \u00fathellti speki \u00far hjarta s\u00ednu.<br \/> <\/span> <span class=\"ljodatexti\"> <a name=\"28\"><span class=\"versanumer_ljod\">28<\/span><\/a> S\u00e6ll er s\u00e1 sem b\u00f3kinni gerist handgenginn<br \/>og leggur s\u00e9r or\u00f0 hennar \u00e1 hjarta, hann mun ver\u00f0a vitur.<br \/> <\/span> <span class=\"ljodatexti\"> <a name=\"29\"><span class=\"versanumer_ljod\">29<\/span><\/a> \u00dev\u00ed a\u00f0 s\u00e1 sem breytir eftir henni mun megna allt<br \/>og hann gengur \u00ed gu\u00f0s\u00f3tta.<br \/>Hann gefur gu\u00f0hr\u00e6ddum speki, <br \/>lofa\u00f0ur s\u00e9 Drottinn um aldir alda, <br \/>megi svo ver\u00f0a, megi svo ver\u00f0a. <span class=\"nedan_mal\" title=\" \u00deannig \u00ed \u00fdmsum gr\u00edskum handritum.\">[<\/span> <\/p>\n","protected":false},"excerpt":{"rendered":"<p>S\u00edmon \u00d3n\u00edasson 1\u00c6\u00f0sti presturinn S\u00edmon [ \u00d3n\u00edassonl\u00e9t endurb\u00e6ta helgid\u00f3minn me\u00f0an hann lif\u00f0iog styrkti musteri\u00f0 um s\u00edna daga. 2 Hann lag\u00f0i grundv\u00f6ll a\u00f0 h\u00e6kkun salarinsog h\u00e1um sto\u00f0veggjum um musteri\u00f0. 3 \u00c1 d\u00f6gum hans var grafin vatns\u00fer\u00f3,vatnsgeymir l\u00edkur hafsj\u00f3 a\u00f0 umm\u00e1li. 4 Hann l\u00e9t s\u00e9r umhuga\u00f0 um a\u00f0 vernda \u00fej\u00f3\u00f0 s\u00edna fyrir \u00f3g\u00e6fuog styrkti borgarvarnir gegn ums\u00e1tri. 5 Hve undursamlegur var hann er hann gekk um helgid\u00f3minnog st\u00e9 \u00fat \u00far hinu allra helgasta a\u00f0 baki fortjaldsins. 6 Hann var sem morgunstjarna \u00ed sk\u00fdjarofi,m\u00e1ninn \u00ed fyllingu \u00e1 h\u00e1t\u00ed\u00f0um. 7 Hann var sem r\u00f6\u00f0ull er ro\u00f0ar musteri Hins h\u00e6sta,l\u00edkur regnboga er lj\u00f3mar \u00ed bj\u00f6rtum <a href=\"https:\/\/biblian.is\/biblian\/siraksbok-50-kafli\/\"> [&#8230;]<\/a><\/p>\n","protected":false},"author":1,"featured_media":0,"parent":0,"menu_order":0,"comment_status":"open","ping_status":"open","template":"bibliukaflar.php","meta":{"footnotes":""},"class_list":["post-2915","page","type-page","status-publish","hentry"],"_links":{"self":[{"href":"https:\/\/biblian.is\/biblian\/wp-json\/wp\/v2\/pages\/2915","targetHints":{"allow":["GET"]}}],"collection":[{"href":"https:\/\/biblian.is\/biblian\/wp-json\/wp\/v2\/pages"}],"about":[{"href":"https:\/\/biblian.is\/biblian\/wp-json\/wp\/v2\/types\/page"}],"author":[{"embeddable":true,"href":"https:\/\/biblian.is\/biblian\/wp-json\/wp\/v2\/users\/1"}],"replies":[{"embeddable":true,"href":"https:\/\/biblian.is\/biblian\/wp-json\/wp\/v2\/comments?post=2915"}],"version-history":[{"count":0,"href":"https:\/\/biblian.is\/biblian\/wp-json\/wp\/v2\/pages\/2915\/revisions"}],"wp:attachment":[{"href":"https:\/\/biblian.is\/biblian\/wp-json\/wp\/v2\/media?parent=2915"}],"curies":[{"name":"wp","href":"https:\/\/api.w.org\/{rel}","templated":true}]}}