{"id":2914,"date":"2017-12-30T21:05:09","date_gmt":"2017-12-30T21:05:09","guid":{"rendered":"http:\/\/biblian.is\/biblian\/s%c2%92raksb%c2%97k-49-kafli\/"},"modified":"2017-12-30T21:05:11","modified_gmt":"2017-12-30T21:05:11","slug":"siraksbok-49-kafli","status":"publish","type":"page","link":"https:\/\/biblian.is\/biblian\/siraksbok-49-kafli\/","title":{"rendered":"S\u00edraksb\u00f3k 49. kafli"},"content":{"rendered":"<h3 class=\"millifyrirsogn_2007\"> J\u00f3s\u00eda<\/h3>\n<p><span class=\"ljodatexti\"> <a name=\"1\"><span class=\"versanumer_ljod\">1<\/span><\/a>Minning J\u00f3s\u00eda er l\u00edkust reykelsisbl\u00f6ndu,<br \/>haglega ger\u00f0ri af kunn\u00e1ttumanni.<br \/>Hverjum munni er h\u00fan hunangss\u00e6t<br \/>eins og t\u00f3nlist vi\u00f0 samdrykkju.<br \/> <\/span> <span class=\"ljodatexti\"> <a name=\"2\"><span class=\"versanumer_ljod\">2<\/span><\/a> Hann ger\u00f0i r\u00e9tt er hann sneri \u00fej\u00f3\u00f0inni til r\u00e9tts vegar<br \/>og afm\u00e1\u00f0i sv\u00edvir\u00f0u si\u00f0leysisins. <br \/> <\/span> <span class=\"ljodatexti\"> <a name=\"3\"><span class=\"versanumer_ljod\">3<\/span><\/a> Hann gekk Drottni \u00e1 h\u00f6nd af \u00f6llu hjarta<br \/>og efldi gu\u00f0r\u00e6kni \u00e1 t\u00edmum si\u00f0leysis. <\/span> <\/p>\n<h3 class=\"millifyrirsogn_2007\">Jerem\u00eda<\/h3>\n<p><span class=\"ljodatexti\"> <a name=\"4\"><span class=\"versanumer_ljod\">4<\/span><\/a>A\u00f0 Dav\u00ed\u00f0 fr\u00e1t\u00f6ldum, Hisk\u00eda og J\u00f3s\u00eda <br \/>syndgu\u00f0u allir konungarnir st\u00f3rum. <br \/>\u00deeir voru fr\u00e1hverfir l\u00f6gm\u00e1li Hins h\u00e6sta <br \/>og konungarnir \u00ed J\u00fada hurfu.<br \/> <\/span> <span class=\"ljodatexti\"> <a name=\"5\"><span class=\"versanumer_ljod\">5<\/span><\/a> \u00deeir seldu \u00f6\u00f0rum v\u00f6ld s\u00edn \u00ed hendur<br \/>og vegsemd s\u00edna framandi \u00fej\u00f3\u00f0<br \/> <\/span> <span class=\"ljodatexti\"> <a name=\"6\"><span class=\"versanumer_ljod\">6<\/span><\/a> sem brenndi hina \u00fatv\u00f6ldu borg helgid\u00f3msins<br \/>og ger\u00f0i g\u00f6tur hennar mannlausar.<br \/>\u00dea\u00f0 var\u00f0 fyrir atbeina Jerem\u00eda.<br \/> <\/span> <span class=\"ljodatexti\"> <a name=\"7\"><span class=\"versanumer_ljod\">7<\/span><\/a> \u00deeir ofs\u00f3ttu hann sem \u00ed m\u00f3\u00f0url\u00edfi var helga\u00f0ur sp\u00e1ma\u00f0ur<br \/>til a\u00f0 uppr\u00e6ta, umturna og ey\u00f0a<br \/>en einnig til a\u00f0 byggja og gr\u00f3\u00f0ursetja. <\/span> <\/p>\n<h3 class=\"millifyrirsogn_2007\">Esek\u00edel<\/h3>\n<p><span class=\"ljodatexti\"> <a name=\"8\"><span class=\"versanumer_ljod\">8<\/span><\/a>Esek\u00edel f\u00e9kk a\u00f0 l\u00edta d\u00fdr\u00f0 Drottins \u00ed s\u00fdn <br \/>sem var birt honum \u00e1 ker\u00fabavagni. <br \/> <\/span> <span class=\"ljodatexti\"> <a name=\"9\"><span class=\"versanumer_ljod\">9<\/span><\/a> Hann h\u00f3ta\u00f0i \u00f3vinunum steypiregni <br \/>en h\u00e9t \u00feeim velfarna\u00f0i sem lif\u00f0u r\u00e9ttl\u00e1tlega. <span class=\"nedan_mal\" title=\" Hebresk handrit hafa 9. vers: Gu\u00f0 minntist einnig Jobs \/ sem aldrei v\u00e9k af vegi r\u00e9ttl\u00e6tisins.\">[<\/span> <\/p>\n<h3 class=\"millifyrirsogn_2007\">Sp\u00e1mennirnir t\u00f3lf<\/h3>\n<p><span class=\"ljodatexti\"> <a name=\"10\"><span class=\"versanumer_ljod\">10<\/span><\/a>Megi n\u00fdjar greinar vaxa upp<br \/>af beinum sp\u00e1mannanna t\u00f3lf, \u00fear sem \u00feau liggja, <br \/>\u00fev\u00ed a\u00f0 \u00feeir hughreystu Jakob<br \/>og frelsu\u00f0u \u00fej\u00f3\u00f0ina er \u00feeir g\u00e1fu henni \u00f6rugga von. <\/span> <\/p>\n<h3 class=\"millifyrirsogn_2007\">Ser\u00fababel og J\u00f3s\u00faa<\/h3>\n<p><span class=\"ljodatexti\"> <a name=\"11\"><span class=\"versanumer_ljod\">11<\/span><\/a>Hvernig f\u00e1um v\u00e9r n\u00f3gsamlega lofa\u00f0 Ser\u00fababel <br \/>sem var l\u00edkur innsiglishring \u00e1 h\u00e6gri hendi? <br \/> <\/span> <span class=\"ljodatexti\"> <a name=\"12\"><span class=\"versanumer_ljod\">12<\/span><\/a> Sama m\u00e1 og segja um J\u00f3s\u00faa J\u00f3sadaksson. <br \/>\u00deeir reistu helgid\u00f3minn \u00e1 s\u00ednum d\u00f6gum <br \/>og bygg\u00f0u Drottni heilagt musteri <br \/>sem var b\u00fai\u00f0 til eil\u00edfrar d\u00fdr\u00f0ar. <\/span> <\/p>\n<h3 class=\"millifyrirsogn_2007\">Nehem\u00eda<\/h3>\n<p><span class=\"ljodatexti\"> <a name=\"13\"><span class=\"versanumer_ljod\">13<\/span><\/a>Or\u00f0st\u00edr Nehem\u00eda skal lifa lengi, <br \/>hann reisti hina f\u00f6llnu m\u00fara fyrir oss, <br \/>styrkti hli\u00f0in og \u00feversl\u00e1rnar <br \/>og reisti h\u00fas vor upp af r\u00fastum. <\/span> <\/p>\n<h3 class=\"millifyrirsogn_2007\">\u00d6nnur st\u00f3rmenni til forna<\/h3>\n<p><span class=\"ljodatexti\"> <a name=\"14\"><span class=\"versanumer_ljod\">14<\/span><\/a>Enginn var \u00e1 j\u00f6r\u00f0u skapa\u00f0ur jafnoki Enoks <br \/>enda var hann numinn fr\u00e1 j\u00f6r\u00f0u.<br \/> <\/span> <span class=\"ljodatexti\"> <a name=\"15\"><span class=\"versanumer_ljod\">15<\/span><\/a> Ekki hefur heldur f\u00e6\u00f0st neinn jafningi J\u00f3sefs<br \/>sem var\u00f0 lei\u00f0togi br\u00e6\u00f0ra, l\u00fd\u00f0num sto\u00f0,<br \/>jafnvel beinum hans s\u00fdndu menn vir\u00f0ingu. <br \/> <\/span> <span class=\"ljodatexti\"> <a name=\"16\"><span class=\"versanumer_ljod\">16<\/span><\/a> Sem og Set hlutu vegsemd af m\u00f6nnum<br \/>en \u00e6\u00f0ri \u00f6llu lifandi l\u00edfi er Adam. <\/span> <\/p>\n","protected":false},"excerpt":{"rendered":"<p>J\u00f3s\u00eda 1Minning J\u00f3s\u00eda er l\u00edkust reykelsisbl\u00f6ndu,haglega ger\u00f0ri af kunn\u00e1ttumanni.Hverjum munni er h\u00fan hunangss\u00e6teins og t\u00f3nlist vi\u00f0 samdrykkju. 2 Hann ger\u00f0i r\u00e9tt er hann sneri \u00fej\u00f3\u00f0inni til r\u00e9tts vegarog afm\u00e1\u00f0i sv\u00edvir\u00f0u si\u00f0leysisins. 3 Hann gekk Drottni \u00e1 h\u00f6nd af \u00f6llu hjartaog efldi gu\u00f0r\u00e6kni \u00e1 t\u00edmum si\u00f0leysis. Jerem\u00eda 4A\u00f0 Dav\u00ed\u00f0 fr\u00e1t\u00f6ldum, Hisk\u00eda og J\u00f3s\u00eda syndgu\u00f0u allir konungarnir st\u00f3rum. \u00deeir voru fr\u00e1hverfir l\u00f6gm\u00e1li Hins h\u00e6sta og konungarnir \u00ed J\u00fada hurfu. 5 \u00deeir seldu \u00f6\u00f0rum v\u00f6ld s\u00edn \u00ed hendurog vegsemd s\u00edna framandi \u00fej\u00f3\u00f0 6 sem brenndi hina \u00fatv\u00f6ldu borg helgid\u00f3msinsog ger\u00f0i g\u00f6tur hennar mannlausar.\u00dea\u00f0 var\u00f0 fyrir atbeina Jerem\u00eda. 7 \u00deeir ofs\u00f3ttu hann sem \u00ed <a href=\"https:\/\/biblian.is\/biblian\/siraksbok-49-kafli\/\"> [&#8230;]<\/a><\/p>\n","protected":false},"author":1,"featured_media":0,"parent":0,"menu_order":0,"comment_status":"open","ping_status":"open","template":"bibliukaflar.php","meta":{"footnotes":""},"class_list":["post-2914","page","type-page","status-publish","hentry"],"_links":{"self":[{"href":"https:\/\/biblian.is\/biblian\/wp-json\/wp\/v2\/pages\/2914","targetHints":{"allow":["GET"]}}],"collection":[{"href":"https:\/\/biblian.is\/biblian\/wp-json\/wp\/v2\/pages"}],"about":[{"href":"https:\/\/biblian.is\/biblian\/wp-json\/wp\/v2\/types\/page"}],"author":[{"embeddable":true,"href":"https:\/\/biblian.is\/biblian\/wp-json\/wp\/v2\/users\/1"}],"replies":[{"embeddable":true,"href":"https:\/\/biblian.is\/biblian\/wp-json\/wp\/v2\/comments?post=2914"}],"version-history":[{"count":0,"href":"https:\/\/biblian.is\/biblian\/wp-json\/wp\/v2\/pages\/2914\/revisions"}],"wp:attachment":[{"href":"https:\/\/biblian.is\/biblian\/wp-json\/wp\/v2\/media?parent=2914"}],"curies":[{"name":"wp","href":"https:\/\/api.w.org\/{rel}","templated":true}]}}