{"id":2913,"date":"2017-12-30T21:05:09","date_gmt":"2017-12-30T21:05:09","guid":{"rendered":"http:\/\/biblian.is\/biblian\/s%c2%92raksb%c2%97k-48-kafli\/"},"modified":"2021-02-03T20:29:47","modified_gmt":"2021-02-03T20:29:47","slug":"siraksbok-48-kafli","status":"publish","type":"page","link":"https:\/\/biblian.is\/biblian\/siraksbok-48-kafli\/","title":{"rendered":"S\u00edraksb\u00f3k 48. kafli"},"content":{"rendered":"<h3 class=\"millifyrirsogn_2007\">El\u00eda<\/h3>\n<p><span class=\"ljodatexti\"> <a name=\"1\"><\/a><span class=\"versanumer_ljod\">1<\/span>\u00de\u00e1 kom El\u00eda fram, eldlegur sp\u00e1ma\u00f0ur,<br \/>\nor\u00f0 hans brunnu eins og kyndill.<br \/>\n<\/span> <span class=\"ljodatexti\"> <a name=\"2\"><\/a><span class=\"versanumer_ljod\">2<\/span> Hann l\u00e9t hungursney\u00f0 koma yfir \u00fej\u00f3\u00f0ina<br \/>\nog f\u00e6kka\u00f0i henni me\u00f0 \u00e1kef\u00f0 sinni.<br \/>\n<\/span> <span class=\"ljodatexti\"> <a name=\"3\"><\/a><span class=\"versanumer_ljod\">3<\/span> Hann h\u00e9lt himninum luktum me\u00f0 or\u00f0i Drottins<br \/>\nog kalla\u00f0i \u00fer\u00edvegis eld a\u00f0 ofan.<br \/>\n<\/span> <span class=\"ljodatexti\"> <a name=\"4\"><\/a><span class=\"versanumer_ljod\">4<\/span> Hversu d\u00e1\u00f0ur varstu, El\u00eda, fyrir \u00feau undur er \u00fe\u00fa ger\u00f0ir,<br \/>\nhver f\u00e6r st\u00e6rt sig af a\u00f0 vera \u00feinn jafni?<br \/>\n<\/span> <span class=\"ljodatexti\"> <a name=\"5\"><\/a><span class=\"versanumer_ljod\">5<\/span> \u00de\u00fa vaktir l\u00e1tinn mann til l\u00edfsins,<br \/>\nhreifst hann \u00far helju me\u00f0 or\u00f0i Hins h\u00e6sta.<br \/>\n<\/span> <span class=\"ljodatexti\"> <a name=\"6\"><\/a><span class=\"versanumer_ljod\">6<\/span> \u00de\u00fa steyptir konungum \u00ed gl\u00f6tun<br \/>\nog l\u00e9st d\u00e1\u00f0a menn deyja \u00e1 s\u00f3ttars\u00e6ng.<br \/>\n<\/span> <span class=\"ljodatexti\"> <a name=\"7\"><\/a><span class=\"versanumer_ljod\">7<\/span> \u00c1 S\u00edna\u00ed heyr\u00f0ir \u00fe\u00fa \u00e1v\u00edturnar,<br \/>\n\u00e1 H\u00f3reb or\u00f0 um d\u00f3m og endurgjald.<br \/>\n<\/span> <span class=\"ljodatexti\"> <a name=\"8\"><\/a><span class=\"versanumer_ljod\">8<\/span> \u00de\u00fa smur\u00f0ir konunga til a\u00f0 koma fram hefndum<br \/>\nog sp\u00e1menn til a\u00f0 feta \u00ed f\u00f3tspor \u00fe\u00edn.<br \/>\n<\/span> <span class=\"ljodatexti\"> <a name=\"8\"><\/a><span class=\"versanumer_ljod\">9<\/span> \u00de\u00fa varst hrifinn til himins \u00ed eldsveip,<br \/>\n\u00ed vagni sem eldhestar dr\u00f3gu.<br \/>\n<\/span> <span class=\"ljodatexti\"> <a name=\"10\"><\/a><span class=\"versanumer_ljod\">10<\/span> Rita\u00f0 er a\u00f0 \u00fe\u00fa s\u00e9rt rei\u00f0ub\u00fainn<br \/>\na\u00f0 koma og sefa rei\u00f0i Drottins \u00e1\u00f0ur en h\u00fan blossar upp,<br \/>\ns\u00e6tta f\u00f6\u00f0ur vi\u00f0 son<br \/>\nog endurreisa \u00e6ttkv\u00edslir Jakobs.<br \/>\n<\/span> <span class=\"ljodatexti\"> <a name=\"11\"><\/a><span class=\"versanumer_ljod\">11<\/span> S\u00e6lir eru \u00feeir sem f\u00e1 a\u00f0 sj\u00e1 \u00feig,<br \/>\neins \u00feeir sem sofna\u00f0ir eru \u00ed k\u00e6rleika,<br \/>\n\u00fev\u00ed a\u00f0 einnig v\u00e9r munum lifa. <\/span><\/p>\n<h3 class=\"millifyrirsogn_2007\">El\u00edsa<\/h3>\n<p><span class=\"ljodatexti\"> <a name=\"12\"><\/a><span class=\"versanumer_ljod\">12<\/span> \u00deegar hvirfilvindurinn huldi El\u00eda<br \/>\nfylltist El\u00edsa anda hans.<br \/>\nHann l\u00e9t eigi hlut sinn fyrir h\u00f6f\u00f0ingjum alla \u00e6vi<br \/>\nog l\u00e9t engan n\u00e1 valdi \u00e1 s\u00e9r.<br \/>\n<\/span> <span class=\"ljodatexti\"> <a name=\"13\"><\/a><span class=\"versanumer_ljod\">13<\/span> Ekkert var honum ofvaxi\u00f0,<br \/>\njafnvel \u00ed gr\u00f6finni sp\u00e1\u00f0i hann.<br \/>\n<\/span> <span class=\"ljodatexti\"> <a name=\"14\"><\/a><span class=\"versanumer_ljod\">14<\/span> Hann ger\u00f0i m\u00e1ttarverk \u00ed lifanda l\u00edfi<br \/>\nog eftir dau\u00f0ann voru verk hans undraver\u00f0.<br \/>\n<\/span> <span class=\"ljodatexti\"> <a name=\"15\"><\/a><span class=\"versanumer_ljod\">15<\/span> \u00der\u00e1tt fyrir allt \u00feetta i\u00f0ra\u00f0ist \u00fej\u00f3\u00f0in ekki<br \/>\nog l\u00e9t eigi af syndum s\u00ednum<br \/>\nuns h\u00fan var hrakin sem herfang \u00far landi s\u00ednu<br \/>\nog henni dreift um alla j\u00f6r\u00f0.<br \/>\nEinungis \u00f6rf\u00e1ir voru af \u00fej\u00f3\u00f0inni eftir skildir<br \/>\n\u00e1samt lei\u00f0toga af \u00e6tt Dav\u00ed\u00f0s.<br \/>\n<\/span> <span class=\"ljodatexti\"> <a name=\"16\"><\/a><span class=\"versanumer_ljod\">16<\/span> Sumir \u00feeirra ger\u00f0u \u00fea\u00f0 sem Drottni \u00fe\u00f3kna\u00f0ist<br \/>\nen a\u00f0rir syndgu\u00f0u \u00ed \u00e6 r\u00edkari m\u00e6li. <\/span><\/p>\n<h3 class=\"millifyrirsogn_2007\">Hisk\u00eda og Jesaja<\/h3>\n<p><span class=\"ljodatexti\"> <a name=\"17\"><\/a><span class=\"versanumer_ljod\">17<\/span> Hisk\u00eda v\u00edggirti borg s\u00edna<br \/>\nog leiddi vatn inn \u00ed hana.<br \/>\nHann hj\u00f3 sig gegnum bj\u00f6rg me\u00f0 j\u00e1rnfleyg<br \/>\nog hl\u00f3\u00f0 \u00fer\u00f3 fyrir vatni\u00f0.<br \/>\n<\/span> <span class=\"ljodatexti\"> <a name=\"18\"><\/a><span class=\"versanumer_ljod\">18<\/span> \u00c1 d\u00f6gum hans ger\u00f0i Sanher\u00edb innr\u00e1s,<br \/>\nsendi Rabsake gegn Hisk\u00eda og f\u00f3r burt.<br \/>\nRabsake h\u00f3f upp arm sinn gegn S\u00edon<br \/>\nog var g\u00edfuryrtur \u00ed hroka s\u00ednum.<br \/>\n<\/span> <span class=\"ljodatexti\"> <a name=\"19\"><\/a><span class=\"versanumer_ljod\">19<\/span> \u00de\u00e1 f\u00e9llst J\u00fadam\u00f6nnum hugur, hendur \u00feeirra skulfu<br \/>\nog \u00feeir engdust l\u00edkt og konur \u00ed barnsnau\u00f0.<br \/>\n<\/span> <span class=\"ljodatexti\"> <a name=\"20\"><\/a><span class=\"versanumer_ljod\">20<\/span> \u00deeir \u00e1k\u00f6llu\u00f0u miskunnsaman Drottin<br \/>\nog f\u00f3rnu\u00f0u til hans h\u00f6ndum.<br \/>\nJafnskj\u00f3tt heyr\u00f0i Hinn heilagi \u00e1 himni b\u00e6n \u00feeirra<br \/>\nog sendi Jesaja til a\u00f0 frelsa \u00fe\u00e1.<br \/>\n<\/span> <span class=\"ljodatexti\"> <a name=\"21\"><\/a><span class=\"versanumer_ljod\">21<\/span> Drottinn laust herb\u00fa\u00f0ir Ass\u00fdr\u00edumanna<br \/>\nog engill hans gereyddi \u00fe\u00e6r.<br \/>\n<\/span> <span class=\"ljodatexti\"> <a name=\"22\"><\/a><span class=\"versanumer_ljod\">22<\/span> Enda ger\u00f0i Hisk\u00eda \u00fea\u00f0 sem Drottni er ge\u00f0fellt,<br \/>\nfylgdi sta\u00f0fastur vegi forf\u00f6\u00f0ur s\u00edns, Dav\u00ed\u00f0s,<br \/>\neins og Jesaja sp\u00e1ma\u00f0ur bau\u00f0 honum.<br \/>\nJesaja var mikill sp\u00e1ma\u00f0ur og s\u00fdnir hans sannar.<br \/>\n<\/span> <span class=\"ljodatexti\"> <a name=\"23\"><\/a><span class=\"versanumer_ljod\">23<\/span> \u00c1 d\u00f6gum hans f\u00e6r\u00f0ist s\u00f3lin aftur<br \/>\nog hann lengdi l\u00edf konungs.<br \/>\n<\/span> <span class=\"ljodatexti\"> <a name=\"24\"><\/a><span class=\"versanumer_ljod\">24<\/span> Af mikilli andagift s\u00e1 hann endalok alls<br \/>\nog hugga\u00f0i \u00fe\u00e1 sem harm\u00ferungnir voru \u00e1 S\u00edon.<br \/>\n<\/span> <span class=\"ljodatexti\"> <a name=\"25\"><\/a><span class=\"versanumer_ljod\">25<\/span> Hann sag\u00f0i fyrir um allt sem ver\u00f0a mun um alla framt\u00ed\u00f0,<br \/>\nhulda atbur\u00f0i sem enn eru eigi or\u00f0nir. <\/span><\/p>\n","protected":false},"excerpt":{"rendered":"<p>El\u00eda 1\u00de\u00e1 kom El\u00eda fram, eldlegur sp\u00e1ma\u00f0ur, or\u00f0 hans brunnu eins og kyndill. 2 Hann l\u00e9t hungursney\u00f0 koma yfir \u00fej\u00f3\u00f0ina og f\u00e6kka\u00f0i henni me\u00f0 \u00e1kef\u00f0 sinni. 3 Hann h\u00e9lt himninum luktum me\u00f0 or\u00f0i Drottins og kalla\u00f0i \u00fer\u00edvegis eld a\u00f0 ofan. 4 Hversu d\u00e1\u00f0ur varstu, El\u00eda, fyrir \u00feau undur er \u00fe\u00fa ger\u00f0ir, hver f\u00e6r st\u00e6rt sig af a\u00f0 vera \u00feinn jafni? 5 \u00de\u00fa vaktir l\u00e1tinn mann til l\u00edfsins, hreifst hann \u00far helju me\u00f0 or\u00f0i Hins h\u00e6sta. 6 \u00de\u00fa steyptir konungum \u00ed gl\u00f6tun og l\u00e9st d\u00e1\u00f0a menn deyja \u00e1 s\u00f3ttars\u00e6ng. 7 \u00c1 S\u00edna\u00ed heyr\u00f0ir \u00fe\u00fa \u00e1v\u00edturnar, \u00e1 H\u00f3reb or\u00f0 um d\u00f3m og <a href=\"https:\/\/biblian.is\/biblian\/siraksbok-48-kafli\/\"> [&#8230;]<\/a><\/p>\n","protected":false},"author":1,"featured_media":0,"parent":0,"menu_order":0,"comment_status":"open","ping_status":"open","template":"bibliukaflar.php","meta":{"footnotes":""},"class_list":["post-2913","page","type-page","status-publish","hentry"],"_links":{"self":[{"href":"https:\/\/biblian.is\/biblian\/wp-json\/wp\/v2\/pages\/2913","targetHints":{"allow":["GET"]}}],"collection":[{"href":"https:\/\/biblian.is\/biblian\/wp-json\/wp\/v2\/pages"}],"about":[{"href":"https:\/\/biblian.is\/biblian\/wp-json\/wp\/v2\/types\/page"}],"author":[{"embeddable":true,"href":"https:\/\/biblian.is\/biblian\/wp-json\/wp\/v2\/users\/1"}],"replies":[{"embeddable":true,"href":"https:\/\/biblian.is\/biblian\/wp-json\/wp\/v2\/comments?post=2913"}],"version-history":[{"count":0,"href":"https:\/\/biblian.is\/biblian\/wp-json\/wp\/v2\/pages\/2913\/revisions"}],"wp:attachment":[{"href":"https:\/\/biblian.is\/biblian\/wp-json\/wp\/v2\/media?parent=2913"}],"curies":[{"name":"wp","href":"https:\/\/api.w.org\/{rel}","templated":true}]}}