{"id":2911,"date":"2017-12-30T21:05:09","date_gmt":"2017-12-30T21:05:09","guid":{"rendered":"http:\/\/biblian.is\/biblian\/s%c2%92raksb%c2%97k-46-kafli\/"},"modified":"2017-12-30T21:05:10","modified_gmt":"2017-12-30T21:05:10","slug":"siraksbok-46-kafli","status":"publish","type":"page","link":"https:\/\/biblian.is\/biblian\/siraksbok-46-kafli\/","title":{"rendered":"S\u00edraksb\u00f3k 46. kafli"},"content":{"rendered":"<h3 class=\"millifyrirsogn_2007\"> J\u00f3s\u00faa<\/h3>\n<p><span class=\"ljodatexti\"> <a name=\"1\"><span class=\"versanumer_ljod\">1<\/span><\/a>J\u00f3s\u00faa N\u00fansson var fr\u00e6kinn \u00ed bardaga <br \/>og var eftirma\u00f0ur M\u00f3se sem sp\u00e1ma\u00f0ur. <br \/>Hann var\u00f0 \u00fea\u00f0 sem nafn hans merkir, <span class=\"nedan_mal\" title=\" J\u00f3s\u00faa merkir: Drottinn hj\u00e1lpar\/frelsar. Jes\u00fas er gr\u00edsk-latneskt form sama nafns, sbr. Matt 1.21.\">[<\/span> <br \/>m\u00e1ttugur frelsari hinum \u00fatv\u00f6ldu Drottins, <br \/>og hegndi \u00f3vinum er \u00feeir ger\u00f0u \u00e1r\u00e1s <br \/>svo a\u00f0 \u00cdsrael m\u00e6tti n\u00e1 landi s\u00ednu.<br \/> <\/span> <span class=\"ljodatexti\"> <a name=\"2\"><span class=\"versanumer_ljod\">2<\/span><\/a> Hv\u00edl\u00edkur var\u00f0 vegur hans er hann h\u00f3f upp hendur<br \/>og beindi sver\u00f0i s\u00ednu gegn borgunum. <br \/> <\/span> <span class=\"ljodatexti\"> <a name=\"3\"><span class=\"versanumer_ljod\">3<\/span><\/a> Hver haf\u00f0i fyrr sta\u00f0ist sem hann?<br \/>\u00dea\u00f0 voru bardagar Drottins sem hann h\u00e1\u00f0i.<br \/> <\/span> <span class=\"ljodatexti\"> <a name=\"4\"><span class=\"versanumer_ljod\">4<\/span><\/a> Var \u00fea\u00f0 ekki sakir hans a\u00f0 s\u00f3lin st\u00f3\u00f0 kyrr<br \/>svo a\u00f0 einn dagur var\u00f0 sem tveir? <br \/> <\/span> <span class=\"ljodatexti\"> <a name=\"5\"><span class=\"versanumer_ljod\">5<\/span><\/a> Hann \u00e1kalla\u00f0i Hinn h\u00e6sta, Drottin,<br \/>umkringdur \u00f3vinum svo a\u00f0 a\u00f0 honum \u00ferengdi.<br \/>Hinn m\u00e1ttugi Drottinn heyr\u00f0i b\u00e6n hans<br \/>me\u00f0 snarpri hrinu af grj\u00f3th\u00f6r\u00f0u hagli.<br \/> <\/span> <span class=\"ljodatexti\"> <a name=\"6\"><span class=\"versanumer_ljod\">6<\/span><\/a> \u00dea\u00f0 dundi \u00e1 \u00fej\u00f3\u00f0 \u00f3vinanna,<br \/>eyddi \u00feeim sem v\u00f6r\u00f0ust \u00ed fjallshl\u00ed\u00f0<br \/>svo a\u00f0 hei\u00f0ingjarnir m\u00e6ttu kynnast vopnab\u00fari hans<br \/>og \u00fev\u00ed a\u00f0 str\u00ed\u00f0 \u00feeirra var h\u00e1\u00f0 gegn Drottni. <\/span> <\/p>\n<h3 class=\"millifyrirsogn_2007\">Kaleb<\/h3>\n<p><span class=\"ljodatexti\"> En J\u00f3s\u00faa fylgdi Drottni.<br \/> <\/span> <span class=\"ljodatexti\"> <a name=\"7\"><span class=\"versanumer_ljod\">7<\/span><\/a> Me\u00f0an M\u00f3se lif\u00f0i vann hann miskunnarverk<br \/>\u00e1samt Kaleb Jef\u00fannesyni.<br \/>\u00deeir risu gegn s\u00f6fnu\u00f0inum \u00f6llum<br \/>og for\u00f0u\u00f0u l\u00fd\u00f0num me\u00f0 \u00fev\u00ed fr\u00e1 synd,<br \/>\u00fe\u00f6ggu\u00f0u hinn illa kurr f\u00f3lksins. <br \/> <\/span> <span class=\"ljodatexti\"> <a name=\"8\"><span class=\"versanumer_ljod\">8<\/span><\/a> \u00dea\u00f0 voru \u00feeir tveir sem komust af<br \/>af sex hundru\u00f0 \u00fe\u00fasund f\u00f3tg\u00f6nguli\u00f0um. <br \/>\u00deeir leiddu \u00fej\u00f3\u00f0ina til erf\u00f0alands s\u00edns,<br \/>til landsins sem fl\u00fdtur \u00ed mj\u00f3lk og hunangi.<br \/> <\/span> <span class=\"ljodatexti\"> <a name=\"9\"><span class=\"versanumer_ljod\">9<\/span><\/a> Drottinn veitti Kaleb krafta<br \/>sem hann f\u00e9kk haldi\u00f0 til h\u00e1rrar elli<br \/>svo a\u00f0 hann komst inn \u00e1 h\u00e1lendi landsins<br \/>\u00fear sem ni\u00f0jar hans hlutu \u00f3\u00f0al sitt. <br \/> <\/span> <span class=\"ljodatexti\"> <a name=\"10\"><span class=\"versanumer_ljod\">10<\/span><\/a> Af \u00feessu m\u00e1ttu allir \u00cdsraelsmenn sj\u00e1<br \/>hve gott er a\u00f0 fylgja Drottni. <\/span> <\/p>\n<h3 class=\"millifyrirsogn_2007\">D\u00f3mararnir<\/h3>\n<p><span class=\"ljodatexti\"> <a name=\"11\"><span class=\"versanumer_ljod\">11<\/span><\/a>Eins var um d\u00f3marana er allir voru nafntoga\u00f0ir,<br \/>enginn af \u00feeim l\u00e9t glepjast<br \/>og enginn \u00feeirra sneri baki vi\u00f0 Drottni. <br \/>Blessu\u00f0 s\u00e9 minning \u00feeirra.<br \/> <\/span> <span class=\"ljodatexti\"> <a name=\"12\"><span class=\"versanumer_ljod\">12<\/span><\/a> Megi n\u00fdjar greinar vaxa af beinum \u00feeirra \u00fear sem \u00feau liggja<br \/>og nafn \u00feeirra yngjast upp<br \/>og hlj\u00f3ta fr\u00e6g\u00f0 hj\u00e1 ni\u00f0jum \u00feeirra. <\/span> <\/p>\n<h3 class=\"millifyrirsogn_2007\">Sam\u00fael<\/h3>\n<p><span class=\"ljodatexti\"> <a name=\"13\"><span class=\"versanumer_ljod\">13<\/span><\/a>Sam\u00fael var elska\u00f0ur af Drottni,<br \/>sp\u00e1ma\u00f0ur Drottins sem stofna\u00f0i konungd\u00e6mi\u00f0<br \/>og smur\u00f0i lei\u00f0toga \u00fej\u00f3\u00f0ar hans. <br \/> <\/span> <span class=\"ljodatexti\"> <a name=\"14\"><span class=\"versanumer_ljod\">14<\/span><\/a> Hann st\u00fdr\u00f0i s\u00f6fnu\u00f0inum samkv\u00e6mt l\u00f6gm\u00e1li Drottins<br \/>og Drottinn kom Jakobi til hj\u00e1lpar.<br \/> <\/span> <span class=\"ljodatexti\"> <a name=\"15\"><span class=\"versanumer_ljod\">15<\/span><\/a> Sakir tr\u00fafesti sinnar var Sam\u00fael vi\u00f0urkenndur sannur sp\u00e1ma\u00f0ur, <br \/>af or\u00f0um hans var\u00f0 lj\u00f3st a\u00f0 s\u00fdnir hans voru sannar. <br \/> <\/span> <span class=\"ljodatexti\"> <a name=\"16\"><span class=\"versanumer_ljod\">16<\/span><\/a> Hann \u00e1kalla\u00f0i hinn m\u00e1ttuga Drottin <br \/>\u00feegar \u00f3vinir \u00ferengdu hvarvetna a\u00f0 honum <br \/>og f\u00e6r\u00f0i Drottni lamb a\u00f0 f\u00f3rn. <br \/> <\/span> <span class=\"ljodatexti\"> <a name=\"17\"><span class=\"versanumer_ljod\">17<\/span><\/a> \u00de\u00e1 l\u00e9t Drottinn \u00ferumur dynja af himni, <br \/>raust hans gall me\u00f0 gn\u00fd miklum, <br \/> <\/span> <span class=\"ljodatexti\"> <a name=\"18\"><span class=\"versanumer_ljod\">18<\/span><\/a> hann yfirbuga\u00f0i herforingja T\u00fdrusmanna <br \/>og alla h\u00f6f\u00f0ingja Filistea. <br \/> <\/span> <span class=\"ljodatexti\"> <a name=\"19\"><span class=\"versanumer_ljod\">19<\/span><\/a> En \u00e1\u00f0ur en hann gekk til eil\u00edfrar hv\u00edldar <br \/>vitna\u00f0i hann fyrir Drottni og hans smur\u00f0a:<br \/>\u201eEngin ver\u00f0m\u00e6ti, ekki svo miki\u00f0 sem sk\u00f3,<br \/>hef \u00e9g haft af nokkrum manni!\u201c <br \/>Enginn gat heldur bori\u00f0 Sam\u00fael neitt \u00e1 br\u00fdn.<br \/> <\/span> <span class=\"ljodatexti\"> <a name=\"20\"><span class=\"versanumer_ljod\">20<\/span><\/a> Jafnvel eftir a\u00f0 hann l\u00e9st sp\u00e1\u00f0i hann,<br \/>kunngj\u00f6r\u00f0i konungi afdrif hans. <br \/>Hann h\u00f3f upp raust s\u00edna \u00far gr\u00f6f sinni<br \/>til a\u00f0 afm\u00e1 illvirki l\u00fd\u00f0sins me\u00f0 sp\u00e1mannsor\u00f0um. <\/span> <\/p>\n","protected":false},"excerpt":{"rendered":"<p>J\u00f3s\u00faa 1J\u00f3s\u00faa N\u00fansson var fr\u00e6kinn \u00ed bardaga og var eftirma\u00f0ur M\u00f3se sem sp\u00e1ma\u00f0ur. Hann var\u00f0 \u00fea\u00f0 sem nafn hans merkir, [ m\u00e1ttugur frelsari hinum \u00fatv\u00f6ldu Drottins, og hegndi \u00f3vinum er \u00feeir ger\u00f0u \u00e1r\u00e1s svo a\u00f0 \u00cdsrael m\u00e6tti n\u00e1 landi s\u00ednu. 2 Hv\u00edl\u00edkur var\u00f0 vegur hans er hann h\u00f3f upp hendurog beindi sver\u00f0i s\u00ednu gegn borgunum. 3 Hver haf\u00f0i fyrr sta\u00f0ist sem hann?\u00dea\u00f0 voru bardagar Drottins sem hann h\u00e1\u00f0i. 4 Var \u00fea\u00f0 ekki sakir hans a\u00f0 s\u00f3lin st\u00f3\u00f0 kyrrsvo a\u00f0 einn dagur var\u00f0 sem tveir? 5 Hann \u00e1kalla\u00f0i Hinn h\u00e6sta, Drottin,umkringdur \u00f3vinum svo a\u00f0 a\u00f0 honum \u00ferengdi.Hinn m\u00e1ttugi Drottinn heyr\u00f0i b\u00e6n <a href=\"https:\/\/biblian.is\/biblian\/siraksbok-46-kafli\/\"> [&#8230;]<\/a><\/p>\n","protected":false},"author":1,"featured_media":0,"parent":0,"menu_order":0,"comment_status":"open","ping_status":"open","template":"bibliukaflar.php","meta":{"footnotes":""},"class_list":["post-2911","page","type-page","status-publish","hentry"],"_links":{"self":[{"href":"https:\/\/biblian.is\/biblian\/wp-json\/wp\/v2\/pages\/2911","targetHints":{"allow":["GET"]}}],"collection":[{"href":"https:\/\/biblian.is\/biblian\/wp-json\/wp\/v2\/pages"}],"about":[{"href":"https:\/\/biblian.is\/biblian\/wp-json\/wp\/v2\/types\/page"}],"author":[{"embeddable":true,"href":"https:\/\/biblian.is\/biblian\/wp-json\/wp\/v2\/users\/1"}],"replies":[{"embeddable":true,"href":"https:\/\/biblian.is\/biblian\/wp-json\/wp\/v2\/comments?post=2911"}],"version-history":[{"count":0,"href":"https:\/\/biblian.is\/biblian\/wp-json\/wp\/v2\/pages\/2911\/revisions"}],"wp:attachment":[{"href":"https:\/\/biblian.is\/biblian\/wp-json\/wp\/v2\/media?parent=2911"}],"curies":[{"name":"wp","href":"https:\/\/api.w.org\/{rel}","templated":true}]}}