{"id":2910,"date":"2017-12-30T21:05:09","date_gmt":"2017-12-30T21:05:09","guid":{"rendered":"http:\/\/biblian.is\/biblian\/s%c2%92raksb%c2%97k-45-kafli\/"},"modified":"2018-01-20T03:07:04","modified_gmt":"2018-01-20T03:07:04","slug":"siraksbok-45-kafli","status":"publish","type":"page","link":"https:\/\/biblian.is\/biblian\/siraksbok-45-kafli\/","title":{"rendered":"S\u00edraksb\u00f3k 45. kafli"},"content":{"rendered":"<h3 class=\"millifyrirsogn_2007\"> M\u00f3se<\/h3>\n<p><span class=\"ljodatexti\"> Af kyni hans l\u00e9t Drottinn koma mann sem naut n\u00e1\u00f0ar<br \/>og var \u00f6llum m\u00f6nnum \u00feekkur, <br \/> <\/span> <span class=\"ljodatexti\"> <a name=\"1\"><span class=\"versanumer_ljod\">1<\/span><\/a> elska\u00f0ur b\u00e6\u00f0i af Gu\u00f0i og m\u00f6nnum.<br \/>\u00dea\u00f0 var M\u00f3se, blessu\u00f0 s\u00e9 minning hans.<br \/> <\/span> <span class=\"ljodatexti\"> <a name=\"2\"><span class=\"versanumer_ljod\">2<\/span><\/a> Drottinn veitti honum d\u00fdr\u00f0 hinna heil\u00f6gu, <br \/>g\u00e6ddi hann sl\u00edkum m\u00e6tti a\u00f0 \u00f3vinir skelfdust.<br \/> <\/span> <span class=\"ljodatexti\"> <a name=\"3\"><span class=\"versanumer_ljod\">3<\/span><\/a> Hann l\u00e9t m\u00e1ttarverk fylgja or\u00f0um hans<br \/>og ger\u00f0i hann vegsamlegan \u00ed augs\u00fdn konunga.<br \/>Hann f\u00e9kk honum bo\u00f0or\u00f0 a\u00f0 f\u00e6ra \u00fej\u00f3\u00f0 sinni<br \/>og s\u00fdndi honum blik af d\u00fdr\u00f0 sinni.<br \/> <\/span> <span class=\"ljodatexti\"> <a name=\"4\"><span class=\"versanumer_ljod\">4<\/span><\/a> Drottinn helga\u00f0i hann vegna tr\u00faar hans og h\u00f3gv\u00e6r\u00f0ar,<br \/>\u00fatvaldi hann af \u00f6llu mannkyni.<br \/> <\/span> <span class=\"ljodatexti\"> <a name=\"5\"><span class=\"versanumer_ljod\">5<\/span><\/a> Drottinn l\u00e9t hann heyra raust s\u00edna,<br \/>leiddi hann inn \u00ed dimmt sk\u00fd,<br \/>gaf M\u00f3se bo\u00f0or\u00f0in augliti til auglitis, <br \/>l\u00f6gm\u00e1l l\u00edfsins og \u00feekkingarinnar,<br \/>svo a\u00f0 hann m\u00e6tti kenna Jakobi s\u00e1ttm\u00e1lann<br \/>og \u00cdsrael \u00e1kv\u00e6\u00f0i hans. <\/span> <\/p>\n<h3 class=\"millifyrirsogn_2007\">Aron<\/h3>\n<p><span class=\"ljodatexti\"> <a name=\"6\"><span class=\"versanumer_ljod\">6<\/span><\/a>Drottinn h\u00f3f upp Aron, helgan mann, M\u00f3se l\u00edkan,<br \/>br\u00f3\u00f0ur hans af \u00e6tt Lev\u00ed. <br \/> <\/span> <span class=\"ljodatexti\"> <a name=\"7\"><span class=\"versanumer_ljod\">7<\/span><\/a> Hann ger\u00f0i eil\u00edfan s\u00e1ttm\u00e1la vi\u00f0 hann,<br \/>veitti honum prestd\u00f3m \u00fej\u00f3\u00f0arinnar<br \/>og hei\u00f0ra\u00f0i hann me\u00f0 skarti.<br \/>Sveipa\u00f0i hann d\u00fdrlegum skr\u00fa\u00f0a<br \/> <\/span> <span class=\"ljodatexti\"> <a name=\"8\"><span class=\"versanumer_ljod\">8<\/span><\/a> og f\u00e6r\u00f0i hann \u00ed \u00e6\u00f0stu t\u00e1kn tignar,<br \/>kr\u00fdndi Aron au\u00f0kennum m\u00e1ttar: <br \/>buxum, kyrtli og h\u00f6kli.<br \/> <\/span> <span class=\"ljodatexti\"> <a name=\"9\"><span class=\"versanumer_ljod\">9<\/span><\/a> Faldurinn var allur b\u00fainn granateplum<br \/>og fj\u00f6ldi gullbjallna allt um kring<br \/>sem gullu vi\u00f0 hvert f\u00f3tm\u00e1l hans<br \/>svo a\u00f0 undir t\u00f3k \u00ed musterinu,<br \/>til \u00e1minningar allri \u00fej\u00f3\u00f0 hans. <br \/> <\/span> <span class=\"ljodatexti\"> <a name=\"10\"><span class=\"versanumer_ljod\">10<\/span><\/a> \u00dea\u00f0 var helgur skr\u00fa\u00f0i af gulli og bl\u00e1um purpura<br \/>sem og rau\u00f0um, verk listamanns.<br \/>\u00c1 honum voru d\u00f3mshlutirnir, hi\u00f0 heilaga hlutkesti. <br \/>Skr\u00fa\u00f0inn var ofinn \u00far skarlati af hagleiksmanni,<br \/> <\/span> <span class=\"ljodatexti\"> <a name=\"11\"><span class=\"versanumer_ljod\">11<\/span><\/a> settur gimsteinum er voru grafnir sem innsigli<br \/>og greyptir \u00ed gull af skartgripasmi\u00f0.<br \/>\u00c1letranirnar skyldu vera til \u00e1minningar,<br \/>jafnmargar og \u00e6ttkv\u00edslir \u00cdsraels.<br \/> <\/span> <span class=\"ljodatexti\"> <a name=\"12\"><span class=\"versanumer_ljod\">12<\/span><\/a> Vefjarh\u00f6tturinn var me\u00f0 ennishla\u00f0 \u00far gulli,<br \/>me\u00f0 \u00e1letrun er sta\u00f0festi heilagleika prestsins,<br \/>t\u00e1kn \u00e6\u00f0stu vegsemdar, verk sem m\u00e1ttur fylgdi,<br \/>allt yndi augum, hi\u00f0 fegursta verk.<br \/> <\/span> <span class=\"ljodatexti\"> <a name=\"13\"><span class=\"versanumer_ljod\">13<\/span><\/a> Fyrir t\u00edma Arons var aldrei neitt til \u00feessu l\u00edkt,<br \/>um eil\u00edf\u00f0 mun ekki neinn honum \u00f3skyldur bera sl\u00edkt<br \/>heldur a\u00f0eins synir Arons<br \/>og afkomendur hans fr\u00e1 kyni til kyns.<br \/> <\/span> <span class=\"ljodatexti\"> <a name=\"14\"><span class=\"versanumer_ljod\">14<\/span><\/a> F\u00f3rnir hans skulu brenndar a\u00f0 fullu,<br \/>bornar fram tvisvar \u00e1 dag um framt\u00ed\u00f0 alla. <br \/> <\/span> <span class=\"ljodatexti\"> <a name=\"15\"><span class=\"versanumer_ljod\">15<\/span><\/a> M\u00f3se fyllti hendur Arons, <br \/>smur\u00f0i hann me\u00f0 helgri ol\u00edu. <br \/>Eil\u00edfur s\u00e1ttm\u00e1li var ger\u00f0ur vi\u00f0 hann<br \/>og vi\u00f0 ni\u00f0ja hans svo lengi sem himinninn stendur:<br \/>A\u00f0 \u00fej\u00f3na Drottni og vera prestar hans<br \/>og blessa l\u00fd\u00f0 hans \u00ed nafni Drottins. <br \/> <\/span> <span class=\"ljodatexti\"> <a name=\"16\"><span class=\"versanumer_ljod\">16<\/span><\/a> Drottinn valdi hann af \u00f6llu mannkyni<br \/>til a\u00f0 bera fram f\u00f3rn,<br \/>reykelsi og angan sem minningarf\u00f3rn,<br \/>og til a\u00f0 f\u00e6ra fri\u00f0\u00fe\u00e6gingarf\u00f3rn fyrir l\u00fd\u00f0inn.<br \/> <\/span> <span class=\"ljodatexti\"> <a name=\"17\"><span class=\"versanumer_ljod\">17<\/span><\/a> Drottinn f\u00f3l honum bo\u00f0or\u00f0 s\u00edn<br \/>og \u00farskur\u00f0arvald \u00ed d\u00f3msm\u00e1lum, <br \/>einnig a\u00f0 kenna Jakobi s\u00e1ttm\u00e1lst\u00e1kni\u00f0<br \/>og uppl\u00fdsa \u00cdsrael um l\u00f6gm\u00e1l sitt.<br \/> <\/span> <span class=\"ljodatexti\"> <a name=\"18\"><span class=\"versanumer_ljod\">18<\/span><\/a> Menn af annarri \u00e6tt ger\u00f0u sams\u00e6ri gegn Aroni, <br \/>fylltust \u00f6fund \u00ed ey\u00f0im\u00f6rkinni,<br \/>menn af flokki Datans og Ab\u00edrams<br \/>og s\u00f6fnu\u00f0ur K\u00f3ra, allir \u00e6varei\u00f0ir.<br \/> <\/span> <span class=\"ljodatexti\"> <a name=\"19\"><span class=\"versanumer_ljod\">19<\/span><\/a> Drottinn s\u00e1 \u00fea\u00f0 og var misbo\u00f0i\u00f0<br \/>og eyddi \u00feeim \u00ed brennandi heift.<br \/>Hann l\u00e9t undur ver\u00f0a \u00e1 \u00feeim<br \/>og eyddi \u00feeim \u00ed b\u00e1landi eldi.<br \/> <\/span> <span class=\"ljodatexti\"> <a name=\"20\"><span class=\"versanumer_ljod\">20<\/span><\/a> En hei\u00f0ur Arons j\u00f3k hann enn,<br \/>veitti honum r\u00e9ttindi sem gengu \u00ed arf.<br \/>Frumgr\u00f3\u00f0af\u00f3rnin var\u00f0 hlutdeild hans<br \/>en framar \u00f6llu brau\u00f0 honum til vi\u00f0urv\u00e6ris. <br \/> <\/span> <span class=\"ljodatexti\"> <a name=\"21\"><span class=\"versanumer_ljod\">21<\/span><\/a> Enda mega prestarnir neyta af f\u00f3rnum Drottins,<br \/>\u00fea\u00f0 var veitt Aroni og ni\u00f0jum hans.<br \/> <\/span> <span class=\"ljodatexti\"> <a name=\"22\"><span class=\"versanumer_ljod\">22<\/span><\/a> En \u00ed landi l\u00fd\u00f0sins \u00e1 hann engan arfshlut,<br \/>enga hlutdeild me\u00f0 \u00fej\u00f3\u00f0inni \u00ed eign hennar,<br \/>enda var honum heiti\u00f0: Drottinn er hlutskipti \u00feitt og \u00f3\u00f0al. <\/span> <\/p>\n<h3 class=\"millifyrirsogn_2007\">P\u00ednehas<\/h3>\n<p><span class=\"ljodatexti\"> <a name=\"23\"><span class=\"versanumer_ljod\">23<\/span><\/a> P\u00ednehas Eleasarsson var\u00f0 s\u00e1 \u00feri\u00f0ji a\u00f0 tign <br \/>er hann s\u00fdndi heilaga \u00e1kef\u00f0 \u00ed gu\u00f0s\u00f3tta<br \/>og var sta\u00f0fastur \u00feegar l\u00fd\u00f0urinn f\u00e9ll fr\u00e1<br \/>sakir hugm\u00f3\u00f0s s\u00edns og hjartapr\u00fd\u00f0i.<br \/>Hann fri\u00f0\u00fe\u00e6g\u00f0i fyrir \u00cdsrael.<br \/> <\/span> <span class=\"ljodatexti\"> <a name=\"24\"><span class=\"versanumer_ljod\">24<\/span><\/a> \u00dev\u00ed ger\u00f0i Drottinn fri\u00f0ars\u00e1ttm\u00e1la vi\u00f0 hann, <br \/>a\u00f0 hann r\u00e9\u00f0i helgid\u00f3minum og l\u00fd\u00f0 hans<br \/>svo a\u00f0 sj\u00e1lfur hann og einnig ni\u00f0jar hans<br \/>hef\u00f0u tign \u00e6\u00f0staprestd\u00f3msins um aldur og \u00e6vi.<br \/> <\/span> <span class=\"ljodatexti\"> <a name=\"25\"><span class=\"versanumer_ljod\">25<\/span><\/a> Einnig var s\u00e1ttm\u00e1li ger\u00f0ur vi\u00f0 Dav\u00ed\u00f0, <br \/>son \u00cdsa\u00ed af \u00e6ttkv\u00edsl J\u00fada.<br \/>Konungd\u00f3mur erfist a\u00f0eins fr\u00e1 syni til sonar<br \/>en arfur Arons gengur til allra ni\u00f0ja hans.<br \/> <\/span> <span class=\"ljodatexti\"> <a name=\"26\"><span class=\"versanumer_ljod\">26<\/span><\/a> Megi Drottinn veita hj\u00f6rtum y\u00f0ar speki<br \/>og l\u00e1ta y\u00f0ur stj\u00f3rna l\u00fd\u00f0 hans me\u00f0 r\u00e9ttl\u00e6ti<br \/>svo a\u00f0 hagur hans fari hvorki forg\u00f6r\u00f0um<br \/>n\u00e9 vegsemd hans hj\u00e1 \u00f3bornum kynsl\u00f3\u00f0um. <\/span> <\/p>\n","protected":false},"excerpt":{"rendered":"<p>M\u00f3se Af kyni hans l\u00e9t Drottinn koma mann sem naut n\u00e1\u00f0arog var \u00f6llum m\u00f6nnum \u00feekkur, 1 elska\u00f0ur b\u00e6\u00f0i af Gu\u00f0i og m\u00f6nnum.\u00dea\u00f0 var M\u00f3se, blessu\u00f0 s\u00e9 minning hans. 2 Drottinn veitti honum d\u00fdr\u00f0 hinna heil\u00f6gu, g\u00e6ddi hann sl\u00edkum m\u00e6tti a\u00f0 \u00f3vinir skelfdust. 3 Hann l\u00e9t m\u00e1ttarverk fylgja or\u00f0um hansog ger\u00f0i hann vegsamlegan \u00ed augs\u00fdn konunga.Hann f\u00e9kk honum bo\u00f0or\u00f0 a\u00f0 f\u00e6ra \u00fej\u00f3\u00f0 sinniog s\u00fdndi honum blik af d\u00fdr\u00f0 sinni. 4 Drottinn helga\u00f0i hann vegna tr\u00faar hans og h\u00f3gv\u00e6r\u00f0ar,\u00fatvaldi hann af \u00f6llu mannkyni. 5 Drottinn l\u00e9t hann heyra raust s\u00edna,leiddi hann inn \u00ed dimmt sk\u00fd,gaf M\u00f3se bo\u00f0or\u00f0in augliti til auglitis, l\u00f6gm\u00e1l l\u00edfsins <a href=\"https:\/\/biblian.is\/biblian\/siraksbok-45-kafli\/\"> [&#8230;]<\/a><\/p>\n","protected":false},"author":1,"featured_media":0,"parent":0,"menu_order":0,"comment_status":"open","ping_status":"open","template":"bibliukaflar.php","meta":{"footnotes":""},"class_list":["post-2910","page","type-page","status-publish","hentry"],"_links":{"self":[{"href":"https:\/\/biblian.is\/biblian\/wp-json\/wp\/v2\/pages\/2910","targetHints":{"allow":["GET"]}}],"collection":[{"href":"https:\/\/biblian.is\/biblian\/wp-json\/wp\/v2\/pages"}],"about":[{"href":"https:\/\/biblian.is\/biblian\/wp-json\/wp\/v2\/types\/page"}],"author":[{"embeddable":true,"href":"https:\/\/biblian.is\/biblian\/wp-json\/wp\/v2\/users\/1"}],"replies":[{"embeddable":true,"href":"https:\/\/biblian.is\/biblian\/wp-json\/wp\/v2\/comments?post=2910"}],"version-history":[{"count":0,"href":"https:\/\/biblian.is\/biblian\/wp-json\/wp\/v2\/pages\/2910\/revisions"}],"wp:attachment":[{"href":"https:\/\/biblian.is\/biblian\/wp-json\/wp\/v2\/media?parent=2910"}],"curies":[{"name":"wp","href":"https:\/\/api.w.org\/{rel}","templated":true}]}}