{"id":2909,"date":"2017-12-30T21:05:09","date_gmt":"2017-12-30T21:05:09","guid":{"rendered":"http:\/\/biblian.is\/biblian\/s%c2%92raksb%c2%97k-44-kafli\/"},"modified":"2018-01-20T03:04:34","modified_gmt":"2018-01-20T03:04:34","slug":"siraksbok-44-kafli","status":"publish","type":"page","link":"https:\/\/biblian.is\/biblian\/siraksbok-44-kafli\/","title":{"rendered":"S\u00edraksb\u00f3k 44. kafli"},"content":{"rendered":"<h2 class=\"millifyrirsogn_2007\">Lofgj\u00f6r\u00f0 um forfe\u00f0ur vora <\/h2>\n<h3 class=\"millifyrirsogn_2007\">D\u00fdr\u00f0 Gu\u00f0s \u00ed s\u00f6gunni<\/h3>\n<p><span class=\"ljodatexti\"> <a name=\"1\"><span class=\"versanumer_ljod\">1<\/span><\/a>N\u00fa vil \u00e9g vegsama v\u00ed\u00f0kunna menn,<br \/>fe\u00f0ur vora sem v\u00e9r erum komin af.<br \/> <\/span> <span class=\"ljodatexti\"> <a name=\"2\"><span class=\"versanumer_ljod\">2<\/span><\/a> Drottinn skapa\u00f0i mikla vegsemd,<br \/>h\u00e1tign hans er fr\u00e1 eil\u00edf\u00f0.<br \/> <\/span> <span class=\"ljodatexti\"> <a name=\"3\"><span class=\"versanumer_ljod\">3<\/span><\/a> Hann skapa\u00f0i \u00fe\u00e1 sem r\u00edktu \u00ed konungsr\u00edkjum,<br \/>menn sem fr\u00e6gir ur\u00f0u af afreksverkum,<br \/>vitringa sem g\u00e1fu holl r\u00e1\u00f0,<br \/>sp\u00e1menn sem fluttu bo\u00f0skap sinn.<br \/> <\/span> <span class=\"ljodatexti\"> <a name=\"4\"><span class=\"versanumer_ljod\">4<\/span><\/a> Hann skapa\u00f0i menn sem leiddu \u00fej\u00f3\u00f0ir me\u00f0 hyggindum s\u00ednum<br \/>og me\u00f0 \u00feekkingu \u00e1 ritum l\u00fd\u00f0sins,<br \/>\u00feeir kenna me\u00f0 v\u00edsd\u00f3msor\u00f0um s\u00ednum.<br \/> <\/span> <span class=\"ljodatexti\"> <a name=\"5\"><span class=\"versanumer_ljod\">5<\/span><\/a> Hann skapa\u00f0i \u00fe\u00e1 er s\u00f6mdu t\u00f3nlist og l\u00f6g<br \/>og ger\u00f0u lj\u00f3\u00f0 s\u00edn kunn \u00ed ritum. <br \/> <\/span> <span class=\"ljodatexti\"> <a name=\"6\"><span class=\"versanumer_ljod\">6<\/span><\/a> Hann skapa\u00f0i efna\u00f0a atorkumenn<br \/>sem fri\u00f0samir s\u00e1tu setur s\u00edn.<br \/> <\/span> <span class=\"ljodatexti\"> <a name=\"7\"><span class=\"versanumer_ljod\">7<\/span><\/a> Allir hlutu \u00feeir s\u00e6mdir af samt\u00ed\u00f0 sinni<br \/>og hei\u00f0ur \u00ed lifanda l\u00edfi.<br \/> <\/span> <span class=\"ljodatexti\"> <a name=\"8\"><span class=\"versanumer_ljod\">8<\/span><\/a> Sumir \u00feeirra l\u00e9tu eftir g\u00f3\u00f0an or\u00f0st\u00edr,<br \/>\u00feeirra er lofsamlega geti\u00f0.<br \/> <\/span> <span class=\"ljodatexti\"> <a name=\"9\"><span class=\"versanumer_ljod\">9<\/span><\/a> En annarra er ekki framar minnst,<br \/>\u00feeir eru horfnir l\u00edkt og \u00feeir hef\u00f0u aldrei veri\u00f0,<br \/>\u00fev\u00ed er l\u00edkast sem \u00feeir hafi aldrei f\u00e6\u00f0st,<br \/>hvorki \u00feeir n\u00e9 ni\u00f0jar \u00feeirra.<br \/> <\/span> <span class=\"ljodatexti\"> <a name=\"10\"><span class=\"versanumer_ljod\">10<\/span><\/a> En hinir eru menn sem nutu n\u00e1\u00f0ar, <br \/>r\u00e9ttl\u00e6tisverkum \u00feeirra mun eigi gleymt. <br \/> <\/span> <span class=\"ljodatexti\"> <a name=\"11\"><span class=\"versanumer_ljod\">11<\/span><\/a> Me\u00f0al ni\u00f0ja \u00feeirra mun n\u00e1\u00f0in dvelja, <br \/>afkomendur \u00feeirra nj\u00f3ta g\u00f3\u00f0s arfs. <br \/> <\/span> <span class=\"ljodatexti\"> <a name=\"12\"><span class=\"versanumer_ljod\">12<\/span><\/a> Ni\u00f0jar \u00feeirra eru tr\u00fair s\u00e1ttm\u00e1lanum <br \/>og b\u00f6rn \u00feeirra einnig sakir \u00feeirra. <br \/> <\/span> <span class=\"ljodatexti\"> <a name=\"13\"><span class=\"versanumer_ljod\">13<\/span><\/a> A\u00f0 eil\u00edfu vara ni\u00f0jar \u00feeirra <br \/>og vegsemd \u00feeirra mun aldrei afm\u00e1\u00f0. <br \/> <\/span> <span class=\"ljodatexti\"> <a name=\"14\"><span class=\"versanumer_ljod\">14<\/span><\/a> \u00cd fri\u00f0i voru l\u00edk \u00feeirra l\u00f6g\u00f0 \u00ed gr\u00f6f <br \/>en nafn \u00feeirra lifir fr\u00e1 kyni til kyns. <br \/> <\/span> <span class=\"ljodatexti\"> <a name=\"15\"><span class=\"versanumer_ljod\">15<\/span><\/a> Allar \u00fej\u00f3\u00f0ir munu segja fr\u00e1 speki \u00feeirra <br \/>og s\u00f6fnu\u00f0urinn kunngj\u00f6ra lof \u00feeirra. <\/span> <\/p>\n<h3 class=\"millifyrirsogn_2007\">Enok<\/h3>\n<p><span class=\"ljodatexti\"> <a name=\"16\"><span class=\"versanumer_ljod\">16<\/span><\/a>Enok \u00fe\u00f3kna\u00f0ist Drottni og var numinn burt, <br \/>hann er komandi kynsl\u00f3\u00f0um fyrirmynd afturhvarfs. <\/span> <\/p>\n<h3 class=\"millifyrirsogn_2007\">N\u00f3i<\/h3>\n<p><span class=\"ljodatexti\"> <a name=\"17\"><span class=\"versanumer_ljod\">17<\/span><\/a>N\u00f3i reyndist vammlaus og r\u00e9ttl\u00e1tur. <br \/>Hann var\u00f0 bj\u00f6rgunarma\u00f0ur \u00e1 t\u00edma rei\u00f0innar. <br \/>Sakir hans var\u00f0 leif\u00f0 eftir \u00e1 j\u00f6r\u00f0u <br \/>\u00feegar fl\u00f3\u00f0i\u00f0 dundi yfir. <br \/> <\/span> <span class=\"ljodatexti\"> <a name=\"18\"><span class=\"versanumer_ljod\">18<\/span><\/a> Eil\u00edfur s\u00e1ttm\u00e1li var ger\u00f0ur vi\u00f0 hann <br \/>a\u00f0 fl\u00f3\u00f0 eyddi ei framar \u00f6llu l\u00edfi. <\/span> <\/p>\n<h3 class=\"millifyrirsogn_2007\">Abraham<\/h3>\n<p><span class=\"ljodatexti\"> <a name=\"19\"><span class=\"versanumer_ljod\">19<\/span><\/a>Abraham var mikill forfa\u00f0ir fj\u00f6lda \u00fej\u00f3\u00f0a,<br \/>enginn flekkur var\u00f0 fundinn \u00e1 vegsemd hans. <span class=\"nedan_mal\" title=\" Annar lesh\u00e1ttur: enginn var nafntoga\u00f0ri honum.\">[<\/span> <br \/> <\/span> <span class=\"ljodatexti\"> <a name=\"20\"><span class=\"versanumer_ljod\">20<\/span><\/a> Hann h\u00e9lt l\u00f6gm\u00e1l Hins h\u00e6sta,<br \/>ger\u00f0i s\u00e1ttm\u00e1la vi\u00f0 hann.<br \/>Hann sta\u00f0festi s\u00e1ttm\u00e1lann \u00e1 holdi s\u00ednu <br \/>og reyndist tr\u00far \u00feegar hann var reyndur. <br \/> <\/span> <span class=\"ljodatexti\"> <a name=\"21\"><span class=\"versanumer_ljod\">21<\/span><\/a> \u00deess vegna h\u00e9t Drottinn honum me\u00f0 ei\u00f0i<br \/>a\u00f0 af afkv\u00e6mi hans skyldu \u00fej\u00f3\u00f0ir blessun hlj\u00f3ta,<br \/>hann mundi margfalda kyn hans sem sand \u00e1 j\u00f6r\u00f0u<br \/> og hefja ni\u00f0ja hans svo h\u00e1tt sem stj\u00f6rnurnar,<br \/>hann mundi veita \u00feeim land til eignar<br \/>er n\u00e6\u00f0i fr\u00e1 hafi til hafs,<br \/>fr\u00e1 flj\u00f3tinu a\u00f0 endim\u00f6rkum jar\u00f0ar. <\/span> <\/p>\n<h3 class=\"millifyrirsogn_2007\">\u00cdsak og Jakob<\/h3>\n<p><span class=\"ljodatexti\"> <a name=\"22\"><span class=\"versanumer_ljod\">22<\/span><\/a> Hi\u00f0 sama h\u00e9t Drottinn \u00cdsak,<br \/>sakir Abrahams f\u00f6\u00f0ur hans,<br \/> <\/span> <span class=\"ljodatexti\"> <a name=\"23\"><span class=\"versanumer_ljod\">23<\/span><\/a> blessun \u00f6llum m\u00f6nnum til handa og s\u00e1ttm\u00e1la<br \/>sem hann l\u00e9t s\u00ed\u00f0an fylgja Jakobi. <br \/>Drottinn vi\u00f0urkenndi hann me\u00f0 blessun sinni<br \/>og veitti honum land a\u00f0 erf\u00f0um<br \/>er hann deildi upp og skipti \u00ed sv\u00e6\u00f0i<br \/>sem \u00fathluta\u00f0 var \u00e6ttkv\u00edslunum t\u00f3lf. <\/span> <\/p>\n","protected":false},"excerpt":{"rendered":"<p>Lofgj\u00f6r\u00f0 um forfe\u00f0ur vora D\u00fdr\u00f0 Gu\u00f0s \u00ed s\u00f6gunni 1N\u00fa vil \u00e9g vegsama v\u00ed\u00f0kunna menn,fe\u00f0ur vora sem v\u00e9r erum komin af. 2 Drottinn skapa\u00f0i mikla vegsemd,h\u00e1tign hans er fr\u00e1 eil\u00edf\u00f0. 3 Hann skapa\u00f0i \u00fe\u00e1 sem r\u00edktu \u00ed konungsr\u00edkjum,menn sem fr\u00e6gir ur\u00f0u af afreksverkum,vitringa sem g\u00e1fu holl r\u00e1\u00f0,sp\u00e1menn sem fluttu bo\u00f0skap sinn. 4 Hann skapa\u00f0i menn sem leiddu \u00fej\u00f3\u00f0ir me\u00f0 hyggindum s\u00ednumog me\u00f0 \u00feekkingu \u00e1 ritum l\u00fd\u00f0sins,\u00feeir kenna me\u00f0 v\u00edsd\u00f3msor\u00f0um s\u00ednum. 5 Hann skapa\u00f0i \u00fe\u00e1 er s\u00f6mdu t\u00f3nlist og l\u00f6gog ger\u00f0u lj\u00f3\u00f0 s\u00edn kunn \u00ed ritum. 6 Hann skapa\u00f0i efna\u00f0a atorkumennsem fri\u00f0samir s\u00e1tu setur s\u00edn. 7 Allir hlutu \u00feeir s\u00e6mdir af samt\u00ed\u00f0 <a href=\"https:\/\/biblian.is\/biblian\/siraksbok-44-kafli\/\"> [&#8230;]<\/a><\/p>\n","protected":false},"author":1,"featured_media":0,"parent":0,"menu_order":0,"comment_status":"open","ping_status":"open","template":"bibliukaflar.php","meta":{"footnotes":""},"class_list":["post-2909","page","type-page","status-publish","hentry"],"_links":{"self":[{"href":"https:\/\/biblian.is\/biblian\/wp-json\/wp\/v2\/pages\/2909","targetHints":{"allow":["GET"]}}],"collection":[{"href":"https:\/\/biblian.is\/biblian\/wp-json\/wp\/v2\/pages"}],"about":[{"href":"https:\/\/biblian.is\/biblian\/wp-json\/wp\/v2\/types\/page"}],"author":[{"embeddable":true,"href":"https:\/\/biblian.is\/biblian\/wp-json\/wp\/v2\/users\/1"}],"replies":[{"embeddable":true,"href":"https:\/\/biblian.is\/biblian\/wp-json\/wp\/v2\/comments?post=2909"}],"version-history":[{"count":0,"href":"https:\/\/biblian.is\/biblian\/wp-json\/wp\/v2\/pages\/2909\/revisions"}],"wp:attachment":[{"href":"https:\/\/biblian.is\/biblian\/wp-json\/wp\/v2\/media?parent=2909"}],"curies":[{"name":"wp","href":"https:\/\/api.w.org\/{rel}","templated":true}]}}