{"id":2908,"date":"2017-12-30T21:05:09","date_gmt":"2017-12-30T21:05:09","guid":{"rendered":"http:\/\/biblian.is\/biblian\/s%c2%92raksb%c2%97k-43-kafli\/"},"modified":"2017-12-30T21:05:10","modified_gmt":"2017-12-30T21:05:10","slug":"siraksbok-43-kafli","status":"publish","type":"page","link":"https:\/\/biblian.is\/biblian\/siraksbok-43-kafli\/","title":{"rendered":"S\u00edraksb\u00f3k 43. kafli"},"content":{"rendered":"<p><span class=\"ljodatexti\"> <a name=\"1\"><span class=\"versanumer_ljod\">1<\/span><\/a>Hei\u00f0sk\u00edr festingin er pr\u00fd\u00f0i upph\u00e6\u00f0a,<br \/>undursamlegt er a\u00f0 horfa \u00e1 himininn.<br \/> <\/span> <span class=\"ljodatexti\"> <a name=\"2\"><span class=\"versanumer_ljod\">2<\/span><\/a> Er s\u00f3lin r\u00eds \u00fe\u00e1 kunngj\u00f6rir h\u00fan \u00e1 lei\u00f0 sinni<br \/>hve undravert t\u00e6ki Hinn h\u00e6sti hefur skapa\u00f0. <br \/> <\/span> <span class=\"ljodatexti\"> <a name=\"3\"><span class=\"versanumer_ljod\">3<\/span><\/a> \u00c1 h\u00e1degi sv\u00ed\u00f0ur h\u00fan j\u00f6r\u00f0ina,<br \/>hver f\u00e6r afbori\u00f0 hita hennar?<br \/> <\/span> <span class=\"ljodatexti\"> <a name=\"4\"><span class=\"versanumer_ljod\">4<\/span><\/a> S\u00e1 sem kyndir aflinn me\u00f0 f\u00edsibelg stritar \u00ed hita<br \/>en \u00ferefalt heitar brennur s\u00f3l \u00e1 bergi.<br \/>H\u00fan andar fr\u00e1 s\u00e9r gl\u00f3andi bl\u00e6stri,<br \/>sendir leiftrandi geisla sem blinda augun.<br \/> <\/span> <span class=\"ljodatexti\"> <a name=\"5\"><span class=\"versanumer_ljod\">5<\/span><\/a> Mikill er Drottinn sem skapa\u00f0i hana,<br \/>a\u00f0 bo\u00f0i hans skundar h\u00fan s\u00edna braut.<br \/> <\/span> <span class=\"ljodatexti\"> <a name=\"6\"><span class=\"versanumer_ljod\">6<\/span><\/a> Hann lei\u00f0ir m\u00e1nann fram \u00e1 settum t\u00edmum, <br \/>eil\u00edft t\u00e1kn til a\u00f0 kunngj\u00f6ra t\u00ed\u00f0ir. <br \/> <\/span> <span class=\"ljodatexti\"> <a name=\"7\"><span class=\"versanumer_ljod\">7<\/span><\/a> Vi\u00f0 m\u00e1nann mi\u00f0ast komur h\u00e1t\u00ed\u00f0a, <br \/>\u00feetta lj\u00f3s er \u00feverr um lei\u00f0 og \u00fea\u00f0 er fullt.<br \/> <\/span> <span class=\"ljodatexti\"> <a name=\"8\"><span class=\"versanumer_ljod\">8<\/span><\/a> M\u00e1nu\u00f0ir hafa \u00feegi\u00f0 n\u00f6fn af m\u00e1na,<br \/>undursamleg eru n\u00fd hans og ni\u00f0.<br \/>Hann er h\u00e6stu hersveitum viti<br \/>\u00fear sem hann lj\u00f3mar \u00e1 himinhvolfi.<br \/> <\/span> <span class=\"ljodatexti\"> <a name=\"9\"><span class=\"versanumer_ljod\">9<\/span><\/a> Leiftur stjarna er skart himins,<br \/>lj\u00f3mandi dj\u00e1sn \u00ed upph\u00e6\u00f0um Drottins.<br \/> <\/span> <span class=\"ljodatexti\"> <a name=\"10\"><span class=\"versanumer_ljod\">10<\/span><\/a> \u00de\u00e6r taka s\u00e9r st\u00f6\u00f0u a\u00f0 bo\u00f0i Hins heilaga<br \/>og \u00fereytast aldrei \u00e1 a\u00f0 halda v\u00f6r\u00f0.<br \/> <\/span> <span class=\"ljodatexti\"> <a name=\"11\"><span class=\"versanumer_ljod\">11<\/span><\/a> Sj\u00e1i\u00f0 regnbogann og lofi\u00f0 \u00feann sem sk\u00f3p hann,<br \/>d\u00e1samlegt er a\u00f0 l\u00edta lj\u00f3ma hans. <br \/> <\/span> <span class=\"ljodatexti\"> <a name=\"12\"><span class=\"versanumer_ljod\">12<\/span><\/a> Hann umlykur himininn me\u00f0 lj\u00f3ma s\u00ednum,<br \/>hendur Hins h\u00e6sta \u00fe\u00f6ndu \u00feann boga.<br \/> <\/span> <span class=\"ljodatexti\"> <a name=\"13\"><span class=\"versanumer_ljod\">13<\/span><\/a> A\u00f0 bo\u00f0i Drottins tekur snj\u00f3r a\u00f0 falla,<br \/>\u00f6r eldingaleiftur sendir hann til a\u00f0 hegna. <br \/> <\/span> <span class=\"ljodatexti\"> <a name=\"14\"><span class=\"versanumer_ljod\">14<\/span><\/a> Sakir \u00feessa lj\u00fakast upp for\u00f0ab\u00far himins, <br \/>sk\u00fdin flj\u00faga fram l\u00edkt og fuglar.<br \/> <\/span> <span class=\"ljodatexti\"> <a name=\"15\"><span class=\"versanumer_ljod\">15<\/span><\/a> Me\u00f0 m\u00e1ttugum krafti eykur hann styrk sk\u00fdja,<br \/>\u00feau bresta og senda grj\u00f3th\u00f6r\u00f0 h\u00f6glin.<br \/>Fyrir \u00ferumuraust Drottins engist j\u00f6r\u00f0in<br \/> <\/span> <span class=\"ljodatexti\"> <a name=\"16\"><span class=\"versanumer_ljod\">16<\/span><\/a> og fj\u00f6llin skj\u00e1lfa \u00feegar \u00feau sj\u00e1 hann. <br \/>A\u00f0 vilja hans \u00fe\u00fdtur sunnanvindurinn<br \/> <\/span> <span class=\"ljodatexti\"> <a name=\"17\"><span class=\"versanumer_ljod\">17<\/span><\/a> og nor\u00f0anstormur og hvirfilvindur.<br \/>Hann feykir snj\u00f3kornum sem fuglah\u00f3pum,<br \/>l\u00edkustum engisprettum er l\u00e9tta flugi.<br \/> <\/span> <span class=\"ljodatexti\"> <a name=\"18\"><span class=\"versanumer_ljod\">18<\/span><\/a> Hin hv\u00edta fegur\u00f0 gerir augun agndofa<br \/>og sk\u00e6\u00f0adr\u00edfan hr\u00edfur hjarta\u00f0.<br \/> <\/span> <span class=\"ljodatexti\"> <a name=\"19\"><span class=\"versanumer_ljod\">19<\/span><\/a> Hann dreifir hr\u00edmi um j\u00f6r\u00f0 l\u00edkt og salti, <br \/>\u00feegar \u00fea\u00f0 kristallast minnir \u00fea\u00f0 \u00e1 \u00feyrna.<br \/> <\/span> <span class=\"ljodatexti\"> <a name=\"20\"><span class=\"versanumer_ljod\">20<\/span><\/a> \u00deegar svalur nor\u00f0anvindur n\u00e6\u00f0ir<br \/>ver\u00f0a v\u00f6tnin \u00feakin \u00edsi,<br \/>hann leggst yfir hvert vatnsb\u00f3l<br \/>og v\u00f6tnin ver\u00f0a sem b\u00fain brynju.<br \/> <\/span> <span class=\"ljodatexti\"> <a name=\"21\"><span class=\"versanumer_ljod\">21<\/span><\/a> Hann ey\u00f0ir gr\u00f3\u00f0ri fjalla, brennir au\u00f0nina<br \/>og sv\u00ed\u00f0ur engin eins og eldur.<br \/> <\/span> <span class=\"ljodatexti\"> <a name=\"22\"><span class=\"versanumer_ljod\">22<\/span><\/a> V\u00e6tan b\u00fdr \u00fev\u00ed \u00f6llu skj\u00f3ta b\u00f3t, <br \/>eins og d\u00f6gg hressir eftir hita.<br \/> <\/span> <span class=\"ljodatexti\"> <a name=\"23\"><span class=\"versanumer_ljod\">23<\/span><\/a> Drottinn n\u00e1\u00f0i valdi \u00e1 dj\u00fapi hafsins me\u00f0 visku sinni<br \/>og l\u00e9t eyjar r\u00edsa \u00fear. <br \/> <\/span> <span class=\"ljodatexti\"> <a name=\"24\"><span class=\"versanumer_ljod\">24<\/span><\/a> S\u00e6farar kunna a\u00f0 segja fr\u00e1 \u00f3gnum hafsins<br \/>og v\u00e9r undrumst \u00fea\u00f0 er eyru vor heyra. <br \/> <\/span> <span class=\"ljodatexti\"> <a name=\"25\"><span class=\"versanumer_ljod\">25<\/span><\/a> \u00dear m\u00e1 l\u00edta undarleg fur\u00f0uverk,<br \/>fur\u00f0uheim l\u00edfvera og ferlegar skepnur. <br \/> <\/span> <span class=\"ljodatexti\"> <a name=\"26\"><span class=\"versanumer_ljod\">26<\/span><\/a> Sakir Drottins farnast \u00fej\u00f3num hans vel, <br \/>fyrir or\u00f0 hans standast allir hlutir.<br \/> <\/span> <span class=\"ljodatexti\"> <a name=\"27\"><span class=\"versanumer_ljod\">27<\/span><\/a> Margt m\u00e1 segja frekar en aldrei fulln\u00f3g<br \/>en \u00e1lykta m\u00e1 af \u00fev\u00ed sem \u00feegar er sagt: Hann er allt. <br \/> <\/span> <span class=\"ljodatexti\"> <a name=\"28\"><span class=\"versanumer_ljod\">28<\/span><\/a> Hver megnar a\u00f0 d\u00e1sama Drottin sem skyldi? <br \/>Voldugur er hann, meiri \u00f6llu \u00fev\u00ed sem hann sk\u00f3p.<br \/> <\/span> <span class=\"ljodatexti\"> <a name=\"29\"><span class=\"versanumer_ljod\">29<\/span><\/a> \u00d3ttalegur er Drottinn, mikilfenglegur mj\u00f6g,<br \/>og undursamlegt er veldi hans.<br \/> <\/span> <span class=\"ljodatexti\"> <a name=\"30\"><span class=\"versanumer_ljod\">30<\/span><\/a> Lofi\u00f0 Drottin og d\u00e1sami\u00f0 hann<br \/>af \u00f6llum m\u00e6tti, \u00fe\u00f3 mun \u00e1 skorta.<br \/>Syngi\u00f0 honum lof af fremsta megni,<br \/>\u00fereytist eigi, \u00fea\u00f0 ver\u00f0ur aldrei fulln\u00f3g.<br \/> <\/span> <span class=\"ljodatexti\"> <a name=\"31\"><span class=\"versanumer_ljod\">31<\/span><\/a> Hver hefur s\u00e9\u00f0 hann, hver f\u00e6r l\u00fdst honum?<br \/>Hver f\u00e6r tigna\u00f0 hann svo sem h\u00e6fir?<br \/> <\/span> <span class=\"ljodatexti\"> <a name=\"32\"><span class=\"versanumer_ljod\">32<\/span><\/a> Margt er huli\u00f0 sem er meira en \u00fea\u00f0 sem nefnt var,<br \/>v\u00e9r h\u00f6fum minnst s\u00e9\u00f0 af verkum hans.<br \/> <\/span> <span class=\"ljodatexti\"> <a name=\"33\"><span class=\"versanumer_ljod\">33<\/span><\/a> \u00dev\u00ed a\u00f0 Drottinn hefur skapa\u00f0 allt,<br \/>hann hefur gefi\u00f0 gu\u00f0hr\u00e6ddum spekina. <\/span> <\/p>\n","protected":false},"excerpt":{"rendered":"<p>1Hei\u00f0sk\u00edr festingin er pr\u00fd\u00f0i upph\u00e6\u00f0a,undursamlegt er a\u00f0 horfa \u00e1 himininn. 2 Er s\u00f3lin r\u00eds \u00fe\u00e1 kunngj\u00f6rir h\u00fan \u00e1 lei\u00f0 sinnihve undravert t\u00e6ki Hinn h\u00e6sti hefur skapa\u00f0. 3 \u00c1 h\u00e1degi sv\u00ed\u00f0ur h\u00fan j\u00f6r\u00f0ina,hver f\u00e6r afbori\u00f0 hita hennar? 4 S\u00e1 sem kyndir aflinn me\u00f0 f\u00edsibelg stritar \u00ed hitaen \u00ferefalt heitar brennur s\u00f3l \u00e1 bergi.H\u00fan andar fr\u00e1 s\u00e9r gl\u00f3andi bl\u00e6stri,sendir leiftrandi geisla sem blinda augun. 5 Mikill er Drottinn sem skapa\u00f0i hana,a\u00f0 bo\u00f0i hans skundar h\u00fan s\u00edna braut. 6 Hann lei\u00f0ir m\u00e1nann fram \u00e1 settum t\u00edmum, eil\u00edft t\u00e1kn til a\u00f0 kunngj\u00f6ra t\u00ed\u00f0ir. 7 Vi\u00f0 m\u00e1nann mi\u00f0ast komur h\u00e1t\u00ed\u00f0a, \u00feetta lj\u00f3s er \u00feverr um <a href=\"https:\/\/biblian.is\/biblian\/siraksbok-43-kafli\/\"> [&#8230;]<\/a><\/p>\n","protected":false},"author":1,"featured_media":0,"parent":0,"menu_order":0,"comment_status":"open","ping_status":"open","template":"bibliukaflar.php","meta":{"footnotes":""},"class_list":["post-2908","page","type-page","status-publish","hentry"],"_links":{"self":[{"href":"https:\/\/biblian.is\/biblian\/wp-json\/wp\/v2\/pages\/2908","targetHints":{"allow":["GET"]}}],"collection":[{"href":"https:\/\/biblian.is\/biblian\/wp-json\/wp\/v2\/pages"}],"about":[{"href":"https:\/\/biblian.is\/biblian\/wp-json\/wp\/v2\/types\/page"}],"author":[{"embeddable":true,"href":"https:\/\/biblian.is\/biblian\/wp-json\/wp\/v2\/users\/1"}],"replies":[{"embeddable":true,"href":"https:\/\/biblian.is\/biblian\/wp-json\/wp\/v2\/comments?post=2908"}],"version-history":[{"count":0,"href":"https:\/\/biblian.is\/biblian\/wp-json\/wp\/v2\/pages\/2908\/revisions"}],"wp:attachment":[{"href":"https:\/\/biblian.is\/biblian\/wp-json\/wp\/v2\/media?parent=2908"}],"curies":[{"name":"wp","href":"https:\/\/api.w.org\/{rel}","templated":true}]}}