{"id":2907,"date":"2017-12-30T21:05:09","date_gmt":"2017-12-30T21:05:09","guid":{"rendered":"http:\/\/biblian.is\/biblian\/s%c2%92raksb%c2%97k-42-kafli\/"},"modified":"2017-12-30T21:05:10","modified_gmt":"2017-12-30T21:05:10","slug":"siraksbok-42-kafli","status":"publish","type":"page","link":"https:\/\/biblian.is\/biblian\/siraksbok-42-kafli\/","title":{"rendered":"S\u00edraksb\u00f3k 42. kafli"},"content":{"rendered":"<p><span class=\"ljodatexti\"> <a name=\"1\"><span class=\"versanumer_ljod\">1<\/span><\/a>Blyg\u00f0ast \u00fe\u00edn fyrir a\u00f0 bera \u00fat or\u00f0r\u00f3m<br \/>og a\u00f0 lj\u00f3stra \u00fev\u00ed upp sem leynt \u00e1 a\u00f0 fara.<br \/>Me\u00f0 \u00feessu s\u00fdnir \u00fe\u00fa r\u00e9tta blyg\u00f0unarsemi<br \/>og hl\u00fdtur \u00e1sts\u00e6ld af \u00f6llum l\u00fd\u00f0. <\/span> <\/p>\n<h3 class=\"millifyrirsogn_2007\">\u00dea\u00f0 sem ekki er blyg\u00f0unarefni<\/h3>\n<p><span class=\"ljodatexti\"> Eigi skalt \u00fe\u00fa blyg\u00f0ast \u00fe\u00edn fyrir eftirfarandi<br \/>og l\u00e1t eigi undanl\u00e1tssemi lei\u00f0a til syndar:<br \/> <\/span> <span class=\"ljodatexti\"> <a name=\"2\"><span class=\"versanumer_ljod\">2<\/span><\/a> Fyrir l\u00f6gm\u00e1l Hins h\u00e6sta og s\u00e1ttm\u00e1lann<br \/>e\u00f0a r\u00e9ttarkr\u00f6fur svo a\u00f0 \u00fe\u00fa s\u00fdknir gu\u00f0lausan,<br \/> <\/span> <span class=\"ljodatexti\"> <a name=\"3\"><span class=\"versanumer_ljod\">3<\/span><\/a> fyrir a\u00f0 krefja f\u00e9laga e\u00f0a f\u00f6runaut reikningsskapar<br \/>e\u00f0a deila arfi me\u00f0 \u00f6\u00f0rum.<br \/> <\/span> <span class=\"ljodatexti\"> <a name=\"4\"><span class=\"versanumer_ljod\">4<\/span><\/a> Fyrir n\u00e1kv\u00e6mni um reislu og vog <br \/>e\u00f0a hagna\u00f0, st\u00f3ran og sm\u00e1an,<br \/> <\/span> <span class=\"ljodatexti\"> <a name=\"5\"><span class=\"versanumer_ljod\">5<\/span><\/a> ekki fyrir gr\u00f3\u00f0a af vi\u00f0skiptum<br \/>e\u00f0a fyrir a\u00f0 beita b\u00f6rn \u00fe\u00edn miklum aga<br \/>og h\u00fa\u00f0str\u00fdkja illan \u00fer\u00e6l. <br \/> <\/span> <span class=\"ljodatexti\"> <a name=\"6\"><span class=\"versanumer_ljod\">6<\/span><\/a> R\u00e1\u00f0legt er a\u00f0 loka \u00f6llu tryggilega fyrir illri konu<br \/>og hafa vel l\u00e6st \u00fear sem hendur margra eru.<br \/> <\/span> <span class=\"ljodatexti\"> <a name=\"7\"><span class=\"versanumer_ljod\">7<\/span><\/a> Telja skaltu og vega allt er \u00fe\u00fa f\u00e6r\u00f0 \u00f6\u00f0rum til geymslu,<br \/>skrifa ni\u00f0ur allt sem \u00fe\u00fa l\u00e6tur og tekur \u00e1 m\u00f3ti.<br \/> <\/span> <span class=\"ljodatexti\"> <a name=\"8\"><span class=\"versanumer_ljod\">8<\/span><\/a> Blyg\u00f0ast \u00fe\u00edn ekki fyrir a\u00f0 \u00e1minna aula og fl\u00f3n<br \/>e\u00f0a hruman \u00f6ldung sem dr\u00fdgir h\u00f3r.<br \/>Farir \u00fe\u00fa a\u00f0 \u00feessu s\u00fdnir \u00fe\u00fa a\u00f0 \u00fe\u00fa ert vel uppalinn<br \/>og ver\u00f0ur mikils metinn af \u00f6llum lifandi m\u00f6nnum. <\/span> <\/p>\n<h3 class=\"millifyrirsogn_2007\">Um fe\u00f0ur og d\u00e6tur<\/h3>\n<p><span class=\"ljodatexti\"> <a name=\"9\"><span class=\"versanumer_ljod\">9<\/span><\/a>D\u00f3ttir varnar f\u00f6\u00f0ur svefns \u00fe\u00f3tt hann leyni \u00fev\u00ed,<br \/>\u00e1hyggjur af henni valda honum andv\u00f6kum.<br \/>\u00deegar h\u00fan er \u00ed \u00e6sku a\u00f0 h\u00fan felli yndisbl\u00f3mann<br \/>og er h\u00fan er gift a\u00f0 ma\u00f0urinn ver\u00f0i henni afhuga,<br \/> <\/span> <span class=\"ljodatexti\"> <a name=\"10\"><span class=\"versanumer_ljod\">10<\/span><\/a> \u00e1 \u00e6sku\u00e1rum a\u00f0 h\u00fan ver\u00f0i f\u00edflu\u00f0<br \/>og ali barn \u00ed f\u00f6\u00f0urh\u00fasum,<br \/>er h\u00fan er gift a\u00f0 h\u00fan reynist \u00f3tr\u00fa<br \/>e\u00f0a ver\u00f0i barnlaus \u00ed hj\u00f3nabandi.<br \/> <\/span> <span class=\"ljodatexti\"> <a name=\"11\"><span class=\"versanumer_ljod\">11<\/span><\/a> Haf n\u00e1nar g\u00e6tur \u00e1 gj\u00e1l\u00edfri d\u00f3ttur<br \/>svo a\u00f0 h\u00fan geri \u00feig ekki a\u00f0 athl\u00e6gi \u00f3vina<br \/>og illr\u00e6mdan \u00ed borginni, lasta\u00f0an af l\u00fd\u00f0num,<br \/>og baki \u00fe\u00e9r sm\u00e1n fyrir augum allra.<br \/> <\/span> <span class=\"ljodatexti\"> <a name=\"12\"><span class=\"versanumer_ljod\">12<\/span><\/a> Legg eigi um of upp \u00far yndis\u00feokka neins,<br \/>tak \u00fe\u00e9r ekki s\u00e6ti \u00ed kvennah\u00f3pi.<br \/> <\/span> <span class=\"ljodatexti\"> <a name=\"13\"><span class=\"versanumer_ljod\">13<\/span><\/a> \u00dev\u00ed a\u00f0 m\u00f6lflugan kemur \u00far kl\u00e6\u00f0um<br \/>og illska konu fr\u00e1 konunni.<br \/> <\/span> <span class=\"ljodatexti\"> <a name=\"14\"><span class=\"versanumer_ljod\">14<\/span><\/a> Betri er illska karls en g\u00f3\u00f0vild konu, <br \/>\u00f3si\u00f0pr\u00fa\u00f0 kona veldur vans\u00e6md. <\/span> <\/p>\n<h3 class=\"millifyrirsogn_2007\">D\u00fdr\u00f0 Gu\u00f0s \u00ed sk\u00f6punarverkinu<\/h3>\n<p><span class=\"ljodatexti\"> <a name=\"15\"><span class=\"versanumer_ljod\">15<\/span><\/a>N\u00fa vil \u00e9g minnast verka Drottins, <br \/>sk\u00fdra fr\u00e1 \u00fev\u00ed sem \u00e9g hef s\u00e9\u00f0.<br \/>Verk Drottins ur\u00f0u til fyrir or\u00f0 hans. <br \/> <\/span> <span class=\"ljodatexti\"> <a name=\"16\"><span class=\"versanumer_ljod\">16<\/span><\/a> Lj\u00f3mandi s\u00f3lin l\u00edtur yfir allt,<br \/>verk Drottins eru full d\u00fdr\u00f0ar hans.<br \/> <\/span> <span class=\"ljodatexti\"> <a name=\"17\"><span class=\"versanumer_ljod\">17<\/span><\/a> Jafnvel hina heil\u00f6gu Drottins ger\u00f0i hann ekki f\u00e6ra um<br \/>a\u00f0 greina fr\u00e1 \u00f6llum d\u00e1semdum s\u00ednum <br \/>sem alm\u00e1ttugur Drottinn kom svo fyrir<br \/>a\u00f0 d\u00fdr\u00f0 hans s\u00e9 grundv\u00f6llur alls.<br \/> <\/span> <span class=\"ljodatexti\"> <a name=\"18\"><span class=\"versanumer_ljod\">18<\/span><\/a> Drottinn rannsakar hyld\u00fdpi\u00f0 og hjarta manns,<br \/>alla leyndard\u00f3ma \u00feeirra \u00feekkir hann til hl\u00edtar, <br \/>enda b\u00fdr Hinn h\u00e6sti yfir allri \u00feekkingu,<br \/>r\u00e6\u00f0ur \u00fe\u00e6r r\u00fanir sem st\u00fdra heimsr\u00e1s, <br \/> <\/span> <span class=\"ljodatexti\"> <a name=\"19\"><span class=\"versanumer_ljod\">19<\/span><\/a> kunngj\u00f6rir \u00fea\u00f0 sem li\u00f0i\u00f0 er og koma mun<br \/>og lei\u00f0ir \u00ed lj\u00f3s hulin ummerki.<br \/> <\/span> <span class=\"ljodatexti\"> <a name=\"20\"><span class=\"versanumer_ljod\">20<\/span><\/a> Engin hugsun fer fram hj\u00e1 honum,<br \/>ekkert or\u00f0 hylst fyrir honum.<br \/> <\/span> <span class=\"ljodatexti\"> <a name=\"21\"><span class=\"versanumer_ljod\">21<\/span><\/a> Fagurlega bj\u00f3 hann m\u00e1ttarverk speki sinnar,<br \/>hann er einn og hinn sami fr\u00e1 eil\u00edf\u00f0 til eil\u00edf\u00f0ar.<br \/>Engu ver\u00f0ur vi\u00f0 b\u00e6tt og ekkert teki\u00f0 af<br \/>og ekki \u00fearfnast hann heldur neinnar r\u00e1\u00f0gjafar.<br \/> <\/span> <span class=\"ljodatexti\"> <a name=\"22\"><span class=\"versanumer_ljod\">22<\/span><\/a> Hversu yndisr\u00edk eru \u00f6ll verk hans,<br \/>jafnvel sm\u00e6sti neisti gle\u00f0ur auga\u00f0.<br \/> <\/span> <span class=\"ljodatexti\"> <a name=\"23\"><span class=\"versanumer_ljod\">23<\/span><\/a> Allt \u00feetta lifir og varir um aldur,<br \/>hver \u00fe\u00f6rf mun uppfyllt og allt hl\u00fd\u00f0ir Drottni.<br \/> <\/span> <span class=\"ljodatexti\"> <a name=\"24\"><span class=\"versanumer_ljod\">24<\/span><\/a> Allt eru tvenndir, eitt andhverfa annars,<br \/>hann skapa\u00f0i ekkert \u00f3fullkomi\u00f0.<br \/> <\/span> <span class=\"ljodatexti\"> <a name=\"25\"><span class=\"versanumer_ljod\">25<\/span><\/a> Eitt eykur \u00e1 annars gildi,<br \/>hver getur \u00fereyst \u00e1 a\u00f0 sko\u00f0a d\u00fdr\u00f0 Drottins? <\/span> <\/p>\n","protected":false},"excerpt":{"rendered":"<p>1Blyg\u00f0ast \u00fe\u00edn fyrir a\u00f0 bera \u00fat or\u00f0r\u00f3mog a\u00f0 lj\u00f3stra \u00fev\u00ed upp sem leynt \u00e1 a\u00f0 fara.Me\u00f0 \u00feessu s\u00fdnir \u00fe\u00fa r\u00e9tta blyg\u00f0unarsemiog hl\u00fdtur \u00e1sts\u00e6ld af \u00f6llum l\u00fd\u00f0. \u00dea\u00f0 sem ekki er blyg\u00f0unarefni Eigi skalt \u00fe\u00fa blyg\u00f0ast \u00fe\u00edn fyrir eftirfarandiog l\u00e1t eigi undanl\u00e1tssemi lei\u00f0a til syndar: 2 Fyrir l\u00f6gm\u00e1l Hins h\u00e6sta og s\u00e1ttm\u00e1lanne\u00f0a r\u00e9ttarkr\u00f6fur svo a\u00f0 \u00fe\u00fa s\u00fdknir gu\u00f0lausan, 3 fyrir a\u00f0 krefja f\u00e9laga e\u00f0a f\u00f6runaut reikningsskapare\u00f0a deila arfi me\u00f0 \u00f6\u00f0rum. 4 Fyrir n\u00e1kv\u00e6mni um reislu og vog e\u00f0a hagna\u00f0, st\u00f3ran og sm\u00e1an, 5 ekki fyrir gr\u00f3\u00f0a af vi\u00f0skiptume\u00f0a fyrir a\u00f0 beita b\u00f6rn \u00fe\u00edn miklum agaog h\u00fa\u00f0str\u00fdkja illan \u00fer\u00e6l. 6 R\u00e1\u00f0legt er <a href=\"https:\/\/biblian.is\/biblian\/siraksbok-42-kafli\/\"> [&#8230;]<\/a><\/p>\n","protected":false},"author":1,"featured_media":0,"parent":0,"menu_order":0,"comment_status":"open","ping_status":"open","template":"bibliukaflar.php","meta":{"footnotes":""},"class_list":["post-2907","page","type-page","status-publish","hentry"],"_links":{"self":[{"href":"https:\/\/biblian.is\/biblian\/wp-json\/wp\/v2\/pages\/2907","targetHints":{"allow":["GET"]}}],"collection":[{"href":"https:\/\/biblian.is\/biblian\/wp-json\/wp\/v2\/pages"}],"about":[{"href":"https:\/\/biblian.is\/biblian\/wp-json\/wp\/v2\/types\/page"}],"author":[{"embeddable":true,"href":"https:\/\/biblian.is\/biblian\/wp-json\/wp\/v2\/users\/1"}],"replies":[{"embeddable":true,"href":"https:\/\/biblian.is\/biblian\/wp-json\/wp\/v2\/comments?post=2907"}],"version-history":[{"count":0,"href":"https:\/\/biblian.is\/biblian\/wp-json\/wp\/v2\/pages\/2907\/revisions"}],"wp:attachment":[{"href":"https:\/\/biblian.is\/biblian\/wp-json\/wp\/v2\/media?parent=2907"}],"curies":[{"name":"wp","href":"https:\/\/api.w.org\/{rel}","templated":true}]}}