{"id":2906,"date":"2017-12-30T21:05:09","date_gmt":"2017-12-30T21:05:09","guid":{"rendered":"http:\/\/biblian.is\/biblian\/s%c2%92raksb%c2%97k-41-kafli\/"},"modified":"2017-12-30T21:05:10","modified_gmt":"2017-12-30T21:05:10","slug":"siraksbok-41-kafli","status":"publish","type":"page","link":"https:\/\/biblian.is\/biblian\/siraksbok-41-kafli\/","title":{"rendered":"S\u00edraksb\u00f3k 41. kafli"},"content":{"rendered":"<h3 class=\"millifyrirsogn_2007\"> Um dau\u00f0ann<\/h3>\n<p><span class=\"ljodatexti\"> <a name=\"1\"><span class=\"versanumer_ljod\">1<\/span><\/a>Dau\u00f0i, hve \u00feungt er a\u00f0 hugsa til \u00fe\u00edn<br \/>\u00feeim sem n\u00fdtur fri\u00f0ar og eigna sinna,<br \/>er \u00e1hyggjulaus og vegnar \u00ed \u00f6llu vel<br \/>og \u00e1 n\u00e6gan \u00fer\u00f3tt til a\u00f0 nj\u00f3ta l\u00edfsins.<br \/> <\/span> <span class=\"ljodatexti\"> <a name=\"2\"><span class=\"versanumer_ljod\">2<\/span><\/a> Dau\u00f0i, hve k\u00e6rkomi\u00f0 er kall \u00feitt<br \/>\u00feeim sem \u00e1 b\u00e1gt og brestur \u00fer\u00f3tt,<br \/>er \u00f6rvasa og \u00farr\u00e6\u00f0alaus,<br \/>\u00f6rv\u00e6ntir og finnst foki\u00f0 \u00ed flest skj\u00f3l.<br \/> <\/span> <span class=\"ljodatexti\"> <a name=\"3\"><span class=\"versanumer_ljod\">3<\/span><\/a> Hr\u00e6\u00f0stu eigi kall dau\u00f0ans,<br \/>minnstu \u00feeirra er fyrri f\u00f3ru og s\u00ed\u00f0ar koma.<br \/> <\/span> <span class=\"ljodatexti\"> <a name=\"4\"><span class=\"versanumer_ljod\">4<\/span><\/a> Drottinn bj\u00f3 \u00feessi \u00f6rl\u00f6g \u00f6llum m\u00f6nnum,<br \/>hv\u00ed skyldir \u00fe\u00fa r\u00edsa gegn \u00fev\u00ed er Hinum h\u00e6sta \u00fe\u00f3knast?<br \/>\u00cd helju skiptir \u00fea\u00f0 engu<br \/>hvort \u00e1rin voru t\u00edu, hundra\u00f0 e\u00f0a \u00fe\u00fasund. <\/span> <\/p>\n<h3 class=\"millifyrirsogn_2007\">\u00d6rl\u00f6g illra<\/h3>\n<p><span class=\"ljodatexti\"> <a name=\"5\"><span class=\"versanumer_ljod\">5<\/span><\/a>Ni\u00f0jar syndara ver\u00f0a andstyggilegir, <br \/>\u00feeir halda sig \u00ed h\u00fasum gu\u00f0lausra.<br \/> <\/span> <span class=\"ljodatexti\"> <a name=\"6\"><span class=\"versanumer_ljod\">6<\/span><\/a> Arfur gengur b\u00f6rnum syndara \u00far greipum, <br \/>afkv\u00e6mum \u00feeirra er \u00e6t\u00ed\u00f0 b\u00fain sv\u00edvir\u00f0a.<br \/> <\/span> <span class=\"ljodatexti\"> <a name=\"7\"><span class=\"versanumer_ljod\">7<\/span><\/a> B\u00f6rnin form\u00e6la gu\u00f0lausum f\u00f6\u00f0ur<br \/>\u00fev\u00ed a\u00f0 sakir hans munu \u00feau sm\u00e1nu\u00f0.<br \/> <\/span> <span class=\"ljodatexti\"> <a name=\"8\"><span class=\"versanumer_ljod\">8<\/span><\/a> Vei y\u00f0ur, gu\u00f0lausu menn,<br \/>sem sneru\u00f0 baki vi\u00f0 l\u00f6gm\u00e1li Hins \u00e6\u00f0sta.<br \/> <\/span> <span class=\"ljodatexti\"> <a name=\"9\"><span class=\"versanumer_ljod\">9<\/span><\/a> \u00deegar \u00fe\u00e9r f\u00e6\u00f0ist er \u00fea\u00f0 til b\u00f6ls,<br \/>er \u00fe\u00e9r deyi\u00f0 fellur y\u00f0ur b\u00f6lvun \u00ed skaut.<br \/> <\/span> <span class=\"ljodatexti\"> <a name=\"10\"><span class=\"versanumer_ljod\">10<\/span><\/a> Allt sem af j\u00f6r\u00f0u er mun aftur a\u00f0 j\u00f6r\u00f0u ver\u00f0a, <br \/>eins fara gu\u00f0lausir fr\u00e1 b\u00f6lvun til gl\u00f6tunar.<br \/> <\/span> <span class=\"ljodatexti\"> <a name=\"11\"><span class=\"versanumer_ljod\">11<\/span><\/a> Menn harma dau\u00f0a l\u00edkamans<br \/>en illt nafn syndarans mun afm\u00e1\u00f0 ver\u00f0a.<br \/> <\/span> <span class=\"ljodatexti\"> <a name=\"12\"><span class=\"versanumer_ljod\">12<\/span><\/a> L\u00e1t \u00fe\u00e9r annt um nafn \u00feitt \u00fev\u00ed a\u00f0 \u00fea\u00f0 mun lifa \u00feig<br \/>lengur en \u00fe\u00fasundir gersema af gulli. <br \/> <\/span> <span class=\"ljodatexti\"> <a name=\"13\"><span class=\"versanumer_ljod\">13<\/span><\/a> Gott l\u00edf varir tiltekinn t\u00edma<br \/>en g\u00f3\u00f0ur or\u00f0st\u00edr varir a\u00f0 eil\u00edfu. <\/span> <\/p>\n<h3 class=\"millifyrirsogn_2007\">Um blyg\u00f0unarefni, r\u00e9tt og r\u00f6ng<\/h3>\n<p><span class=\"ljodatexti\"> <a name=\"14\"><span class=\"versanumer_ljod\">14<\/span><\/a>Fylgi\u00f0 r\u00e1\u00f0um m\u00ednum og lifi\u00f0 \u00ed fri\u00f0i, b\u00f6rnin m\u00edn,<br \/>hva\u00f0 sto\u00f0a hulin speki e\u00f0a falinn fj\u00e1rsj\u00f3\u00f0ur? <br \/> <\/span> <span class=\"ljodatexti\"> <a name=\"15\"><span class=\"versanumer_ljod\">15<\/span><\/a> Betri er s\u00e1 ma\u00f0ur sem hylur heimsku s\u00edna<br \/>en hinn sem speki s\u00edna dylur.<br \/> <\/span> <span class=\"ljodatexti\"> <a name=\"16\"><span class=\"versanumer_ljod\">16<\/span><\/a> H\u00e9r greini \u00e9g fr\u00e1 blyg\u00f0unarefnum<br \/>en eigi lei\u00f0ir \u00f6ll blyg\u00f0un til g\u00f3\u00f0s<br \/>n\u00e9 ver\u00f0ur h\u00fan \u00e1vallt til \u00e1litsauka hj\u00e1 \u00f6llum.<br \/> <\/span> <span class=\"ljodatexti\"> <a name=\"17\"><span class=\"versanumer_ljod\">17<\/span><\/a> Blyg\u00f0ast \u00fe\u00edn fyrir h\u00f3r gagnvart f\u00f6\u00f0ur og m\u00f3\u00f0ur<br \/>og fyrir lygar frammi fyrir landstj\u00f3ra og valdh\u00f6fum,<br \/> <\/span> <span class=\"ljodatexti\"> <a name=\"18\"><span class=\"versanumer_ljod\">18<\/span><\/a> \u00e1vir\u00f0ingar fyrir d\u00f3mara og h\u00f6f\u00f0ingja<br \/>og l\u00f6gm\u00e1lsbrot fyrir s\u00f6fnu\u00f0i og \u00fej\u00f3\u00f0.<br \/>\u00de\u00fa skalt blyg\u00f0ast \u00fe\u00edn fyrir rangl\u00e6ti gagnvart f\u00e9laga og vini,<br \/> <\/span> <span class=\"ljodatexti\"> <a name=\"19\"><span class=\"versanumer_ljod\">19<\/span><\/a> fyrir \u00fej\u00f3fna\u00f0 andsp\u00e6nis heimabygg\u00f0 \u00feinni,<br \/>fyrir a\u00f0 gleyma Gu\u00f0i og s\u00e1ttm\u00e1lanum <br \/>og a\u00f0 reka \u00fat olnboga \u00feegar \u00fe\u00fa matast,<br \/>fyrir a\u00f0 \u00feiggja og gefa me\u00f0 \u00f3lund<br \/> <\/span> <span class=\"ljodatexti\"> <a name=\"20\"><span class=\"versanumer_ljod\">20<\/span><\/a> og taka ekki undir kve\u00f0ju.<br \/>Blyg\u00f0ast \u00fe\u00edn fyrir a\u00f0 stara \u00e1 h\u00f3ru,<br \/> <\/span> <span class=\"ljodatexti\"> <a name=\"21\"><span class=\"versanumer_ljod\">21<\/span><\/a> sn\u00faa baki vi\u00f0 \u00e6ttingja,<br \/>hafa r\u00e9ttm\u00e6ta eign af einhverjum,<br \/>l\u00edta annars manns konu girndarauga<br \/> <\/span> <span class=\"ljodatexti\"> <a name=\"22\"><span class=\"versanumer_ljod\">22<\/span><\/a> og gera \u00fe\u00e9r of t\u00edtt um \u00feernu hans.<br \/>Komdu ekki n\u00e6rri hv\u00edlu hennar.<br \/>Sm\u00e1n er a\u00f0 lasta vini me\u00f0 or\u00f0um,<br \/>l\u00e1t eigi heldur lastm\u00e6li fylgja gj\u00f6fum. <\/span> <\/p>\n","protected":false},"excerpt":{"rendered":"<p>Um dau\u00f0ann 1Dau\u00f0i, hve \u00feungt er a\u00f0 hugsa til \u00fe\u00edn\u00feeim sem n\u00fdtur fri\u00f0ar og eigna sinna,er \u00e1hyggjulaus og vegnar \u00ed \u00f6llu velog \u00e1 n\u00e6gan \u00fer\u00f3tt til a\u00f0 nj\u00f3ta l\u00edfsins. 2 Dau\u00f0i, hve k\u00e6rkomi\u00f0 er kall \u00feitt\u00feeim sem \u00e1 b\u00e1gt og brestur \u00fer\u00f3tt,er \u00f6rvasa og \u00farr\u00e6\u00f0alaus,\u00f6rv\u00e6ntir og finnst foki\u00f0 \u00ed flest skj\u00f3l. 3 Hr\u00e6\u00f0stu eigi kall dau\u00f0ans,minnstu \u00feeirra er fyrri f\u00f3ru og s\u00ed\u00f0ar koma. 4 Drottinn bj\u00f3 \u00feessi \u00f6rl\u00f6g \u00f6llum m\u00f6nnum,hv\u00ed skyldir \u00fe\u00fa r\u00edsa gegn \u00fev\u00ed er Hinum h\u00e6sta \u00fe\u00f3knast?\u00cd helju skiptir \u00fea\u00f0 enguhvort \u00e1rin voru t\u00edu, hundra\u00f0 e\u00f0a \u00fe\u00fasund. \u00d6rl\u00f6g illra 5Ni\u00f0jar syndara ver\u00f0a andstyggilegir, \u00feeir halda sig \u00ed h\u00fasum <a href=\"https:\/\/biblian.is\/biblian\/siraksbok-41-kafli\/\"> [&#8230;]<\/a><\/p>\n","protected":false},"author":1,"featured_media":0,"parent":0,"menu_order":0,"comment_status":"open","ping_status":"open","template":"bibliukaflar.php","meta":{"footnotes":""},"class_list":["post-2906","page","type-page","status-publish","hentry"],"_links":{"self":[{"href":"https:\/\/biblian.is\/biblian\/wp-json\/wp\/v2\/pages\/2906","targetHints":{"allow":["GET"]}}],"collection":[{"href":"https:\/\/biblian.is\/biblian\/wp-json\/wp\/v2\/pages"}],"about":[{"href":"https:\/\/biblian.is\/biblian\/wp-json\/wp\/v2\/types\/page"}],"author":[{"embeddable":true,"href":"https:\/\/biblian.is\/biblian\/wp-json\/wp\/v2\/users\/1"}],"replies":[{"embeddable":true,"href":"https:\/\/biblian.is\/biblian\/wp-json\/wp\/v2\/comments?post=2906"}],"version-history":[{"count":0,"href":"https:\/\/biblian.is\/biblian\/wp-json\/wp\/v2\/pages\/2906\/revisions"}],"wp:attachment":[{"href":"https:\/\/biblian.is\/biblian\/wp-json\/wp\/v2\/media?parent=2906"}],"curies":[{"name":"wp","href":"https:\/\/api.w.org\/{rel}","templated":true}]}}