{"id":2905,"date":"2017-12-30T21:05:09","date_gmt":"2017-12-30T21:05:09","guid":{"rendered":"http:\/\/biblian.is\/biblian\/s%c2%92raksb%c2%97k-40-kafli\/"},"modified":"2017-12-30T21:05:10","modified_gmt":"2017-12-30T21:05:10","slug":"siraksbok-40-kafli","status":"publish","type":"page","link":"https:\/\/biblian.is\/biblian\/siraksbok-40-kafli\/","title":{"rendered":"S\u00edraksb\u00f3k 40. kafli"},"content":{"rendered":"<h3 class=\"millifyrirsogn_2007\"> \u00d6rl\u00f6g manna<\/h3>\n<p><span class=\"ljodatexti\"> <a name=\"1\"><span class=\"versanumer_ljod\">1<\/span><\/a>Miki\u00f0 erfi\u00f0i hefur Drottinn skapa\u00f0 \u00f6llum m\u00f6nnum,<br \/>lagt \u00feungt ok \u00e1 Adams syni.<br \/>Fr\u00e1 \u00feeim degi er \u00feeir f\u00e6\u00f0ast af m\u00f3\u00f0url\u00edfi<br \/>uns \u00feeir hverfa aftur til m\u00f3\u00f0ur allra<br \/> <\/span> <span class=\"ljodatexti\"> <a name=\"2\"><span class=\"versanumer_ljod\">2<\/span><\/a> eru uggur og kv\u00ed\u00f0i \u00ed hjarta mannanna,<br \/>framt\u00ed\u00f0ar\u00e1hyggjur til \u00e6viloka.<br \/> <\/span> <span class=\"ljodatexti\"> <a name=\"3\"><span class=\"versanumer_ljod\">3<\/span><\/a> Jafnt s\u00e1 sem tr\u00f3nar \u00ed h\u00e1s\u00e6ti<br \/>sem hinn sem situr \u00ed sekk og \u00f6sku,<br \/> <\/span> <span class=\"ljodatexti\"> <a name=\"4\"><span class=\"versanumer_ljod\">4<\/span><\/a> svo og s\u00e1 sem kl\u00e6\u00f0ist purpura og ber k\u00f3r\u00f3nu<br \/>og hinn sem sk\u00fdlir s\u00e9r me\u00f0 striga:<br \/> <\/span> <span class=\"ljodatexti\"> <a name=\"5\"><span class=\"versanumer_ljod\">5<\/span><\/a> Alla hrj\u00e1ir rei\u00f0i, \u00f6fund, \u00e1hyggja og \u00f3r\u00f3i,<br \/>\u00f3tti vi\u00f0 dau\u00f0ann, bitur\u00f0 og deilur.<br \/>Svo \u00feegar lagst er til hv\u00edldar a\u00f0 kv\u00f6ldi<br \/>ruglar svefninn huga \u00feess sem sefur.<br \/> <\/span> <span class=\"ljodatexti\"> <a name=\"6\"><span class=\"versanumer_ljod\">6<\/span><\/a> Vart merkjandi andr\u00e1 n\u00fdtur hann hv\u00edldar,<br \/>svo fylgja \u00e1hyggjur dagsins inn \u00ed svefninn.<br \/>\u00c1m\u00f3ta \u00f3gnir hrella huga hans<br \/>og \u00feess er me\u00f0 naumindum slapp af v\u00edgvelli.<br \/> <\/span> <span class=\"ljodatexti\"> <a name=\"7\"><span class=\"versanumer_ljod\">7<\/span><\/a> S\u00ed\u00f0an vaknar hann \u00feegar best gegnir<br \/>og undrast a\u00f0 ekkert er a\u00f0 \u00f3ttast.<br \/> <\/span> <span class=\"ljodatexti\"> <a name=\"8\"><span class=\"versanumer_ljod\">8<\/span><\/a> \u00c1 allt sem l\u00edfsanda dregur, jafnt menn sem d\u00fdr,<br \/>en sj\u00f6falt fremur syndarana,<br \/> <\/span> <span class=\"ljodatexti\"> <a name=\"9\"><span class=\"versanumer_ljod\">9<\/span><\/a> herja dau\u00f0i og manndr\u00e1p, styrj\u00f6ld og sver\u00f0,<br \/>\u00f3g\u00e6fa, hungur, \u00ferenging og \u00fej\u00e1ning. <br \/> <\/span> <span class=\"ljodatexti\"> <a name=\"10\"><span class=\"versanumer_ljod\">10<\/span><\/a> Vegna syndara var allt \u00feetta skapa\u00f0,<br \/>sakir \u00feeirra var\u00f0 fl\u00f3\u00f0i\u00f0. <br \/> <\/span> <span class=\"ljodatexti\"> <a name=\"11\"><span class=\"versanumer_ljod\">11<\/span><\/a> Allt, sem af j\u00f6r\u00f0u er, hverfur aftur til jar\u00f0ar<br \/>og \u00fea\u00f0 sem er af vatni hverfur aftur til hafsins. <\/span> <\/p>\n<h3 class=\"millifyrirsogn_2007\">Aflei\u00f0ing hins illa<\/h3>\n<p><span class=\"ljodatexti\"> <a name=\"12\"><span class=\"versanumer_ljod\">12<\/span><\/a>\u00d6ll spilling og rangl\u00e6ti mun afm\u00e1\u00f0 ver\u00f0a<br \/>en heilindi halda velli um aldur.<br \/> <\/span> <span class=\"ljodatexti\"> <a name=\"13\"><span class=\"versanumer_ljod\">13<\/span><\/a> Rangfenginn au\u00f0ur l\u00edkist \u00feornu\u00f0um l\u00e6k<br \/>og dynjandi \u00ferumu sem dv\u00ednar \u00ed regni.<br \/> <\/span> <span class=\"ljodatexti\"> <a name=\"14\"><span class=\"versanumer_ljod\">14<\/span><\/a> S\u00e1 sem er \u00f6rl\u00e1tur mun lifa \u00ed f\u00f6gnu\u00f0i<br \/>en \u00feeir er brutu bo\u00f0or\u00f0in munu afm\u00e1\u00f0ir me\u00f0 \u00f6llu.<br \/> <\/span> <span class=\"ljodatexti\"> <a name=\"15\"><span class=\"versanumer_ljod\">15<\/span><\/a> Ni\u00f0jar gu\u00f0lausra bera f\u00e1ar greinar<br \/>og veikar r\u00e6tur \u00feeirra standa \u00e1 klettasn\u00f6s. <br \/> <\/span> <span class=\"ljodatexti\"> <a name=\"16\"><span class=\"versanumer_ljod\">16<\/span><\/a> Sef, er sprettur vi\u00f0 v\u00f6tn og \u00e1rbakka, <br \/>mun rifi\u00f0 upp \u00e1 undan \u00f6llum \u00f6\u00f0rum gr\u00f3\u00f0ri <br \/> <\/span> <span class=\"ljodatexti\"> <a name=\"17\"><span class=\"versanumer_ljod\">17<\/span><\/a> en g\u00f3\u00f0vild er eins og grasgar\u00f0ur \u00ed bl\u00f3ma <br \/>og miskunnarverk varir a\u00f0 eil\u00edfu. <\/span> <\/p>\n<h3 class=\"millifyrirsogn_2007\">Gle\u00f0igjafar manna<\/h3>\n<p><span class=\"ljodatexti\"> <a name=\"18\"><span class=\"versanumer_ljod\">18<\/span><\/a>Lj\u00faft er a\u00f0 sitja a\u00f0 s\u00ednu og hafa vinnu<br \/>en a\u00f0 finna fj\u00e1rsj\u00f3\u00f0 tekur hvoru tveggja fram.<br \/> <\/span> <span class=\"ljodatexti\"> <a name=\"19\"><span class=\"versanumer_ljod\">19<\/span><\/a> Nafn \u00feess lifir sem eignast b\u00f6rn og reisir borg<br \/>en betra hvoru tveggja er dyg\u00f0ug kona. <br \/> <\/span> <span class=\"ljodatexti\"> <a name=\"20\"><span class=\"versanumer_ljod\">20<\/span><\/a> V\u00edn og s\u00f6ngur gle\u00f0ja hjarta\u00f0<br \/>en \u00e1st \u00e1 speki tekur hvoru tveggja fram. <br \/> <\/span> <span class=\"ljodatexti\"> <a name=\"21\"><span class=\"versanumer_ljod\">21<\/span><\/a> Flauta og harpa \u00f3ma \u00fe\u00fd\u00f0lega<br \/>en hl\u00fdlegt or\u00f0 ber af b\u00e1\u00f0um. <br \/> <\/span> <span class=\"ljodatexti\"> <a name=\"22\"><span class=\"versanumer_ljod\">22<\/span><\/a> \u00deokki og fegur\u00f0 hr\u00edfa auga\u00f0<br \/>en n\u00fdgr\u00e6\u00f0ingur ber af b\u00e1\u00f0um.<br \/> <\/span> <span class=\"ljodatexti\"> <a name=\"23\"><span class=\"versanumer_ljod\">23<\/span><\/a> Vinur og f\u00e9lagi hra\u00f0a s\u00e9r til hj\u00e1lpar \u00feegar vi\u00f0 liggur<br \/>en kona vi\u00f0 hli\u00f0 manns s\u00edns er \u00feeim betri.<br \/> <\/span> <span class=\"ljodatexti\"> <a name=\"24\"><span class=\"versanumer_ljod\">24<\/span><\/a> Br\u00e6\u00f0ur og hj\u00e1lpsemi koma a\u00f0 li\u00f0i \u00ed raun<br \/>en eigin g\u00f3\u00f0verk munu fremur hj\u00e1lpa \u00fe\u00e9r. <br \/> <\/span> <span class=\"ljodatexti\"> <a name=\"25\"><span class=\"versanumer_ljod\">25<\/span><\/a> Gull og silfur eru g\u00f3\u00f0ur grundv\u00f6llur<br \/>en d\u00f3mgreind tekur hvoru tveggja fram.<br \/> <\/span> <span class=\"ljodatexti\"> <a name=\"26\"><span class=\"versanumer_ljod\">26<\/span><\/a> Au\u00f0ur og m\u00e1ttur vekja \u00f6ryggiskennd<br \/>en betra er a\u00f0 \u00f3ttast Drottin.<br \/>\u00deann sem \u00f3ttast Drottin mun ekkert bresta,<br \/>eigi \u00fearf hann hj\u00e1lpar a\u00f0 leita.<br \/> <\/span> <span class=\"ljodatexti\"> <a name=\"27\"><span class=\"versanumer_ljod\">27<\/span><\/a> \u00d3tti Drottins er sem grasgar\u00f0ur \u00ed bl\u00f3ma,<br \/>sk\u00fdlir betur en nokkur jar\u00f0nesk vegsemd. <\/span> <\/p>\n<h3 class=\"millifyrirsogn_2007\">Vara\u00f0 vi\u00f0 betli<\/h3>\n<p><span class=\"ljodatexti\"> <a name=\"28\"><span class=\"versanumer_ljod\">28<\/span><\/a> Barni\u00f0 mitt, betla \u00fe\u00fa ekki, <br \/>betra er a\u00f0 deyja en betla. <br \/> <\/span> <span class=\"ljodatexti\"> <a name=\"29\"><span class=\"versanumer_ljod\">29<\/span><\/a> Ma\u00f0ur sem m\u00e6nir \u00e1 annars bor\u00f0 <br \/>lifir eigi l\u00edfi sem svo megi kallast. <br \/>Biti af annars bor\u00f0i flekkar s\u00e1lina, <br \/>hygginn ma\u00f0ur og aga\u00f0ur varast \u00fea\u00f0. <br \/> <\/span> <span class=\"ljodatexti\"> <a name=\"30\"><span class=\"versanumer_ljod\">30<\/span><\/a> Betla\u00f0ur biti er blyg\u00f0unarlausum s\u00e6tur <br \/>en mun brenna sem eldur \u00ed maga hans. <\/span> <\/p>\n","protected":false},"excerpt":{"rendered":"<p>\u00d6rl\u00f6g manna 1Miki\u00f0 erfi\u00f0i hefur Drottinn skapa\u00f0 \u00f6llum m\u00f6nnum,lagt \u00feungt ok \u00e1 Adams syni.Fr\u00e1 \u00feeim degi er \u00feeir f\u00e6\u00f0ast af m\u00f3\u00f0url\u00edfiuns \u00feeir hverfa aftur til m\u00f3\u00f0ur allra 2 eru uggur og kv\u00ed\u00f0i \u00ed hjarta mannanna,framt\u00ed\u00f0ar\u00e1hyggjur til \u00e6viloka. 3 Jafnt s\u00e1 sem tr\u00f3nar \u00ed h\u00e1s\u00e6tisem hinn sem situr \u00ed sekk og \u00f6sku, 4 svo og s\u00e1 sem kl\u00e6\u00f0ist purpura og ber k\u00f3r\u00f3nuog hinn sem sk\u00fdlir s\u00e9r me\u00f0 striga: 5 Alla hrj\u00e1ir rei\u00f0i, \u00f6fund, \u00e1hyggja og \u00f3r\u00f3i,\u00f3tti vi\u00f0 dau\u00f0ann, bitur\u00f0 og deilur.Svo \u00feegar lagst er til hv\u00edldar a\u00f0 kv\u00f6ldiruglar svefninn huga \u00feess sem sefur. 6 Vart merkjandi andr\u00e1 n\u00fdtur hann hv\u00edldar,svo fylgja <a href=\"https:\/\/biblian.is\/biblian\/siraksbok-40-kafli\/\"> [&#8230;]<\/a><\/p>\n","protected":false},"author":1,"featured_media":0,"parent":0,"menu_order":0,"comment_status":"open","ping_status":"open","template":"bibliukaflar.php","meta":{"footnotes":""},"class_list":["post-2905","page","type-page","status-publish","hentry"],"_links":{"self":[{"href":"https:\/\/biblian.is\/biblian\/wp-json\/wp\/v2\/pages\/2905","targetHints":{"allow":["GET"]}}],"collection":[{"href":"https:\/\/biblian.is\/biblian\/wp-json\/wp\/v2\/pages"}],"about":[{"href":"https:\/\/biblian.is\/biblian\/wp-json\/wp\/v2\/types\/page"}],"author":[{"embeddable":true,"href":"https:\/\/biblian.is\/biblian\/wp-json\/wp\/v2\/users\/1"}],"replies":[{"embeddable":true,"href":"https:\/\/biblian.is\/biblian\/wp-json\/wp\/v2\/comments?post=2905"}],"version-history":[{"count":0,"href":"https:\/\/biblian.is\/biblian\/wp-json\/wp\/v2\/pages\/2905\/revisions"}],"wp:attachment":[{"href":"https:\/\/biblian.is\/biblian\/wp-json\/wp\/v2\/media?parent=2905"}],"curies":[{"name":"wp","href":"https:\/\/api.w.org\/{rel}","templated":true}]}}