{"id":2904,"date":"2017-12-30T21:05:09","date_gmt":"2017-12-30T21:05:09","guid":{"rendered":"http:\/\/biblian.is\/biblian\/s%c2%92raksb%c2%97k-39-kafli\/"},"modified":"2018-01-02T00:02:54","modified_gmt":"2018-01-02T00:02:54","slug":"siraksbok-39-kafli","status":"publish","type":"page","link":"https:\/\/biblian.is\/biblian\/siraksbok-39-kafli\/","title":{"rendered":"S\u00edraksb\u00f3k 39. kafli"},"content":{"rendered":"<p><span class=\"ljodatexti\"> <a name=\"1\"><span class=\"versanumer_ljod\">1<\/span><\/a>\u00dev\u00ed er \u00e1 annan veg fari\u00f0 um \u00feann<br \/>er s\u00f6kkvir s\u00e9r ni\u00f0ur \u00ed \u00edhugun l\u00f6gm\u00e1ls Hins h\u00e6sta.<br \/>Hann rannsakar speki hinna fornu manna,<br \/>leggur sig eftir sp\u00e1d\u00f3mum.<br \/> <\/span> <span class=\"ljodatexti\"> <a name=\"2\"><span class=\"versanumer_ljod\">2<\/span><\/a> Hann safnar or\u00f0r\u00e6\u00f0um v\u00ed\u00f0kunnra manna<br \/>og kafar \u00ed d\u00e6mi or\u00f0skvi\u00f0anna.<br \/> <\/span> <span class=\"ljodatexti\"> <a name=\"3\"><span class=\"versanumer_ljod\">3<\/span><\/a> Hann r\u00e6\u00f0ur r\u00fanir spakm\u00e6la <br \/>og leysir g\u00e1tur d\u00e6misagna.<br \/> <\/span> <span class=\"ljodatexti\"> <a name=\"4\"><span class=\"versanumer_ljod\">4<\/span><\/a> H\u00f6f\u00f0ingjar kve\u00f0ja hann til \u00fej\u00f3nustu<br \/>og hann kemur fram fyrir \u00fej\u00f3\u00f0h\u00f6f\u00f0ingja.<br \/>Hann fer\u00f0ast me\u00f0al framandi \u00fej\u00f3\u00f0a<br \/>og reynir menn a\u00f0 g\u00f3\u00f0u og illu.<br \/> <\/span> <span class=\"ljodatexti\"> <a name=\"5\"><span class=\"versanumer_ljod\">5<\/span><\/a> Hann leggur sig fram um a\u00f0 vakna \u00e1rla,<br \/>leita Drottins sem skapa\u00f0i hann<br \/>og \u00e1kalla Hinn h\u00e6sta.<br \/>Hann l\u00fdkur upp munni s\u00ednum \u00ed b\u00e6n<br \/>og bi\u00f0ur um fyrirgefningu synda.<br \/> <\/span> <span class=\"ljodatexti\"> <a name=\"6\"><span class=\"versanumer_ljod\">6<\/span><\/a> S\u00e9 \u00fea\u00f0 vilji hins volduga Drottins<br \/>fyllist hann anda skilnings.<br \/>Hann mun l\u00e1ta spekior\u00f0 s\u00edn streyma fram<br \/>og lofsyngja Drottni \u00ed b\u00e6num s\u00ednum.<br \/> <\/span> <span class=\"ljodatexti\"> <a name=\"7\"><span class=\"versanumer_ljod\">7<\/span><\/a> Hann fellir r\u00e1\u00f0 s\u00edn og skilning \u00ed farveg<br \/>og \u00edgrundar leynda d\u00f3ma Drottins.<br \/> <\/span> <span class=\"ljodatexti\"> <a name=\"8\"><span class=\"versanumer_ljod\">8<\/span><\/a> Hann l\u00e6tur \u00fea\u00f0 \u00ed lj\u00f3s sem hann hefur l\u00e6rt<br \/>og fagnar yfir l\u00f6gum og s\u00e1ttm\u00e1la Drottins.<br \/> <\/span> <span class=\"ljodatexti\"> <a name=\"9\"><span class=\"versanumer_ljod\">9<\/span><\/a> Margir hr\u00f3sa hyggindum hans,<br \/>nafn hans mun eigi afm\u00e1\u00f0 um aldur.<br \/>Or\u00f0st\u00edr hans deyr aldrei,<br \/>nafn hans mun lifa fr\u00e1 kyni til kyns. <br \/> <\/span> <span class=\"ljodatexti\"> <a name=\"10\"><span class=\"versanumer_ljod\">10<\/span><\/a> Hj\u00e1 framandi \u00fej\u00f3\u00f0um fer or\u00f0 af speki hans<br \/>og s\u00f6fnu\u00f0urinn mun kunngj\u00f6ra or\u00f0st\u00edr hans.<br \/> <\/span> <span class=\"ljodatexti\"> <a name=\"11\"><span class=\"versanumer_ljod\">11<\/span><\/a> Lifi hann lengi mun hann m\u00e6r\u00f0ur meir en \u00fe\u00fasundir<br \/>en deyi hann er or\u00f0st\u00edr hans \u00e6rinn. <\/span> <\/p>\n<h3 class=\"millifyrirsogn_2007\">Lofgj\u00f6r\u00f0 til Gu\u00f0s<\/h3>\n<p><span class=\"ljodatexti\"> <a name=\"12\"><span class=\"versanumer_ljod\">12<\/span><\/a>Enn hef \u00e9g fleiru fr\u00e1 a\u00f0 greina,<br \/>er \u00ferunginn \u00feekkingu eins og tungl \u00ed fyllingu. <br \/> <\/span> <span class=\"ljodatexti\"> <a name=\"13\"><span class=\"versanumer_ljod\">13<\/span><\/a> Hl\u00fd\u00f0i\u00f0 \u00e1 mig, gu\u00f0hr\u00e6dd b\u00f6rn m\u00edn, og vaxi\u00f0<br \/>eins og r\u00f3sarunnar vi\u00f0 l\u00e6k.<br \/> <\/span> <span class=\"ljodatexti\"> <a name=\"14\"><span class=\"versanumer_ljod\">14<\/span><\/a> \u00de\u00e9r munu\u00f0 anga sem reykelsi\u00f0,<br \/>bl\u00f3mstra liljum l\u00edkust.<br \/>Hefji\u00f0 raust y\u00f0ar og syngi\u00f0 lofs\u00f6ng,<br \/>lofi\u00f0 Drottin fyrir \u00f6ll hans verk.<br \/> <\/span> <span class=\"ljodatexti\"> <a name=\"15\"><span class=\"versanumer_ljod\">15<\/span><\/a> Mikli\u00f0 nafn hans st\u00f3rum,<br \/>\u00feakki\u00f0 og lofsyngi\u00f0 honum<br \/>b\u00e6\u00f0i me\u00f0 s\u00f6ngvum og h\u00f6rpuleik,<br \/>flytji\u00f0 lofgj\u00f6r\u00f0 \u00feessum or\u00f0um:<br \/> <\/span> <span class=\"ljodatexti\"> <a name=\"16\"><span class=\"versanumer_ljod\">16<\/span><\/a> \u201eAllt er gott sem ger\u00f0i Drottinn, <br \/>allt sem hann b\u00fd\u00f0ur ver\u00f0ur \u00e1 r\u00e9ttum t\u00edma.\u201c<br \/> <\/span> <span class=\"ljodatexti\"> <a name=\"17\"><span class=\"versanumer_ljod\">17<\/span><\/a> Eigi skal segja: \u201eHva\u00f0 er \u00feetta, til hvers er \u00fea\u00f0?\u201c<br \/>Svari\u00f0 f\u00e6st \u00feegar Drottinn metur hentast.<br \/>Me\u00f0 or\u00f0i l\u00e9t hann vatni\u00f0 safnast efra,<br \/>eftir or\u00f0i hans var\u00f0 \u00fea\u00f0 a\u00f0 for\u00f0ab\u00fari. <br \/> <\/span> <span class=\"ljodatexti\"> <a name=\"18\"><span class=\"versanumer_ljod\">18<\/span><\/a> A\u00f0 bo\u00f0i hans ver\u00f0ur allt sem hann \u00f3skar,<br \/>enginn f\u00e6r r\u00fdrt \u00fe\u00e1 hj\u00e1lp sem hann veitir.<br \/> <\/span> <span class=\"ljodatexti\"> <a name=\"19\"><span class=\"versanumer_ljod\">19<\/span><\/a> Verk allra manna eru honum auglj\u00f3s,<br \/>ekkert f\u00e6r dulist augum hans. <br \/> <\/span> <span class=\"ljodatexti\"> <a name=\"20\"><span class=\"versanumer_ljod\">20<\/span><\/a> Hann hefur auga \u00e1 \u00f6llu fr\u00e1 eil\u00edf\u00f0 til eil\u00edf\u00f0ar,<br \/>ekkert er honum undrunarefni.<br \/> <\/span> <span class=\"ljodatexti\"> <a name=\"21\"><span class=\"versanumer_ljod\">21<\/span><\/a> Eigi skal segja: \u201eHva\u00f0 er \u00feetta, til hvers er \u00fea\u00f0?\u201c<br \/>S\u00e9rhva\u00f0 var skapa\u00f0 \u00ed \u00e1kve\u00f0num tilgangi.<br \/> <\/span> <span class=\"ljodatexti\"> <a name=\"22\"><span class=\"versanumer_ljod\">22<\/span><\/a> Blessun Drottins streymir yfir sem flj\u00f3t<br \/>sem v\u00f6kvar \u00feurrlendi\u00f0 \u00feegar \u00fea\u00f0 fl\u00e6\u00f0ir.<br \/> <\/span> <span class=\"ljodatexti\"> <a name=\"23\"><span class=\"versanumer_ljod\">23<\/span><\/a> \u00deannig mun rei\u00f0i hans koma yfir hei\u00f0ingja<br \/>eins og \u00feegar hann ger\u00f0i vatnsau\u00f0ugt land a\u00f0 saltsl\u00e9ttu. <br \/> <\/span> <span class=\"ljodatexti\"> <a name=\"24\"><span class=\"versanumer_ljod\">24<\/span><\/a> Vegir Drottins eru gu\u00f0r\u00e6knum grei\u00f0ir<br \/>en \u00f3f\u00e6rir illum m\u00f6nnum.<br \/> <\/span> <span class=\"ljodatexti\"> <a name=\"25\"><span class=\"versanumer_ljod\">25<\/span><\/a> \u00cd upphafi skapa\u00f0i hann gott fyrir g\u00f3\u00f0a<br \/>en syndurum einnig hi\u00f0 illa. <br \/> <\/span> <span class=\"ljodatexti\"> <a name=\"26\"><span class=\"versanumer_ljod\">26<\/span><\/a> Frum\u00fe\u00f6rf allra manna til vi\u00f0urv\u00e6ris<br \/>er vatn og eldur, j\u00e1rn og salt,<br \/>hveitimj\u00f6l, mj\u00f3lk og hunang,<br \/>v\u00edn\u00fer\u00fagudreyri, \u00f3l\u00edfuol\u00eda og kl\u00e6\u00f0i. <br \/> <\/span> <span class=\"ljodatexti\"> <a name=\"27\"><span class=\"versanumer_ljod\">27<\/span><\/a> Allt er \u00feetta gu\u00f0hr\u00e6ddum til g\u00f3\u00f0s<br \/>en sn\u00fdst illum til \u00f3farna\u00f0ar.<br \/> <\/span> <span class=\"ljodatexti\"> <a name=\"28\"><span class=\"versanumer_ljod\">28<\/span><\/a> Til eru andar skapa\u00f0ir til a\u00f0 hegna,<br \/>\u00feeir lj\u00f3sta s\u00e1rt \u00ed ofsa s\u00ednum.<br \/>\u00deeir \u00fathella heift \u00e1 skuldadegi<br \/>uns skaparanum er runnin rei\u00f0in.<br \/> <\/span> <span class=\"ljodatexti\"> <a name=\"29\"><span class=\"versanumer_ljod\">29<\/span><\/a> Eldur og hagl, hungur og dreps\u00f3tt,<br \/>allt \u00feetta var skapa\u00f0 til a\u00f0 hegna,<br \/> <\/span> <span class=\"ljodatexti\"> <a name=\"30\"><span class=\"versanumer_ljod\">30<\/span><\/a> einnig gin \u00f3argad\u00fdra, spor\u00f0drekar og sl\u00f6ngur<br \/>og hegningarsver\u00f0 sem ey\u00f0a gu\u00f0lausum. <br \/> <\/span> <span class=\"ljodatexti\"> <a name=\"31\"><span class=\"versanumer_ljod\">31<\/span><\/a> \u00deeir fagna er \u00feeir f\u00e1 skipun hans<br \/>og b\u00faa sig til \u00fej\u00f3nustu \u00e1 j\u00f6r\u00f0u<br \/>og er stundin kemur breyta \u00feeir \u00ed engu gegn or\u00f0i hans.<br \/> <\/span> <span class=\"ljodatexti\"> <a name=\"32\"><span class=\"versanumer_ljod\">32<\/span><\/a> Allt fr\u00e1 upphafi styrktist sannf\u00e6ring m\u00edn,<br \/>\u00e9g grunda\u00f0i \u00feetta og skr\u00e1\u00f0i \u00fea\u00f0 s\u00ed\u00f0an:<br \/> <\/span> <span class=\"ljodatexti\"> <a name=\"33\"><span class=\"versanumer_ljod\">33<\/span><\/a> \u201e\u00d6ll verk Drottins eru g\u00f3\u00f0,<br \/>hann b\u00e6tir \u00far allri \u00fe\u00f6rf \u00e1 hentugum t\u00edma.\u201c <\/span> <span class=\"ljodatexti\"> <a name=\"34\"><span class=\"versanumer_ljod\">34<\/span><\/a> Enginn skal segja: \u201e\u00deetta er hinu s\u00ed\u00f0ra.\u201c<br \/>Allt mun reynast gott \u00e1 s\u00ednum t\u00edma.<br \/> <\/span> <span class=\"ljodatexti\"> <a name=\"35\"><span class=\"versanumer_ljod\">35<\/span><\/a> Syngi\u00f0 \u00fev\u00ed lofs\u00f6ng af \u00f6llu hjarta<br \/>og lofi\u00f0 nafn Drottins. <\/span> <\/p>\n","protected":false},"excerpt":{"rendered":"<p>1\u00dev\u00ed er \u00e1 annan veg fari\u00f0 um \u00feanner s\u00f6kkvir s\u00e9r ni\u00f0ur \u00ed \u00edhugun l\u00f6gm\u00e1ls Hins h\u00e6sta.Hann rannsakar speki hinna fornu manna,leggur sig eftir sp\u00e1d\u00f3mum. 2 Hann safnar or\u00f0r\u00e6\u00f0um v\u00ed\u00f0kunnra mannaog kafar \u00ed d\u00e6mi or\u00f0skvi\u00f0anna. 3 Hann r\u00e6\u00f0ur r\u00fanir spakm\u00e6la og leysir g\u00e1tur d\u00e6misagna. 4 H\u00f6f\u00f0ingjar kve\u00f0ja hann til \u00fej\u00f3nustuog hann kemur fram fyrir \u00fej\u00f3\u00f0h\u00f6f\u00f0ingja.Hann fer\u00f0ast me\u00f0al framandi \u00fej\u00f3\u00f0aog reynir menn a\u00f0 g\u00f3\u00f0u og illu. 5 Hann leggur sig fram um a\u00f0 vakna \u00e1rla,leita Drottins sem skapa\u00f0i hannog \u00e1kalla Hinn h\u00e6sta.Hann l\u00fdkur upp munni s\u00ednum \u00ed b\u00e6nog bi\u00f0ur um fyrirgefningu synda. 6 S\u00e9 \u00fea\u00f0 vilji hins volduga Drottinsfyllist hann anda skilnings.Hann <a href=\"https:\/\/biblian.is\/biblian\/siraksbok-39-kafli\/\"> [&#8230;]<\/a><\/p>\n","protected":false},"author":1,"featured_media":0,"parent":0,"menu_order":0,"comment_status":"open","ping_status":"open","template":"bibliukaflar.php","meta":{"footnotes":""},"class_list":["post-2904","page","type-page","status-publish","hentry"],"_links":{"self":[{"href":"https:\/\/biblian.is\/biblian\/wp-json\/wp\/v2\/pages\/2904","targetHints":{"allow":["GET"]}}],"collection":[{"href":"https:\/\/biblian.is\/biblian\/wp-json\/wp\/v2\/pages"}],"about":[{"href":"https:\/\/biblian.is\/biblian\/wp-json\/wp\/v2\/types\/page"}],"author":[{"embeddable":true,"href":"https:\/\/biblian.is\/biblian\/wp-json\/wp\/v2\/users\/1"}],"replies":[{"embeddable":true,"href":"https:\/\/biblian.is\/biblian\/wp-json\/wp\/v2\/comments?post=2904"}],"version-history":[{"count":0,"href":"https:\/\/biblian.is\/biblian\/wp-json\/wp\/v2\/pages\/2904\/revisions"}],"wp:attachment":[{"href":"https:\/\/biblian.is\/biblian\/wp-json\/wp\/v2\/media?parent=2904"}],"curies":[{"name":"wp","href":"https:\/\/api.w.org\/{rel}","templated":true}]}}