{"id":2903,"date":"2017-12-30T21:05:09","date_gmt":"2017-12-30T21:05:09","guid":{"rendered":"http:\/\/biblian.is\/biblian\/s%c2%92raksb%c2%97k-38-kafli\/"},"modified":"2018-01-20T03:01:12","modified_gmt":"2018-01-20T03:01:12","slug":"siraksbok-38-kafli","status":"publish","type":"page","link":"https:\/\/biblian.is\/biblian\/siraksbok-38-kafli\/","title":{"rendered":"S\u00edraksb\u00f3k 38. kafli"},"content":{"rendered":"<h3 class=\"millifyrirsogn_2007\"> Um veikindi, l\u00e6knisd\u00f3m og lyf<\/h3>\n<p><span class=\"ljodatexti\"> <a name=\"1\"><span class=\"versanumer_ljod\">1<\/span><\/a>Hei\u00f0ra l\u00e6kninn fyrir \u00fej\u00f3nustu hans, <br \/>Drottinn skapa\u00f0i hann einnig.<br \/> <\/span> <span class=\"ljodatexti\"> <a name=\"2\"><span class=\"versanumer_ljod\">2<\/span><\/a> Fr\u00e1 Hinum h\u00e6sta kemur honum l\u00e6kningag\u00e1fa,<br \/>hann \u00feiggur gjafir af konungum.<br \/> <\/span> <span class=\"ljodatexti\"> <a name=\"3\"><span class=\"versanumer_ljod\">3<\/span><\/a> Mennt l\u00e6knis gerir hann virtan,<br \/>hann n\u00fdtur a\u00f0d\u00e1unar valdhafa.<br \/> <\/span> <span class=\"ljodatexti\"> <a name=\"4\"><span class=\"versanumer_ljod\">4<\/span><\/a> Drottinn l\u00e9t j\u00f6r\u00f0ina gefa af s\u00e9r lyf<br \/>og hygginn ma\u00f0ur forsm\u00e1ir \u00feau ekki.<br \/> <\/span> <span class=\"ljodatexti\"> <a name=\"5\"><span class=\"versanumer_ljod\">5<\/span><\/a> Ger\u00f0i ei vi\u00f0urinn vatni\u00f0 s\u00e6tt<br \/>svo a\u00f0 m\u00e1ttur Drottins yr\u00f0i kunnur? <br \/> <\/span> <span class=\"ljodatexti\"> <a name=\"6\"><span class=\"versanumer_ljod\">6<\/span><\/a> Drottinn veitti m\u00f6nnum \u00feekkingu<br \/>svo a\u00f0 hann yr\u00f0i d\u00e1sama\u00f0ur af undraverkum s\u00ednum.<br \/> <\/span> <span class=\"ljodatexti\"> <a name=\"7\"><span class=\"versanumer_ljod\">7<\/span><\/a> Me\u00f0 \u00feeim hefur hann l\u00e6kna\u00f0 og lina\u00f0 kv\u00f6l,<br \/> <\/span> <span class=\"ljodatexti\"> <a name=\"8\"><span class=\"versanumer_ljod\">8<\/span><\/a> lyfsalinn n\u00fdtir \u00feau til a\u00f0 blanda lyfin.<br \/>Drottinn l\u00e6tur aldrei af verki s\u00ednu,<br \/>fr\u00e1 honum berst heilsa um gj\u00f6rvalla j\u00f6r\u00f0.<br \/> <\/span> <span class=\"ljodatexti\"> <a name=\"9\"><span class=\"versanumer_ljod\">9<\/span><\/a> Barni\u00f0 mitt, taktu eigi l\u00e9tt \u00e1 veikindum<br \/>en bi\u00f0 til Drottins og hann mun l\u00e6kna \u00feig. <br \/> <\/span> <span class=\"ljodatexti\"> <a name=\"10\"><span class=\"versanumer_ljod\">10<\/span><\/a> Haltu \u00feig fr\u00e1 r\u00f6ngu og breyt um lifna\u00f0<br \/>og hreinsa hjarta\u00f0 af hverri synd.<br \/> <\/span> <span class=\"ljodatexti\"> <a name=\"11\"><span class=\"versanumer_ljod\">11<\/span><\/a> F\u00e6r\u00f0u reykelsis- og minningarf\u00f3rn af mj\u00f6li,<br \/>smyr f\u00f3rnina ol\u00edu eins og efni \u00fe\u00edn leyfa.<br \/> <\/span> <span class=\"ljodatexti\"> <a name=\"12\"><span class=\"versanumer_ljod\">12<\/span><\/a> En leita\u00f0u l\u00edka l\u00e6knis, Drottinn skapa\u00f0i hann einnig,<br \/>l\u00e1t hann eigi vanta \u00fev\u00ed a\u00f0 \u00fe\u00fa \u00fearfnast hans.<br \/> <\/span> <span class=\"ljodatexti\"> <a name=\"13\"><span class=\"versanumer_ljod\">13<\/span><\/a> Einatt er \u00fea\u00f0 \u00e1 hans valdi a\u00f0 hj\u00e1lpa<br \/> <\/span> <span class=\"ljodatexti\"> <a name=\"14\"><span class=\"versanumer_ljod\">14<\/span><\/a> enda bi\u00f0ja l\u00e6knar Drottin sj\u00e1lfir um hj\u00e1lp<br \/>a\u00f0 \u00feeim au\u00f0nist a\u00f0 veita sj\u00fakum fr\u00f3<br \/>og l\u00e6kning er veitir l\u00edfgj\u00f6f.<br \/> <\/span> <span class=\"ljodatexti\"> <a name=\"15\"><span class=\"versanumer_ljod\">15<\/span><\/a> S\u00e1 sem syndgar gegn skapara s\u00ednum<br \/>hl\u00fdtur a\u00f0 lenda \u00ed h\u00f6ndum l\u00e6knis. <\/span> <\/p>\n<h3 class=\"millifyrirsogn_2007\">Um a\u00f0 syrgja l\u00e1tna<\/h3>\n<p><span class=\"ljodatexti\"> <a name=\"16\"><span class=\"versanumer_ljod\">16<\/span><\/a>Barni\u00f0 mitt, gr\u00e1t genginn mann,<br \/>hef upp harmakvein vegna mikils missis.<br \/>B\u00fa \u00fe\u00fa um l\u00edk hans eins og vera ber<br \/>og vertu ekki hir\u00f0ulaus um gr\u00f6f hans.<br \/> <\/span> <span class=\"ljodatexti\"> <a name=\"17\"><span class=\"versanumer_ljod\">17<\/span><\/a> Gr\u00e1t beisklega og kveina h\u00e1tt,<br \/>haltu sorgarh\u00e1t\u00ed\u00f0 sem honum h\u00e6fir,<br \/>einn dag e\u00f0a tvo svo a\u00f0 \u00fe\u00fa s\u00e9rt s\u00ed\u00f0ur r\u00e6g\u00f0ur,<br \/>en l\u00e1t s\u00ed\u00f0an huggast af harmi.<br \/> <\/span> <span class=\"ljodatexti\"> <a name=\"18\"><span class=\"versanumer_ljod\">18<\/span><\/a> Harmur getur leitt til dau\u00f0a,<br \/>sorgin lamar l\u00edfs\u00fer\u00f3tt. <br \/> <\/span> <span class=\"ljodatexti\"> <a name=\"19\"><span class=\"versanumer_ljod\">19<\/span><\/a> \u00cd h\u00f6rmungum r\u00edkir sorgin<br \/>og l\u00edf \u00ed f\u00e1t\u00e6kt er hjartanu b\u00f6l.<br \/> <\/span> <span class=\"ljodatexti\"> <a name=\"20\"><span class=\"versanumer_ljod\">20<\/span><\/a> Gef hjarta \u00feitt eigi sorg \u00e1 vald,<br \/>hrind henni fr\u00e1 \u00fe\u00e9r og minnstu dau\u00f0a \u00fe\u00edns.<br \/> <\/span> <span class=\"ljodatexti\"> <a name=\"21\"><span class=\"versanumer_ljod\">21<\/span><\/a> Gleym eigi \u00feessu: \u00dea\u00f0 ver\u00f0ur ekki aftur sn\u00fai\u00f0,<br \/>hinum l\u00e1tna hj\u00e1lpar \u00fe\u00fa eigi en vinnur sj\u00e1lfum \u00fe\u00e9r mein.<br \/> <\/span> <span class=\"ljodatexti\"> <a name=\"22\"><span class=\"versanumer_ljod\">22<\/span><\/a> Minnstu \u00f6rlaga hans \u00fev\u00ed a\u00f0 eins ver\u00f0a \u00fe\u00edn,<br \/>\u00e9g \u00ed g\u00e6r, \u00fe\u00fa \u00ed dag.<br \/> <\/span> <span class=\"ljodatexti\"> <a name=\"23\"><span class=\"versanumer_ljod\">23<\/span><\/a> Er l\u00e1tinn hv\u00edlist<br \/>skal og minning hans hv\u00edla,<br \/>l\u00e1t huggast \u00feegar hann er skilinn vi\u00f0. <\/span> <\/p>\n<h3 class=\"millifyrirsogn_2007\">Fr\u00e6\u00f0imennska og \u00f6nnur i\u00f0ja<\/h3>\n<p><span class=\"ljodatexti\"> <a name=\"24\"><span class=\"versanumer_ljod\">24<\/span><\/a> Speki fr\u00e6\u00f0imannsins krefst r\u00edkulegra n\u00e6\u00f0isstunda,<br \/>s\u00e1 vex a\u00f0 v\u00edsd\u00f3mi sem f\u00e1 verk binda.<br \/> <\/span> <span class=\"ljodatexti\"> <a name=\"25\"><span class=\"versanumer_ljod\">25<\/span><\/a> Hvernig f\u00e6r s\u00e1 vaxi\u00f0 a\u00f0 visku sem st\u00fdrir pl\u00f3gi<br \/>og st\u00e6rir sig af broddstafnum,<br \/>rekur uxa og leggur sig allan fram<br \/>og \u00e1 s\u00e9r ekkert umr\u00e6\u00f0uefni anna\u00f0 en k\u00e1lfa?<br \/> <\/span> <span class=\"ljodatexti\"> <a name=\"26\"><span class=\"versanumer_ljod\">26<\/span><\/a> Hann gefur sig allan a\u00f0 pl\u00e6gingu,<br \/>hugur hans sn\u00fdst allur um eldi \u00e1 kv\u00edgum.<br \/> <\/span> <span class=\"ljodatexti\"> <a name=\"27\"><span class=\"versanumer_ljod\">27<\/span><\/a> Svo er og um byggingameistarann og smi\u00f0inn,<br \/>sem leggja n\u00f3tt vi\u00f0 dag,<br \/>og \u00fe\u00e1 sem grafa \u00e1 innsiglishringa<br \/>og eru eljusamir vi\u00f0 ger\u00f0 sundurleitra mynstra.<br \/>\u00deeir leggja sig fram um a\u00f0 n\u00e1 sem n\u00e1kv\u00e6mastri mynd,<br \/>hugurinn sn\u00fdst um a\u00f0 lj\u00faka verki.<br \/> <\/span> <span class=\"ljodatexti\"> <a name=\"28\"><span class=\"versanumer_ljod\">28<\/span><\/a> Eins er um smi\u00f0inn vi\u00f0 ste\u00f0jann<br \/>sem fylgist grannt me\u00f0 j\u00e1rnsm\u00ed\u00f0inni.<br \/> Heitur reykur t\u00e6rir hold hans,<br \/>hann berst vi\u00f0 hita aflsins.<br \/>Hamarsh\u00f6gg deyfa <span class=\"nedan_mal\" title=\" \u00d6nnur hugsanleg \u00fe\u00fd\u00f0ing: endur\u00f3ma \u00ed eyrum hans.\">[<\/span> eyru hans,<br \/>augun einbl\u00edna \u00e1 fyrirmyndina.<br \/>Hugur hans beinist allur a\u00f0 \u00fev\u00ed a\u00f0 lj\u00faka verki,<br \/>stendur allur til \u00feess a\u00f0 reka smi\u00f0sh\u00f6ggi\u00f0.<br \/> <\/span> <span class=\"ljodatexti\"> <a name=\"29\"><span class=\"versanumer_ljod\">29<\/span><\/a> Eins er um leirkerasmi\u00f0inn er situr a\u00f0 verki<br \/>og sn\u00fdr hj\u00f3linu me\u00f0 f\u00f3tum s\u00ednum.<br \/>Hann hefur s\u00edfelldar \u00e1hyggjur af i\u00f0ju sinni<br \/>og hve m\u00f6rgum munum hann skili af hendi.<br \/> <\/span> <span class=\"ljodatexti\"> <a name=\"30\"><span class=\"versanumer_ljod\">30<\/span><\/a> Me\u00f0 h\u00f6ndunum m\u00f3tar hann leirinn<br \/>og hno\u00f0ar hann mj\u00fakan undir f\u00f3tum.<br \/>Hann kappkostar a\u00f0 fullkomna glerunginn<br \/>og er langt fram \u00e1 n\u00f3tt a\u00f0 hreinsa ofninn.<br \/> <\/span> <span class=\"ljodatexti\"> <a name=\"31\"><span class=\"versanumer_ljod\">31<\/span><\/a> Allir treysta \u00feeir h\u00f6ndum s\u00ednum<br \/>og s\u00e9rhver \u00feeirra er snjall \u00ed verki.<br \/> <\/span> <span class=\"ljodatexti\"> <a name=\"32\"><span class=\"versanumer_ljod\">32<\/span><\/a> \u00c1n \u00feeirra yr\u00f0i engin borg bygg\u00f0<br \/>og \u00fear mundi hvorki neinn b\u00faa n\u00e9 \u00feanga\u00f0 koma.<br \/>En \u00feeir eru ekki kvaddir til r\u00e1\u00f0gjafar \u00fej\u00f3\u00f0inni<br \/> <\/span> <span class=\"ljodatexti\"> <a name=\"33\"><span class=\"versanumer_ljod\">33<\/span><\/a> n\u00e9 ber \u00fe\u00e1 h\u00e1tt \u00e1 \u00fej\u00f3\u00f0arsamkundu.<br \/>\u00deeir setjast aldrei \u00ed d\u00f3maras\u00e6ti<br \/>enda l\u00edtt heima \u00ed r\u00e9ttarskipan.<br \/>\u00deeir kenna hvorki n\u00e9 d\u00e6ma<br \/>og eru ekki handgengnir or\u00f0skvi\u00f0um.<br \/> <\/span> <span class=\"ljodatexti\"> <a name=\"34\"><span class=\"versanumer_ljod\">34<\/span><\/a> En \u00feeir tryggja skipan hins skapa\u00f0a heims<br \/>og b\u00e6n \u00feeirra er a\u00f0 vera vel verki farnir. <\/span> <\/p>\n","protected":false},"excerpt":{"rendered":"<p>Um veikindi, l\u00e6knisd\u00f3m og lyf 1Hei\u00f0ra l\u00e6kninn fyrir \u00fej\u00f3nustu hans, Drottinn skapa\u00f0i hann einnig. 2 Fr\u00e1 Hinum h\u00e6sta kemur honum l\u00e6kningag\u00e1fa,hann \u00feiggur gjafir af konungum. 3 Mennt l\u00e6knis gerir hann virtan,hann n\u00fdtur a\u00f0d\u00e1unar valdhafa. 4 Drottinn l\u00e9t j\u00f6r\u00f0ina gefa af s\u00e9r lyfog hygginn ma\u00f0ur forsm\u00e1ir \u00feau ekki. 5 Ger\u00f0i ei vi\u00f0urinn vatni\u00f0 s\u00e6ttsvo a\u00f0 m\u00e1ttur Drottins yr\u00f0i kunnur? 6 Drottinn veitti m\u00f6nnum \u00feekkingusvo a\u00f0 hann yr\u00f0i d\u00e1sama\u00f0ur af undraverkum s\u00ednum. 7 Me\u00f0 \u00feeim hefur hann l\u00e6kna\u00f0 og lina\u00f0 kv\u00f6l, 8 lyfsalinn n\u00fdtir \u00feau til a\u00f0 blanda lyfin.Drottinn l\u00e6tur aldrei af verki s\u00ednu,fr\u00e1 honum berst heilsa um gj\u00f6rvalla j\u00f6r\u00f0. 9 Barni\u00f0 <a href=\"https:\/\/biblian.is\/biblian\/siraksbok-38-kafli\/\"> [&#8230;]<\/a><\/p>\n","protected":false},"author":1,"featured_media":0,"parent":0,"menu_order":0,"comment_status":"open","ping_status":"open","template":"bibliukaflar.php","meta":{"footnotes":""},"class_list":["post-2903","page","type-page","status-publish","hentry"],"_links":{"self":[{"href":"https:\/\/biblian.is\/biblian\/wp-json\/wp\/v2\/pages\/2903","targetHints":{"allow":["GET"]}}],"collection":[{"href":"https:\/\/biblian.is\/biblian\/wp-json\/wp\/v2\/pages"}],"about":[{"href":"https:\/\/biblian.is\/biblian\/wp-json\/wp\/v2\/types\/page"}],"author":[{"embeddable":true,"href":"https:\/\/biblian.is\/biblian\/wp-json\/wp\/v2\/users\/1"}],"replies":[{"embeddable":true,"href":"https:\/\/biblian.is\/biblian\/wp-json\/wp\/v2\/comments?post=2903"}],"version-history":[{"count":0,"href":"https:\/\/biblian.is\/biblian\/wp-json\/wp\/v2\/pages\/2903\/revisions"}],"wp:attachment":[{"href":"https:\/\/biblian.is\/biblian\/wp-json\/wp\/v2\/media?parent=2903"}],"curies":[{"name":"wp","href":"https:\/\/api.w.org\/{rel}","templated":true}]}}