{"id":2902,"date":"2017-12-30T21:05:09","date_gmt":"2017-12-30T21:05:09","guid":{"rendered":"http:\/\/biblian.is\/biblian\/s%c2%92raksb%c2%97k-37-kafli\/"},"modified":"2018-01-20T02:59:29","modified_gmt":"2018-01-20T02:59:29","slug":"siraksbok-37-kafli","status":"publish","type":"page","link":"https:\/\/biblian.is\/biblian\/siraksbok-37-kafli\/","title":{"rendered":"S\u00edraksb\u00f3k 37. kafli"},"content":{"rendered":"<h3 class=\"millifyrirsogn_2007\"> Um falska vini<\/h3>\n<p><span class=\"ljodatexti\"> <a name=\"1\"><span class=\"versanumer_ljod\">1<\/span><\/a>S\u00e9rhver vinur segir: \u201eEinnig \u00e9g er vinur.\u201c<br \/>Til eru vinir a\u00f0 nafninu einu. <br \/> <\/span> <span class=\"ljodatexti\"> <a name=\"2\"><span class=\"versanumer_ljod\">2<\/span><\/a> Er \u00fea\u00f0 ekki harmur heljars\u00e1r<br \/>ef f\u00e9lagi og vinur ver\u00f0ur a\u00f0 fjandmanni?<br \/> <\/span> <span class=\"ljodatexti\"> <a name=\"3\"><span class=\"versanumer_ljod\">3<\/span><\/a> \u00d3, illu hneig\u00f0ir, hva\u00f0an streymdu\u00f0 \u00fei\u00f0 a\u00f0<br \/>og fylltu\u00f0 j\u00f6r\u00f0ina fl\u00e6r\u00f0um?<br \/> <\/span> <span class=\"ljodatexti\"> <a name=\"4\"><span class=\"versanumer_ljod\">4<\/span><\/a> F\u00e9lagi kann a\u00f0 deila velgengni vinar<br \/>en sn\u00fdst \u00ed gegn honum er a\u00f0 sverfur.<br \/> <\/span> <span class=\"ljodatexti\"> <a name=\"5\"><span class=\"versanumer_ljod\">5<\/span><\/a> Annar f\u00e9lagi erfi\u00f0ar me\u00f0 vini af matar\u00e1st<br \/>en breg\u00f0ur samt skildi \u00ed bardaga.<br \/> <\/span> <span class=\"ljodatexti\"> <a name=\"6\"><span class=\"versanumer_ljod\">6<\/span><\/a> L\u00e1t aldrei vin \u00far minni \u00fe\u00e9r l\u00ed\u00f0a<br \/>og minnstu hans \u00feegar \u00fe\u00fa au\u00f0gast. <\/span> <\/p>\n<h3 class=\"millifyrirsogn_2007\">Minnt \u00e1 a\u00f0g\u00e1t vi\u00f0 a\u00f0 hl\u00edta r\u00e1\u00f0um annarra<\/h3>\n<p><span class=\"ljodatexti\"> <a name=\"7\"><span class=\"versanumer_ljod\">7<\/span><\/a>Allir r\u00e1\u00f0gjafar lofa r\u00e1\u00f0snilld s\u00edna<br \/>en sumir r\u00e1\u00f0leggja sj\u00e1lfum s\u00e9r \u00ed hag.<br \/> <\/span> <span class=\"ljodatexti\"> <a name=\"8\"><span class=\"versanumer_ljod\">8<\/span><\/a> Vara \u00feig \u00e1 r\u00e1\u00f0gjafanum,<br \/>vittu fyrst hva\u00f0 hann vill.<br \/>Hann mun r\u00e1\u00f0leggja \u00fe\u00e9r \u00fea\u00f0 sem honum kemur best,<br \/>l\u00e1t hann eigi varpa hlut um hag \u00feinn<br \/> <\/span> <span class=\"ljodatexti\"> <a name=\"9\"><span class=\"versanumer_ljod\">9<\/span><\/a> og segja: \u201e\u00de\u00fa ert \u00e1 r\u00e9ttri lei\u00f0,\u201c<br \/>en horfa \u00e1lengdar \u00e1 hvernig \u00fe\u00e9r farnast.<br \/> <\/span> <span class=\"ljodatexti\"> <a name=\"10\"><span class=\"versanumer_ljod\">10<\/span><\/a> R\u00e1\u00f0f\u00e6r \u00feig eigi vi\u00f0 \u00feann sem hefur horn \u00ed s\u00ed\u00f0u \u00feinni,<br \/>hyl \u00e1form \u00fe\u00edn fyrir \u00f6fundarmanni.<br \/> <\/span> <span class=\"ljodatexti\"> <a name=\"11\"><span class=\"versanumer_ljod\">11<\/span><\/a> R\u00e1\u00f0gast eigi vi\u00f0 konu um elju hennar<br \/>n\u00e9 vi\u00f0 hugdeigan um herna\u00f0<br \/>e\u00f0a s\u00f6lumann um kaup,<br \/>kaupanda um s\u00f6lu<br \/>og eigi nirfil um \u00feakkarskuld<br \/> e\u00f0a har\u00f0brj\u00f3sta um g\u00f3\u00f0vild<br \/>n\u00e9 letingja um nokkurt verk<br \/>e\u00f0a \u00edhlaupamann um verkalok,<br \/>latan \u00fej\u00f3n um mikil verk,<br \/>reiddu \u00feig ekki \u00e1 r\u00e1\u00f0 \u00feeirra.<br \/> <\/span> <span class=\"ljodatexti\"> <a name=\"12\"><span class=\"versanumer_ljod\">12<\/span><\/a> Nei, hald \u00feig a\u00f0 \u00feeim sem gu\u00f0hr\u00e6ddur er, <br \/>sem \u00fe\u00fa veist a\u00f0 heldur bo\u00f0or\u00f0in,<br \/>er sama sinnis og \u00fe\u00fa<br \/>og hefur sam\u00fa\u00f0 me\u00f0 \u00fe\u00e9r ef \u00fe\u00e9r vegnar illa.<br \/> <\/span> <span class=\"ljodatexti\"> <a name=\"13\"><span class=\"versanumer_ljod\">13<\/span><\/a> Treystu einnig \u00e1 eigin d\u00f3mgreind,<br \/>engan \u00e1ttu a\u00f0 sem \u00fe\u00fa m\u00e1tt fremur treysta.<br \/> <\/span> <span class=\"ljodatexti\"> <a name=\"14\"><span class=\"versanumer_ljod\">14<\/span><\/a> Inns\u00e6i manns gefur oft betri r\u00e1\u00f0<br \/>en sj\u00f6 var\u00f0menn \u00ed h\u00e1um turni.<br \/> <\/span> <span class=\"ljodatexti\"> <a name=\"15\"><span class=\"versanumer_ljod\">15<\/span><\/a> En \u00e1kalla umfram allt Hinn h\u00e6sta <br \/>svo a\u00f0 hann megi grei\u00f0a \u00fe\u00e9r braut sannleikans. <\/span> <\/p>\n<h3 class=\"millifyrirsogn_2007\">Speki og traust<\/h3>\n<p><span class=\"ljodatexti\"> <a name=\"16\"><span class=\"versanumer_ljod\">16<\/span><\/a>Or\u00f0 eru til alls fyrst<br \/>og \u00e1form undanfari allra verka.<br \/> <\/span> <span class=\"ljodatexti\"> <a name=\"17\"><span class=\"versanumer_ljod\">17<\/span><\/a> Hugurinn er upphaf allrar breytni<br \/> <\/span> <span class=\"ljodatexti\"> <a name=\"18\"><span class=\"versanumer_ljod\">18<\/span><\/a> og fernt er fr\u00e1 honum runni\u00f0:<br \/>gott og illt, l\u00edf og dau\u00f0i,<br \/>en \u00e1vallt hefur tungan \u00fea\u00f0 allt \u00e1 s\u00ednu valdi. <br \/> <\/span> <span class=\"ljodatexti\"> <a name=\"19\"><span class=\"versanumer_ljod\">19<\/span><\/a> Einn er skarpskyggn og fr\u00e6\u00f0ir fj\u00f6ld,<br \/>reynist \u00fe\u00f3 sj\u00e1lfum s\u00e9r gagnslaus.<br \/> <\/span> <span class=\"ljodatexti\"> <a name=\"20\"><span class=\"versanumer_ljod\">20<\/span><\/a> Annar er vel m\u00e1li farinn en vekur \u00f3vild,<br \/>hann mun fara \u00e1 mis vi\u00f0 \u00f6ll l\u00edfsins g\u00e6\u00f0i<br \/> <\/span> <span class=\"ljodatexti\"> <a name=\"21\"><span class=\"versanumer_ljod\">21<\/span><\/a> enda hlaut hann eigi \u00feokka a\u00f0 gj\u00f6f fr\u00e1 Drottni<br \/>og er firrtur allri speki.<br \/> <\/span> <span class=\"ljodatexti\"> <a name=\"22\"><span class=\"versanumer_ljod\">22<\/span><\/a> Til er spekingur sem hyggindin koma \u00ed eigin hag<br \/>og n\u00fdtur a\u00f0eins sj\u00e1lfur g\u00f3\u00f0s af \u00feeim.<br \/> <\/span> <span class=\"ljodatexti\"> <a name=\"23\"><span class=\"versanumer_ljod\">23<\/span><\/a> Vitur ma\u00f0ur uppfr\u00e6\u00f0ir \u00fej\u00f3\u00f0 s\u00edna,<br \/>\u00e1v\u00f6xtum hygginda hans er a\u00f0 treysta.<br \/> <\/span> <span class=\"ljodatexti\"> <a name=\"24\"><span class=\"versanumer_ljod\">24<\/span><\/a> Vitur ma\u00f0ur mun r\u00edkulega blessun hlj\u00f3ta,<br \/>allir sem l\u00edta hann l\u00fdsa hann s\u00e6lan.<br \/> <\/span> <span class=\"ljodatexti\"> <a name=\"25\"><span class=\"versanumer_ljod\">25<\/span><\/a> \u00c6vidagar mannsins eru afmarka\u00f0ir<br \/>en dagar \u00cdsraels \u00f3teljandi.<br \/> <\/span> <span class=\"ljodatexti\"> <a name=\"26\"><span class=\"versanumer_ljod\">26<\/span><\/a> Vitur ma\u00f0ur hl\u00fdtur hei\u00f0ur hj\u00e1 \u00fej\u00f3\u00f0 sinni,<br \/>or\u00f0st\u00edr hans varir a\u00f0 eil\u00edfu. <\/span> <\/p>\n<h3 class=\"millifyrirsogn_2007\">Vara\u00f0 vi\u00f0 \u00f3h\u00f3fi<\/h3>\n<p><span class=\"ljodatexti\"> <a name=\"27\"><span class=\"versanumer_ljod\">27<\/span><\/a> Barni\u00f0 mitt, reyndu \u00feig me\u00f0an \u00e6vin endist, <br \/>g\u00e6t a\u00f0 hva\u00f0 ska\u00f0ar \u00feig og for\u00f0ast \u00fea\u00f0. <br \/> <\/span> <span class=\"ljodatexti\"> <a name=\"28\"><span class=\"versanumer_ljod\">28<\/span><\/a> Enda er ekki allt \u00f6llum hollt <br \/>og sitt hentar hverjum. <br \/> <\/span> <span class=\"ljodatexti\"> <a name=\"29\"><span class=\"versanumer_ljod\">29<\/span><\/a> Varastu \u00f3h\u00f3f \u00ed \u00f6llum nautnum,<br \/>neyt eigi neins \u00far h\u00f3fi. <br \/> <\/span> <span class=\"ljodatexti\"> <a name=\"30\"><span class=\"versanumer_ljod\">30<\/span><\/a> Of\u00e1ti\u00f0 veldur vanheilsu, <br \/>\u00f3h\u00f3f \u00ed mat i\u00f0rakveisu. <br \/> <\/span> <span class=\"ljodatexti\"> <a name=\"31\"><span class=\"versanumer_ljod\">31<\/span><\/a> \u00d3h\u00f3f var\u00f0 m\u00f6rgum a\u00f0 aldurtila <br \/>en h\u00f3fsemdarma\u00f0ur lengir l\u00edfi\u00f0. <\/span> <\/p>\n","protected":false},"excerpt":{"rendered":"<p>Um falska vini 1S\u00e9rhver vinur segir: \u201eEinnig \u00e9g er vinur.\u201cTil eru vinir a\u00f0 nafninu einu. 2 Er \u00fea\u00f0 ekki harmur heljars\u00e1ref f\u00e9lagi og vinur ver\u00f0ur a\u00f0 fjandmanni? 3 \u00d3, illu hneig\u00f0ir, hva\u00f0an streymdu\u00f0 \u00fei\u00f0 a\u00f0og fylltu\u00f0 j\u00f6r\u00f0ina fl\u00e6r\u00f0um? 4 F\u00e9lagi kann a\u00f0 deila velgengni vinaren sn\u00fdst \u00ed gegn honum er a\u00f0 sverfur. 5 Annar f\u00e9lagi erfi\u00f0ar me\u00f0 vini af matar\u00e1sten breg\u00f0ur samt skildi \u00ed bardaga. 6 L\u00e1t aldrei vin \u00far minni \u00fe\u00e9r l\u00ed\u00f0aog minnstu hans \u00feegar \u00fe\u00fa au\u00f0gast. Minnt \u00e1 a\u00f0g\u00e1t vi\u00f0 a\u00f0 hl\u00edta r\u00e1\u00f0um annarra 7Allir r\u00e1\u00f0gjafar lofa r\u00e1\u00f0snilld s\u00ednaen sumir r\u00e1\u00f0leggja sj\u00e1lfum s\u00e9r \u00ed hag. 8 Vara \u00feig <a href=\"https:\/\/biblian.is\/biblian\/siraksbok-37-kafli\/\"> [&#8230;]<\/a><\/p>\n","protected":false},"author":1,"featured_media":0,"parent":0,"menu_order":0,"comment_status":"open","ping_status":"open","template":"bibliukaflar.php","meta":{"footnotes":""},"class_list":["post-2902","page","type-page","status-publish","hentry"],"_links":{"self":[{"href":"https:\/\/biblian.is\/biblian\/wp-json\/wp\/v2\/pages\/2902","targetHints":{"allow":["GET"]}}],"collection":[{"href":"https:\/\/biblian.is\/biblian\/wp-json\/wp\/v2\/pages"}],"about":[{"href":"https:\/\/biblian.is\/biblian\/wp-json\/wp\/v2\/types\/page"}],"author":[{"embeddable":true,"href":"https:\/\/biblian.is\/biblian\/wp-json\/wp\/v2\/users\/1"}],"replies":[{"embeddable":true,"href":"https:\/\/biblian.is\/biblian\/wp-json\/wp\/v2\/comments?post=2902"}],"version-history":[{"count":0,"href":"https:\/\/biblian.is\/biblian\/wp-json\/wp\/v2\/pages\/2902\/revisions"}],"wp:attachment":[{"href":"https:\/\/biblian.is\/biblian\/wp-json\/wp\/v2\/media?parent=2902"}],"curies":[{"name":"wp","href":"https:\/\/api.w.org\/{rel}","templated":true}]}}