{"id":2901,"date":"2017-12-30T21:05:09","date_gmt":"2017-12-30T21:05:09","guid":{"rendered":"http:\/\/biblian.is\/biblian\/s%c2%92raksb%c2%97k-36-kafli\/"},"modified":"2017-12-30T21:05:09","modified_gmt":"2017-12-30T21:05:09","slug":"siraksbok-36-kafli","status":"publish","type":"page","link":"https:\/\/biblian.is\/biblian\/siraksbok-36-kafli\/","title":{"rendered":"S\u00edraksb\u00f3k 36. kafli"},"content":{"rendered":"<h3 class=\"millifyrirsogn_2007\"> B\u00e6n fyrir \u00cdsrael<\/h3>\n<p><span class=\"ljodatexti\"> <a name=\"1\"><span class=\"versanumer_ljod\">1<\/span><\/a>Miskunna oss, Drottinn Gu\u00f0 allsherjar, <br \/> <\/span> <span class=\"ljodatexti\"> <a name=\"2\"><span class=\"versanumer_ljod\">2<\/span><\/a>l\u00e1t allar \u00fej\u00f3\u00f0ir \u00f3ttast \u00feig.<br \/> <\/span> <span class=\"ljodatexti\"> <a name=\"3\"><span class=\"versanumer_ljod\">3<\/span><\/a> Rei\u00f0 upp h\u00f6nd \u00fe\u00edna gegn framandi \u00fej\u00f3\u00f0um<br \/>svo a\u00f0 \u00fe\u00e6r sj\u00e1i \u00e6gim\u00e1tt \u00feinn.<br \/> <\/span> <span class=\"ljodatexti\"> <a name=\"4\"><span class=\"versanumer_ljod\">4<\/span><\/a> \u00de\u00fa hefur s\u00fdnt \u00feeim heilagleika \u00feinn<br \/>me\u00f0 \u00fev\u00ed sem \u00fe\u00fa ger\u00f0ir vi\u00f0 oss. <br \/>S\u00fdn oss n\u00fa m\u00e1tt \u00feinn \u00e1 \u00feeim.<br \/> <\/span> <span class=\"ljodatexti\"> <a name=\"5\"><span class=\"versanumer_ljod\">5<\/span><\/a> L\u00e1t \u00fe\u00e1 komast a\u00f0 raun um \u00fea\u00f0 sem v\u00e9r \u00feekkjum,<br \/>a\u00f0 enginn er Gu\u00f0 nema \u00fe\u00fa, Drottinn. <br \/> <\/span> <span class=\"ljodatexti\"> <a name=\"6\"><span class=\"versanumer_ljod\">6<\/span><\/a> Gj\u00f6r n\u00fd t\u00e1kn og \u00f6nnur st\u00f3rmerki,<br \/> <\/span> <span class=\"ljodatexti\"> <a name=\"7\"><span class=\"versanumer_ljod\">7<\/span><\/a> gj\u00f6r h\u00f6nd \u00fe\u00edna og h\u00e6gri arm vegsamlegan.<br \/> <\/span> <span class=\"ljodatexti\"> <a name=\"8\"><span class=\"versanumer_ljod\">8<\/span><\/a> Vek rei\u00f0ina og \u00fathell heiftinni,<br \/> <\/span> <span class=\"ljodatexti\"> <a name=\"9\"><span class=\"versanumer_ljod\">9<\/span><\/a> afm\u00e1 andst\u00e6\u00f0inginn og ey\u00f0 \u00f3vininum.<br \/> <\/span> <span class=\"ljodatexti\"> <a name=\"10\"><span class=\"versanumer_ljod\">10<\/span><\/a> Fl\u00fdt komu dagsins og minnstu \u00feess sem \u00fe\u00fa \u00e1kva\u00f0st,<br \/>l\u00e1t kunngj\u00f6ra m\u00e1ttarverk \u00fe\u00edn.<br \/> <\/span> <span class=\"ljodatexti\"> <a name=\"11\"><span class=\"versanumer_ljod\">11<\/span><\/a> Megi \u00feeir sem fl\u00fdja ey\u00f0ast \u00e1 heiftarb\u00e1li<br \/>og \u00feeir farast sem \u00fej\u00f3\u00f0 \u00fe\u00edna k\u00fagu\u00f0u.<br \/> <\/span> <span class=\"ljodatexti\"> <a name=\"12\"><span class=\"versanumer_ljod\">12<\/span><\/a> Mola h\u00f6fu\u00f0 lei\u00f0toga \u00f3vinanna,<br \/>\u00feeirra sem segja: \u201eEnginn m\u00e1 s\u00edn neins nema v\u00e9r.\u201c<br \/> <\/span> <span class=\"ljodatexti\"> <a name=\"13\"><span class=\"versanumer_ljod\">13<\/span><\/a> Safna \u00fe\u00fa \u00f6llum \u00e6ttkv\u00edslum Jakobs<br \/>og veit \u00feeim aftur \u00feann arfshlut sem \u00fe\u00e6r \u00e1ttu til forna. <br \/> <\/span> <span class=\"ljodatexti\"> <a name=\"14\"><span class=\"versanumer_ljod\">14<\/span><\/a> Miskunna, Drottinn, l\u00fd\u00f0num sem ber nafn \u00feitt,<br \/>\u00cdsrael, er \u00fe\u00fa l\u00edktir vi\u00f0 frumgetinn son. <br \/> <\/span> <span class=\"ljodatexti\"> <a name=\"15\"><span class=\"versanumer_ljod\">15<\/span><\/a> S\u00fdn borg helgid\u00f3ms \u00fe\u00edns miskunn,<br \/>Jer\u00fasalem, \u00fear sem \u00fe\u00fa \u00e1tt b\u00fasta\u00f0. <br \/> <\/span> <span class=\"ljodatexti\"> <a name=\"16\"><span class=\"versanumer_ljod\">16<\/span><\/a> L\u00e1t S\u00edon \u00f3ma af lofgj\u00f6r\u00f0 um d\u00e1\u00f0ir \u00fe\u00ednar<br \/>og helgid\u00f3m <span class=\"nedan_mal\" title=\" Annar lesh\u00e1ttur: l\u00fd\u00f0 \u00feinn.\">[<\/span> \u00feinn fyllast af d\u00fdr\u00f0.<br \/> <\/span> <span class=\"ljodatexti\"> <a name=\"17\"><span class=\"versanumer_ljod\">17<\/span><\/a> Vitna \u00feeim \u00ed vil sem \u00fe\u00fa skapa\u00f0ir \u00ed upphafi, <br \/>uppfyll \u00fe\u00e1 sp\u00e1d\u00f3ma er fluttir voru \u00ed \u00fe\u00ednu nafni.<br \/> <\/span> <span class=\"ljodatexti\"> <a name=\"18\"><span class=\"versanumer_ljod\">18<\/span><\/a> Launa \u00feeim sem b\u00ed\u00f0a \u00fe\u00edn<br \/>og l\u00e1t sp\u00e1menn \u00fe\u00edna reynast sannor\u00f0a.<br \/>Hl\u00fd\u00f0, Drottinn, \u00e1 b\u00e6n \u00fej\u00f3na \u00feinna<br \/> <\/span> <span class=\"ljodatexti\"> <a name=\"19\"><span class=\"versanumer_ljod\">19<\/span><\/a> samkv\u00e6mt n\u00e1\u00f0 \u00feinni vi\u00f0 l\u00fd\u00f0 \u00feinn. <span class=\"nedan_mal\" title=\" Annar lesh\u00e1ttur: samkv\u00e6mt blessun Arons yfir l\u00fd\u00f0 \u00feinn.\">[<\/span> <br \/>Allir \u00e1 j\u00f6r\u00f0u munu \u00fe\u00e1 komast a\u00f0 raun um<br \/>a\u00f0 \u00fe\u00fa ert Drottinn, eil\u00edfur Gu\u00f0. <\/span> <\/p>\n<h3 class=\"millifyrirsogn_2007\">Um a\u00f0 velja s\u00e9r konu<\/h3>\n<p><span class=\"ljodatexti\"> <a name=\"20\"><span class=\"versanumer_ljod\">20<\/span><\/a>Alla f\u00e6\u00f0u meltir maginn <br \/>en ein f\u00e6\u00f0a tekur \u00fe\u00f3 annarri fram. <br \/> <\/span> <span class=\"ljodatexti\"> <a name=\"21\"><span class=\"versanumer_ljod\">21<\/span><\/a> G\u00f3mur er n\u00e6mur \u00e1 brag\u00f0 br\u00e1\u00f0ar <br \/>eins og hygginn ma\u00f0ur \u00e1 lygi. <br \/> <\/span> <span class=\"ljodatexti\"> <a name=\"22\"><span class=\"versanumer_ljod\">22<\/span><\/a> Svikult hjarta veldur harmi<br \/>en reyndur ma\u00f0ur getur launa\u00f0 fyrir sig.<br \/> <\/span> <span class=\"ljodatexti\"> <a name=\"23\"><span class=\"versanumer_ljod\">23<\/span><\/a> Konan tekur hva\u00f0a manni sem er<br \/>en ein d\u00f3ttir ber \u00fe\u00f3 af annarri.<br \/> <\/span> <span class=\"ljodatexti\"> <a name=\"24\"><span class=\"versanumer_ljod\">24<\/span><\/a> Fegur\u00f0 eiginkonu h\u00fdrgar manninn,<br \/>ekkert girnist hann fremur.<br \/> <\/span> <span class=\"ljodatexti\"> <a name=\"25\"><span class=\"versanumer_ljod\">25<\/span><\/a> S\u00e9 h\u00fan mild og h\u00f3gl\u00e1t \u00ed or\u00f0um<br \/>er ma\u00f0ur hennar s\u00e6lli hverjum dau\u00f0legum.<br \/> <\/span> <span class=\"ljodatexti\"> <a name=\"26\"><span class=\"versanumer_ljod\">26<\/span><\/a> S\u00e1 sem eignast konu \u00e1 eign sem tekur \u00f6\u00f0ru fram,<br \/>hj\u00e1lp vi\u00f0 sitt h\u00e6fi og sto\u00f0 vi\u00f0 a\u00f0 sty\u00f0jast. <br \/> <\/span> <span class=\"ljodatexti\"> <a name=\"27\"><span class=\"versanumer_ljod\">27<\/span><\/a> \u00dear sem ekki er gir\u00f0ing ver\u00f0ur gar\u00f0urinn r\u00e6ndur,<br \/>\u00fear sem engin er konan eigrar ma\u00f0urinn um og stynur.<br \/> <\/span> <span class=\"ljodatexti\"> <a name=\"28\"><span class=\"versanumer_ljod\">28<\/span><\/a> Hver treystir liprum \u00fej\u00f3fi<br \/>sem flakkar borg \u00far borg?<br \/>Ekki er \u00feeim fremur treyst sem \u00e1 hvergi heima<br \/>og l\u00e6tur \u00fear n\u00f3tt sem nemur. <\/span> <\/p>\n","protected":false},"excerpt":{"rendered":"<p>B\u00e6n fyrir \u00cdsrael 1Miskunna oss, Drottinn Gu\u00f0 allsherjar, 2l\u00e1t allar \u00fej\u00f3\u00f0ir \u00f3ttast \u00feig. 3 Rei\u00f0 upp h\u00f6nd \u00fe\u00edna gegn framandi \u00fej\u00f3\u00f0umsvo a\u00f0 \u00fe\u00e6r sj\u00e1i \u00e6gim\u00e1tt \u00feinn. 4 \u00de\u00fa hefur s\u00fdnt \u00feeim heilagleika \u00feinnme\u00f0 \u00fev\u00ed sem \u00fe\u00fa ger\u00f0ir vi\u00f0 oss. S\u00fdn oss n\u00fa m\u00e1tt \u00feinn \u00e1 \u00feeim. 5 L\u00e1t \u00fe\u00e1 komast a\u00f0 raun um \u00fea\u00f0 sem v\u00e9r \u00feekkjum,a\u00f0 enginn er Gu\u00f0 nema \u00fe\u00fa, Drottinn. 6 Gj\u00f6r n\u00fd t\u00e1kn og \u00f6nnur st\u00f3rmerki, 7 gj\u00f6r h\u00f6nd \u00fe\u00edna og h\u00e6gri arm vegsamlegan. 8 Vek rei\u00f0ina og \u00fathell heiftinni, 9 afm\u00e1 andst\u00e6\u00f0inginn og ey\u00f0 \u00f3vininum. 10 Fl\u00fdt komu dagsins og minnstu \u00feess sem \u00fe\u00fa \u00e1kva\u00f0st,l\u00e1t <a href=\"https:\/\/biblian.is\/biblian\/siraksbok-36-kafli\/\"> [&#8230;]<\/a><\/p>\n","protected":false},"author":1,"featured_media":0,"parent":0,"menu_order":0,"comment_status":"open","ping_status":"open","template":"bibliukaflar.php","meta":{"footnotes":""},"class_list":["post-2901","page","type-page","status-publish","hentry"],"_links":{"self":[{"href":"https:\/\/biblian.is\/biblian\/wp-json\/wp\/v2\/pages\/2901","targetHints":{"allow":["GET"]}}],"collection":[{"href":"https:\/\/biblian.is\/biblian\/wp-json\/wp\/v2\/pages"}],"about":[{"href":"https:\/\/biblian.is\/biblian\/wp-json\/wp\/v2\/types\/page"}],"author":[{"embeddable":true,"href":"https:\/\/biblian.is\/biblian\/wp-json\/wp\/v2\/users\/1"}],"replies":[{"embeddable":true,"href":"https:\/\/biblian.is\/biblian\/wp-json\/wp\/v2\/comments?post=2901"}],"version-history":[{"count":0,"href":"https:\/\/biblian.is\/biblian\/wp-json\/wp\/v2\/pages\/2901\/revisions"}],"wp:attachment":[{"href":"https:\/\/biblian.is\/biblian\/wp-json\/wp\/v2\/media?parent=2901"}],"curies":[{"name":"wp","href":"https:\/\/api.w.org\/{rel}","templated":true}]}}