{"id":2900,"date":"2017-12-30T21:05:09","date_gmt":"2017-12-30T21:05:09","guid":{"rendered":"http:\/\/biblian.is\/biblian\/s%c2%92raksb%c2%97k-35-kafli\/"},"modified":"2018-01-01T23:59:51","modified_gmt":"2018-01-01T23:59:51","slug":"siraksbok-35-kafli","status":"publish","type":"page","link":"https:\/\/biblian.is\/biblian\/siraksbok-35-kafli\/","title":{"rendered":"S\u00edraksb\u00f3k 35. kafli"},"content":{"rendered":"<p><span class=\"ljodatexti\"> <a name=\"1\"><span class=\"versanumer_ljod\">1<\/span><\/a>S\u00e1 er l\u00f6gm\u00e1li\u00f0 heldur f\u00e6rir r\u00edkulega f\u00f3rn,<br \/> <\/span> <span class=\"ljodatexti\"> <a name=\"2\"><span class=\"versanumer_ljod\">2<\/span><\/a>s\u00e1 f\u00e6rir fri\u00f0arf\u00f3rn sem hl\u00fd\u00f0ir bo\u00f0or\u00f0unum. <br \/> <\/span> <span class=\"ljodatexti\"> <a name=\"3\"><span class=\"versanumer_ljod\">3<\/span><\/a> A\u00f0 gjalda gott me\u00f0 g\u00f3\u00f0u er eins og a\u00f0 f\u00e6ra matf\u00f3rn,<br \/> <\/span> <span class=\"ljodatexti\"> <a name=\"4\"><span class=\"versanumer_ljod\">4<\/span><\/a> s\u00e1 sem gerir g\u00f3\u00f0verk f\u00e6rir \u00feakkarf\u00f3rn.<br \/> <\/span> <span class=\"ljodatexti\"> <a name=\"5\"><span class=\"versanumer_ljod\">5<\/span><\/a> Vel\u00fe\u00f3knun Drottins hl\u00fdtur s\u00e1 er heldur sig fr\u00e1 illu,<br \/>a\u00f0 for\u00f0ast rangl\u00e6ti er sem fri\u00f0\u00fe\u00e6ging.<br \/> <\/span> <span class=\"ljodatexti\"> <a name=\"6\"><span class=\"versanumer_ljod\">6<\/span><\/a> Kom ei t\u00f3mhentur fram fyrir Drottin,<br \/> <\/span> <span class=\"ljodatexti\"> <a name=\"7\"><span class=\"versanumer_ljod\">7<\/span><\/a> a\u00f0 gera allt \u00feetta er a\u00f0 hl\u00fd\u00f0a bo\u00f0or\u00f0um. <br \/> <\/span> <span class=\"ljodatexti\"> <a name=\"8\"><span class=\"versanumer_ljod\">8<\/span><\/a> F\u00f3rn r\u00e9ttl\u00e1ts manns au\u00f0gar altari\u00f0,<br \/>ilmur hennar berst Hinum h\u00e6sta.<br \/> <\/span> <span class=\"ljodatexti\"> <a name=\"9\"><span class=\"versanumer_ljod\">9<\/span><\/a> F\u00f3rn r\u00e9ttl\u00e1ts manns er Drottni \u00feekk,<br \/>minning hennar mun ekki fyrnast.<br \/> <\/span> <span class=\"ljodatexti\"> <a name=\"10\"><span class=\"versanumer_ljod\">10<\/span><\/a> Ver \u00f6rl\u00e1tur er \u00fe\u00fa vegsamar Drottin,<br \/>sker ei frumgr\u00f3\u00f0af\u00f3rn \u00fe\u00edna vi\u00f0 n\u00f6gl.<br \/> <\/span> <span class=\"ljodatexti\"> <a name=\"11\"><span class=\"versanumer_ljod\">11<\/span><\/a> F\u00e6r allar gjafir h\u00fdr \u00ed brag\u00f0i<br \/>og gjald t\u00edund \u00fe\u00edna gla\u00f0ur \u00ed sinni.<br \/> <\/span> <span class=\"ljodatexti\"> <a name=\"12\"><span class=\"versanumer_ljod\">12<\/span><\/a> Gef Hinum h\u00e6sta eins og hann gaf \u00fe\u00e9r,<br \/>\u00f6rl\u00e1tlega og eftir efnum \u00fe\u00ednum. <br \/> <\/span> <span class=\"ljodatexti\"> <a name=\"13\"><span class=\"versanumer_ljod\">13<\/span><\/a> \u00dev\u00ed a\u00f0 hann er Drottinn sem endurgeldur<br \/>og umbunar \u00fe\u00e9r sj\u00f6falt. <\/span> <\/p>\n<h3 class=\"millifyrirsogn_2007\">Um r\u00e9ttl\u00e6ti Gu\u00f0s<\/h3>\n<p><span class=\"ljodatexti\"> <a name=\"14\"><span class=\"versanumer_ljod\">14<\/span><\/a>F\u00e6r Drottni eigi m\u00fatur, hann \u00feiggur \u00fe\u00e6r ekki, <br \/> <\/span> <span class=\"ljodatexti\"> <a name=\"15\"><span class=\"versanumer_ljod\">15<\/span><\/a> rei\u00f0 \u00feig eigi \u00e1 f\u00f3rnargj\u00f6f af ranglega fengnu.<br \/>Drottinn er s\u00e1 sem d\u00e6mir,<br \/>engin hlutdr\u00e6gni ver\u00f0ur hj\u00e1 honum fundin. <br \/> <\/span> <span class=\"ljodatexti\"> <a name=\"16\"><span class=\"versanumer_ljod\">16<\/span><\/a> Ekki hallar hann m\u00e1li \u00f6reigans,<br \/>hann heyrir b\u00e6n \u00feess sem beittur er rangsleitni.<br \/> <\/span> <span class=\"ljodatexti\"> <a name=\"17\"><span class=\"versanumer_ljod\">17<\/span><\/a> Hann daufheyrist hvorki vi\u00f0 gr\u00e1tbei\u00f0ni f\u00f6\u00f0urleysingjans<br \/>n\u00e9 ekkjunnar er h\u00fan \u00fathellir b\u00e6naror\u00f0um. <br \/> <\/span> <span class=\"ljodatexti\"> <a name=\"18\"><span class=\"versanumer_ljod\">18<\/span><\/a> Renna eigi t\u00e1r um vanga ekkjunnar,<br \/> <\/span> <span class=\"ljodatexti\"> <a name=\"19\"><span class=\"versanumer_ljod\">19<\/span><\/a> hr\u00f3pa \u00feau ekki gegn \u00feeim er \u00feeim ollu?<br \/> <\/span> <span class=\"ljodatexti\"> <a name=\"20\"><span class=\"versanumer_ljod\">20<\/span><\/a> S\u00e1 er \u00feekkur Drottni sem \u00fej\u00f3nar honum,<br \/>b\u00e6n hans berst til sk\u00fdjanna.<br \/> <\/span> <span class=\"ljodatexti\"> <a name=\"21\"><span class=\"versanumer_ljod\">21<\/span><\/a> B\u00e6n au\u00f0mj\u00faks manns fer sk\u00fdjum ofar,<br \/>hann huggast eigi fyrr en h\u00fan n\u00e6r marki<br \/>og h\u00e6ttir ekki a\u00f0 bi\u00f0ja fyrr en Hinn h\u00e6sti vitjar hans<br \/> <\/span> <span class=\"ljodatexti\"> <a name=\"22\"><span class=\"versanumer_ljod\">22<\/span><\/a> og kve\u00f0ur upp d\u00f3m og d\u00e6mir r\u00e9ttv\u00edslega.<br \/>Drottni mun eigi heldur dveljast<br \/>e\u00f0a l\u00e1ta \u00fe\u00e1 b\u00ed\u00f0a of lengi<br \/>uns hann br\u00fdtur bak miskunnarlausra,<br \/> <\/span> <span class=\"ljodatexti\"> <a name=\"23\"><span class=\"versanumer_ljod\">23<\/span><\/a> veitir hei\u00f0ingjum r\u00e9ttl\u00e1ta refsingu,<br \/>afm\u00e1ir alla hrokafulla<br \/>og br\u00fdtur veldissprota rangl\u00e1tra,<br \/> <\/span> <span class=\"ljodatexti\"> <a name=\"24\"><span class=\"versanumer_ljod\">24<\/span><\/a> uns hann geldur m\u00f6nnum gj\u00f6r\u00f0ir \u00feeirra <br \/>og refsar \u00feeim fyrir \u00e1form \u00feeirra,<br \/> <\/span> <span class=\"ljodatexti\"> <a name=\"25\"><span class=\"versanumer_ljod\">25<\/span><\/a> uns hann rekur r\u00e9ttar l\u00fd\u00f0s s\u00edns<br \/>og gle\u00f0ur hann me\u00f0 miskunn sinni.<br \/> <\/span> <span class=\"ljodatexti\"> <a name=\"26\"><span class=\"versanumer_ljod\">26<\/span><\/a> Undursamleg er n\u00e1\u00f0 hans \u00e1 ney\u00f0art\u00edmum,<br \/>eins og sk\u00farask\u00fd \u00e1 \u00feurrkat\u00ed\u00f0. <\/span> <\/p>\n","protected":false},"excerpt":{"rendered":"<p>1S\u00e1 er l\u00f6gm\u00e1li\u00f0 heldur f\u00e6rir r\u00edkulega f\u00f3rn, 2s\u00e1 f\u00e6rir fri\u00f0arf\u00f3rn sem hl\u00fd\u00f0ir bo\u00f0or\u00f0unum. 3 A\u00f0 gjalda gott me\u00f0 g\u00f3\u00f0u er eins og a\u00f0 f\u00e6ra matf\u00f3rn, 4 s\u00e1 sem gerir g\u00f3\u00f0verk f\u00e6rir \u00feakkarf\u00f3rn. 5 Vel\u00fe\u00f3knun Drottins hl\u00fdtur s\u00e1 er heldur sig fr\u00e1 illu,a\u00f0 for\u00f0ast rangl\u00e6ti er sem fri\u00f0\u00fe\u00e6ging. 6 Kom ei t\u00f3mhentur fram fyrir Drottin, 7 a\u00f0 gera allt \u00feetta er a\u00f0 hl\u00fd\u00f0a bo\u00f0or\u00f0um. 8 F\u00f3rn r\u00e9ttl\u00e1ts manns au\u00f0gar altari\u00f0,ilmur hennar berst Hinum h\u00e6sta. 9 F\u00f3rn r\u00e9ttl\u00e1ts manns er Drottni \u00feekk,minning hennar mun ekki fyrnast. 10 Ver \u00f6rl\u00e1tur er \u00fe\u00fa vegsamar Drottin,sker ei frumgr\u00f3\u00f0af\u00f3rn \u00fe\u00edna vi\u00f0 n\u00f6gl. 11 F\u00e6r allar gjafir <a href=\"https:\/\/biblian.is\/biblian\/siraksbok-35-kafli\/\"> [&#8230;]<\/a><\/p>\n","protected":false},"author":1,"featured_media":0,"parent":0,"menu_order":0,"comment_status":"open","ping_status":"open","template":"bibliukaflar.php","meta":{"footnotes":""},"class_list":["post-2900","page","type-page","status-publish","hentry"],"_links":{"self":[{"href":"https:\/\/biblian.is\/biblian\/wp-json\/wp\/v2\/pages\/2900","targetHints":{"allow":["GET"]}}],"collection":[{"href":"https:\/\/biblian.is\/biblian\/wp-json\/wp\/v2\/pages"}],"about":[{"href":"https:\/\/biblian.is\/biblian\/wp-json\/wp\/v2\/types\/page"}],"author":[{"embeddable":true,"href":"https:\/\/biblian.is\/biblian\/wp-json\/wp\/v2\/users\/1"}],"replies":[{"embeddable":true,"href":"https:\/\/biblian.is\/biblian\/wp-json\/wp\/v2\/comments?post=2900"}],"version-history":[{"count":0,"href":"https:\/\/biblian.is\/biblian\/wp-json\/wp\/v2\/pages\/2900\/revisions"}],"wp:attachment":[{"href":"https:\/\/biblian.is\/biblian\/wp-json\/wp\/v2\/media?parent=2900"}],"curies":[{"name":"wp","href":"https:\/\/api.w.org\/{rel}","templated":true}]}}