{"id":2899,"date":"2017-12-30T21:05:09","date_gmt":"2017-12-30T21:05:09","guid":{"rendered":"http:\/\/biblian.is\/biblian\/s%c2%92raksb%c2%97k-34-kafli\/"},"modified":"2017-12-30T21:05:09","modified_gmt":"2017-12-30T21:05:09","slug":"siraksbok-34-kafli","status":"publish","type":"page","link":"https:\/\/biblian.is\/biblian\/siraksbok-34-kafli\/","title":{"rendered":"S\u00edraksb\u00f3k 34. kafli"},"content":{"rendered":"<h3 class=\"millifyrirsogn_2007\"> Um f\u00e1n\u00fdti drauma<\/h3>\n<p><span class=\"ljodatexti\"> <a name=\"1\"><span class=\"versanumer_ljod\">1<\/span><\/a>Vonir \u00f3hygginna manna eru f\u00e1n\u00fdtar og t\u00e1l,<br \/>draumar lyfta hugum einfaldra.<br \/> <\/span> <span class=\"ljodatexti\"> <a name=\"2\"><span class=\"versanumer_ljod\">2<\/span><\/a> S\u00e1 er rei\u00f0ir sig \u00e1 drauma er l\u00edkastur \u00feeim<br \/>sem gr\u00edpa vill skugga og eltir vind.<br \/> <\/span> <span class=\"ljodatexti\"> <a name=\"3\"><span class=\"versanumer_ljod\">3<\/span><\/a> Draums\u00fdn er eftirl\u00edking veruleikans<br \/>eins og \u00e1sj\u00f3na og mynd af \u00e1sj\u00f3nu.<br \/> <\/span> <span class=\"ljodatexti\"> <a name=\"4\"><span class=\"versanumer_ljod\">4<\/span><\/a> M\u00e1 nokku\u00f0 hreint \u00far \u00f3hreinu koma? <br \/>Hva\u00f0a sannleikur getur komi\u00f0 af lygi?<br \/> <\/span> <span class=\"ljodatexti\"> <a name=\"5\"><span class=\"versanumer_ljod\">5<\/span><\/a> F\u00e1n\u00fdtir eru sp\u00e1d\u00f3mar, fyrirbo\u00f0ar og draumar,<br \/>eins og hugar\u00f3rar j\u00f3\u00f0sj\u00fakrar konu.<br \/> <\/span> <span class=\"ljodatexti\"> <a name=\"6\"><span class=\"versanumer_ljod\">6<\/span><\/a> S\u00e9u \u00feeir eigi sendir \u00fe\u00e9r sem vitjun fr\u00e1 Hinum h\u00e6sta<br \/>skalt \u00fe\u00fa eigi leggja \u00fe\u00e9r \u00fe\u00e1 \u00e1 hjarta. <br \/> <\/span> <span class=\"ljodatexti\"> <a name=\"7\"><span class=\"versanumer_ljod\">7<\/span><\/a> Draumar ginntu marga \u00e1 glapstigu<br \/>og ollu \u00feeim vonbrig\u00f0um sem treystu \u00e1 \u00fe\u00e1.<br \/> <\/span> <span class=\"ljodatexti\"> <a name=\"8\"><span class=\"versanumer_ljod\">8<\/span><\/a> \u00c1n blekkinga ver\u00f0ur l\u00f6gm\u00e1li\u00f0 uppfyllt<br \/>og spekin fullkomin \u00ed munni \u00feess sem heldur \u00fea\u00f0. <\/span> <\/p>\n<h3 class=\"millifyrirsogn_2007\"> Um fer\u00f0al\u00f6g<\/h3>\n<p><span class=\"ljodatexti\"> <a name=\"9\"><span class=\"versanumer_ljod\">9<\/span><\/a>Margt veit s\u00e1 ma\u00f0ur er v\u00ed\u00f0a f\u00f3r,<br \/>viturlegar eru reynds manns r\u00e6\u00f0ur.<br \/> <\/span> <span class=\"ljodatexti\"> <a name=\"10\"><span class=\"versanumer_ljod\">10<\/span><\/a> L\u00edti\u00f0 veit s\u00e1 sem reyndi f\u00e1tt,<br \/> <\/span> <span class=\"ljodatexti\"> <a name=\"11\"><span class=\"versanumer_ljod\">11<\/span><\/a> v\u00ed\u00f0f\u00f6rull ma\u00f0ur safnar hyggindum.<br \/> <\/span> <span class=\"ljodatexti\"> <a name=\"12\"><span class=\"versanumer_ljod\">12<\/span><\/a> Fj\u00f6lmargt s\u00e1 \u00e9g \u00e1 fer\u00f0um m\u00ednum,<br \/>\u00e9g veit fleira en \u00e9g greini fr\u00e1.<br \/> <\/span> <span class=\"ljodatexti\"> <a name=\"13\"><span class=\"versanumer_ljod\">13<\/span><\/a> T\u00ed\u00f0um lenti \u00e9g \u00ed l\u00edfsh\u00e6ttu<br \/>en \u00e9g hlaut bj\u00f6rgun sakir \u00feess sem m\u00e9r l\u00e6r\u00f0ist. <\/span> <\/p>\n<h3 class=\"millifyrirsogn_2007\">Um gu\u00f0s\u00f3tta<\/h3>\n<p><span class=\"ljodatexti\"> <a name=\"14\"><span class=\"versanumer_ljod\">14<\/span><\/a>\u00deeir sem \u00f3ttast Drottin munu lifa, <br \/> <\/span> <span class=\"ljodatexti\"> <a name=\"15\"><span class=\"versanumer_ljod\">15<\/span><\/a> von \u00feeirra byggist \u00e1 honum sem getur frelsa\u00f0 \u00fe\u00e1.<br \/> <\/span> <span class=\"ljodatexti\"> <a name=\"16\"><span class=\"versanumer_ljod\">16<\/span><\/a> Ekkert hr\u00e6\u00f0ist s\u00e1 sem \u00f3ttast Drottin, <br \/>hann brestur aldrei kjark \u00fev\u00ed a\u00f0 Drottinn er von hans.<br \/> <\/span> <span class=\"ljodatexti\"> <a name=\"17\"><span class=\"versanumer_ljod\">17<\/span><\/a> S\u00e6ll er s\u00e1 sem \u00f3ttast Drottin.<br \/> <\/span> <span class=\"ljodatexti\"> <a name=\"18\"><span class=\"versanumer_ljod\">18<\/span><\/a> Hverjum treystir hann? Hver er styrkur hans?<br \/> <\/span> <span class=\"ljodatexti\"> <a name=\"19\"><span class=\"versanumer_ljod\">19<\/span><\/a> Augu Drottins hv\u00edla \u00e1 \u00feeim er elska hann, <br \/>hann er m\u00e1ttugur skj\u00f6ldur og styrk sto\u00f0,<br \/>hann er hl\u00edf \u00ed breyskju og fors\u00e6la um h\u00e1dag, <br \/>v\u00f6rn vi\u00f0 hr\u00f6sun og for\u00f0ar fr\u00e1 falli.<br \/> <\/span> <span class=\"ljodatexti\"> <a name=\"20\"><span class=\"versanumer_ljod\">20<\/span><\/a> Hann hressir s\u00e1lina og h\u00fdrgar augun,<br \/>veitir heilsu, l\u00edf og blessun. <\/span> <\/p>\n<h3 class=\"millifyrirsogn_2007\">Um f\u00f3rnir<\/h3>\n<p><span class=\"ljodatexti\"> <a name=\"21\"><span class=\"versanumer_ljod\">21<\/span><\/a>S\u00e1 sem f\u00f3rnar \u00fev\u00ed sem illa var fengi\u00f0 <br \/>f\u00e6rir eigi flekklausa f\u00f3rn, <br \/> <\/span> <span class=\"ljodatexti\"> <a name=\"22\"><span class=\"versanumer_ljod\">22<\/span><\/a> Drottni \u00fe\u00f3knast eigi gjafir rangl\u00e1tra.<br \/> <\/span> <span class=\"ljodatexti\"> <a name=\"23\"><span class=\"versanumer_ljod\">23<\/span><\/a> Hinum h\u00e6sta ge\u00f0jast ekki f\u00f3rnir gu\u00f0lausra<br \/>n\u00e9 fyrirgefur hann syndir sakir fj\u00f6lda f\u00f3rna. <br \/> <\/span> <span class=\"ljodatexti\"> <a name=\"24\"><span class=\"versanumer_ljod\">24<\/span><\/a> A\u00f0 f\u00e6ra f\u00f3rn af f\u00e9 f\u00e1t\u00e6kra<br \/>er a\u00f0 dey\u00f0a son fyrir f\u00f6\u00f0uraugum.<br \/> <\/span> <span class=\"ljodatexti\"> <a name=\"25\"><span class=\"versanumer_ljod\">25<\/span><\/a> Brau\u00f0 \u00feurfamannsins er f\u00e1t\u00e6kum l\u00edfi\u00f0 sj\u00e1lft,<br \/>s\u00e1 er sviptir hann \u00fev\u00ed hefur l\u00edf \u00e1 samviskunni. <br \/> <\/span> <span class=\"ljodatexti\"> <a name=\"26\"><span class=\"versanumer_ljod\">26<\/span><\/a> S\u00e1 ver\u00f0ur n\u00e1unga s\u00ednum a\u00f0 bana sem tekur bj\u00f6rg hans,<br \/> <\/span> <span class=\"ljodatexti\"> <a name=\"27\"><span class=\"versanumer_ljod\">27<\/span><\/a> s\u00e1 \u00fathellir bl\u00f3\u00f0i sem hefur laun af verkamanni.<br \/> <\/span> <span class=\"ljodatexti\"> <a name=\"28\"><span class=\"versanumer_ljod\">28<\/span><\/a> Ef einn byggir upp og annar r\u00edfur ni\u00f0ur,<br \/>hva\u00f0 bera \u00feeir \u00far b\u00fdtum nema erfi\u00f0i\u00f0 eitt?<br \/> <\/span> <span class=\"ljodatexti\"> <a name=\"29\"><span class=\"versanumer_ljod\">29<\/span><\/a> Ef einn bi\u00f0ur og annar b\u00f6lvar,<br \/>\u00e1 hvorn mun Drottinn hl\u00fd\u00f0a?<br \/> <\/span> <span class=\"ljodatexti\"> <a name=\"30\"><span class=\"versanumer_ljod\">30<\/span><\/a> Hva\u00f0 sto\u00f0ar \u00feann \u00fevottur<br \/>sem bj\u00f3 um l\u00edk ef hann snertir \u00fea\u00f0 aftur? <br \/>Hva\u00f0 gagna\u00f0ist \u00fe\u00e1 \u00fevotturinn honum?<br \/> <\/span> <span class=\"ljodatexti\"> <a name=\"31\"><span class=\"versanumer_ljod\">31<\/span><\/a> Svo fer \u00feeim er syndgar aftur<br \/>a\u00f0 lokinni f\u00f6stu fyrir syndir.<br \/>Hver mun hlusta \u00e1 b\u00e6nir sl\u00edks manns,<br \/>hva\u00f0 mun \u00fea\u00f0 sto\u00f0a hann a\u00f0 au\u00f0m\u00fdkja sig? <\/span> <\/p>\n","protected":false},"excerpt":{"rendered":"<p>Um f\u00e1n\u00fdti drauma 1Vonir \u00f3hygginna manna eru f\u00e1n\u00fdtar og t\u00e1l,draumar lyfta hugum einfaldra. 2 S\u00e1 er rei\u00f0ir sig \u00e1 drauma er l\u00edkastur \u00feeimsem gr\u00edpa vill skugga og eltir vind. 3 Draums\u00fdn er eftirl\u00edking veruleikanseins og \u00e1sj\u00f3na og mynd af \u00e1sj\u00f3nu. 4 M\u00e1 nokku\u00f0 hreint \u00far \u00f3hreinu koma? Hva\u00f0a sannleikur getur komi\u00f0 af lygi? 5 F\u00e1n\u00fdtir eru sp\u00e1d\u00f3mar, fyrirbo\u00f0ar og draumar,eins og hugar\u00f3rar j\u00f3\u00f0sj\u00fakrar konu. 6 S\u00e9u \u00feeir eigi sendir \u00fe\u00e9r sem vitjun fr\u00e1 Hinum h\u00e6staskalt \u00fe\u00fa eigi leggja \u00fe\u00e9r \u00fe\u00e1 \u00e1 hjarta. 7 Draumar ginntu marga \u00e1 glapstiguog ollu \u00feeim vonbrig\u00f0um sem treystu \u00e1 \u00fe\u00e1. 8 \u00c1n blekkinga ver\u00f0ur l\u00f6gm\u00e1li\u00f0 <a href=\"https:\/\/biblian.is\/biblian\/siraksbok-34-kafli\/\"> [&#8230;]<\/a><\/p>\n","protected":false},"author":1,"featured_media":0,"parent":0,"menu_order":0,"comment_status":"open","ping_status":"open","template":"bibliukaflar.php","meta":{"footnotes":""},"class_list":["post-2899","page","type-page","status-publish","hentry"],"_links":{"self":[{"href":"https:\/\/biblian.is\/biblian\/wp-json\/wp\/v2\/pages\/2899","targetHints":{"allow":["GET"]}}],"collection":[{"href":"https:\/\/biblian.is\/biblian\/wp-json\/wp\/v2\/pages"}],"about":[{"href":"https:\/\/biblian.is\/biblian\/wp-json\/wp\/v2\/types\/page"}],"author":[{"embeddable":true,"href":"https:\/\/biblian.is\/biblian\/wp-json\/wp\/v2\/users\/1"}],"replies":[{"embeddable":true,"href":"https:\/\/biblian.is\/biblian\/wp-json\/wp\/v2\/comments?post=2899"}],"version-history":[{"count":0,"href":"https:\/\/biblian.is\/biblian\/wp-json\/wp\/v2\/pages\/2899\/revisions"}],"wp:attachment":[{"href":"https:\/\/biblian.is\/biblian\/wp-json\/wp\/v2\/media?parent=2899"}],"curies":[{"name":"wp","href":"https:\/\/api.w.org\/{rel}","templated":true}]}}