{"id":2898,"date":"2017-12-30T21:05:09","date_gmt":"2017-12-30T21:05:09","guid":{"rendered":"http:\/\/biblian.is\/biblian\/s%c2%92raksb%c2%97k-33-kafli\/"},"modified":"2017-12-30T21:05:09","modified_gmt":"2017-12-30T21:05:09","slug":"siraksbok-33-kafli","status":"publish","type":"page","link":"https:\/\/biblian.is\/biblian\/siraksbok-33-kafli\/","title":{"rendered":"S\u00edraksb\u00f3k 33. kafli"},"content":{"rendered":"<p><span class=\"ljodatexti\"> <a name=\"1\"><span class=\"versanumer_ljod\">1<\/span><\/a>\u00deann sem \u00f3ttast Drottin hendir ekkert illt <br \/>nema freisting, en hann frelsast aftur.<br \/> <\/span> <span class=\"ljodatexti\"> <a name=\"2\"><span class=\"versanumer_ljod\">2<\/span><\/a> Hygginn ma\u00f0ur hatar ei l\u00f6gm\u00e1li\u00f0<br \/>en s\u00e1 sem \u00feykist unna \u00fev\u00ed l\u00edkist stormhr\u00f6ktu fleyi.<br \/> <\/span> <span class=\"ljodatexti\"> <a name=\"3\"><span class=\"versanumer_ljod\">3<\/span><\/a> Skynsamur ma\u00f0ur treystir l\u00f6gm\u00e1linu,<br \/>l\u00f6gm\u00e1li\u00f0 bregst honum ekki fremur en heilagt hlutkesti. <br \/> <\/span> <span class=\"ljodatexti\"> <a name=\"4\"><span class=\"versanumer_ljod\">4<\/span><\/a> Hugsa m\u00e1l \u00feitt og \u00e1 \u00feig mun hl\u00fdtt,<br \/>nota \u00fea\u00f0 sem \u00fe\u00fa l\u00e6r\u00f0ir og svara s\u00ed\u00f0an.<br \/> <\/span> <span class=\"ljodatexti\"> <a name=\"5\"><span class=\"versanumer_ljod\">5<\/span><\/a> Vit heimskingjans er sem vagnhj\u00f3l,<br \/>hugsanir hans sn\u00faast \u00ed hring.<br \/> <\/span> <span class=\"ljodatexti\"> <a name=\"6\"><span class=\"versanumer_ljod\">6<\/span><\/a> Kaldh\u00e6\u00f0inn vinur er l\u00edkur fola,<br \/>hann hneggjar vi\u00f0 s\u00e9rhverjum sem situr hann. <\/span> <\/p>\n<h3 class=\"millifyrirsogn_2007\">Um mannamun<\/h3>\n<p><span class=\"ljodatexti\"> <a name=\"7\"><span class=\"versanumer_ljod\">7<\/span><\/a>Hv\u00ed ber einn dagur af \u00f6\u00f0rum<br \/>\u00fe\u00f3tt allir dagar \u00e1rsins \u00feiggi birtu af s\u00f3lu?<br \/> <\/span> <span class=\"ljodatexti\"> <a name=\"8\"><span class=\"versanumer_ljod\">8<\/span><\/a> Viska Drottins greindi \u00fe\u00e1 a\u00f0<br \/>og a\u00f0greindi \u00e1rst\u00ed\u00f0ir og h\u00e1t\u00ed\u00f0ir. <br \/> <\/span> <span class=\"ljodatexti\"> <a name=\"9\"><span class=\"versanumer_ljod\">9<\/span><\/a> Suma daga h\u00f3f hann upp og helga\u00f0i, <br \/>a\u00f0ra valdi hann a\u00f0 virkum d\u00f6gum.<br \/> <\/span> <span class=\"ljodatexti\"> <a name=\"10\"><span class=\"versanumer_ljod\">10<\/span><\/a> Eins eru allir menn af j\u00f6r\u00f0u,<br \/>af j\u00f6r\u00f0u var Adam skapa\u00f0ur.<br \/> <\/span> <span class=\"ljodatexti\"> <a name=\"11\"><span class=\"versanumer_ljod\">11<\/span><\/a> Af miklum v\u00edsd\u00f3mi greindi Drottinn \u00fe\u00e1 a\u00f0<br \/>og lag\u00f0i \u00feeim \u00f3l\u00edkar brautir.<br \/> <\/span> <span class=\"ljodatexti\"> <a name=\"12\"><span class=\"versanumer_ljod\">12<\/span><\/a> Suma \u00feeirra blessa\u00f0i hann og h\u00f3f h\u00e1tt,<br \/>a\u00f0ra helga\u00f0i hann og l\u00e9t \u00fe\u00e1 n\u00e1lgast sig. <br \/>Enn \u00f6\u00f0rum bj\u00f3 hann b\u00f6lvun og sm\u00e1n,<br \/>steypti \u00feeim \u00far st\u00f6\u00f0u sinni.<br \/> <\/span> <span class=\"ljodatexti\"> <a name=\"13\"><span class=\"versanumer_ljod\">13<\/span><\/a> L\u00edkir leir \u00ed hendi leirkerasmi\u00f0s,<br \/>sem hann m\u00f3tar eins og honum \u00fe\u00f3knast,<br \/>eru menn \u00ed hendi \u00feess er skapa\u00f0i \u00fe\u00e1. <br \/>Hann umbunar \u00feeim eins og hann metur r\u00e9ttast.<br \/> <\/span> <span class=\"ljodatexti\"> <a name=\"14\"><span class=\"versanumer_ljod\">14<\/span><\/a> Illt er andst\u00e6\u00f0a g\u00f3\u00f0s<br \/>og dau\u00f0i andst\u00e6\u00f0a l\u00edfs.<br \/>Eins er syndarinn andst\u00e6\u00f0a gu\u00f0r\u00e6kins manns.<br \/> <\/span> <span class=\"ljodatexti\"> <a name=\"15\"><span class=\"versanumer_ljod\">15<\/span><\/a> \u00deannig ber \u00fe\u00e9r a\u00f0 l\u00edta \u00f6ll verk Hins \u00e6\u00f0sta,<br \/>tvennt og tvennt, eitt er andhverfa annars. <br \/> <\/span> <span class=\"ljodatexti\"> <a name=\"16\"><span class=\"versanumer_ljod\">16<\/span><\/a> Sj\u00e1lfur gekk \u00e9g s\u00ed\u00f0astur til verka<br \/>eins og s\u00e1 sem gerir eftirleit a\u00f0 lokinni v\u00ednberjat\u00ednslu.<br \/> <\/span> <span class=\"ljodatexti\"> <a name=\"17\"><span class=\"versanumer_ljod\">17<\/span><\/a> En fyrir n\u00e1\u00f0 Drottins mi\u00f0a\u00f0i m\u00e9r vel,<br \/>\u00e9g fyllti v\u00edn\u00fer\u00f6ngina eins og s\u00e1 sem berin t\u00edndi.<br \/> <\/span> <span class=\"ljodatexti\"> <a name=\"18\"><span class=\"versanumer_ljod\">18<\/span><\/a> Gefi\u00f0 \u00fev\u00ed gaum a\u00f0 \u00e9g vann ekki a\u00f0eins \u00ed eigin \u00fe\u00e1gu<br \/>heldur allra \u00feeirra er leita \u00f6gunar.<br \/> <\/span> <span class=\"ljodatexti\"> <a name=\"19\"><span class=\"versanumer_ljod\">19<\/span><\/a> Hl\u00fd\u00f0i\u00f0 \u00e1 mig, \u00fe\u00e9r lei\u00f0togar l\u00fd\u00f0sins, <br \/>leggi\u00f0 vi\u00f0 hlustir, \u00fe\u00e9r safna\u00f0arstj\u00f3rar. <\/span> <\/p>\n<h3 class=\"millifyrirsogn_2007\">Um a\u00f0 vera \u00f3h\u00e1\u00f0ur \u00f6\u00f0rum m\u00f6nnum<\/h3>\n<p><span class=\"ljodatexti\"> <a name=\"20\"><span class=\"versanumer_ljod\">20<\/span><\/a>Gef \u00feig engum \u00e1 vald me\u00f0an \u00e6vin endist,<br \/>hvorki syni n\u00e9 konu, br\u00f3\u00f0ur n\u00e9 vini.<br \/>Gef eigi heldur neinum eigur \u00fe\u00ednar,<br \/>svo a\u00f0 \u00feig i\u00f0ri \u00feess eigi og \u00fe\u00fa bi\u00f0jir um \u00fe\u00e6r aftur.<br \/> <\/span> <span class=\"ljodatexti\"> <a name=\"21\"><span class=\"versanumer_ljod\">21<\/span><\/a> Jafnlengi og \u00fe\u00fa lifir og l\u00edfsanda dregur<br \/>skaltu engan l\u00e1ta hafa r\u00e1\u00f0 yfir \u00fe\u00e9r<br \/> <\/span> <span class=\"ljodatexti\"> <a name=\"22\"><span class=\"versanumer_ljod\">22<\/span><\/a> \u00fev\u00ed a\u00f0 betra er a\u00f0 b\u00f6rn \u00fe\u00edn leiti li\u00f0sinnis \u00fe\u00edns<br \/>en a\u00f0 \u00fe\u00fa \u00feurfir a\u00f0 treysta \u00e1 \u00f6rl\u00e6ti \u00feeirra.<br \/> <\/span> <span class=\"ljodatexti\"> <a name=\"23\"><span class=\"versanumer_ljod\">23<\/span><\/a> Haltu hlut \u00fe\u00ednum \u00ed hverju verki<br \/>og l\u00e1t ekki flekk \u00e1 hei\u00f0ur \u00feinn falla.<br \/> <\/span> <span class=\"ljodatexti\"> <a name=\"24\"><span class=\"versanumer_ljod\">24<\/span><\/a> \u00c1 hinsta degi \u00e6vi \u00feinnar,<br \/>er a\u00f0 dau\u00f0a dregur, skaltu \u00fatdeila arfi.<br \/> <\/span><\/p>\n<h3 class=\"millifyrirsogn_2007\">Um me\u00f0fer\u00f0 \u00fer\u00e6la<\/h3>\n<p><span class=\"ljodatexti\"> <a name=\"25\"><span class=\"versanumer_ljod\">25<\/span><\/a> Asna h\u00e6fir f\u00f3\u00f0ur, barefli og byr\u00f0i<br \/>en \u00fer\u00e6lnum brau\u00f0, agi og erfi\u00f0i. <br \/> <\/span> <span class=\"ljodatexti\"> <a name=\"26\"><span class=\"versanumer_ljod\">26<\/span><\/a> Haltu \u00fer\u00e6li a\u00f0 verki og \u00fe\u00fa munt hlj\u00f3ta hv\u00edld,<br \/>sitji hann au\u00f0um h\u00f6ndum mun hann heimta frelsi.<br \/> <\/span> <span class=\"ljodatexti\"> <a name=\"27\"><span class=\"versanumer_ljod\">27<\/span><\/a> Helsi og svipa beygja h\u00e1lsinn,<br \/>illum \u00fer\u00e6li h\u00e6fir h\u00fd\u00f0ing og kv\u00f6l.<br \/> <\/span> <span class=\"ljodatexti\"> <a name=\"28\"><span class=\"versanumer_ljod\">28<\/span><\/a> Haltu honum a\u00f0 vinnu svo a\u00f0 hann s\u00e9 ekki i\u00f0julaus<br \/> <\/span> <span class=\"ljodatexti\"> <a name=\"29\"><span class=\"versanumer_ljod\">29<\/span><\/a> \u00fev\u00ed a\u00f0 margt illt kennir i\u00f0juleysi\u00f0.<br \/> <\/span> <span class=\"ljodatexti\"> <a name=\"30\"><span class=\"versanumer_ljod\">30<\/span><\/a> F\u00e1\u00f0u honum verk, \u00fea\u00f0 h\u00e6fir honum,<br \/>\u00f3hl\u00fd\u00f0nist hann skaltu \u00feyngja fj\u00f6tur hans.<br \/>En gakk ei of hart a\u00f0 neinum manni<br \/>og gj\u00f6r ei neitt sem ekki er r\u00e9tt.<br \/> <\/span> <span class=\"ljodatexti\"> <a name=\"31\"><span class=\"versanumer_ljod\">31<\/span><\/a> Eigir \u00fe\u00fa \u00fer\u00e6l, \u00fe\u00e1 haf hann sem jafningja<br \/>enda afla\u00f0ir \u00fe\u00fa hans me\u00f0 bl\u00f3\u00f0i. <br \/>Eigir \u00fe\u00fa \u00fer\u00e6l, ver vi\u00f0 hann sem br\u00f3\u00f0ur <br \/>\u00fev\u00ed a\u00f0 \u00fe\u00fa \u00fearfnast hans eins og eigin l\u00edfs. <br \/> <\/span> <span class=\"ljodatexti\"> <a name=\"32\"><span class=\"versanumer_ljod\">32<\/span><\/a> Ef \u00fe\u00fa leikur hann hart og hann fl\u00fdr \u00e1 brott, <br \/> <\/span> <span class=\"ljodatexti\"> <a name=\"33\"><span class=\"versanumer_ljod\">33<\/span><\/a> hvert fer\u00f0u \u00fe\u00e1 a\u00f0 leita hans? <\/span> <\/p>\n","protected":false},"excerpt":{"rendered":"<p>1\u00deann sem \u00f3ttast Drottin hendir ekkert illt nema freisting, en hann frelsast aftur. 2 Hygginn ma\u00f0ur hatar ei l\u00f6gm\u00e1li\u00f0en s\u00e1 sem \u00feykist unna \u00fev\u00ed l\u00edkist stormhr\u00f6ktu fleyi. 3 Skynsamur ma\u00f0ur treystir l\u00f6gm\u00e1linu,l\u00f6gm\u00e1li\u00f0 bregst honum ekki fremur en heilagt hlutkesti. 4 Hugsa m\u00e1l \u00feitt og \u00e1 \u00feig mun hl\u00fdtt,nota \u00fea\u00f0 sem \u00fe\u00fa l\u00e6r\u00f0ir og svara s\u00ed\u00f0an. 5 Vit heimskingjans er sem vagnhj\u00f3l,hugsanir hans sn\u00faast \u00ed hring. 6 Kaldh\u00e6\u00f0inn vinur er l\u00edkur fola,hann hneggjar vi\u00f0 s\u00e9rhverjum sem situr hann. Um mannamun 7Hv\u00ed ber einn dagur af \u00f6\u00f0rum\u00fe\u00f3tt allir dagar \u00e1rsins \u00feiggi birtu af s\u00f3lu? 8 Viska Drottins greindi \u00fe\u00e1 a\u00f0og a\u00f0greindi \u00e1rst\u00ed\u00f0ir <a href=\"https:\/\/biblian.is\/biblian\/siraksbok-33-kafli\/\"> [&#8230;]<\/a><\/p>\n","protected":false},"author":1,"featured_media":0,"parent":0,"menu_order":0,"comment_status":"open","ping_status":"open","template":"bibliukaflar.php","meta":{"footnotes":""},"class_list":["post-2898","page","type-page","status-publish","hentry"],"_links":{"self":[{"href":"https:\/\/biblian.is\/biblian\/wp-json\/wp\/v2\/pages\/2898","targetHints":{"allow":["GET"]}}],"collection":[{"href":"https:\/\/biblian.is\/biblian\/wp-json\/wp\/v2\/pages"}],"about":[{"href":"https:\/\/biblian.is\/biblian\/wp-json\/wp\/v2\/types\/page"}],"author":[{"embeddable":true,"href":"https:\/\/biblian.is\/biblian\/wp-json\/wp\/v2\/users\/1"}],"replies":[{"embeddable":true,"href":"https:\/\/biblian.is\/biblian\/wp-json\/wp\/v2\/comments?post=2898"}],"version-history":[{"count":0,"href":"https:\/\/biblian.is\/biblian\/wp-json\/wp\/v2\/pages\/2898\/revisions"}],"wp:attachment":[{"href":"https:\/\/biblian.is\/biblian\/wp-json\/wp\/v2\/media?parent=2898"}],"curies":[{"name":"wp","href":"https:\/\/api.w.org\/{rel}","templated":true}]}}