{"id":2897,"date":"2017-12-30T21:05:03","date_gmt":"2017-12-30T21:05:03","guid":{"rendered":"http:\/\/biblian.is\/biblian\/s%c2%92raksb%c2%97k-32-kafli\/"},"modified":"2018-01-20T20:52:15","modified_gmt":"2018-01-20T20:52:15","slug":"siraksbok-32-kafli","status":"publish","type":"page","link":"https:\/\/biblian.is\/biblian\/siraksbok-32-kafli\/","title":{"rendered":"S\u00edraksb\u00f3k 32. kafli"},"content":{"rendered":"<p><span class=\"ljodatexti\"> <a name=\"1\"><span class=\"versanumer_ljod\">1<\/span><\/a>Hafi menn vali\u00f0 \u00feig veislustj\u00f3ra, ofmetnast ekki,<br \/>ver heldur sem jafningi \u00feeirra.<br \/>Huga fyrst a\u00f0 \u00fev\u00ed sem \u00feeim kemur,<br \/>tak \u00fe\u00e9r s\u00ed\u00f0an s\u00e6ti.<br \/> <\/span> <span class=\"ljodatexti\"> <a name=\"2\"><span class=\"versanumer_ljod\">2<\/span><\/a> \u00deegar \u00fe\u00fa hefur gert allt sem \u00fe\u00e9r ber m\u00e1ttu setjast til bor\u00f0s <br \/>svo a\u00f0 \u00fe\u00fa getir fagna\u00f0 me\u00f0 hinum <br \/>og hloti\u00f0 hei\u00f0ur fyrir vel unni\u00f0 verk. <br \/> <\/span> <span class=\"ljodatexti\"> <a name=\"3\"><span class=\"versanumer_ljod\">3<\/span><\/a> Tala \u00fe\u00fa, \u00f6ldungur, \u00fev\u00ed a\u00f0 \u00fea\u00f0 er \u00feinn r\u00e9ttur <br \/>en me\u00f0 g\u00f3\u00f0ri d\u00f3mgreind og spill ekki t\u00f3nlist. <br \/> <\/span> <span class=\"ljodatexti\"> <a name=\"4\"><span class=\"versanumer_ljod\">4<\/span><\/a> Haf eigi uppi m\u00e6lgi er \u00e1 anna\u00f0 er hlusta\u00f0 <br \/>og l\u00e1t ekki \u00ed \u00f3t\u00edma lj\u00f3s \u00feitt sk\u00edna. <br \/> <\/span> <span class=\"ljodatexti\"> <a name=\"5\"><span class=\"versanumer_ljod\">5<\/span><\/a> Eins og ro\u00f0asteinn \u00e1 innsiglishring af gulli<br \/>er t\u00f3nlistarflutningur vi\u00f0 samdrykkju.<br \/> <\/span> <span class=\"ljodatexti\"> <a name=\"6\"><span class=\"versanumer_ljod\">6<\/span><\/a> Eins og smarag\u00f0sinnsigli greypt \u00ed gull<br \/>er strengleikur me\u00f0 lj\u00fafu v\u00edni.<br \/> <\/span> <span class=\"ljodatexti\"> <a name=\"7\"><span class=\"versanumer_ljod\">7<\/span><\/a> Tala \u00fe\u00fa, ungi ma\u00f0ur, ef \u00fe\u00fa m\u00e1tt til<br \/>og eigi nema tvisvar og \u00fer\u00e1be\u00f0inn.<br \/> <\/span> <span class=\"ljodatexti\"> <a name=\"8\"><span class=\"versanumer_ljod\">8<\/span><\/a> Kom \u00fe\u00e9r a\u00f0 efni og vertu gagnor\u00f0ur,<br \/>s\u00fdn a\u00f0 \u00fe\u00fa veist \u00fe\u00ednu viti en kannt a\u00f0 \u00feegja.<br \/> <\/span> <span class=\"ljodatexti\"> <a name=\"9\"><span class=\"versanumer_ljod\">9<\/span><\/a> Haf \u00feig eigi frammi me\u00f0al h\u00f6f\u00f0ingja<br \/>og l\u00e1t ekki m\u00f3\u00f0an m\u00e1sa me\u00f0al \u00f6ldunga.<br \/> <\/span> <span class=\"ljodatexti\"> <a name=\"10\"><span class=\"versanumer_ljod\">10<\/span><\/a> Eins og elding fer fyrir \u00ferumu<br \/>fer hyllin fyrir h\u00e6verskum manni.<br \/> <\/span> <span class=\"ljodatexti\"> <a name=\"11\"><span class=\"versanumer_ljod\">11<\/span><\/a> Stattu upp \u00ed t\u00edma og rektu ekki lestina,<br \/>haltu raklei\u00f0is heim og tef ekki.<br \/> <\/span> <span class=\"ljodatexti\"> <a name=\"12\"><span class=\"versanumer_ljod\">12<\/span><\/a> \u00dear getur \u00fe\u00fa gla\u00f0st og gert sem \u00fe\u00fa vilt<br \/>en syndga eigi me\u00f0 st\u00e6ril\u00e6ti \u00ed or\u00f0um.<br \/> <\/span> <span class=\"ljodatexti\"> <a name=\"13\"><span class=\"versanumer_ljod\">13<\/span><\/a> S\u00ed\u00f0an skalt \u00fe\u00fa lofa hann sem skapa\u00f0i \u00feig<br \/>og mettar \u00feig g\u00e6\u00f0um s\u00ednum. <\/span> <\/p>\n<h3 class=\"millifyrirsogn_2007\">\u00d3ttist Drottin og haldi\u00f0 l\u00f6gm\u00e1li\u00f0<\/h3>\n<p><span class=\"ljodatexti\"> <a name=\"14\"><span class=\"versanumer_ljod\">14<\/span><\/a>S\u00e1 sem \u00f3ttast Drottin hl\u00fdtir lei\u00f0s\u00f6gn hans, <br \/>\u00feeir sem \u00e1rla leita hans munu n\u00e1\u00f0ar nj\u00f3ta.<br \/> <\/span> <span class=\"ljodatexti\"> <a name=\"15\"><span class=\"versanumer_ljod\">15<\/span><\/a> S\u00e1 sem rannsakar l\u00f6gm\u00e1li\u00f0 eignast au\u00f0 \u00feess<br \/>en hr\u00e6snara ver\u00f0ur \u00fea\u00f0 til falls.<br \/> <\/span> <span class=\"ljodatexti\"> <a name=\"16\"><span class=\"versanumer_ljod\">16<\/span><\/a> \u00deeir sem \u00f3ttast Drottin \u00f6\u00f0last skilning \u00e1 r\u00e9ttl\u00e6ti<br \/>og \u00farskur\u00f0ir \u00feeirra l\u00fdsa sem lj\u00f3s.<br \/> <\/span> <span class=\"ljodatexti\"> <a name=\"17\"><span class=\"versanumer_ljod\">17<\/span><\/a> Syndarinn tekur eigi \u00e1v\u00edtum,<br \/>hann t\u00falkar l\u00f6gm\u00e1li\u00f0 eins og honum s\u00fdnist.<br \/> <\/span> <span class=\"ljodatexti\"> <a name=\"18\"><span class=\"versanumer_ljod\">18<\/span><\/a> Hygginn ma\u00f0ur tekur \u00e6t\u00ed\u00f0 \u00e1bendingum<br \/>n hrokafullur \u00fatlendingur fer \u00e1vallt s\u00ednu fram.<br \/> <\/span> <span class=\"ljodatexti\"> <a name=\"19\"><span class=\"versanumer_ljod\">19<\/span><\/a> \u00c1n yfirvegunar skaltu ekkert gera,<br \/>\u00fe\u00e1 \u00fearftu ekki a\u00f0 i\u00f0rast a\u00f0 unnu verki.<br \/> <\/span> <span class=\"ljodatexti\"> <a name=\"20\"><span class=\"versanumer_ljod\">20<\/span><\/a> Legg ei lei\u00f0 \u00fe\u00edna um \u00f3jafnan veg<br \/>svo a\u00f0 \u00fe\u00fa hrasir \u00fear ekki um steina.<br \/> <\/span> <span class=\"ljodatexti\"> <a name=\"21\"><span class=\"versanumer_ljod\">21<\/span><\/a> Vertu eigi ugglaus \u00fe\u00f3 a\u00f0 gatan s\u00e9 grei\u00f0.<br \/> <\/span> <span class=\"ljodatexti\"> <a name=\"22\"><span class=\"versanumer_ljod\">22<\/span><\/a> G\u00e6t \u00fe\u00edn jafnvel fyrir eigin b\u00f6rnum.<br \/> <\/span> <span class=\"ljodatexti\"> <a name=\"23\"><span class=\"versanumer_ljod\">23<\/span><\/a> Treystu \u00e1 sj\u00e1lfan \u00feig \u00ed hverju verki,<br \/>einnig \u00fea\u00f0 er a\u00f0 halda bo\u00f0or\u00f0in.<br \/> <\/span> <span class=\"ljodatexti\"> <a name=\"24\"><span class=\"versanumer_ljod\">24<\/span><\/a> S\u00e1 er treystir l\u00f6gm\u00e1linu heldur bo\u00f0or\u00f0in,<br \/>s\u00e1 sem treystir Drottni mun eigi hlj\u00f3ta ska\u00f0a. <\/span> <\/p>\n","protected":false},"excerpt":{"rendered":"<p>1Hafi menn vali\u00f0 \u00feig veislustj\u00f3ra, ofmetnast ekki,ver heldur sem jafningi \u00feeirra.Huga fyrst a\u00f0 \u00fev\u00ed sem \u00feeim kemur,tak \u00fe\u00e9r s\u00ed\u00f0an s\u00e6ti. 2 \u00deegar \u00fe\u00fa hefur gert allt sem \u00fe\u00e9r ber m\u00e1ttu setjast til bor\u00f0s svo a\u00f0 \u00fe\u00fa getir fagna\u00f0 me\u00f0 hinum og hloti\u00f0 hei\u00f0ur fyrir vel unni\u00f0 verk. 3 Tala \u00fe\u00fa, \u00f6ldungur, \u00fev\u00ed a\u00f0 \u00fea\u00f0 er \u00feinn r\u00e9ttur en me\u00f0 g\u00f3\u00f0ri d\u00f3mgreind og spill ekki t\u00f3nlist. 4 Haf eigi uppi m\u00e6lgi er \u00e1 anna\u00f0 er hlusta\u00f0 og l\u00e1t ekki \u00ed \u00f3t\u00edma lj\u00f3s \u00feitt sk\u00edna. 5 Eins og ro\u00f0asteinn \u00e1 innsiglishring af gullier t\u00f3nlistarflutningur vi\u00f0 samdrykkju. 6 Eins og smarag\u00f0sinnsigli greypt \u00ed <a href=\"https:\/\/biblian.is\/biblian\/siraksbok-32-kafli\/\"> [&#8230;]<\/a><\/p>\n","protected":false},"author":1,"featured_media":0,"parent":0,"menu_order":0,"comment_status":"open","ping_status":"open","template":"bibliukaflar.php","meta":{"footnotes":""},"class_list":["post-2897","page","type-page","status-publish","hentry"],"_links":{"self":[{"href":"https:\/\/biblian.is\/biblian\/wp-json\/wp\/v2\/pages\/2897","targetHints":{"allow":["GET"]}}],"collection":[{"href":"https:\/\/biblian.is\/biblian\/wp-json\/wp\/v2\/pages"}],"about":[{"href":"https:\/\/biblian.is\/biblian\/wp-json\/wp\/v2\/types\/page"}],"author":[{"embeddable":true,"href":"https:\/\/biblian.is\/biblian\/wp-json\/wp\/v2\/users\/1"}],"replies":[{"embeddable":true,"href":"https:\/\/biblian.is\/biblian\/wp-json\/wp\/v2\/comments?post=2897"}],"version-history":[{"count":0,"href":"https:\/\/biblian.is\/biblian\/wp-json\/wp\/v2\/pages\/2897\/revisions"}],"wp:attachment":[{"href":"https:\/\/biblian.is\/biblian\/wp-json\/wp\/v2\/media?parent=2897"}],"curies":[{"name":"wp","href":"https:\/\/api.w.org\/{rel}","templated":true}]}}