{"id":2894,"date":"2017-12-30T21:05:03","date_gmt":"2017-12-30T21:05:03","guid":{"rendered":"http:\/\/biblian.is\/biblian\/s%c2%92raksb%c2%97k-29-kafli\/"},"modified":"2017-12-30T21:05:05","modified_gmt":"2017-12-30T21:05:05","slug":"siraksbok-29-kafli","status":"publish","type":"page","link":"https:\/\/biblian.is\/biblian\/siraksbok-29-kafli\/","title":{"rendered":"S\u00edraksb\u00f3k 29. kafli"},"content":{"rendered":"<h3 class=\"millifyrirsogn_2007\"> Um l\u00e1n og endurgrei\u00f0slu<\/h3>\n<p><span class=\"ljodatexti\"> <a name=\"1\"><span class=\"versanumer_ljod\">1<\/span><\/a>S\u00e1 gerir g\u00f3\u00f0verk sem l\u00e1nar n\u00e1unga s\u00ednum,<br \/>s\u00e1 er r\u00e9ttir hj\u00e1lparh\u00f6nd heldur bo\u00f0or\u00f0in. <br \/> <\/span> <span class=\"ljodatexti\"> <a name=\"2\"><span class=\"versanumer_ljod\">2<\/span><\/a> L\u00e1na n\u00e1unga \u00fe\u00ednum er hann \u00fearfnast \u00feess<br \/>og grei\u00f0 honum skuld \u00fe\u00edna \u00e1 gjalddaga. <br \/> <\/span> <span class=\"ljodatexti\"> <a name=\"3\"><span class=\"versanumer_ljod\">3<\/span><\/a> Ver or\u00f0heldinn og \u00e1vinn traust hans,<br \/>\u00fe\u00e1 munt \u00fe\u00fa \u00e1vallt f\u00e1 \u00fea\u00f0 er \u00fe\u00fa \u00fearfnast.<br \/> <\/span> <span class=\"ljodatexti\"> <a name=\"4\"><span class=\"versanumer_ljod\">4<\/span><\/a> Margur metur l\u00e1n sem fundi\u00f0 f\u00e9<br \/>og eykur \u00feeim baga sem veittu honum li\u00f0.<br \/> <\/span> <span class=\"ljodatexti\"> <a name=\"5\"><span class=\"versanumer_ljod\">5<\/span><\/a> Hann kyssir h\u00f6nd n\u00e1ungans uns hann f\u00e6r l\u00e1n<br \/>og talar mj\u00fakl\u00e1tt um efni hans.<br \/>Hann frestar grei\u00f0slu \u00e1 gjaldd\u00f6gum,<br \/>kemur me\u00f0 afsakanir einar<br \/>og ber fyrir sig sl\u00e6ma t\u00edma.<br \/> <\/span> <span class=\"ljodatexti\"> <a name=\"6\"><span class=\"versanumer_ljod\">6<\/span><\/a> Beiti s\u00e1 h\u00f6r\u00f0u er l\u00e1na\u00f0i f\u00e6r hann vart nema helming<br \/>og mun telja \u00fea\u00f0 fundi\u00f0 f\u00e9.<br \/>Gangi hann ekki hart eftir grei\u00f0slu<br \/>mun hann sviptur eigum s\u00ednum<br \/>og eignast \u00f3vin \u00ed ofan\u00e1lag.<br \/>B\u00f6lv og ragn er \u00fea\u00f0 sem hann f\u00e6r greitt<br \/>og last \u00ed sta\u00f0 lofs.<br \/> <\/span> <span class=\"ljodatexti\"> <a name=\"7\"><span class=\"versanumer_ljod\">7<\/span><\/a> Vegna \u00feessa neita margir a\u00f0 l\u00e1na en eigi af illsku,<br \/>\u00feeir \u00f3ttast a\u00f0 tapa a\u00f0 \u00f3fyrirsynju. <\/span> <\/p>\n<h3 class=\"millifyrirsogn_2007\">Um veglyndi<\/h3>\n<p><span class=\"ljodatexti\"> <a name=\"8\"><span class=\"versanumer_ljod\">8<\/span><\/a>S\u00fdn \u00fe\u00f3 bi\u00f0lund b\u00e1gst\u00f6ddum manni, <br \/>l\u00e1t \u00fe\u00e9r ei dveljast a\u00f0 li\u00f0sinna honum.<br \/> <\/span> <span class=\"ljodatexti\"> <a name=\"9\"><span class=\"versanumer_ljod\">9<\/span><\/a> Hj\u00e1lpa f\u00e1t\u00e6kum vegna bo\u00f0or\u00f0sins, <br \/>send hann ei t\u00f3mhentan fr\u00e1 \u00fe\u00e9r og \u00feurfandi.<br \/> <\/span> <span class=\"ljodatexti\"> <a name=\"10\"><span class=\"versanumer_ljod\">10<\/span><\/a> Ver \u00f6r \u00e1 f\u00e9 vi\u00f0 br\u00f3\u00f0ur og vin,<br \/>l\u00e1t \u00fea\u00f0 ei t\u00e6rast upp undir steini.<br \/> <\/span> <span class=\"ljodatexti\"> <a name=\"11\"><span class=\"versanumer_ljod\">11<\/span><\/a> Nota \u00fe\u00fa efni \u00fe\u00edn samkv\u00e6mt bo\u00f0or\u00f0um Hins h\u00e6sta,<br \/>\u00fea\u00f0 mun gagnast \u00fe\u00e9r meira en gull.<br \/> <\/span> <span class=\"ljodatexti\"> <a name=\"12\"><span class=\"versanumer_ljod\">12<\/span><\/a> Safna \u00fe\u00fa g\u00f3\u00f0verkum \u00ed for\u00f0ab\u00far \u00fe\u00edn,<br \/>\u00fea\u00f0 mun bjarga \u00fe\u00e9r fr\u00e1 \u00f6llu illu<br \/>og verja \u00feig gegn \u00f3vinum<br \/> <\/span> <span class=\"ljodatexti\"> <a name=\"13\"><span class=\"versanumer_ljod\">13<\/span><\/a> fremur en sterkur skj\u00f6ldur og stinnt spj\u00f3t. <\/span> <\/p>\n<h3 class=\"millifyrirsogn_2007\">Um a\u00f0 \u00e1byrgjast skuldir annarra<\/h3>\n<p><span class=\"ljodatexti\"> <a name=\"14\"><span class=\"versanumer_ljod\">14<\/span><\/a>G\u00f3\u00f0ur ma\u00f0ur gengur \u00ed \u00e1byrg\u00f0 fyrir n\u00e1unga sinn,<br \/>a\u00f0eins si\u00f0blindur ma\u00f0ur bregst sl\u00edku trausti. <br \/> <\/span> <span class=\"ljodatexti\"> <a name=\"15\"><span class=\"versanumer_ljod\">15<\/span><\/a> Gleym aldrei \u00feakkarskuld vi\u00f0 \u00e1byrg\u00f0armann,<br \/>hann lag\u00f0i sj\u00e1lfan sig \u00ed s\u00f6lur fyrir \u00feig.<br \/> <\/span> <span class=\"ljodatexti\"> <a name=\"16\"><span class=\"versanumer_ljod\">16<\/span><\/a> Syndarinn f\u00e9flettir \u00e1byrg\u00f0armann<br \/> <\/span> <span class=\"ljodatexti\"> <a name=\"17\"><span class=\"versanumer_ljod\">17<\/span><\/a> og bregst van\u00feakkl\u00e1tur \u00feeim er hj\u00e1lpa\u00f0i honum.<br \/> <\/span> <span class=\"ljodatexti\"> <a name=\"18\"><span class=\"versanumer_ljod\">18<\/span><\/a> \u00c1byrg\u00f0 hefur gert marga efnamenn snau\u00f0a <br \/>og hraki\u00f0 \u00fe\u00e1 eins og bylgjur hafsins.<br \/>Au\u00f0menn hefur h\u00fan svipt h\u00fasi,<br \/>fl\u00e6mt \u00fe\u00e1 \u00e1 vergang hj\u00e1 framandi \u00fej\u00f3\u00f0um.<br \/> <\/span> <span class=\"ljodatexti\"> <a name=\"19\"><span class=\"versanumer_ljod\">19<\/span><\/a> Syndarinn, sem tekur ve\u00f0,<br \/>s\u00e6kist eftir gr\u00f3\u00f0a en ver\u00f0ur stefnt fyrir r\u00e9tt.<br \/> <\/span> <span class=\"ljodatexti\"> <a name=\"20\"><span class=\"versanumer_ljod\">20<\/span><\/a> Hj\u00e1lpa \u00fe\u00fa n\u00e1unga \u00fe\u00ednum svo sem efni \u00fe\u00edn leyfa,<br \/>ver g\u00e6tinn svo a\u00f0 \u00fea\u00f0 ver\u00f0i \u00fe\u00e9r ei til falls. <\/span> <\/p>\n<h3 class=\"millifyrirsogn_2007\">Um heimili og gestrisni<\/h3>\n<p><span class=\"ljodatexti\"> <a name=\"21\"><span class=\"versanumer_ljod\">21<\/span><\/a>Frum\u00fearfir l\u00edfsins eru vatn, brau\u00f0 og kl\u00e6\u00f0i <br \/>og h\u00fas sem sk\u00fdlir einkal\u00edfi.<br \/> <\/span> <span class=\"ljodatexti\"> <a name=\"22\"><span class=\"versanumer_ljod\">22<\/span><\/a> Betri er f\u00e1t\u00e6kt undir bj\u00e1lka\u00feaki, \u00fe\u00f3tt hreysi s\u00e9, <br \/>en gl\u00e6stustu veislur \u00ed annarra h\u00fasum.<br \/> <\/span> <span class=\"ljodatexti\"> <a name=\"23\"><span class=\"versanumer_ljod\">23<\/span><\/a> L\u00e1t \u00fe\u00e9r n\u00e6gja \u00fea\u00f0 sem \u00fe\u00fa hefur,<br \/>hvort heldur er l\u00edti\u00f0 e\u00f0a miki\u00f0,<br \/>\u00fe\u00e1 ver\u00f0ur \u00fe\u00e9r ekki hallm\u00e6lt fyrir vergang.<br \/> <\/span> <span class=\"ljodatexti\"> <a name=\"24\"><span class=\"versanumer_ljod\">24<\/span><\/a> \u00dea\u00f0 er ill \u00e6vi a\u00f0 ganga h\u00fas \u00far h\u00fasi,<br \/>\u00fear sem \u00fe\u00fa \u00e1tt eigi heima m\u00e1ttu ekkert segja.<br \/> <\/span> <span class=\"ljodatexti\"> <a name=\"25\"><span class=\"versanumer_ljod\">25<\/span><\/a> \u00dea\u00f0 er ei \u00feakka\u00f0 \u00fe\u00f3tt \u00fe\u00fa berir gestum mat og drykk,<br \/>\u00fe\u00fa ver\u00f0ur auk \u00feess bituryr\u00f0i a\u00f0 bera:<br \/> <\/span> <span class=\"ljodatexti\"> <a name=\"26\"><span class=\"versanumer_ljod\">26<\/span><\/a> \u201eKomdu, f\u00f6ruma\u00f0ur, d\u00faka\u00f0u bor\u00f0i\u00f0.<br \/>Gef m\u00e9r a\u00f0 eta \u00fea\u00f0 sem \u00fe\u00fa ert me\u00f0 \u00ed h\u00f6ndum.<br \/> <\/span> <span class=\"ljodatexti\"> <a name=\"27\"><span class=\"versanumer_ljod\">27<\/span><\/a> \u00dat me\u00f0 \u00feig, f\u00f6ruma\u00f0ur, v\u00edk fyrir \u00fe\u00e9r fremri,<br \/>\u00e9g \u00fearfnast h\u00fass m\u00edns \u00fev\u00ed a\u00f0 br\u00f3\u00f0ir minn er \u00ed heims\u00f3kn.\u201c<br \/> <\/span> <span class=\"ljodatexti\"> <a name=\"28\"><span class=\"versanumer_ljod\">28<\/span><\/a> Fyrirlitning fyrir flakk, last l\u00e1nardrottna,<br \/>hart er \u00fev\u00edl\u00edkt hyggnum manni. <\/span> <\/p>\n","protected":false},"excerpt":{"rendered":"<p>Um l\u00e1n og endurgrei\u00f0slu 1S\u00e1 gerir g\u00f3\u00f0verk sem l\u00e1nar n\u00e1unga s\u00ednum,s\u00e1 er r\u00e9ttir hj\u00e1lparh\u00f6nd heldur bo\u00f0or\u00f0in. 2 L\u00e1na n\u00e1unga \u00fe\u00ednum er hann \u00fearfnast \u00feessog grei\u00f0 honum skuld \u00fe\u00edna \u00e1 gjalddaga. 3 Ver or\u00f0heldinn og \u00e1vinn traust hans,\u00fe\u00e1 munt \u00fe\u00fa \u00e1vallt f\u00e1 \u00fea\u00f0 er \u00fe\u00fa \u00fearfnast. 4 Margur metur l\u00e1n sem fundi\u00f0 f\u00e9og eykur \u00feeim baga sem veittu honum li\u00f0. 5 Hann kyssir h\u00f6nd n\u00e1ungans uns hann f\u00e6r l\u00e1nog talar mj\u00fakl\u00e1tt um efni hans.Hann frestar grei\u00f0slu \u00e1 gjaldd\u00f6gum,kemur me\u00f0 afsakanir einarog ber fyrir sig sl\u00e6ma t\u00edma. 6 Beiti s\u00e1 h\u00f6r\u00f0u er l\u00e1na\u00f0i f\u00e6r hann vart nema helmingog mun telja \u00fea\u00f0 fundi\u00f0 <a href=\"https:\/\/biblian.is\/biblian\/siraksbok-29-kafli\/\"> [&#8230;]<\/a><\/p>\n","protected":false},"author":1,"featured_media":0,"parent":0,"menu_order":0,"comment_status":"open","ping_status":"open","template":"bibliukaflar.php","meta":{"footnotes":""},"class_list":["post-2894","page","type-page","status-publish","hentry"],"_links":{"self":[{"href":"https:\/\/biblian.is\/biblian\/wp-json\/wp\/v2\/pages\/2894","targetHints":{"allow":["GET"]}}],"collection":[{"href":"https:\/\/biblian.is\/biblian\/wp-json\/wp\/v2\/pages"}],"about":[{"href":"https:\/\/biblian.is\/biblian\/wp-json\/wp\/v2\/types\/page"}],"author":[{"embeddable":true,"href":"https:\/\/biblian.is\/biblian\/wp-json\/wp\/v2\/users\/1"}],"replies":[{"embeddable":true,"href":"https:\/\/biblian.is\/biblian\/wp-json\/wp\/v2\/comments?post=2894"}],"version-history":[{"count":0,"href":"https:\/\/biblian.is\/biblian\/wp-json\/wp\/v2\/pages\/2894\/revisions"}],"wp:attachment":[{"href":"https:\/\/biblian.is\/biblian\/wp-json\/wp\/v2\/media?parent=2894"}],"curies":[{"name":"wp","href":"https:\/\/api.w.org\/{rel}","templated":true}]}}