{"id":2893,"date":"2017-12-30T21:05:03","date_gmt":"2017-12-30T21:05:03","guid":{"rendered":"http:\/\/biblian.is\/biblian\/s%c2%92raksb%c2%97k-28-kafli\/"},"modified":"2018-01-22T18:00:57","modified_gmt":"2018-01-22T18:00:57","slug":"siraksbok-28-kafli","status":"publish","type":"page","link":"https:\/\/biblian.is\/biblian\/siraksbok-28-kafli\/","title":{"rendered":"S\u00edraksb\u00f3k 28. kafli"},"content":{"rendered":"<p><span class=\"ljodatexti\"> <a name=\"1\"><span class=\"versanumer_ljod\">1<\/span><\/a>S\u00e1 sem hefnir s\u00edn hl\u00fdtur hefnd af Drottni<br \/>og hann mun hafa allar syndir hans hugfastar.<br \/> <\/span> <span class=\"ljodatexti\"> <a name=\"2\"><span class=\"versanumer_ljod\">2<\/span><\/a> Fyrirgef \u00f6\u00f0rum yfirsj\u00f3nir,<br \/>\u00fe\u00e1 munu \u00fe\u00ednar fyrirgefnar \u00feegar \u00fe\u00fa bi\u00f0ur.<br \/> <\/span> <span class=\"ljodatexti\"> <a name=\"3\"><span class=\"versanumer_ljod\">3<\/span><\/a> Einn ber \u00f3vildarhug til annars,<br \/>hvernig m\u00e1 sl\u00edkur leita l\u00edknar hj\u00e1 Drottni? <br \/> <\/span> <span class=\"ljodatexti\"> <a name=\"4\"><span class=\"versanumer_ljod\">4<\/span><\/a> S\u00e1 er s\u00fdnir s\u00ednum l\u00edkum enga miskunn,<br \/>hvernig m\u00e1 hann bi\u00f0ja fyrirgefningar eigin synda?<br \/> <\/span> <span class=\"ljodatexti\"> <a name=\"5\"><span class=\"versanumer_ljod\">5<\/span><\/a> S\u00e1 sem elur \u00e1 rei\u00f0i og er sj\u00e1lfur dau\u00f0legur ma\u00f0ur,<br \/>hver mun b\u00e6ta fyrir syndir hans?<br \/> <\/span> <span class=\"ljodatexti\"> <a name=\"6\"><span class=\"versanumer_ljod\">6<\/span><\/a> Minnstu \u00e6viloka og l\u00e1t af hatri,<br \/>minnstu hverfulleikans og dau\u00f0ans, haltu bo\u00f0or\u00f0in. <br \/> <\/span> <span class=\"ljodatexti\"> <a name=\"7\"><span class=\"versanumer_ljod\">7<\/span><\/a> Minnstu bo\u00f0or\u00f0anna og hata eigi n\u00e1ungann,<br \/>minnstu s\u00e1ttm\u00e1la Hins h\u00e6sta og tak v\u00e6gt \u00e1 yfirsj\u00f3num. <\/span> <\/p>\n<h3 class=\"millifyrirsogn_2007\">Um illindi og deilur<\/h3>\n<p><span class=\"ljodatexti\"> <a name=\"8\"><span class=\"versanumer_ljod\">8<\/span><\/a>For\u00f0astu illindi og \u00fe\u00fa munt syndga minna<br \/>\u00fev\u00ed a\u00f0 ofsafenginn \u00e6sir upp deilur.<br \/> <\/span> <span class=\"ljodatexti\"> <a name=\"9\"><span class=\"versanumer_ljod\">9<\/span><\/a> Syndugur ma\u00f0ur spillir vin\u00e1ttu<br \/>og vekur upp fjandskap hj\u00e1 fri\u00f0semdarm\u00f6nnum. <br \/> <\/span> <span class=\"ljodatexti\"> <a name=\"10\"><span class=\"versanumer_ljod\">10<\/span><\/a> \u00dev\u00ed meira brenni \u00fev\u00ed meira b\u00e1l,<br \/>\u00fev\u00ed meiri \u00fever\u00fa\u00f0 \u00fev\u00ed heitari deilur.<br \/>\u00dev\u00ed m\u00e1ttugri ma\u00f0ur \u00fev\u00ed \u00f6flugri heift hans<br \/>og ofsi hans vex me\u00f0 auknum au\u00f0i.<br \/> <\/span> <span class=\"ljodatexti\"> <a name=\"11\"><span class=\"versanumer_ljod\">11<\/span><\/a> Br\u00e1\u00f0 rei\u00f0i veldur heiftarb\u00e1li<br \/>og vi\u00f0 br\u00e1\u00f0a\u00e1t\u00f6k ver\u00f0ur bl\u00f3\u00f0i \u00fathellt.<br \/> <\/span> <span class=\"ljodatexti\"> <a name=\"12\"><span class=\"versanumer_ljod\">12<\/span><\/a>Bl\u00e1sir\u00f0u a\u00f0 neista \u00fe\u00e1 funar upp b\u00e1l<br \/>en hann kulnar ef \u00fe\u00fa skyrpir \u00e1 hann;<br \/>hvort um sig kemur \u00fe\u00f3 af sama munni. <\/span> <\/p>\n<h3 class=\"millifyrirsogn_2007\">Um r\u00f3g og slettirekur<\/h3>\n<p><span class=\"ljodatexti\"> <a name=\"13\"><span class=\"versanumer_ljod\">13<\/span><\/a>B\u00f6lva\u00f0ur s\u00e9 r\u00f3gberinn og s\u00e1 sem talar tungum tveim,<br \/>fri\u00f0i margra hefur hann spillt.<br \/> <\/span> <span class=\"ljodatexti\"> <a name=\"14\"><span class=\"versanumer_ljod\">14<\/span><\/a> Fj\u00f6lmarga hafa r\u00f3gberar firrt s\u00e1larr\u00f3,<br \/>hraki\u00f0 \u00fe\u00e1 \u00e1 fl\u00f3tta land \u00far landi.<br \/>V\u00edggirtar borgir hafa \u00feeir lagt a\u00f0 velli<br \/>og h\u00fas h\u00f6f\u00f0ingja fellt \u00ed r\u00fast.<br \/> <\/span> <span class=\"ljodatexti\"> <a name=\"15\"><span class=\"versanumer_ljod\">15<\/span><\/a> Slefberar hafa hraki\u00f0 dyg\u00f0ugar konur a\u00f0 heiman<br \/>og svipt \u00fe\u00e6r \u00e1vexti i\u00f0ju sinnar.<br \/> <\/span> <span class=\"ljodatexti\"> <a name=\"16\"><span class=\"versanumer_ljod\">16<\/span><\/a> Fri\u00f0laus ver\u00f0ur s\u00e1 sem \u00e1 slettireku hl\u00fd\u00f0ir<br \/>og f\u00e6r aldrei seti\u00f0 s\u00e6ll a\u00f0 s\u00ednu.<br \/> <\/span> <span class=\"ljodatexti\"> <a name=\"17\"><span class=\"versanumer_ljod\">17<\/span><\/a> H\u00f6gg af svipu veldur r\u00e1kum<br \/>en h\u00f6gg tungu brj\u00f3ta beinin. <br \/> <\/span> <span class=\"ljodatexti\"> <a name=\"18\"><span class=\"versanumer_ljod\">18<\/span><\/a> Margur hefur falli\u00f0 fyrir sver\u00f0i<br \/>en st\u00f3rum fleiri hefur tungan fellt.<br \/> <\/span> <span class=\"ljodatexti\"> <a name=\"19\"><span class=\"versanumer_ljod\">19<\/span><\/a> S\u00e6ll er s\u00e1 ma\u00f0ur sem hl\u00edft er vi\u00f0 r\u00f3gi<br \/>og hefur hvorki or\u00f0i\u00f0 fyrir \u00e6\u00f0i hans<br \/>n\u00e9 bori\u00f0 ok hans<br \/>og aldrei fj\u00f6trast af l\u00e6\u00f0ingi hans.<br \/> <\/span> <span class=\"ljodatexti\"> <a name=\"20\"><span class=\"versanumer_ljod\">20<\/span><\/a> \u00dev\u00ed a\u00f0 ok r\u00f3gsins er \u00far j\u00e1rni<br \/>og vi\u00f0jar hans af eiri.<br \/> <\/span> <span class=\"ljodatexti\"> <a name=\"21\"><span class=\"versanumer_ljod\">21<\/span><\/a> R\u00f3gur veldur vondum dau\u00f0daga<br \/>og helja er s\u00e6lli en a\u00f0 l\u00ed\u00f0a fyrir hann.<br \/> <\/span> <span class=\"ljodatexti\"> <a name=\"22\"><span class=\"versanumer_ljod\">22<\/span><\/a> R\u00f3gur n\u00e6r gu\u00f0hr\u00e6ddum ekki \u00e1 sitt vald,<br \/>r\u00f3gseldur mun ekki brenna \u00fe\u00e1.<br \/> <\/span> <span class=\"ljodatexti\"> <a name=\"23\"><span class=\"versanumer_ljod\">23<\/span><\/a> F\u00f3rnarl\u00f6mb r\u00f3gsins eru \u00feeir sem v\u00edkja fr\u00e1 Drottni,<br \/>me\u00f0al \u00feeirra brennur r\u00f3gur og slokknar aldrei.<br \/>Honum mun sleppt lausum a\u00f0 \u00feeim eins og lj\u00f3ni,<br \/>l\u00edkur hl\u00e9bar\u00f0a r\u00edfur hann \u00fe\u00e1 \u00ed sig.<br \/> <\/span> <span class=\"ljodatexti\"> <a name=\"24\"><a name=\"25\"><span class=\"versanumer_ljod\">24\/25<\/span><\/a><\/a> \u00de\u00fa gir\u00f0ir eign \u00fe\u00edna \u00feyrniger\u00f0i,<br \/>haf einnig hur\u00f0 og sl\u00e1 fyrir munni \u00fe\u00ednum.<br \/>\u00de\u00fa b\u00fdr\u00f0 tryggilega um silfur og gull,<br \/>veg einnig og met \u00feau or\u00f0 er \u00fe\u00fa m\u00e6lir.<br \/> <\/span> <span class=\"ljodatexti\"> <a name=\"26\"><span class=\"versanumer_ljod\">26<\/span><\/a> G\u00e6t \u00feess a\u00f0 r\u00f3gur valdi \u00fe\u00e9r ei hr\u00f6sun,<br \/>a\u00f0 \u00fe\u00fa fallir ekki frammi fyrir \u00feeim sem situr um \u00feig. <\/span> <\/p>\n","protected":false},"excerpt":{"rendered":"<p>1S\u00e1 sem hefnir s\u00edn hl\u00fdtur hefnd af Drottniog hann mun hafa allar syndir hans hugfastar. 2 Fyrirgef \u00f6\u00f0rum yfirsj\u00f3nir,\u00fe\u00e1 munu \u00fe\u00ednar fyrirgefnar \u00feegar \u00fe\u00fa bi\u00f0ur. 3 Einn ber \u00f3vildarhug til annars,hvernig m\u00e1 sl\u00edkur leita l\u00edknar hj\u00e1 Drottni? 4 S\u00e1 er s\u00fdnir s\u00ednum l\u00edkum enga miskunn,hvernig m\u00e1 hann bi\u00f0ja fyrirgefningar eigin synda? 5 S\u00e1 sem elur \u00e1 rei\u00f0i og er sj\u00e1lfur dau\u00f0legur ma\u00f0ur,hver mun b\u00e6ta fyrir syndir hans? 6 Minnstu \u00e6viloka og l\u00e1t af hatri,minnstu hverfulleikans og dau\u00f0ans, haltu bo\u00f0or\u00f0in. 7 Minnstu bo\u00f0or\u00f0anna og hata eigi n\u00e1ungann,minnstu s\u00e1ttm\u00e1la Hins h\u00e6sta og tak v\u00e6gt \u00e1 yfirsj\u00f3num. Um illindi og deilur 8For\u00f0astu illindi <a href=\"https:\/\/biblian.is\/biblian\/siraksbok-28-kafli\/\"> [&#8230;]<\/a><\/p>\n","protected":false},"author":1,"featured_media":0,"parent":0,"menu_order":0,"comment_status":"open","ping_status":"open","template":"bibliukaflar.php","meta":{"footnotes":""},"class_list":["post-2893","page","type-page","status-publish","hentry"],"_links":{"self":[{"href":"https:\/\/biblian.is\/biblian\/wp-json\/wp\/v2\/pages\/2893","targetHints":{"allow":["GET"]}}],"collection":[{"href":"https:\/\/biblian.is\/biblian\/wp-json\/wp\/v2\/pages"}],"about":[{"href":"https:\/\/biblian.is\/biblian\/wp-json\/wp\/v2\/types\/page"}],"author":[{"embeddable":true,"href":"https:\/\/biblian.is\/biblian\/wp-json\/wp\/v2\/users\/1"}],"replies":[{"embeddable":true,"href":"https:\/\/biblian.is\/biblian\/wp-json\/wp\/v2\/comments?post=2893"}],"version-history":[{"count":0,"href":"https:\/\/biblian.is\/biblian\/wp-json\/wp\/v2\/pages\/2893\/revisions"}],"wp:attachment":[{"href":"https:\/\/biblian.is\/biblian\/wp-json\/wp\/v2\/media?parent=2893"}],"curies":[{"name":"wp","href":"https:\/\/api.w.org\/{rel}","templated":true}]}}