{"id":2892,"date":"2017-12-30T21:05:03","date_gmt":"2017-12-30T21:05:03","guid":{"rendered":"http:\/\/biblian.is\/biblian\/s%c2%92raksb%c2%97k-27-kafli\/"},"modified":"2017-12-30T21:05:05","modified_gmt":"2017-12-30T21:05:05","slug":"siraksbok-27-kafli","status":"publish","type":"page","link":"https:\/\/biblian.is\/biblian\/siraksbok-27-kafli\/","title":{"rendered":"S\u00edraksb\u00f3k 27. kafli"},"content":{"rendered":"<p><span class=\"ljodatexti\"> <a name=\"1\"><span class=\"versanumer_ljod\">1<\/span><\/a>Margan hefur gr\u00f3\u00f0i ginnt til syndar,<br \/>s\u00e1 er au\u00f0i vill safna lokar augum fyrir m\u00f6rgu. <br \/> <\/span> <span class=\"ljodatexti\"> <a name=\"2\"><span class=\"versanumer_ljod\">2<\/span><\/a> L\u00edkt og fleygur er rekinn milli steina<br \/>\u00fer\u00f6ngvar syndin s\u00e9r milli kaupa og s\u00f6lu.<br \/> <\/span> <span class=\"ljodatexti\"> <a name=\"3\"><span class=\"versanumer_ljod\">3<\/span><\/a> S\u00e1 sem eigi i\u00f0kar gu\u00f0s\u00f3tta heils hugar<br \/>s\u00e9r h\u00fas sitt flj\u00f3tt lagt \u00ed r\u00fastir. <\/span> <\/p>\n<h3 class=\"millifyrirsogn_2007\">Af m\u00e1li m\u00e1 manninn \u00feekkja<\/h3>\n<p><span class=\"ljodatexti\"> <a name=\"4\"><span class=\"versanumer_ljod\">4<\/span><\/a>\u00deegar s\u00e1ldi\u00f0 er hrist ver\u00f0ur skarni\u00f0 eftir,<br \/>eins birtast brestir manna vi\u00f0 r\u00f6kr\u00e6\u00f0ur.<br \/> <\/span> <span class=\"ljodatexti\"> <a name=\"5\"><span class=\"versanumer_ljod\">5<\/span><\/a> Leirker eru reynd \u00ed brennsluofni<br \/>en ma\u00f0urinn \u00ed samr\u00e6\u00f0um.<br \/> <\/span> <span class=\"ljodatexti\"> <a name=\"6\"><span class=\"versanumer_ljod\">6<\/span><\/a> \u00c1vextir s\u00fdna hvernig hl\u00fa\u00f0 var a\u00f0 tr\u00e9nu,<br \/>eins m\u00e1 greina innr\u00e6ti manns af or\u00f0um hans. <br \/> <\/span> <span class=\"ljodatexti\"> <a name=\"7\"><span class=\"versanumer_ljod\">7<\/span><\/a> Lofa\u00f0u engan fyrr en \u00fe\u00fa hl\u00fd\u00f0ir \u00e1 m\u00e1l hans<br \/>\u00fev\u00ed a\u00f0 \u00feannig eru menn reyndir. <\/span> <\/p>\n<h3 class=\"millifyrirsogn_2007\">Um hei\u00f0arleika<\/h3>\n<p><span class=\"ljodatexti\"> <a name=\"8\"><span class=\"versanumer_ljod\">8<\/span><\/a>Ef \u00fe\u00fa keppir a\u00f0 r\u00e9ttl\u00e6ti muntu hlj\u00f3ta \u00fea\u00f0<br \/>og \u00edkl\u00e6\u00f0ast \u00fev\u00ed sem vegsemdarskikkju.<br \/> <\/span> <span class=\"ljodatexti\"> <a name=\"9\"><span class=\"versanumer_ljod\">9<\/span><\/a> Fuglar hrei\u00f0ra sig me\u00f0 s\u00ednum l\u00edkum<br \/>og hei\u00f0arleiki leitar \u00feeirra sem i\u00f0ka hann.<br \/> <\/span> <span class=\"ljodatexti\"> <a name=\"10\"><span class=\"versanumer_ljod\">10<\/span><\/a> Lj\u00f3ni\u00f0 situr um br\u00e1\u00f0 s\u00edna<br \/>og syndin um \u00fe\u00e1 sem breyta illa. <\/span> <\/p>\n<h3 class=\"millifyrirsogn_2007\">Um \u00feva\u00f0ur<\/h3>\n<p><span class=\"ljodatexti\"> <a name=\"11\"><span class=\"versanumer_ljod\">11<\/span><\/a>M\u00e1l gu\u00f0hr\u00e6dds manns er \u00e6t\u00ed\u00f0 viska<br \/>en \u00f3skynsamur umhverfist sem m\u00e1ninn.<br \/> <\/span> <span class=\"ljodatexti\"> <a name=\"12\"><span class=\"versanumer_ljod\">12<\/span><\/a> S\u00f3a ei t\u00edma \u00ed heimskingjah\u00f3pi<br \/>en ver \u00f6llum stundum hj\u00e1 hyggindam\u00f6nnum.<br \/> <\/span> <span class=\"ljodatexti\"> <a name=\"13\"><span class=\"versanumer_ljod\">13<\/span><\/a> Fr\u00e1sagnir f\u00e1v\u00edsra ergja mj\u00f6g<br \/>og hinar verstu syndir eru \u00feeim a\u00f0hl\u00e1tursefni.<br \/> <\/span> <span class=\"ljodatexti\"> <a name=\"14\"><span class=\"versanumer_ljod\">14<\/span><\/a> B\u00f6lv \u00feeirra og ragn f\u00e6r h\u00e1rin til a\u00f0 r\u00edsa<br \/>og menn stinga upp \u00ed eyrun er \u00feeir st\u00e6la.<br \/> <\/span> <span class=\"ljodatexti\"> <a name=\"15\"><span class=\"versanumer_ljod\">15<\/span><\/a> Deilur drambsamra enda me\u00f0 \u00fathelltu bl\u00f3\u00f0i<br \/>og karp \u00feeirra er skelfing a\u00f0 heyra. <\/span> <\/p>\n<h3 class=\"millifyrirsogn_2007\">Um a\u00f0 lj\u00f3stra upp leyndarm\u00e1li<\/h3>\n<p><span class=\"ljodatexti\"> <a name=\"16\"><span class=\"versanumer_ljod\">16<\/span><\/a>S\u00e1 er lj\u00f3strar upp leyndarm\u00e1li fyrirgerir trausti,<br \/>n\u00e1inn vin eignast hann aldrei.<br \/> <\/span> <span class=\"ljodatexti\"> <a name=\"17\"><span class=\"versanumer_ljod\">17<\/span><\/a> Elska vin \u00feinn og ver honum tr\u00far.<br \/>En lj\u00f3strir \u00fe\u00fa upp leyndarm\u00e1li hans<br \/>skaltu ei leita samfunda vi\u00f0 hann. <br \/> <\/span> <span class=\"ljodatexti\"> <a name=\"18\"><span class=\"versanumer_ljod\">18<\/span><\/a> \u00dev\u00ed a\u00f0 eins og ma\u00f0ur dey\u00f0ir \u00f3vin sinn,<br \/>\u00feannig hefur \u00fe\u00fa deytt vin\u00e1ttu n\u00e1unga \u00fe\u00edns.<br \/> <\/span> <span class=\"ljodatexti\"> <a name=\"19\"><span class=\"versanumer_ljod\">19<\/span><\/a> L\u00edkt og \u00fe\u00fa slepptir fugli \u00far hendi<br \/>misstir \u00fe\u00fa vin sem \u00fe\u00fa fangar ei framar.<br \/> <\/span> <span class=\"ljodatexti\"> <a name=\"20\"><span class=\"versanumer_ljod\">20<\/span><\/a> Eltu hann ekki \u00fev\u00ed a\u00f0 hann er allur \u00e1 braut,<br \/>hlaupinn \u00e1 brott eins og hind \u00far sn\u00f6ru.<br \/> <\/span> <span class=\"ljodatexti\"> <a name=\"21\"><span class=\"versanumer_ljod\">21<\/span><\/a> Um s\u00e1r m\u00e1 binda og fyrirgefa n\u00ed\u00f0<br \/>en s\u00e1 er lj\u00f3strar upp leyndarm\u00e1li \u00e1 enga von. <\/span> <\/p>\n<h3 class=\"millifyrirsogn_2007\">Um hr\u00e6sni og fl\u00e1r\u00e6\u00f0i<\/h3>\n<p><span class=\"ljodatexti\"> <a name=\"22\"><span class=\"versanumer_ljod\">22<\/span><\/a> S\u00e1 er augum deplar hefur illt \u00ed hyggju, <br \/>s\u00e1 sem \u00feekkir hann heldur sig fjarri honum.<br \/> <\/span> <span class=\"ljodatexti\"> <a name=\"23\"><span class=\"versanumer_ljod\">23<\/span><\/a> Andsp\u00e6nis \u00fe\u00e9r er hann bl\u00ed\u00f0ur \u00ed m\u00e1li<br \/>og d\u00e1ist a\u00f0 \u00f6llu sem \u00fe\u00fa segir.<br \/>S\u00ed\u00f0ar kve\u00f0ur mj\u00f6g vi\u00f0 annan t\u00f3n,<br \/>hann umsn\u00fdr or\u00f0um \u00fe\u00ednum \u00fe\u00e9r til falls.<br \/> <\/span> <span class=\"ljodatexti\"> <a name=\"24\"><span class=\"versanumer_ljod\">24<\/span><\/a> Margt er m\u00e9r andstygg\u00f0 en ekkert sem hann,<br \/>vi\u00f0urstygg\u00f0 er hann \u00ed augum Drottins.<br \/> <\/span> <span class=\"ljodatexti\"> <a name=\"25\"><span class=\"versanumer_ljod\">25<\/span><\/a> Steinn kemur \u00feeim \u00ed koll sem kastar honum beint upp<br \/>og s\u00e1 er sv\u00edkst a\u00f0 \u00f6\u00f0rum s\u00e6rir sj\u00e1lfan sig.<br \/> <\/span> <span class=\"ljodatexti\"> <a name=\"26\"><span class=\"versanumer_ljod\">26<\/span><\/a> S\u00e1 fellur \u00ed gr\u00f6f sem grefur hana, <br \/>s\u00e1 er egnir gildru fangast sj\u00e1lfur.<br \/> <\/span> <span class=\"ljodatexti\"> <a name=\"27\"><span class=\"versanumer_ljod\">27<\/span><\/a> S\u00e1 er gerir illt f\u00e6r illt yfir sig<br \/>\u00e1n \u00feess a\u00f0 skilja hva\u00f0an \u00fea\u00f0 kemur.<br \/> <\/span> <span class=\"ljodatexti\"> <a name=\"28\"><span class=\"versanumer_ljod\">28<\/span><\/a> H\u00e1\u00f0 og spott hendir drambl\u00e1tan,<br \/>hefndin situr um hann l\u00edkt og lj\u00f3n.<br \/> <\/span> <span class=\"ljodatexti\"> <a name=\"29\"><span class=\"versanumer_ljod\">29<\/span><\/a> \u00deeir sem hlakka yfir falli gu\u00f0hr\u00e6ddra fangast \u00ed sn\u00f6ru<br \/>og kv\u00f6l mun t\u00e6ra \u00fe\u00e1 fyrir banad\u00e6gur. <\/span> <\/p>\n<h3 class=\"millifyrirsogn_2007\">Um hefndarhuga<\/h3>\n<p><span class=\"ljodatexti\"> <a name=\"30\"><span class=\"versanumer_ljod\">30<\/span><\/a> Heift og rei\u00f0i eru einnig andstygg\u00f0, <br \/>syndarinn heldur fast vi\u00f0 hvort tveggja. <\/span> <\/p>\n","protected":false},"excerpt":{"rendered":"<p>1Margan hefur gr\u00f3\u00f0i ginnt til syndar,s\u00e1 er au\u00f0i vill safna lokar augum fyrir m\u00f6rgu. 2 L\u00edkt og fleygur er rekinn milli steina\u00fer\u00f6ngvar syndin s\u00e9r milli kaupa og s\u00f6lu. 3 S\u00e1 sem eigi i\u00f0kar gu\u00f0s\u00f3tta heils hugars\u00e9r h\u00fas sitt flj\u00f3tt lagt \u00ed r\u00fastir. Af m\u00e1li m\u00e1 manninn \u00feekkja 4\u00deegar s\u00e1ldi\u00f0 er hrist ver\u00f0ur skarni\u00f0 eftir,eins birtast brestir manna vi\u00f0 r\u00f6kr\u00e6\u00f0ur. 5 Leirker eru reynd \u00ed brennsluofnien ma\u00f0urinn \u00ed samr\u00e6\u00f0um. 6 \u00c1vextir s\u00fdna hvernig hl\u00fa\u00f0 var a\u00f0 tr\u00e9nu,eins m\u00e1 greina innr\u00e6ti manns af or\u00f0um hans. 7 Lofa\u00f0u engan fyrr en \u00fe\u00fa hl\u00fd\u00f0ir \u00e1 m\u00e1l hans\u00fev\u00ed a\u00f0 \u00feannig eru menn reyndir. Um hei\u00f0arleika <a href=\"https:\/\/biblian.is\/biblian\/siraksbok-27-kafli\/\"> [&#8230;]<\/a><\/p>\n","protected":false},"author":1,"featured_media":0,"parent":0,"menu_order":0,"comment_status":"open","ping_status":"open","template":"bibliukaflar.php","meta":{"footnotes":""},"class_list":["post-2892","page","type-page","status-publish","hentry"],"_links":{"self":[{"href":"https:\/\/biblian.is\/biblian\/wp-json\/wp\/v2\/pages\/2892","targetHints":{"allow":["GET"]}}],"collection":[{"href":"https:\/\/biblian.is\/biblian\/wp-json\/wp\/v2\/pages"}],"about":[{"href":"https:\/\/biblian.is\/biblian\/wp-json\/wp\/v2\/types\/page"}],"author":[{"embeddable":true,"href":"https:\/\/biblian.is\/biblian\/wp-json\/wp\/v2\/users\/1"}],"replies":[{"embeddable":true,"href":"https:\/\/biblian.is\/biblian\/wp-json\/wp\/v2\/comments?post=2892"}],"version-history":[{"count":0,"href":"https:\/\/biblian.is\/biblian\/wp-json\/wp\/v2\/pages\/2892\/revisions"}],"wp:attachment":[{"href":"https:\/\/biblian.is\/biblian\/wp-json\/wp\/v2\/media?parent=2892"}],"curies":[{"name":"wp","href":"https:\/\/api.w.org\/{rel}","templated":true}]}}