{"id":2891,"date":"2017-12-30T21:05:03","date_gmt":"2017-12-30T21:05:03","guid":{"rendered":"http:\/\/biblian.is\/biblian\/s%c2%92raksb%c2%97k-26-kafli\/"},"modified":"2018-01-20T21:10:45","modified_gmt":"2018-01-20T21:10:45","slug":"siraksbok-26-kafli","status":"publish","type":"page","link":"https:\/\/biblian.is\/biblian\/siraksbok-26-kafli\/","title":{"rendered":"S\u00edraksb\u00f3k 26. kafli"},"content":{"rendered":"<p><span class=\"ljodatexti\"> <a name=\"1\"><span class=\"versanumer_ljod\">1<\/span><\/a>S\u00e6ll er s\u00e1 ma\u00f0ur sem \u00e1 g\u00f3\u00f0a konu, <br \/>tala daga hans mun tv\u00f6faldast.<br \/> <\/span> <span class=\"ljodatexti\"> <a name=\"2\"><span class=\"versanumer_ljod\">2<\/span><\/a> Dugandi kona gle\u00f0ur mann sinn<br \/>og hann n\u00fdtur fri\u00f0ar til \u00e6viloka.<br \/> <\/span> <span class=\"ljodatexti\"> <a name=\"3\"><span class=\"versanumer_ljod\">3<\/span><\/a> G\u00f3\u00f0 kona er g\u00f3\u00f0 gj\u00f6f,<br \/>h\u00fan mun gefin \u00feeim sem \u00f3ttast Drottin.<br \/> <\/span> <span class=\"ljodatexti\"> <a name=\"4\"><span class=\"versanumer_ljod\">4<\/span><\/a> Hvort sem hann er r\u00edkur e\u00f0a snau\u00f0ur gle\u00f0st hann \u00ed hjarta,<br \/>er h\u00fdr \u00ed brag\u00f0i \u00f6llum stundum.<br \/> <\/span> <span class=\"ljodatexti\"> <a name=\"5\"><span class=\"versanumer_ljod\">5<\/span><\/a> \u00derennt hr\u00e6\u00f0ist hjarta mitt<br \/>og af hinu fj\u00f3r\u00f0a stendur m\u00e9r \u00f3gn:<br \/>\u00f3hr\u00f3\u00f0ur \u00ed borginni, m\u00fagsamkomur,<br \/>lognar \u00e1k\u00e6rur, allt er \u00fea\u00f0 dau\u00f0anum verra.<br \/> <\/span> <span class=\"ljodatexti\"> <a name=\"6\"><span class=\"versanumer_ljod\">6<\/span><\/a> En afbr\u00fd\u00f0i konu vekur angur og sorg,<br \/>s\u00e6randi or\u00f0 hennar dynja \u00e1 \u00f6llum.<br \/> <\/span> <span class=\"ljodatexti\"> <a name=\"7\"><span class=\"versanumer_ljod\">7<\/span><\/a> \u00deungt ok er ill kona,<br \/>s\u00e1 er vill hemja hana handleikur spor\u00f0dreka.<br \/> <\/span> <span class=\"ljodatexti\"> <a name=\"8\"><span class=\"versanumer_ljod\">8<\/span><\/a> Ofsa veldur \u00f6l\u00f3\u00f0 kona,<br \/>h\u00fan hylur ekki hneisu s\u00edna.<br \/> <\/span> <span class=\"ljodatexti\"> <a name=\"9\"><span class=\"versanumer_ljod\">9<\/span><\/a> H\u00f3rkonu m\u00e1 \u00feekkja \u00e1 uppliti augna<br \/>og \u00e1 \u00fev\u00ed hvernig h\u00fan skotrar augum.<br \/> <\/span> <span class=\"ljodatexti\"> <a name=\"10\"><span class=\"versanumer_ljod\">10<\/span><\/a> Haf strangar g\u00e6tur \u00e1 \u00f3st\u00fdril\u00e1tri d\u00f3ttur<br \/>svo a\u00f0 h\u00fan f\u00e1i ei f\u00e6ri \u00e1 a\u00f0 fara s\u00ednu fram. <br \/> <\/span> <span class=\"ljodatexti\"> <a name=\"11\"><span class=\"versanumer_ljod\">11<\/span><\/a> G\u00e6t vel a\u00f0 ef h\u00fan er hortug \u00ed tilliti,<br \/>undrast eigi ef h\u00fan br\u00fdtur gegn \u00fe\u00e9r.<br \/> <\/span> <span class=\"ljodatexti\"> <a name=\"12\"><span class=\"versanumer_ljod\">12<\/span><\/a> Eins og \u00feyrstur fer\u00f0alangur l\u00fdkur upp munni<br \/>og teygar \u00fea\u00f0 vatn sem hann finnur fyrst<br \/>mun h\u00fan setjast vi\u00f0 s\u00e9rhvern tjaldh\u00e6l<br \/>og opna \u00f6rvam\u00e6li sinn fyrir hverri \u00f6r.<br \/> <\/span> <span class=\"ljodatexti\"> <a name=\"13\"><span class=\"versanumer_ljod\">13<\/span><\/a> \u00deokki konu er eiginmanni yndi,<br \/>greind hennar eykur honum \u00fer\u00f3tt.<br \/> <\/span> <span class=\"ljodatexti\"> <a name=\"14\"><span class=\"versanumer_ljod\">14<\/span><\/a> F\u00e1m\u00e1lug kona er gj\u00f6f fr\u00e1 Gu\u00f0i,<br \/>engu m\u00e1 jafna vi\u00f0 sj\u00e1lfsstj\u00f3rn hennar.<br \/> <\/span> <span class=\"ljodatexti\"> <a name=\"15\"><span class=\"versanumer_ljod\">15<\/span><\/a> H\u00e6versk kona er g\u00e6dd \u00e6\u00f0sta \u00feokka,<br \/>ekkert jafnast \u00e1 vi\u00f0 si\u00f0sama s\u00e1l.<br \/> <\/span> <span class=\"ljodatexti\"> <a name=\"16\"><span class=\"versanumer_ljod\">16<\/span><\/a> L\u00edk s\u00f3linni er r\u00eds \u00e1 upphimni Drottins<br \/>er fegur\u00f0 g\u00f3\u00f0rar konu sem hl\u00fair a\u00f0 heimili s\u00ednu.<br \/> <\/span> <span class=\"ljodatexti\"> <a name=\"17\"><span class=\"versanumer_ljod\">17<\/span><\/a> L\u00edkt og lj\u00f3mi \u00e1 lj\u00f3sastikunni helgu <br \/>fer fr\u00edtt andlit vi\u00f0 fagran v\u00f6xt.<br \/> <\/span> <span class=\"ljodatexti\"> <a name=\"18\"><span class=\"versanumer_ljod\">18<\/span><\/a> L\u00edkir gulls\u00falum \u00e1 silfurgrunni<br \/>eru fagrir leggir \u00e1 styrkum \u00f6kklum.<br \/> <\/span> <span class=\"ljodatexti\"> <a name=\"19\"><span class=\"versanumer_ljod\">19<\/span><\/a> [Barni\u00f0 mitt, haltu \u00e6skubl\u00f3ma \u00fe\u00ednum ferskum,<br \/>gef framandi ekki styrk \u00feinn.<br \/> <\/span> <span class=\"ljodatexti\"> <a name=\"20\"><span class=\"versanumer_ljod\">20<\/span><\/a> Kanna akurinn allan, leita frj\u00f3sams hluta<br \/>og s\u00e1\u00f0u \u00fear eigin s\u00e6\u00f0i \u00ed trausti \u00e1 \u00e6ttg\u00f6fgi \u00feinni.<br \/> <\/span> <span class=\"ljodatexti\"> <a name=\"21\"><span class=\"versanumer_ljod\">21<\/span><\/a> \u00de\u00e1 munu ni\u00f0jar \u00fe\u00ednir lifa og \u00feeim vel farnast<br \/>og \u00feeir eflast sakir trausts \u00e1 g\u00f3\u00f0um uppruna s\u00ednum.<br \/> <\/span> <span class=\"ljodatexti\"> <a name=\"22\"><span class=\"versanumer_ljod\">22<\/span><\/a> Gle\u00f0ikonu m\u00e1 jafna vi\u00f0 hr\u00e1ka<br \/>og giftri konu vi\u00f0 aft\u00f6kusta\u00f0 elskhuga sinna.<br \/> <\/span> <span class=\"ljodatexti\"> <a name=\"23\"><span class=\"versanumer_ljod\">23<\/span><\/a> Gu\u00f0laus kona ver\u00f0ur rangl\u00e1tum gefin<br \/>en gu\u00f0hr\u00e6dd kona hl\u00fdtur \u00feann sem \u00f3ttast Drottin.<br \/> <\/span> <span class=\"ljodatexti\"> <a name=\"24\"><span class=\"versanumer_ljod\">24<\/span><\/a> \u00d3skammfeilin kona breytir st\u00f6\u00f0ugt sm\u00e1narlega<br \/>en si\u00f0pr\u00fa\u00f0 kona er jafnvel blyg\u00f0unarfull frammi fyrir manni s\u00ednum. <br \/> <\/span> <span class=\"ljodatexti\"> <a name=\"25\"><span class=\"versanumer_ljod\">25<\/span><\/a> \u00der\u00e1rri konu m\u00e1 jafna vi\u00f0 t\u00edk <br \/>en si\u00f0pr\u00fa\u00f0 kona \u00f3ttast Drottin. <br \/> <\/span> <span class=\"ljodatexti\"> <a name=\"26\"><span class=\"versanumer_ljod\">26<\/span><\/a> Kona, sem vir\u00f0ir mann sinn, <br \/>\u00feykir \u00f6llum vitur <br \/>en kona, sem vanvir\u00f0ir mann sinn, <br \/>mun \u00f6llum finnast hrokafull og gu\u00f0laus. <br \/>S\u00e6ll er s\u00e1 sem hl\u00fdtur g\u00f3\u00f0a konu <br \/>\u00fev\u00ed a\u00f0 tala \u00e1ra hans mun tv\u00f6faldast. <br \/> <\/span> <span class=\"ljodatexti\"> <a name=\"27\"><span class=\"versanumer_ljod\">27<\/span><\/a> H\u00e1v\u00e6r og tannhv\u00f6ss kona er l\u00edkust herbl\u00e6stri <br \/>og s\u00e9rhver s\u00e1 sem sl\u00edka \u00e1 heyr st\u00f6\u00f0ugan \u00f3fri\u00f0.] <span class=\"nedan_mal\" title=\" Vantar \u00ed sum handrit.\">[<\/span> <\/p>\n<h3 class=\"millifyrirsogn_2007\">Dapurleg umhugsunarefni<\/h3>\n<p><span class=\"ljodatexti\"> <a name=\"28\"><span class=\"versanumer_ljod\">28<\/span><\/a> Tvennt er \u00fea\u00f0 sem hjarta mitt hryggir<br \/>og hi\u00f0 \u00feri\u00f0ja veldur m\u00e9r rei\u00f0i: <br \/>herma\u00f0ur, sem l\u00ed\u00f0ur fyrir f\u00e1t\u00e6kt,<br \/>greindir menn, sem ger\u00f0 er hneisa,<br \/>og r\u00e9ttl\u00e1tur ma\u00f0ur er gengur syndinni \u00e1 h\u00f6nd,<br \/>Drottinn \u00e6tlar honum hegningarsver\u00f0.<br \/> <\/span> <span class=\"ljodatexti\"> <a name=\"29\"><span class=\"versanumer_ljod\">29<\/span><\/a> Vart mun kaupma\u00f0ur komast hj\u00e1 \u00e1vir\u00f0ingum<br \/>n\u00e9 mangari hj\u00e1 misgj\u00f6r\u00f0um. <\/span> <\/p>\n","protected":false},"excerpt":{"rendered":"<p>1S\u00e6ll er s\u00e1 ma\u00f0ur sem \u00e1 g\u00f3\u00f0a konu, tala daga hans mun tv\u00f6faldast. 2 Dugandi kona gle\u00f0ur mann sinnog hann n\u00fdtur fri\u00f0ar til \u00e6viloka. 3 G\u00f3\u00f0 kona er g\u00f3\u00f0 gj\u00f6f,h\u00fan mun gefin \u00feeim sem \u00f3ttast Drottin. 4 Hvort sem hann er r\u00edkur e\u00f0a snau\u00f0ur gle\u00f0st hann \u00ed hjarta,er h\u00fdr \u00ed brag\u00f0i \u00f6llum stundum. 5 \u00derennt hr\u00e6\u00f0ist hjarta mittog af hinu fj\u00f3r\u00f0a stendur m\u00e9r \u00f3gn:\u00f3hr\u00f3\u00f0ur \u00ed borginni, m\u00fagsamkomur,lognar \u00e1k\u00e6rur, allt er \u00fea\u00f0 dau\u00f0anum verra. 6 En afbr\u00fd\u00f0i konu vekur angur og sorg,s\u00e6randi or\u00f0 hennar dynja \u00e1 \u00f6llum. 7 \u00deungt ok er ill kona,s\u00e1 er vill hemja hana handleikur spor\u00f0dreka. 8 Ofsa <a href=\"https:\/\/biblian.is\/biblian\/siraksbok-26-kafli\/\"> [&#8230;]<\/a><\/p>\n","protected":false},"author":1,"featured_media":0,"parent":0,"menu_order":0,"comment_status":"open","ping_status":"open","template":"bibliukaflar.php","meta":{"footnotes":""},"class_list":["post-2891","page","type-page","status-publish","hentry"],"_links":{"self":[{"href":"https:\/\/biblian.is\/biblian\/wp-json\/wp\/v2\/pages\/2891","targetHints":{"allow":["GET"]}}],"collection":[{"href":"https:\/\/biblian.is\/biblian\/wp-json\/wp\/v2\/pages"}],"about":[{"href":"https:\/\/biblian.is\/biblian\/wp-json\/wp\/v2\/types\/page"}],"author":[{"embeddable":true,"href":"https:\/\/biblian.is\/biblian\/wp-json\/wp\/v2\/users\/1"}],"replies":[{"embeddable":true,"href":"https:\/\/biblian.is\/biblian\/wp-json\/wp\/v2\/comments?post=2891"}],"version-history":[{"count":0,"href":"https:\/\/biblian.is\/biblian\/wp-json\/wp\/v2\/pages\/2891\/revisions"}],"wp:attachment":[{"href":"https:\/\/biblian.is\/biblian\/wp-json\/wp\/v2\/media?parent=2891"}],"curies":[{"name":"wp","href":"https:\/\/api.w.org\/{rel}","templated":true}]}}