{"id":2890,"date":"2017-12-30T21:05:03","date_gmt":"2017-12-30T21:05:03","guid":{"rendered":"http:\/\/biblian.is\/biblian\/s%c2%92raksb%c2%97k-25-kafli\/"},"modified":"2017-12-30T21:05:05","modified_gmt":"2017-12-30T21:05:05","slug":"siraksbok-25-kafli","status":"publish","type":"page","link":"https:\/\/biblian.is\/biblian\/siraksbok-25-kafli\/","title":{"rendered":"S\u00edraksb\u00f3k 25. kafli"},"content":{"rendered":"<h3 class=\"millifyrirsogn_2007\"> \u00deeir sem eiga lof skili\u00f0<\/h3>\n<p><span class=\"ljodatexti\"> <a name=\"1\"><span class=\"versanumer_ljod\">1<\/span><\/a>\u00derennt er \u00fea\u00f0 sem \u00e9g hef yndi af<br \/>og \u00fea\u00f0 er fagurt \u00ed augum Gu\u00f0s og manna:<br \/>samlyndi br\u00e6\u00f0ra, vinfengi granna <br \/>og hj\u00f3n sem lifa saman \u00ed eindr\u00e6gni.<br \/> <\/span> <span class=\"ljodatexti\"> <a name=\"2\"><span class=\"versanumer_ljod\">2<\/span><\/a> \u00derj\u00e1 h\u00f3pa manna hata \u00e9g<br \/>og hef hreinustu andstygg\u00f0 \u00e1 h\u00e1tterni \u00feeirra:<br \/>drembinn f\u00e1t\u00e6klingur, lyginn au\u00f0ma\u00f0ur<br \/>og gamall heimskingi sem dr\u00fdgir h\u00f3r.<br \/> <\/span> <span class=\"ljodatexti\"> <a name=\"3\"><span class=\"versanumer_ljod\">3<\/span><\/a> Hafir \u00fe\u00fa ekkert lagt fyrir \u00ed \u00e6sku,<br \/>hva\u00f0 mun \u00fe\u00e9r \u00fe\u00e1 hlotnast aldurhnignum?<br \/> <\/span> <span class=\"ljodatexti\"> <a name=\"4\"><span class=\"versanumer_ljod\">4<\/span><\/a> D\u00f3mgreind fer vel gr\u00e1um h\u00e1rum<br \/>og r\u00e1\u00f0hyggni rosknum m\u00f6nnum.<br \/> <\/span> <span class=\"ljodatexti\"> <a name=\"5\"><span class=\"versanumer_ljod\">5<\/span><\/a> Spekin er \u00f6ldru\u00f0um m\u00f6nnum pr\u00fd\u00f0i,<br \/>hyggindi og r\u00e1\u00f0snilld vir\u00f0ingarm\u00f6nnum.<br \/> <\/span> <span class=\"ljodatexti\"> <a name=\"6\"><span class=\"versanumer_ljod\">6<\/span><\/a> \u00d6ldungum er reynslan hei\u00f0urssveigur<br \/>en \u00f3tti Drottins vegsemd \u00feeirra.<br \/> <\/span> <span class=\"ljodatexti\"> <a name=\"7\"><span class=\"versanumer_ljod\">7<\/span><\/a> Me\u00f0 sj\u00e1lfum m\u00e9r tel \u00e9g n\u00edu h\u00f3pa manna s\u00e6la,<br \/>fr\u00e1 hinum t\u00edunda mun tunga m\u00edn greina:<br \/>S\u00e1 ma\u00f0ur sem b\u00f6rn hans gle\u00f0ja<br \/>og s\u00e1 sem lifir fall fjandmanna.<br \/> <\/span> <span class=\"ljodatexti\"> <a name=\"8\"><span class=\"versanumer_ljod\">8<\/span><\/a> S\u00e6ll er s\u00e1 sem b\u00fdr me\u00f0 hygginni konu,<br \/>s\u00e1 sem aldrei var\u00f0 \u00e1 \u00ed or\u00f0i,<br \/>s\u00e1 sem ei \u00fej\u00f3na\u00f0i s\u00e9r minni manni.<br \/> <\/span> <span class=\"ljodatexti\"> <a name=\"9\"><span class=\"versanumer_ljod\">9<\/span><\/a> S\u00e6ll er s\u00e1 sem hyggindi hlaut,<br \/>s\u00e1 sem hl\u00fdtt er \u00e1 me\u00f0 athygli.<br \/> <\/span> <span class=\"ljodatexti\"> <a name=\"10\"><span class=\"versanumer_ljod\">10<\/span><\/a> Hversu mikill er s\u00e1 sem spekina fann<br \/>en enginn er fremri \u00feeim sem \u00f3ttast Drottin.<br \/> <\/span> <span class=\"ljodatexti\"> <a name=\"11\"><span class=\"versanumer_ljod\">11<\/span><\/a> \u00d3tti Drottins er \u00e6\u00f0ri \u00f6llu \u00f6\u00f0ru,<br \/>vi\u00f0 hvern f\u00e6r s\u00e1 jafnast er ber hann \u00ed brj\u00f3sti?<br \/> <\/span> <span class=\"ljodatexti\"> <a name=\"12\"><span class=\"versanumer_ljod\">12<\/span><\/a> Gu\u00f0s\u00f3tti er upphaf \u00e1star \u00e1 Drottni<br \/>og tr\u00fa upphaf \u00feess a\u00f0 halda sig a\u00f0 honum. <span class=\"nedan_mal\" title=\" \u00deannig \u00ed \u00fdmsum handritum.\">[<\/span> <\/p>\n<h3 class=\"millifyrirsogn_2007\">Um konur<\/h3>\n<p><span class=\"ljodatexti\"> <a name=\"13\"><span class=\"versanumer_ljod\">13<\/span><\/a>Ekkert jafnast \u00e1 vi\u00f0 s\u00e1r \u00e1 hjarta<br \/>og engin illska \u00e1 vi\u00f0 illsku konu.<br \/> <\/span> <span class=\"ljodatexti\"> <a name=\"14\"><span class=\"versanumer_ljod\">14<\/span><\/a> Engin \u00f3g\u00e6fa jafnast \u00e1 vi\u00f0 \u00fe\u00e1 sem hatursmenn valda<br \/>og engin hegning \u00e1 vi\u00f0 hegningu fjandmanna.<br \/> <\/span> <span class=\"ljodatexti\"> <a name=\"15\"><span class=\"versanumer_ljod\">15<\/span><\/a> Ekkert h\u00f6fu\u00f0 er sk\u00e6\u00f0ara h\u00f6ggormsh\u00f6f\u00f0i,<br \/>engin heift brennur heitar en heift konu.<br \/> <\/span> <span class=\"ljodatexti\"> <a name=\"16\"><span class=\"versanumer_ljod\">16<\/span><\/a> Fremur vil \u00e9g b\u00faa hj\u00e1 lj\u00f3ni og dreka<br \/>en me\u00f0 illri konu. <br \/> <\/span> <span class=\"ljodatexti\"> <a name=\"17\"><span class=\"versanumer_ljod\">17<\/span><\/a> Illska konu afmyndar \u00e1s\u00fdnd hennar,<br \/>sem birna ver\u00f0ur h\u00fan bl\u00f6kk \u00ed framan.<br \/> <\/span> <span class=\"ljodatexti\"> <a name=\"18\"><span class=\"versanumer_ljod\">18<\/span><\/a> Er ma\u00f0ur hennar situr \u00ed grannah\u00f3pi<br \/>stynur hann \u00feungan \u00f3sj\u00e1lfr\u00e1tt.<br \/> <\/span> <span class=\"ljodatexti\"> <a name=\"19\"><span class=\"versanumer_ljod\">19<\/span><\/a> Allt illt eru sm\u00e1munir hj\u00e1 illsku konu,<br \/>megi h\u00fan hreppa hlutskipti syndara.<br \/> <\/span> <span class=\"ljodatexti\"> <a name=\"20\"><span class=\"versanumer_ljod\">20<\/span><\/a> Eins og sandskri\u00f0a fyrir \u00f6ldungsf\u00e6ti<br \/>er m\u00e1lug kona h\u00f3gl\u00e1tum manni.<br \/> <\/span> <span class=\"ljodatexti\"> <a name=\"21\"><span class=\"versanumer_ljod\">21<\/span><\/a> Eigi skaltu falla fyrir fr\u00ed\u00f0leik konu<br \/>n\u00e9 girnast a\u00f0 hafa gle\u00f0i af henni.<br \/> <\/span> <span class=\"ljodatexti\"> <a name=\"22\"><span class=\"versanumer_ljod\">22<\/span><\/a> Rei\u00f0ik\u00f6st, frekja og au\u00f0m\u00fdking mikil<br \/>bitnar \u00e1 \u00feeim manni sem kona s\u00e9r fyrir.<br \/> <\/span> <span class=\"ljodatexti\"> <a name=\"23\"><span class=\"versanumer_ljod\">23<\/span><\/a> Deigum hug og dimmum svip<br \/>og s\u00e1ru hjarta veldur vond kona.<br \/>M\u00e1ttlausar ver\u00f0a hendur og magnvana kn\u00e9<br \/>\u00feess manns sem kona gerir \u00f3hamingjusaman.<br \/> <\/span> <span class=\"ljodatexti\"> <a name=\"24\"><span class=\"versanumer_ljod\">24<\/span><\/a> Til konu \u00e1 syndin r\u00f3t s\u00edna a\u00f0 rekja,<br \/>hennar vegna deyjum v\u00e9r allir. <br \/> <\/span> <span class=\"ljodatexti\"> <a name=\"25\"><span class=\"versanumer_ljod\">25<\/span><\/a> L\u00e1t vatni\u00f0 ei f\u00e1 \u00fatr\u00e1s,<br \/>n\u00e9 leyf illri konu a\u00f0 vera or\u00f0dj\u00f6rf.<br \/> <\/span> <span class=\"ljodatexti\"> <a name=\"26\"><span class=\"versanumer_ljod\">26<\/span><\/a> Ef h\u00fan er \u00fe\u00e9r ekki samstiga<br \/>\u00fe\u00e1 skaltu skilja vi\u00f0 hana. <\/span> <\/p>\n","protected":false},"excerpt":{"rendered":"<p>\u00deeir sem eiga lof skili\u00f0 1\u00derennt er \u00fea\u00f0 sem \u00e9g hef yndi afog \u00fea\u00f0 er fagurt \u00ed augum Gu\u00f0s og manna:samlyndi br\u00e6\u00f0ra, vinfengi granna og hj\u00f3n sem lifa saman \u00ed eindr\u00e6gni. 2 \u00derj\u00e1 h\u00f3pa manna hata \u00e9gog hef hreinustu andstygg\u00f0 \u00e1 h\u00e1tterni \u00feeirra:drembinn f\u00e1t\u00e6klingur, lyginn au\u00f0ma\u00f0urog gamall heimskingi sem dr\u00fdgir h\u00f3r. 3 Hafir \u00fe\u00fa ekkert lagt fyrir \u00ed \u00e6sku,hva\u00f0 mun \u00fe\u00e9r \u00fe\u00e1 hlotnast aldurhnignum? 4 D\u00f3mgreind fer vel gr\u00e1um h\u00e1rumog r\u00e1\u00f0hyggni rosknum m\u00f6nnum. 5 Spekin er \u00f6ldru\u00f0um m\u00f6nnum pr\u00fd\u00f0i,hyggindi og r\u00e1\u00f0snilld vir\u00f0ingarm\u00f6nnum. 6 \u00d6ldungum er reynslan hei\u00f0urssveiguren \u00f3tti Drottins vegsemd \u00feeirra. 7 Me\u00f0 sj\u00e1lfum m\u00e9r tel \u00e9g n\u00edu h\u00f3pa manna <a href=\"https:\/\/biblian.is\/biblian\/siraksbok-25-kafli\/\"> [&#8230;]<\/a><\/p>\n","protected":false},"author":1,"featured_media":0,"parent":0,"menu_order":0,"comment_status":"open","ping_status":"open","template":"bibliukaflar.php","meta":{"footnotes":""},"class_list":["post-2890","page","type-page","status-publish","hentry"],"_links":{"self":[{"href":"https:\/\/biblian.is\/biblian\/wp-json\/wp\/v2\/pages\/2890","targetHints":{"allow":["GET"]}}],"collection":[{"href":"https:\/\/biblian.is\/biblian\/wp-json\/wp\/v2\/pages"}],"about":[{"href":"https:\/\/biblian.is\/biblian\/wp-json\/wp\/v2\/types\/page"}],"author":[{"embeddable":true,"href":"https:\/\/biblian.is\/biblian\/wp-json\/wp\/v2\/users\/1"}],"replies":[{"embeddable":true,"href":"https:\/\/biblian.is\/biblian\/wp-json\/wp\/v2\/comments?post=2890"}],"version-history":[{"count":0,"href":"https:\/\/biblian.is\/biblian\/wp-json\/wp\/v2\/pages\/2890\/revisions"}],"wp:attachment":[{"href":"https:\/\/biblian.is\/biblian\/wp-json\/wp\/v2\/media?parent=2890"}],"curies":[{"name":"wp","href":"https:\/\/api.w.org\/{rel}","templated":true}]}}