{"id":2889,"date":"2017-12-30T21:05:03","date_gmt":"2017-12-30T21:05:03","guid":{"rendered":"http:\/\/biblian.is\/biblian\/s%c2%92raksb%c2%97k-24-kafli\/"},"modified":"2017-12-30T21:05:05","modified_gmt":"2017-12-30T21:05:05","slug":"siraksbok-24-kafli","status":"publish","type":"page","link":"https:\/\/biblian.is\/biblian\/siraksbok-24-kafli\/","title":{"rendered":"S\u00edraksb\u00f3k 24. kafli"},"content":{"rendered":"<h3 class=\"millifyrirsogn_2007\"> Spekin lofar sig<\/h3>\n<p><span class=\"ljodatexti\"> <a name=\"1\"><span class=\"versanumer_ljod\">1<\/span><\/a>Spekin lofar sj\u00e1lfa sig, <br \/>vegsamar sig me\u00f0al l\u00fd\u00f0s s\u00edns. <br \/> <\/span> <span class=\"ljodatexti\"> <a name=\"2\"><span class=\"versanumer_ljod\">2<\/span><\/a> H\u00fan l\u00fdkur upp munni \u00ed s\u00f6fnu\u00f0i Hins h\u00e6sta,<br \/>hr\u00f3sar s\u00e9r frammi fyrir hersk\u00f6rum hans: <br \/> <\/span> <span class=\"ljodatexti\"> <a name=\"3\"><span class=\"versanumer_ljod\">3<\/span><\/a> \u201e\u00c9g gekk fram af munni Hins h\u00e6sta, <br \/>\u00feakti j\u00f6r\u00f0ina l\u00edkt og mistur.<br \/> <\/span> <span class=\"ljodatexti\"> <a name=\"4\"><span class=\"versanumer_ljod\">4<\/span><\/a> \u00c9g t\u00f3k m\u00e9r b\u00fasta\u00f0 \u00ed h\u00e6stu h\u00e6\u00f0um<br \/>og h\u00e1s\u00e6ti mitt hv\u00edlir \u00e1 sk\u00fdjast\u00f3lpa. <br \/> <\/span> <span class=\"ljodatexti\"> <a name=\"5\"><span class=\"versanumer_ljod\">5<\/span><\/a> \u00c9g f\u00f3r ein um hvelfingu himins<br \/>og um undirdj\u00fapin f\u00f3r \u00e9g einnig.<br \/> <\/span> <span class=\"ljodatexti\"> <a name=\"6\"><span class=\"versanumer_ljod\">6<\/span><\/a> Yfir bylgjum hafsins og j\u00f6r\u00f0u allri,<br \/>me\u00f0al allra l\u00fd\u00f0a og \u00fej\u00f3\u00f0a hlaut \u00e9g v\u00f6ld.<br \/> <\/span> <span class=\"ljodatexti\"> <a name=\"7\"><span class=\"versanumer_ljod\">7<\/span><\/a> Hj\u00e1 \u00feeim \u00f6llum leita\u00f0i \u00e9g m\u00e9r hv\u00edldarsta\u00f0ar,<br \/>\u00ed arfleif\u00f0 hvers mundi \u00e9g dvalarsta\u00f0 hlj\u00f3ta?<br \/> <\/span> <span class=\"ljodatexti\"> <a name=\"8\"><span class=\"versanumer_ljod\">8<\/span><\/a> \u00de\u00e1 bau\u00f0 m\u00e9r s\u00e1 sem allt hefur skapa\u00f0,<br \/>skapari minn valdi tjaldi m\u00ednu sta\u00f0.<br \/>Hann sag\u00f0i: \u201e\u00cd landi Jakobs skaltu setja upp b\u00fa\u00f0ir<br \/>og eignast arfleif\u00f0 hj\u00e1 \u00cdsraelsm\u00f6nnum.\u201c <br \/> <\/span> <span class=\"ljodatexti\"> <a name=\"9\"><span class=\"versanumer_ljod\">9<\/span><\/a> \u00cd eil\u00edf\u00f0inni, fyrir upphaf t\u00edma, sk\u00f3p hann mig,<br \/>um eil\u00edf\u00f0 mun \u00e9g einnig vara.<br \/> <\/span> <span class=\"ljodatexti\"> <a name=\"10\"><span class=\"versanumer_ljod\">10<\/span><\/a> \u00c9g \u00fej\u00f3na\u00f0i Drottni \u00ed helgri tjaldb\u00fa\u00f0, <br \/>settist s\u00ed\u00f0an a\u00f0 \u00e1 S\u00edon.<br \/> <\/span> <span class=\"ljodatexti\"> <a name=\"11\"><span class=\"versanumer_ljod\">11<\/span><\/a> \u00cd borginni, sem hann elskar, f\u00e9kk hann m\u00e9r b\u00fasta\u00f0,<br \/>\u00ed Jer\u00fasalem hef \u00e9g v\u00f6ld.<br \/> <\/span> <span class=\"ljodatexti\"> <a name=\"12\"><span class=\"versanumer_ljod\">12<\/span><\/a> \u00c9g festi r\u00e6tur hj\u00e1 fr\u00e6gri \u00fej\u00f3\u00f0<br \/>og hlaut eign \u00ed arfleif\u00f0 Drottins.<br \/> <\/span> <span class=\"ljodatexti\"> <a name=\"13\"><span class=\"versanumer_ljod\">13<\/span><\/a> \u00c9g \u00f3x upp sem sedrusvi\u00f0ur \u00e1 L\u00edbanon, <br \/>eins og k\u00fdprustr\u00e9 \u00e1 Hermonfjalli.<br \/> <\/span> <span class=\"ljodatexti\"> <a name=\"14\"><span class=\"versanumer_ljod\">14<\/span><\/a> \u00c9g h\u00e6kka\u00f0i eins og p\u00e1lmi \u00ed En Ged\u00ed, <br \/>l\u00edk r\u00f3sarunna \u00ed Jer\u00edk\u00f3,<br \/>eins og fagurt \u00f3l\u00edfutr\u00e9 \u00e1 sl\u00e9ttunni<br \/>og \u00f3x upp sem hlynur.<br \/> <\/span> <span class=\"ljodatexti\"> <a name=\"15\"><span class=\"versanumer_ljod\">15<\/span><\/a> Af m\u00e9r lag\u00f0i angan l\u00edkt og af kanel og ilmvi\u00f0i,<br \/>s\u00e6tan ilm eins og af valinni myrru<br \/>og galban, ilmkvo\u00f0u og marn\u00f6gl,<br \/>eins og af reykelsisilmi s\u00e1ttm\u00e1latjaldsins. <br \/> <\/span> <span class=\"ljodatexti\"> <a name=\"16\"><span class=\"versanumer_ljod\">16<\/span><\/a> \u00c9g teyg\u00f0i \u00fat greinar l\u00edkt og eikartr\u00e9<br \/>og greinar m\u00ednar eru gl\u00e6star og fagrar.<br \/> <\/span> <span class=\"ljodatexti\"> <a name=\"17\"><span class=\"versanumer_ljod\">17<\/span><\/a> \u00c9g bl\u00f3mga\u00f0ist fagurlega eins og v\u00ednvi\u00f0arrunni<br \/>og bl\u00f3m m\u00edn b\u00e1ru r\u00edkulega, d\u00fdrlega \u00e1vexti.<br \/> <\/span> <span class=\"ljodatexti\"> <a name=\"18\"><span class=\"versanumer_ljod\">18<\/span><\/a> \u00c9g er m\u00f3\u00f0ir fagurs k\u00e6rleika, <br \/>gu\u00f0s\u00f3tta, \u00feekkingar og heilagrar vonar. <br \/>\u00c9g er eil\u00edf og gefin \u00f6llum b\u00f6rnum m\u00ednum, <br \/>\u00f6llum sem eru nefnd af Drottni. <span class=\"nedan_mal\" title=\" \u00deannig \u00ed \u00fdmsum handritum.\">[<\/span> <br \/> <\/span> <span class=\"ljodatexti\"> <a name=\"19\"><span class=\"versanumer_ljod\">19<\/span><\/a> Komi\u00f0 til m\u00edn, \u00fe\u00e9r sem \u00fer\u00e1i\u00f0 mig,<br \/>metti\u00f0 y\u00f0ur af aldinum m\u00ednum.<br \/> <\/span> <span class=\"ljodatexti\"> <a name=\"20\"><span class=\"versanumer_ljod\">20<\/span><\/a> A\u00f0 minnast m\u00edn er s\u00e6tara en hunang,<br \/>a\u00f0 eiga mig tekur s\u00e6tleik hunangsk\u00f6ku fram.<br \/> <\/span> <span class=\"ljodatexti\"> <a name=\"21\"><span class=\"versanumer_ljod\">21<\/span><\/a> \u00de\u00e1 sem neyta m\u00edn hungrar \u00ed meira<br \/>og \u00fe\u00e1 sem \u00e9g svala mun \u00feyrsta \u00ed meir.<br \/> <\/span> <span class=\"ljodatexti\"> <a name=\"22\"><span class=\"versanumer_ljod\">22<\/span><\/a> S\u00e1 sem hl\u00fd\u00f0ir m\u00e9r ver\u00f0ur ei til skammar,<br \/>\u00feeir sem starfa me\u00f0 m\u00e9r munu ei syndga.\u201c <\/span> <\/p>\n<h3 class=\"millifyrirsogn_2007\">Spekin og l\u00f6gm\u00e1li\u00f0<\/h3>\n<p><span class=\"ljodatexti\"> <a name=\"23\"><span class=\"versanumer_ljod\">23<\/span><\/a> Allt \u00feetta er a\u00f0 finna \u00ed s\u00e1ttm\u00e1lsb\u00f3k Gu\u00f0s Hins h\u00e6sta,<br \/>l\u00f6gm\u00e1linu sem M\u00f3se bau\u00f0 oss a\u00f0 hl\u00fd\u00f0a<br \/>og veitti s\u00f6fnu\u00f0um Jakobs \u00ed arf.<br \/> <\/span> <span class=\"ljodatexti\"> <a name=\"24\"><span class=\"versanumer_ljod\">24<\/span><\/a> Veri\u00f0 \u00e1vallt styrkir \u00ed Drottni,<br \/>haldi\u00f0 y\u00f0ur vi\u00f0 hann, \u00fe\u00e1 getur hann styrkt y\u00f0ur.<br \/>Drottinn einn, Hinn alm\u00e1ttugi, er Gu\u00f0<br \/>og enginn frelsari nema hann einn. <span class=\"nedan_mal\" title=\" \u00deannig \u00ed \u00fdmsum handritum.\">[<\/span> <br \/> <\/span> <span class=\"ljodatexti\"> <a name=\"25\"><span class=\"versanumer_ljod\">25<\/span><\/a> L\u00f6gm\u00e1li\u00f0 er bakkafullt af speki eins og P\u00edsonflj\u00f3t, <br \/>l\u00edkt T\u00edgris \u00e1 t\u00edma frumgr\u00f3\u00f0ans.<br \/> <\/span> <span class=\"ljodatexti\"> <a name=\"26\"><span class=\"versanumer_ljod\">26<\/span><\/a> \u00dea\u00f0 vellur fram me\u00f0 visku eins og Efrat,<br \/>l\u00edkt og J\u00f3rdan \u00e1 uppskerut\u00ed\u00f0. <br \/> <\/span> <span class=\"ljodatexti\"> <a name=\"27\"><span class=\"versanumer_ljod\">27<\/span><\/a> \u00dea\u00f0 l\u00e6tur kenningu s\u00edna fl\u00e6\u00f0a sem lj\u00f3s,<br \/>l\u00edkt og G\u00edhon um v\u00ednuppskeru.<br \/> <\/span> <span class=\"ljodatexti\"> <a name=\"28\"><span class=\"versanumer_ljod\">28<\/span><\/a> S\u00e1 fyrsti sem spekinni kynntist var\u00f0 eigi fullnuma,<br \/>n\u00e9 heldur mun hinum s\u00ed\u00f0asta au\u00f0nast \u00fea\u00f0 fremur.<br \/> <\/span> <span class=\"ljodatexti\"> <a name=\"29\"><span class=\"versanumer_ljod\">29<\/span><\/a> Enda er hugsun hennar v\u00ed\u00f0ari en v\u00edddir hafsins<br \/>og r\u00e1\u00f0 hennar d\u00fdpri en undirdj\u00fapin.<br \/> <\/span> <span class=\"ljodatexti\"> <a name=\"30\"><span class=\"versanumer_ljod\">30<\/span><\/a> Sj\u00e1lfur er \u00e9g l\u00edkur \u00e1rkv\u00edsl, <br \/>\u00e1veituskur\u00f0i er \u00ed aldingar\u00f0 liggur.<br \/> <\/span> <span class=\"ljodatexti\"> <a name=\"31\"><span class=\"versanumer_ljod\">31<\/span><\/a> \u00c9g sag\u00f0i: \u201e\u00c9g \u00e6tla a\u00f0 v\u00f6kva gar\u00f0 minn,<br \/>veita vatni \u00e1 be\u00f0 m\u00edn.\u201c<br \/>En \u00e1rkv\u00edsl m\u00edn var\u00f0 a\u00f0 flj\u00f3ti<br \/>og flj\u00f3ti\u00f0 s\u00ed\u00f0an a\u00f0 \u00fathafi.<br \/> <\/span> <span class=\"ljodatexti\"> <a name=\"32\"><span class=\"versanumer_ljod\">32<\/span><\/a> Enn l\u00e6t \u00e9g kenningu m\u00edna lj\u00f3ma sem \u00e1rro\u00f0a<br \/>og l\u00e6t hana l\u00fdsa langt \u00fat \u00ed fjarska.<br \/> <\/span> <span class=\"ljodatexti\"> <a name=\"33\"><span class=\"versanumer_ljod\">33<\/span><\/a> Sem sp\u00e1ma\u00f0ur mun \u00e9g \u00fathella fr\u00e6\u00f0slu<br \/>og eftirl\u00e1ta hana \u00f6llum \u00f3bornum.<br \/> <\/span> <span class=\"ljodatexti\"> <a name=\"34\"><span class=\"versanumer_ljod\">34<\/span><\/a> \u00de\u00e9r skulu\u00f0 vita a\u00f0 \u00e9g hef ekki erfi\u00f0a\u00f0 \u00ed eigin \u00fe\u00e1gu<br \/>heldur fyrir \u00fe\u00e1 alla sem leita spekinnar. <\/span> <\/p>\n","protected":false},"excerpt":{"rendered":"<p>Spekin lofar sig 1Spekin lofar sj\u00e1lfa sig, vegsamar sig me\u00f0al l\u00fd\u00f0s s\u00edns. 2 H\u00fan l\u00fdkur upp munni \u00ed s\u00f6fnu\u00f0i Hins h\u00e6sta,hr\u00f3sar s\u00e9r frammi fyrir hersk\u00f6rum hans: 3 \u201e\u00c9g gekk fram af munni Hins h\u00e6sta, \u00feakti j\u00f6r\u00f0ina l\u00edkt og mistur. 4 \u00c9g t\u00f3k m\u00e9r b\u00fasta\u00f0 \u00ed h\u00e6stu h\u00e6\u00f0umog h\u00e1s\u00e6ti mitt hv\u00edlir \u00e1 sk\u00fdjast\u00f3lpa. 5 \u00c9g f\u00f3r ein um hvelfingu himinsog um undirdj\u00fapin f\u00f3r \u00e9g einnig. 6 Yfir bylgjum hafsins og j\u00f6r\u00f0u allri,me\u00f0al allra l\u00fd\u00f0a og \u00fej\u00f3\u00f0a hlaut \u00e9g v\u00f6ld. 7 Hj\u00e1 \u00feeim \u00f6llum leita\u00f0i \u00e9g m\u00e9r hv\u00edldarsta\u00f0ar,\u00ed arfleif\u00f0 hvers mundi \u00e9g dvalarsta\u00f0 hlj\u00f3ta? 8 \u00de\u00e1 bau\u00f0 m\u00e9r s\u00e1 sem allt hefur <a href=\"https:\/\/biblian.is\/biblian\/siraksbok-24-kafli\/\"> [&#8230;]<\/a><\/p>\n","protected":false},"author":1,"featured_media":0,"parent":0,"menu_order":0,"comment_status":"open","ping_status":"open","template":"bibliukaflar.php","meta":{"footnotes":""},"class_list":["post-2889","page","type-page","status-publish","hentry"],"_links":{"self":[{"href":"https:\/\/biblian.is\/biblian\/wp-json\/wp\/v2\/pages\/2889","targetHints":{"allow":["GET"]}}],"collection":[{"href":"https:\/\/biblian.is\/biblian\/wp-json\/wp\/v2\/pages"}],"about":[{"href":"https:\/\/biblian.is\/biblian\/wp-json\/wp\/v2\/types\/page"}],"author":[{"embeddable":true,"href":"https:\/\/biblian.is\/biblian\/wp-json\/wp\/v2\/users\/1"}],"replies":[{"embeddable":true,"href":"https:\/\/biblian.is\/biblian\/wp-json\/wp\/v2\/comments?post=2889"}],"version-history":[{"count":0,"href":"https:\/\/biblian.is\/biblian\/wp-json\/wp\/v2\/pages\/2889\/revisions"}],"wp:attachment":[{"href":"https:\/\/biblian.is\/biblian\/wp-json\/wp\/v2\/media?parent=2889"}],"curies":[{"name":"wp","href":"https:\/\/api.w.org\/{rel}","templated":true}]}}