{"id":2888,"date":"2017-12-30T21:05:03","date_gmt":"2017-12-30T21:05:03","guid":{"rendered":"http:\/\/biblian.is\/biblian\/s%c2%92raksb%c2%97k-23-kafli\/"},"modified":"2017-12-30T21:05:05","modified_gmt":"2017-12-30T21:05:05","slug":"siraksbok-23-kafli","status":"publish","type":"page","link":"https:\/\/biblian.is\/biblian\/siraksbok-23-kafli\/","title":{"rendered":"S\u00edraksb\u00f3k 23. kafli"},"content":{"rendered":"<p><span class=\"ljodatexti\"> <a name=\"1\"><span class=\"versanumer_ljod\">1<\/span><\/a>Drottinn, fa\u00f0ir, hertogi l\u00edfs m\u00edns,<br \/>gef mig ekki lausm\u00e6lgi \u00e1 vald,<br \/>l\u00e1t mig ei lenda \u00ed \u00f3g\u00e6fu vegna tungu og vara. <br \/> <\/span> <span class=\"ljodatexti\"> <a name=\"2\"><span class=\"versanumer_ljod\">2<\/span><\/a> \u00d3, a\u00f0 einhver leg\u00f0i svipu \u00e1 lund m\u00edna<br \/>og hirtingarv\u00f6nd \u00e1 hjarta mitt<br \/>svo a\u00f0 eigi ver\u00f0i \u00feyrmt syndum \u00feeirra<br \/>n\u00e9 aumka\u00f0ar yfirsj\u00f3nir \u00feeirra.<br \/> <\/span> <span class=\"ljodatexti\"> <a name=\"3\"><span class=\"versanumer_ljod\">3<\/span><\/a> Ella mun yfirsj\u00f3num m\u00ednum fj\u00f6lga<br \/>og syndir m\u00ednar hla\u00f0ast upp<br \/>uns fall mitt blasir vi\u00f0 andst\u00e6\u00f0ingum m\u00ednum<br \/>og fjendur m\u00ednir hlakka yfir falli m\u00ednu.<br \/> <\/span> <span class=\"ljodatexti\"> <a name=\"4\"><span class=\"versanumer_ljod\">4<\/span><\/a> Drottinn, fa\u00f0ir, l\u00edfs m\u00edns Gu\u00f0,<br \/>haltu m\u00e9r fr\u00e1 hroka,<br \/> <\/span> <span class=\"ljodatexti\"> <a name=\"5\"><span class=\"versanumer_ljod\">5<\/span><\/a> vernda mig gegn girndum.<br \/> <\/span> <span class=\"ljodatexti\"> <a name=\"6\"><span class=\"versanumer_ljod\">6<\/span><\/a> Veit a\u00f0 gr\u00e6\u00f0gi og losti n\u00e1i eigi t\u00f6kum \u00e1 m\u00e9r,<br \/>gef a\u00f0 \u00f3skammfeilni f\u00e1i ekki vald \u00e1 s\u00e1lu minni. <\/span> <\/p>\n<h3 class=\"millifyrirsogn_2007\">Um a\u00f0 stj\u00f3rna tungunni<\/h3>\n<p><span class=\"ljodatexti\"> <a name=\"7\"><span class=\"versanumer_ljod\">7<\/span><\/a>Hl\u00fd\u00f0i\u00f0, b\u00f6rn, \u00e1 or\u00f0 m\u00edn um taumhald \u00e1 tungu,<br \/>s\u00e1 sem \u00feess g\u00e6tir fellur eigi \u00ed gildru.<br \/>Af or\u00f0um s\u00ednum<br \/> <\/span> <span class=\"ljodatexti\"> <a name=\"8\"><span class=\"versanumer_ljod\">8<\/span><\/a> er syndarinn fanga\u00f0ur<br \/>og hrokafullum lastara ver\u00f0a \u00feau til falls.<br \/> <\/span> <span class=\"ljodatexti\"> <a name=\"9\"><span class=\"versanumer_ljod\">9<\/span><\/a> Tem \u00fe\u00e9r ei a\u00f0 sverja<br \/>n\u00e9 a\u00f0 hafa nafn Hins heilaga t\u00edtt \u00e1 v\u00f6rum. <br \/> <\/span> <span class=\"ljodatexti\"> <a name=\"10\"><span class=\"versanumer_ljod\">10<\/span><\/a> \u00dev\u00ed a\u00f0 s\u00e1 \u00fer\u00e6ll sem st\u00f6\u00f0ugt eru gefnar g\u00e6tur<br \/>kemst vart hj\u00e1 s\u00e1rum af svipuh\u00f6ggum.<br \/>Eins mun s\u00e1 vart komast hj\u00e1 a\u00f0 syndga<br \/>sem s\u00edfellt sver vi\u00f0 nafn Drottins.<br \/> <\/span> <span class=\"ljodatexti\"> <a name=\"11\"><span class=\"versanumer_ljod\">11<\/span><\/a> S\u00e1 sem svardaga i\u00f0kar mun syndga st\u00f3rum, <br \/>h\u00fas hans mun eigi vi\u00f0 hegningu sleppa.<br \/>Rj\u00fafi hann ei\u00f0 ver\u00f0ur hann sekur<br \/>og syndgar tv\u00f6falt s\u00e9 \u00fea\u00f0 viljandi gert.<br \/>Ef ei\u00f0urinn var or\u00f0in t\u00f3m mun honum ekki fyrirgefi\u00f0<br \/>og \u00f3g\u00e6fa dynur \u00e1 heimili hans. <\/span> <\/p>\n<h3 class=\"millifyrirsogn_2007\">Um lj\u00f3tan munns\u00f6fnu\u00f0<\/h3>\n<p><span class=\"ljodatexti\"> <a name=\"12\"><span class=\"versanumer_ljod\">12<\/span><\/a>Til eru or\u00f0 sem var\u00f0a dau\u00f0a, <br \/>megi \u00feau aldrei heyrast \u00ed arfleif\u00f0 Jakobs.<br \/>Allt sl\u00edkt er fjarri gu\u00f0hr\u00e6ddum,<br \/>\u00feeir munu eigi \u00e1netjast syndum.<br \/> <\/span> <span class=\"ljodatexti\"> <a name=\"13\"><span class=\"versanumer_ljod\">13<\/span><\/a> Tem \u00fe\u00e9r eigi gr\u00f3ft og l\u00e9tt\u00fa\u00f0ugt tal<br \/>\u00fev\u00ed a\u00f0 \u00ed sl\u00edkum or\u00f0um er syndin.<br \/> <\/span> <span class=\"ljodatexti\"> <a name=\"14\"><span class=\"versanumer_ljod\">14<\/span><\/a> Minnstu f\u00f6\u00f0ur \u00fe\u00edns og m\u00f3\u00f0ur <br \/>er \u00fe\u00fa situr me\u00f0al \u00e1hrifamanna<br \/>svo a\u00f0 \u00fe\u00fa gleymir \u00fe\u00e9r ekki \u00ed augs\u00fdn \u00feeirra<br \/>og gerir \u00feig a\u00f0 f\u00edfli me\u00f0 sl\u00e6mum vana.<br \/>\u00de\u00e1 munt \u00fe\u00fa \u00f3ska a\u00f0 \u00fe\u00fa hef\u00f0ir aldrei or\u00f0i\u00f0 til<br \/>og form\u00e6la \u00fe\u00ednum f\u00e6\u00f0ingardegi. <br \/> <\/span> <span class=\"ljodatexti\"> <a name=\"15\"><span class=\"versanumer_ljod\">15<\/span><\/a> S\u00e1 ma\u00f0ur sem temur s\u00e9r sl\u00e6man munns\u00f6fnu\u00f0<br \/>ver\u00f0ur \u00f3si\u00f0a\u00f0ur \u00e6vina \u00e1 enda. <\/span> <\/p>\n<h3 class=\"millifyrirsogn_2007\">Um syndir holdsins<\/h3>\n<p><span class=\"ljodatexti\"> <a name=\"16\"><span class=\"versanumer_ljod\">16<\/span><\/a>Tv\u00e6r ger\u00f0ir manna syndga st\u00f3rum,<br \/>s\u00fa \u00feri\u00f0ja bakar s\u00e9r br\u00e6\u00f0i Gu\u00f0s. <br \/>Brennandi girnd er sem blossandi b\u00e1l,<br \/>slokknar eigi fyrr en \u00fat er brunnin.<br \/>S\u00e1 ma\u00f0ur sem gefur l\u00edkama sinn a\u00f0 \u00f3sk\u00edrl\u00edfi<br \/>mun \u00fev\u00ed ekki h\u00e6tta fyrr en hann brennur upp.<br \/> <\/span> <span class=\"ljodatexti\"> <a name=\"17\"><span class=\"versanumer_ljod\">17<\/span><\/a> Allt er flagaranum fullgott,<br \/>hann ver\u00f0ur a\u00f0 til \u00e6viloka.<br \/> <\/span> <span class=\"ljodatexti\"> <a name=\"18\"><span class=\"versanumer_ljod\">18<\/span><\/a> S\u00e1 ma\u00f0ur sem vanvir\u00f0ir hj\u00f3nas\u00e6ng s\u00edna<br \/>segir vi\u00f0 sj\u00e1lfan sig: \u201eHver s\u00e9r mig?<br \/>\u00dea\u00f0 er myrkur kringum mig, veggir hylja mig,<br \/>enginn s\u00e9r mig, hva\u00f0 hef \u00e9g a\u00f0 \u00f3ttast?<br \/>Ekki minnist Hinn \u00e6\u00f0sti synda minna.\u201c <br \/> <\/span> <span class=\"ljodatexti\"> <a name=\"19\"><span class=\"versanumer_ljod\">19<\/span><\/a> Hann \u00f3ttast a\u00f0eins augu manna<br \/>en skilur ekki a\u00f0 augu Drottins<br \/>eru t\u00edu \u00fe\u00fasund sinnum bjartari en s\u00f3lin.<br \/>\u00deau sj\u00e1 alla vegu mannsins,<br \/>l\u00edta inn \u00ed leyndustu fylgsni. <br \/> <\/span> <span class=\"ljodatexti\"> <a name=\"20\"><span class=\"versanumer_ljod\">20<\/span><\/a> Drottinn \u00feekkti alheim \u00e1\u00f0ur en hann sk\u00f3p hann,<br \/>einnig eftir a\u00f0 hann var\u00f0 til.<br \/> <\/span> <span class=\"ljodatexti\"> <a name=\"21\"><span class=\"versanumer_ljod\">21<\/span><\/a> \u00dev\u00edl\u00edkum manni mun hegnt \u00e1 borgarstr\u00e6tum,<br \/>hann mun gripinn \u00fear sem hann s\u00edst varir.<br \/> <\/span> <span class=\"ljodatexti\"> <a name=\"22\"><span class=\"versanumer_ljod\">22<\/span><\/a> Svo er og um konu sem er manni s\u00ednum \u00f3tr\u00fa<br \/>og l\u00fdsir barn annars manns erfingja hans.<br \/> <\/span> <span class=\"ljodatexti\"> <a name=\"23\"><span class=\"versanumer_ljod\">23<\/span><\/a> \u00cd fyrsta lagi br\u00fdtur h\u00fan l\u00f6gm\u00e1l Hins h\u00e6sta, <br \/>\u00ed \u00f6\u00f0ru lagi sv\u00edkur h\u00fan mann sinn,<br \/>\u00ed \u00fev\u00ed \u00feri\u00f0ja hefur h\u00fan \u00ed h\u00f3rd\u00f3mi og lausung<br \/>ali\u00f0 manni s\u00ednum barn sem annar \u00e1.<br \/> <\/span> <span class=\"ljodatexti\"> <a name=\"24\"><span class=\"versanumer_ljod\">24<\/span><\/a> H\u00fan mun f\u00e6r\u00f0 fram fyrir s\u00f6fnu\u00f0inn<br \/>og s\u00f6k hennar mun bitna \u00e1 b\u00f6rnum hennar.<br \/> <\/span> <span class=\"ljodatexti\"> <a name=\"25\"><span class=\"versanumer_ljod\">25<\/span><\/a> B\u00f6rn hennar munu r\u00f3tlaus ver\u00f0a,<br \/>greinar hennar ekki \u00e1v\u00f6xt bera. <br \/> <\/span> <span class=\"ljodatexti\"> <a name=\"26\"><span class=\"versanumer_ljod\">26<\/span><\/a> H\u00fan l\u00e6tur eftir sig minningu er b\u00f6lva\u00f0 mun,<br \/>sm\u00e1n hennar mun aldrei afm\u00e1\u00f0 ver\u00f0a.<br \/> <\/span> <span class=\"ljodatexti\"> <a name=\"27\"><span class=\"versanumer_ljod\">27<\/span><\/a> \u00deeim sem hana lifa mun l\u00e6rast<br \/>a\u00f0 ekkert er betra en a\u00f0 \u00f3ttast Drottin,<br \/>n\u00e9 neitt lj\u00fafara en a\u00f0 hl\u00fd\u00f0a bo\u00f0or\u00f0um hans.<br \/> <\/span> <span class=\"ljodatexti\"> <a name=\"28\"><span class=\"versanumer_ljod\">28<\/span><\/a> \u00dea\u00f0 er mikil vegsemd a\u00f0 fylgja Gu\u00f0i <br \/>og langl\u00edfi a\u00f0 vera honum \u00feekkur. <span class=\"nedan_mal\" title=\" \u00deannig \u00ed \u00fdmsum handritum.\">[<\/span> <\/p>\n","protected":false},"excerpt":{"rendered":"<p>1Drottinn, fa\u00f0ir, hertogi l\u00edfs m\u00edns,gef mig ekki lausm\u00e6lgi \u00e1 vald,l\u00e1t mig ei lenda \u00ed \u00f3g\u00e6fu vegna tungu og vara. 2 \u00d3, a\u00f0 einhver leg\u00f0i svipu \u00e1 lund m\u00ednaog hirtingarv\u00f6nd \u00e1 hjarta mittsvo a\u00f0 eigi ver\u00f0i \u00feyrmt syndum \u00feeirran\u00e9 aumka\u00f0ar yfirsj\u00f3nir \u00feeirra. 3 Ella mun yfirsj\u00f3num m\u00ednum fj\u00f6lgaog syndir m\u00ednar hla\u00f0ast uppuns fall mitt blasir vi\u00f0 andst\u00e6\u00f0ingum m\u00ednumog fjendur m\u00ednir hlakka yfir falli m\u00ednu. 4 Drottinn, fa\u00f0ir, l\u00edfs m\u00edns Gu\u00f0,haltu m\u00e9r fr\u00e1 hroka, 5 vernda mig gegn girndum. 6 Veit a\u00f0 gr\u00e6\u00f0gi og losti n\u00e1i eigi t\u00f6kum \u00e1 m\u00e9r,gef a\u00f0 \u00f3skammfeilni f\u00e1i ekki vald \u00e1 s\u00e1lu minni. Um a\u00f0 stj\u00f3rna tungunni <a href=\"https:\/\/biblian.is\/biblian\/siraksbok-23-kafli\/\"> [&#8230;]<\/a><\/p>\n","protected":false},"author":1,"featured_media":0,"parent":0,"menu_order":0,"comment_status":"open","ping_status":"open","template":"bibliukaflar.php","meta":{"footnotes":""},"class_list":["post-2888","page","type-page","status-publish","hentry"],"_links":{"self":[{"href":"https:\/\/biblian.is\/biblian\/wp-json\/wp\/v2\/pages\/2888","targetHints":{"allow":["GET"]}}],"collection":[{"href":"https:\/\/biblian.is\/biblian\/wp-json\/wp\/v2\/pages"}],"about":[{"href":"https:\/\/biblian.is\/biblian\/wp-json\/wp\/v2\/types\/page"}],"author":[{"embeddable":true,"href":"https:\/\/biblian.is\/biblian\/wp-json\/wp\/v2\/users\/1"}],"replies":[{"embeddable":true,"href":"https:\/\/biblian.is\/biblian\/wp-json\/wp\/v2\/comments?post=2888"}],"version-history":[{"count":0,"href":"https:\/\/biblian.is\/biblian\/wp-json\/wp\/v2\/pages\/2888\/revisions"}],"wp:attachment":[{"href":"https:\/\/biblian.is\/biblian\/wp-json\/wp\/v2\/media?parent=2888"}],"curies":[{"name":"wp","href":"https:\/\/api.w.org\/{rel}","templated":true}]}}