{"id":2886,"date":"2017-12-30T21:05:03","date_gmt":"2017-12-30T21:05:03","guid":{"rendered":"http:\/\/biblian.is\/biblian\/s%c2%92raksb%c2%97k-21-kafli\/"},"modified":"2017-12-30T21:05:04","modified_gmt":"2017-12-30T21:05:04","slug":"siraksbok-21-kafli","status":"publish","type":"page","link":"https:\/\/biblian.is\/biblian\/siraksbok-21-kafli\/","title":{"rendered":"S\u00edraksb\u00f3k 21. kafli"},"content":{"rendered":"<h3 class=\"millifyrirsogn_2007\"> Varist syndina<\/h3>\n<p><span class=\"ljodatexti\"> <a name=\"1\"><span class=\"versanumer_ljod\">1<\/span><\/a>Barni\u00f0 mitt, hafir \u00fe\u00fa syndga\u00f0 gj\u00f6r \u00fea\u00f0 eigi framar, <br \/>bi\u00f0 fyrirgefningar \u00e1 \u00fev\u00ed sem henti \u00feig \u00e1\u00f0ur. <br \/> <\/span> <span class=\"ljodatexti\"> <a name=\"2\"><span class=\"versanumer_ljod\">2<\/span><\/a> For\u00f0astu syndina eins og h\u00f6ggorm, <br \/>h\u00fan b\u00edtur \u00feig ef \u00fe\u00fa h\u00e6ttir \u00fe\u00e9r n\u00e6rri. <br \/>Tennur hennar eru lj\u00f3nstennur, <br \/>\u00fe\u00e6r svipta mennina l\u00edfi. <br \/> <\/span> <span class=\"ljodatexti\"> <a name=\"3\"><span class=\"versanumer_ljod\">3<\/span><\/a> Hvert l\u00f6gbrot er sem tv\u00edeggja\u00f0 sver\u00f0, <br \/>\u00e1verkar \u00feess ver\u00f0a ekki gr\u00e6ddir.<br \/> <\/span> <span class=\"ljodatexti\"> <a name=\"4\"><span class=\"versanumer_ljod\">4<\/span><\/a> \u00d3gn og hroki s\u00f3a au\u00f0i,<br \/>h\u00fas ofl\u00e1tungs mun \u00ed ey\u00f0i leggjast.<br \/> <\/span> <span class=\"ljodatexti\"> <a name=\"5\"><span class=\"versanumer_ljod\">5<\/span><\/a> B\u00e6n f\u00e1t\u00e6ks manns n\u00e6r jafnskj\u00f3tt eyra Drottins,<br \/>skj\u00f3tlega r\u00e9ttir hann hlut hans.<br \/> <\/span> <span class=\"ljodatexti\"> <a name=\"6\"><span class=\"versanumer_ljod\">6<\/span><\/a> S\u00e1 er hatar \u00e1minningu fetar sl\u00f3\u00f0 syndara<br \/>en s\u00e1 sem \u00f3ttast Drottin i\u00f0rast af heilu hjarta.<br \/> <\/span> <span class=\"ljodatexti\"> <a name=\"7\"><span class=\"versanumer_ljod\">7<\/span><\/a> Or\u00f0 fer v\u00ed\u00f0a af m\u00e6lskum\u00f6nnum,<br \/>hygginn ma\u00f0ur skynjar er \u00feeir m\u00e6la um hug s\u00e9r.<br \/> <\/span> <span class=\"ljodatexti\"> <a name=\"8\"><span class=\"versanumer_ljod\">8<\/span><\/a> S\u00e1 sem reisir s\u00e9r h\u00fas fyrir l\u00e1nsf\u00e9<br \/>safnar steinum \u00ed eigin gr\u00f6f.<br \/> <\/span> <span class=\"ljodatexti\"> <a name=\"9\"><span class=\"versanumer_ljod\">9<\/span><\/a> Samkoma gu\u00f0lausra er eins og sp\u00f3nahr\u00faga,<br \/>endalok hennar er brennandi b\u00e1l. <br \/> <\/span> <span class=\"ljodatexti\"> <a name=\"10\"><span class=\"versanumer_ljod\">10<\/span><\/a> Gata gu\u00f0leysingja er l\u00f6g\u00f0 sl\u00e9ttum hellum<br \/>en vi\u00f0 endi hennar er gap heljar. <\/span> <\/p>\n<h3 class=\"millifyrirsogn_2007\">Speki og heimska<\/h3>\n<p><span class=\"ljodatexti\"> <a name=\"11\"><span class=\"versanumer_ljod\">11<\/span><\/a>S\u00e1 sem heldur l\u00f6gm\u00e1li\u00f0 hefur vald \u00e1 hneig\u00f0um s\u00ednum<br \/>og \u00f3tti Drottins lei\u00f0ir til speki. <br \/> <\/span> <span class=\"ljodatexti\"> <a name=\"12\"><span class=\"versanumer_ljod\">12<\/span><\/a> \u00d3hygginn tekur engum aga<br \/>en til er s\u00fa greind sem \u00e1 gremju eykur.<br \/> <\/span> <span class=\"ljodatexti\"> <a name=\"13\"><span class=\"versanumer_ljod\">13<\/span><\/a> \u00deekking viturs manns streymir fram sem flj\u00f3t,<br \/>r\u00e1\u00f0 hans eru sem lifandi lind. <br \/> <\/span> <span class=\"ljodatexti\"> <a name=\"14\"><span class=\"versanumer_ljod\">14<\/span><\/a> Hugur heimskingjans er sem broti\u00f0 ker,<br \/>honum helst ekki \u00e1 neinni \u00feekking.<br \/> <\/span> <span class=\"ljodatexti\"> <a name=\"15\"><span class=\"versanumer_ljod\">15<\/span><\/a> Heyri vitur ma\u00f0ur hyggilegt or\u00f0<br \/>h\u00e6lir hann \u00fev\u00ed og eykur vi\u00f0 \u00f6\u00f0ru. <br \/>Heyri heimskinginn \u00feau l\u00e6tur hann s\u00e9r f\u00e1tt um finnast<br \/>og skellir vi\u00f0 \u00feeim skollaeyrum.<br \/> <\/span> <span class=\"ljodatexti\"> <a name=\"16\"><span class=\"versanumer_ljod\">16<\/span><\/a> Or\u00f0r\u00e6\u00f0ur heimskingja l\u00fdja eins og klyfjar \u00e1 langfer\u00f0<br \/>en yndi er a\u00f0 hl\u00fd\u00f0a \u00e1 viturra or\u00f0.<br \/> <\/span> <span class=\"ljodatexti\"> <a name=\"17\"><span class=\"versanumer_ljod\">17<\/span><\/a> R\u00e1\u00f0a hyggins manns er leita\u00f0 \u00e1 samkomum<br \/>og gaumur gefinn a\u00f0 or\u00f0um hans.<br \/> <\/span> <span class=\"ljodatexti\"> <a name=\"18\"><span class=\"versanumer_ljod\">18<\/span><\/a> Spekin er heimskingjanum l\u00edkust h\u00fasi \u00ed r\u00fastum,<br \/>\u00feekking er fl\u00f3ninu sem sundurlaus or\u00f0.<br \/> <\/span> <span class=\"ljodatexti\"> <a name=\"19\"><span class=\"versanumer_ljod\">19<\/span><\/a> Fr\u00e6\u00f0sla er f\u00e1v\u00edsum sem f\u00f3takefli,<br \/>l\u00edkust hlekk \u00e1 h\u00e6gri hendi.<br \/> <\/span> <span class=\"ljodatexti\"> <a name=\"20\"><span class=\"versanumer_ljod\">20<\/span><\/a> Heimskinginn hl\u00e6r hrossahl\u00e1tri<br \/>en hygginn brosir h\u00f3gl\u00e1tlega.<br \/> <\/span> <span class=\"ljodatexti\"> <a name=\"21\"><span class=\"versanumer_ljod\">21<\/span><\/a> Greindum manni er uppfr\u00e6\u00f0sla sem gulldj\u00e1sn,<br \/>l\u00edk armbandi \u00e1 h\u00e6gri handlegg.<br \/> <\/span> <span class=\"ljodatexti\"> <a name=\"22\"><span class=\"versanumer_ljod\">22<\/span><\/a> Heimskinginn flanar inn \u00ed h\u00fasi\u00f0<br \/>en reyndur ma\u00f0ur er h\u00e6verskur og dokar utan dyra.<br \/> <\/span> <span class=\"ljodatexti\"> <a name=\"23\"><span class=\"versanumer_ljod\">23<\/span><\/a> F\u00e1v\u00eds ma\u00f0ur g\u00e6gist inn um g\u00e1ttir<br \/>en aga\u00f0ur staldrar vi\u00f0 \u00fati.<br \/> <\/span> <span class=\"ljodatexti\"> <a name=\"24\"><span class=\"versanumer_ljod\">24<\/span><\/a> A\u00f0 liggja \u00e1 hleri er h\u00e1ttur si\u00f0lausra,<br \/>hyggnum manni v\u00e6ri \u00fea\u00f0 \u00f3b\u00e6rileg hneisa.<br \/> <\/span> <span class=\"ljodatexti\"> <a name=\"25\"><span class=\"versanumer_ljod\">25<\/span><\/a> \u00d3skammfeilinn l\u00e6tur d\u00e6luna ganga<br \/>en hygginn hefur taumhald \u00e1 tungu sinni.<br \/> <\/span> <span class=\"ljodatexti\"> <a name=\"26\"><span class=\"versanumer_ljod\">26<\/span><\/a> \u00cd munni heimskingja er hugur hans uppi<br \/>en hygginn hugsar \u00e1\u00f0ur en hann talar.<br \/> <\/span> <span class=\"ljodatexti\"> <a name=\"27\"><span class=\"versanumer_ljod\">27<\/span><\/a> \u00deegar gu\u00f0leysinginn form\u00e6lir Satan<br \/>er hann a\u00f0 b\u00f6lva sj\u00e1lfum s\u00e9r. <br \/> <\/span> <span class=\"ljodatexti\"> <a name=\"28\"><span class=\"versanumer_ljod\">28<\/span><\/a> R\u00f3gberinn flekkar eigin s\u00e1l,<br \/>hann mun hata\u00f0ur af gr\u00f6nnum s\u00ednum. <\/span> <\/p>\n","protected":false},"excerpt":{"rendered":"<p>Varist syndina 1Barni\u00f0 mitt, hafir \u00fe\u00fa syndga\u00f0 gj\u00f6r \u00fea\u00f0 eigi framar, bi\u00f0 fyrirgefningar \u00e1 \u00fev\u00ed sem henti \u00feig \u00e1\u00f0ur. 2 For\u00f0astu syndina eins og h\u00f6ggorm, h\u00fan b\u00edtur \u00feig ef \u00fe\u00fa h\u00e6ttir \u00fe\u00e9r n\u00e6rri. Tennur hennar eru lj\u00f3nstennur, \u00fe\u00e6r svipta mennina l\u00edfi. 3 Hvert l\u00f6gbrot er sem tv\u00edeggja\u00f0 sver\u00f0, \u00e1verkar \u00feess ver\u00f0a ekki gr\u00e6ddir. 4 \u00d3gn og hroki s\u00f3a au\u00f0i,h\u00fas ofl\u00e1tungs mun \u00ed ey\u00f0i leggjast. 5 B\u00e6n f\u00e1t\u00e6ks manns n\u00e6r jafnskj\u00f3tt eyra Drottins,skj\u00f3tlega r\u00e9ttir hann hlut hans. 6 S\u00e1 er hatar \u00e1minningu fetar sl\u00f3\u00f0 syndaraen s\u00e1 sem \u00f3ttast Drottin i\u00f0rast af heilu hjarta. 7 Or\u00f0 fer v\u00ed\u00f0a af m\u00e6lskum\u00f6nnum,hygginn ma\u00f0ur skynjar <a href=\"https:\/\/biblian.is\/biblian\/siraksbok-21-kafli\/\"> [&#8230;]<\/a><\/p>\n","protected":false},"author":1,"featured_media":0,"parent":0,"menu_order":0,"comment_status":"open","ping_status":"open","template":"bibliukaflar.php","meta":{"footnotes":""},"class_list":["post-2886","page","type-page","status-publish","hentry"],"_links":{"self":[{"href":"https:\/\/biblian.is\/biblian\/wp-json\/wp\/v2\/pages\/2886","targetHints":{"allow":["GET"]}}],"collection":[{"href":"https:\/\/biblian.is\/biblian\/wp-json\/wp\/v2\/pages"}],"about":[{"href":"https:\/\/biblian.is\/biblian\/wp-json\/wp\/v2\/types\/page"}],"author":[{"embeddable":true,"href":"https:\/\/biblian.is\/biblian\/wp-json\/wp\/v2\/users\/1"}],"replies":[{"embeddable":true,"href":"https:\/\/biblian.is\/biblian\/wp-json\/wp\/v2\/comments?post=2886"}],"version-history":[{"count":0,"href":"https:\/\/biblian.is\/biblian\/wp-json\/wp\/v2\/pages\/2886\/revisions"}],"wp:attachment":[{"href":"https:\/\/biblian.is\/biblian\/wp-json\/wp\/v2\/media?parent=2886"}],"curies":[{"name":"wp","href":"https:\/\/api.w.org\/{rel}","templated":true}]}}