{"id":2885,"date":"2017-12-30T21:05:03","date_gmt":"2017-12-30T21:05:03","guid":{"rendered":"http:\/\/biblian.is\/biblian\/s%c2%92raksb%c2%97k-20-kafli\/"},"modified":"2017-12-30T21:05:04","modified_gmt":"2017-12-30T21:05:04","slug":"siraksbok-20-kafli","status":"publish","type":"page","link":"https:\/\/biblian.is\/biblian\/siraksbok-20-kafli\/","title":{"rendered":"S\u00edraksb\u00f3k 20. kafli"},"content":{"rendered":"<h3 class=\"millifyrirsogn_2007\"> Hven\u00e6r tala skal og hven\u00e6r \u00feegja<\/h3>\n<p><span class=\"ljodatexti\"> <a name=\"1\"><span class=\"versanumer_ljod\">1<\/span><\/a>Oft er \u00e1minnt \u00ed \u00f3t\u00edma,<br \/>t\u00ed\u00f0um er viturlegra a\u00f0 \u00feegja.<br \/> <\/span> <span class=\"ljodatexti\"> <a name=\"2\"><span class=\"versanumer_ljod\">2<\/span><\/a> Betra er a\u00f0 \u00e1minna en byrgja rei\u00f0i inni,<br \/> <\/span> <span class=\"ljodatexti\"> <a name=\"3\"><span class=\"versanumer_ljod\">3<\/span><\/a> s\u00e1 sem gengst vi\u00f0 \u00e1vir\u00f0ingu \u00fearf eigi a\u00f0 bera kinnro\u00f0a.<br \/> <\/span> <span class=\"ljodatexti\"> <a name=\"4\"><span class=\"versanumer_ljod\">4<\/span><\/a> L\u00edkur geldingi, sem reynir a\u00f0 nau\u00f0ga mey,<br \/>er s\u00e1 sem vill koma \u00e1 r\u00e9tti me\u00f0 ofstopa.<br \/> <\/span> <span class=\"ljodatexti\"> <a name=\"5\"><span class=\"versanumer_ljod\">5<\/span><\/a> Margur er \u00fe\u00f6gull og \u00feykir vitur, <br \/>a\u00f0rir baka s\u00e9r \u00f3vild me\u00f0 m\u00e1l\u00e6\u00f0i s\u00ednu.<br \/> <\/span> <span class=\"ljodatexti\"> <a name=\"6\"><span class=\"versanumer_ljod\">6<\/span><\/a> Margur er \u00fe\u00f6gull enda or\u00f0a vant,<br \/>annar \u00feegir og b\u00ed\u00f0ur s\u00edns t\u00edma. <br \/> <\/span> <span class=\"ljodatexti\"> <a name=\"7\"><span class=\"versanumer_ljod\">7<\/span><\/a> Vitur ma\u00f0ur er \u00fe\u00f6gull uns t\u00edmab\u00e6rt er a\u00f0 tala,<br \/>m\u00e1lugur og heimskur talar \u00ed \u00f3t\u00edma. <br \/> <\/span> <span class=\"ljodatexti\"> <a name=\"8\"><span class=\"versanumer_ljod\">8<\/span><\/a> Fyrirlitinn ver\u00f0ur fj\u00f6lm\u00e1lgur ma\u00f0ur, <br \/>hata\u00f0ur s\u00e1 sem frekju beitir.<br \/>\u00de\u00e9r er hollt a\u00f0 s\u00fdna b\u00f3t vi\u00f0 \u00e1minningu <br \/>\u00fev\u00ed a\u00f0 me\u00f0 \u00fev\u00ed m\u00e1 for\u00f0ast \u00e1setningssynd. <span class=\"nedan_mal\" title=\" \u00deannig \u00ed \u00fdmsum handritum.\">[<\/span> <\/p>\n<h3 class=\"millifyrirsogn_2007\">Skyndilegar breytingar \u00e1 h\u00f6gum manna<\/h3>\n<p><span class=\"ljodatexti\"> <a name=\"9\"><span class=\"versanumer_ljod\">9<\/span><\/a>Stundum ver\u00f0ur manni l\u00e1n \u00far \u00f3l\u00e1ni<br \/>en stundum happ a\u00f0 \u00f3happi.<br \/> <\/span> <span class=\"ljodatexti\"> <a name=\"10\"><span class=\"versanumer_ljod\">10<\/span><\/a> Til er a\u00f0 gjafmildi ver\u00f0i \u00fe\u00e9r eigi til g\u00f3\u00f0s<br \/>en sumar gjafir endurgjaldast tv\u00f6falt.<br \/> <\/span> <span class=\"ljodatexti\"> <a name=\"11\"><span class=\"versanumer_ljod\">11<\/span><\/a> Upphef\u00f0 veldur sumum ni\u00f0url\u00e6gingu,<br \/>stundum hefjast menn \u00far hneisu.<br \/> <\/span> <span class=\"ljodatexti\"> <a name=\"12\"><span class=\"versanumer_ljod\">12<\/span><\/a> Til er a\u00f0 menn kaupi miki\u00f0 fyrir l\u00edti\u00f0<br \/>en megi svo gjalda \u00fea\u00f0 sj\u00f6falt.<br \/> <\/span> <span class=\"ljodatexti\"> <a name=\"13\"><span class=\"versanumer_ljod\">13<\/span><\/a> Vitur ma\u00f0ur hl\u00fdtur vins\u00e6ldir af f\u00e1um or\u00f0um<br \/>en fagurm\u00e6lum heimskingja er \u00e1 gl\u00e6 kasta\u00f0.<br \/> <\/span> <span class=\"ljodatexti\"> <a name=\"14\"><span class=\"versanumer_ljod\">14<\/span><\/a> Eigi mun gj\u00f6f \u00f3skynsams manns gle\u00f0ja \u00feig <br \/>\u00fev\u00ed a\u00f0 hann v\u00e6ntir margra \u00ed sta\u00f0 einnar. <br \/> <\/span> <span class=\"ljodatexti\"> <a name=\"15\"><span class=\"versanumer_ljod\">15<\/span><\/a> Hann gefur sm\u00e1tt en lastar h\u00e1tt, <br \/>l\u00fdkur upp munni og hr\u00f3par eins og kallari. <br \/>Hann l\u00e1nar \u00ed dag en krefur \u00e1 morgun, <br \/>sl\u00edkur ma\u00f0ur vekur hatur. <br \/> <\/span> <span class=\"ljodatexti\"> <a name=\"16\"><span class=\"versanumer_ljod\">16<\/span><\/a> Heimskinginn segir: \u201e\u00c9g \u00e1 engan vin <br \/>og f\u00e6 enga \u00fe\u00f6kk fyrir velgj\u00f6r\u00f0ir m\u00ednar.\u201c <br \/>\u00deeir sem brau\u00f0 hans eta baktala hann, <br \/> <\/span> <span class=\"ljodatexti\"> <a name=\"17\"><span class=\"versanumer_ljod\">17<\/span><\/a> hve oft ver\u00f0ur hann ekki a\u00f0 athl\u00e6gi?<br \/>\u00dea\u00f0 sem hann \u00e1 er illa fengi\u00f0<br \/>og \u00fea\u00f0 sem hann \u00e1 ekki skiptir hann engu. <span class=\"nedan_mal\" title=\" \u00deannig \u00ed \u00fdmsum handritum.\">[<\/span> <\/p>\n<h3 class=\"millifyrirsogn_2007\">\u00d3g\u00e6tni \u00ed or\u00f0um<\/h3>\n<p><span class=\"ljodatexti\"> <a name=\"18\"><span class=\"versanumer_ljod\">18<\/span><\/a>Betra er manni a\u00f0 missa f\u00f3ta en stj\u00f3rn \u00e1 tungu,<br \/>\u00feannig hendir illan mann br\u00e1\u00f0 hr\u00f6sun.<br \/> <\/span> <span class=\"ljodatexti\"> <a name=\"19\"><span class=\"versanumer_ljod\">19<\/span><\/a> F\u00e1v\u00eds ma\u00f0ur er eins og \u00f3vi\u00f0eigandi fr\u00e1s\u00f6gn<br \/>sem s\u00edfellt er \u00e1 v\u00f6rum \u00f3aga\u00f0ra manna.<br \/> <\/span> <span class=\"ljodatexti\"> <a name=\"20\"><span class=\"versanumer_ljod\">20<\/span><\/a> Spakm\u00e6li heimskingja eru einskis metin<br \/>\u00fev\u00ed a\u00f0 \u00feau eru \u00ed \u00f3t\u00edma t\u00f6lu\u00f0.<br \/> <\/span> <span class=\"ljodatexti\"> <a name=\"21\"><span class=\"versanumer_ljod\">21<\/span><\/a> M\u00f6rgum for\u00f0ar f\u00e1t\u00e6kt fr\u00e1 synd,<br \/>\u00fe\u00e1 nagar samviskan eigi er lagst er til hv\u00edldar.<br \/> <\/span> <span class=\"ljodatexti\"> <a name=\"22\"><span class=\"versanumer_ljod\">22<\/span><\/a> Margur fer me\u00f0 sig \u00e1 feimni <br \/>og bakar s\u00e9r tj\u00f3n me\u00f0 a\u00f0 standa ekki gegn f\u00e1v\u00edsum.<br \/> <\/span> <span class=\"ljodatexti\"> <a name=\"23\"><span class=\"versanumer_ljod\">23<\/span><\/a> Margur gefur vini lofor\u00f0 af einur\u00f0arleysi<br \/>og bakar s\u00e9r \u00f3vild a\u00f0 \u00f3fyrirsynju.<br \/> <\/span> <span class=\"ljodatexti\"> <a name=\"24\"><span class=\"versanumer_ljod\">24<\/span><\/a> Lygin er lj\u00f3tur blettur \u00e1 m\u00f6nnum, <br \/>h\u00fan er algeng \u00ed munni \u00f3aga\u00f0s manns.<br \/> <\/span> <span class=\"ljodatexti\"> <a name=\"25\"><span class=\"versanumer_ljod\">25<\/span><\/a> Betri er \u00fej\u00f3fur en s\u00edlyginn ma\u00f0ur<br \/>en b\u00e1\u00f0ir munu \u00feeir gl\u00f6tun hreppa.<br \/> <\/span> <span class=\"ljodatexti\"> <a name=\"26\"><span class=\"versanumer_ljod\">26<\/span><\/a> \u00dea\u00f0 sem lygarinn temur s\u00e9r ver\u00f0ur vanvir\u00f0a hans,<br \/>sk\u00f6mmin hans s\u00edfelldi f\u00f6runautur. <\/span> <\/p>\n<h3 class=\"millifyrirsogn_2007\">Or\u00f0skvi\u00f0ir<\/h3>\n<p><span class=\"ljodatexti\"> <a name=\"27\"><span class=\"versanumer_ljod\">27<\/span><\/a> S\u00e1 hl\u00fdtur frama sem viturlega m\u00e6lir,<br \/>h\u00f6f\u00f0ingjum ge\u00f0jast a\u00f0 hyggnum manni.<br \/> <\/span> <span class=\"ljodatexti\"> <a name=\"28\"><span class=\"versanumer_ljod\">28<\/span><\/a> S\u00e1 uppsker r\u00edkulega sem j\u00f6r\u00f0ina erjar <br \/>og s\u00e1 sem n\u00e6r hylli h\u00f6f\u00f0ingja f\u00e6r brot s\u00edn fyrirgefin.<br \/> <\/span> <span class=\"ljodatexti\"> <a name=\"29\"><span class=\"versanumer_ljod\">29<\/span><\/a> Gestrisni og gjafir sl\u00e1 augu spekinga blindu,<br \/>l\u00edkt og kefli \u00ed munni k\u00e6fa \u00fe\u00e6r gagnr\u00fdni. <br \/> <\/span> <span class=\"ljodatexti\"> <a name=\"30\"><span class=\"versanumer_ljod\">30<\/span><\/a> Hulin speki og falinn fj\u00e1rsj\u00f3\u00f0ur,<br \/>hva\u00f0 sto\u00f0ar \u00fea\u00f0 hvort um sig? <br \/> <\/span> <span class=\"ljodatexti\"> <a name=\"31\"><span class=\"versanumer_ljod\">31<\/span><\/a> Betri er s\u00e1 sem heimsku s\u00edna hylur<br \/>en hinn sem dylur speki s\u00edna. <\/span> <\/p>\n","protected":false},"excerpt":{"rendered":"<p>Hven\u00e6r tala skal og hven\u00e6r \u00feegja 1Oft er \u00e1minnt \u00ed \u00f3t\u00edma,t\u00ed\u00f0um er viturlegra a\u00f0 \u00feegja. 2 Betra er a\u00f0 \u00e1minna en byrgja rei\u00f0i inni, 3 s\u00e1 sem gengst vi\u00f0 \u00e1vir\u00f0ingu \u00fearf eigi a\u00f0 bera kinnro\u00f0a. 4 L\u00edkur geldingi, sem reynir a\u00f0 nau\u00f0ga mey,er s\u00e1 sem vill koma \u00e1 r\u00e9tti me\u00f0 ofstopa. 5 Margur er \u00fe\u00f6gull og \u00feykir vitur, a\u00f0rir baka s\u00e9r \u00f3vild me\u00f0 m\u00e1l\u00e6\u00f0i s\u00ednu. 6 Margur er \u00fe\u00f6gull enda or\u00f0a vant,annar \u00feegir og b\u00ed\u00f0ur s\u00edns t\u00edma. 7 Vitur ma\u00f0ur er \u00fe\u00f6gull uns t\u00edmab\u00e6rt er a\u00f0 tala,m\u00e1lugur og heimskur talar \u00ed \u00f3t\u00edma. 8 Fyrirlitinn ver\u00f0ur fj\u00f6lm\u00e1lgur ma\u00f0ur, hata\u00f0ur s\u00e1 sem <a href=\"https:\/\/biblian.is\/biblian\/siraksbok-20-kafli\/\"> [&#8230;]<\/a><\/p>\n","protected":false},"author":1,"featured_media":0,"parent":0,"menu_order":0,"comment_status":"open","ping_status":"open","template":"bibliukaflar.php","meta":{"footnotes":""},"class_list":["post-2885","page","type-page","status-publish","hentry"],"_links":{"self":[{"href":"https:\/\/biblian.is\/biblian\/wp-json\/wp\/v2\/pages\/2885","targetHints":{"allow":["GET"]}}],"collection":[{"href":"https:\/\/biblian.is\/biblian\/wp-json\/wp\/v2\/pages"}],"about":[{"href":"https:\/\/biblian.is\/biblian\/wp-json\/wp\/v2\/types\/page"}],"author":[{"embeddable":true,"href":"https:\/\/biblian.is\/biblian\/wp-json\/wp\/v2\/users\/1"}],"replies":[{"embeddable":true,"href":"https:\/\/biblian.is\/biblian\/wp-json\/wp\/v2\/comments?post=2885"}],"version-history":[{"count":0,"href":"https:\/\/biblian.is\/biblian\/wp-json\/wp\/v2\/pages\/2885\/revisions"}],"wp:attachment":[{"href":"https:\/\/biblian.is\/biblian\/wp-json\/wp\/v2\/media?parent=2885"}],"curies":[{"name":"wp","href":"https:\/\/api.w.org\/{rel}","templated":true}]}}