{"id":2884,"date":"2017-12-30T21:05:03","date_gmt":"2017-12-30T21:05:03","guid":{"rendered":"http:\/\/biblian.is\/biblian\/s%c2%92raksb%c2%97k-19-kafli\/"},"modified":"2017-12-30T21:05:04","modified_gmt":"2017-12-30T21:05:04","slug":"siraksbok-19-kafli","status":"publish","type":"page","link":"https:\/\/biblian.is\/biblian\/siraksbok-19-kafli\/","title":{"rendered":"S\u00edraksb\u00f3k 19. kafli"},"content":{"rendered":"<p><span class=\"ljodatexti\"> <a name=\"1\"><span class=\"versanumer_ljod\">1<\/span><\/a>V\u00ednhneig\u00f0ur verkama\u00f0ur efnast ekki, <br \/>s\u00e1 sem l\u00e6tur s\u00e9r f\u00e1tt um sm\u00e1tt ver\u00f0ur \u00f6rsnau\u00f0ur.<br \/> <\/span> <span class=\"ljodatexti\"> <a name=\"2\"><span class=\"versanumer_ljod\">2<\/span><\/a> V\u00edn og v\u00edf lei\u00f0a skynsama afvega, <br \/>s\u00e1 sem leggur lag sitt vi\u00f0 sk\u00e6kjur forher\u00f0ist \u00e6 meir.<br \/> <\/span> <span class=\"ljodatexti\"> <a name=\"3\"><span class=\"versanumer_ljod\">3<\/span><\/a> Hann ver\u00f0ur rotnun og m\u00f6\u00f0kum a\u00f0 br\u00e1\u00f0,<br \/>hinn forherti mun farast.<br \/> <\/span> <span class=\"ljodatexti\"> <a name=\"4\"><span class=\"versanumer_ljod\">4<\/span><\/a> \u00d3vitur er au\u00f0tr\u00faa ma\u00f0ur,<br \/>s\u00e1 sem syndgar bakar sj\u00e1lfum s\u00e9r tj\u00f3n.<br \/> <\/span> <span class=\"ljodatexti\"> <a name=\"5\"><span class=\"versanumer_ljod\">5<\/span><\/a> Meinf\u00fdsinn ma\u00f0ur mun sj\u00e1lfur hlj\u00f3ta d\u00f3m.<br \/>S\u00e1 sem stenst nautnir k\u00f3r\u00f3nar l\u00edf sitt<br \/>og s\u00e1 sem st\u00fdrir tungu sinni f\u00e6r a\u00f0 lifa \u00ed fri\u00f0i. <span class=\"nedan_mal\" title=\" \u00deannig \u00ed \u00fdmsum handritum.\">[<\/span> <\/p>\n<h3 class=\"millifyrirsogn_2007\">Um lausm\u00e6lgi<\/h3>\n<p><span class=\"ljodatexti\"> <a name=\"6\"><span class=\"versanumer_ljod\">6<\/span><\/a>S\u00e1 er illu firrtur sem hatar lausm\u00e6lgi.<br \/> <\/span> <span class=\"ljodatexti\"> <a name=\"7\"><span class=\"versanumer_ljod\">7<\/span><\/a> Haf\u00f0u aldrei neitt eftir \u00f6\u00f0rum,<br \/>\u00e1 \u00fev\u00ed munt \u00fe\u00fa aldrei tapa.<br \/> <\/span> <span class=\"ljodatexti\"> <a name=\"8\"><span class=\"versanumer_ljod\">8<\/span><\/a> Ber\u00f0u ekkert \u00fat, hvorki um vin n\u00e9 \u00f3vin,<br \/>seg\u00f0u ei fr\u00e1 neinu nema synd s\u00e9 a\u00f0 \u00feegja.<br \/> <\/span> <span class=\"ljodatexti\"> <a name=\"9\"><span class=\"versanumer_ljod\">9<\/span><\/a> Ella mun s\u00e1 er til \u00fe\u00edn heyrir varast \u00feig,<br \/>fella \u00e1 \u00feig hatur fyrr e\u00f0a s\u00ed\u00f0ar.<br \/> <\/span> <span class=\"ljodatexti\"> <a name=\"10\"><span class=\"versanumer_ljod\">10<\/span><\/a> Berist \u00fe\u00e9r kvittur haf\u00f0u hann me\u00f0 \u00fe\u00e9r \u00ed gr\u00f6fina,<br \/>kv\u00edddu engu, \u00fea\u00f0 sprengir \u00feig ekki.<br \/> <\/span> <span class=\"ljodatexti\"> <a name=\"11\"><span class=\"versanumer_ljod\">11<\/span><\/a> Heimskinginn f\u00e6r hr\u00ed\u00f0ir ef hann heyrir or\u00f0r\u00f3m,<br \/>j\u00f3\u00f0s\u00f3tt l\u00edkt og kona vi\u00f0 barnsbur\u00f0.<br \/> <\/span> <span class=\"ljodatexti\"> <a name=\"12\"><span class=\"versanumer_ljod\">12<\/span><\/a> Eins og \u00f6r \u00ed lend manns,<br \/>svo er sl\u00fa\u00f0ur sem heimskingi elur \u00e1.<br \/> <\/span> <span class=\"ljodatexti\"> <a name=\"13\"><span class=\"versanumer_ljod\">13<\/span><\/a> Inn vin \u00feinn eftir hvort hann hafi gert \u00fea\u00f0,<br \/>ef svo, l\u00e1t hann eigi gera \u00fea\u00f0 aftur.<br \/> <\/span> <span class=\"ljodatexti\"> <a name=\"14\"><span class=\"versanumer_ljod\">14<\/span><\/a> Spyr granna \u00feinn \u00fat \u00ed hvort hann hafi sagt \u00fea\u00f0,<br \/>hafi hann sagt \u00fea\u00f0, leyf honum eigi a\u00f0 endurtaka \u00fea\u00f0.<br \/> <\/span> <span class=\"ljodatexti\"> <a name=\"15\"><span class=\"versanumer_ljod\">15<\/span><\/a> Inn vin \u00feinn eftir, \u00fev\u00ed a\u00f0 oft kviknar \u00f3hr\u00f3\u00f0ur,<br \/>eigi skaltu \u00f6llu tr\u00faa sem tala\u00f0 er.<br \/> <\/span> <span class=\"ljodatexti\"> <a name=\"16\"><span class=\"versanumer_ljod\">16<\/span><\/a> T\u00edtt hrata vanhugsu\u00f0 or\u00f0 af v\u00f6rum,<br \/>hver er s\u00e1 sem ei hefur syndga\u00f0 \u00ed or\u00f0i?<br \/> <\/span> <span class=\"ljodatexti\"> <a name=\"17\"><span class=\"versanumer_ljod\">17<\/span><\/a> Spyr n\u00e1granna \u00feinn grannt \u00e1\u00f0ur en \u00fe\u00fa \u00e1lasar honum,<br \/>l\u00e1t l\u00f6gm\u00e1l Hins h\u00e6sta gilda \u00e1n \u00feess a\u00f0 rei\u00f0ast.<br \/> <\/span> <span class=\"ljodatexti\"> <a name=\"18\"><span class=\"versanumer_ljod\">18<\/span><\/a> Gu\u00f0s\u00f3tti er upphaf \u00feess a\u00f0 ver\u00f0a Gu\u00f0i \u00feekkur<br \/>og spekin veitir hlutdeild \u00ed k\u00e6rleika hans.<br \/> <\/span> <span class=\"ljodatexti\"> <a name=\"19\"><span class=\"versanumer_ljod\">19<\/span><\/a> A\u00f0 kunna bo\u00f0or\u00f0 Gu\u00f0s er \u00f6gun sem veitir l\u00edf, <br \/>\u00feeir sem i\u00f0ka \u00fea\u00f0 sem honum \u00fe\u00f3knast <br \/>munu nj\u00f3ta \u00e1vaxta af l\u00edfsins tr\u00e9. <span class=\"nedan_mal\" title=\" \u00deannig \u00ed \u00fdmsum handritum.\">[<\/span> <\/p>\n<h3 class=\"millifyrirsogn_2007\">S\u00f6nn speki og f\u00f6lsk<\/h3>\n<p><span class=\"ljodatexti\"> <a name=\"20\"><span class=\"versanumer_ljod\">20<\/span><\/a>\u00d6ll speki felst \u00ed a\u00f0 \u00f3ttast Drottin, <br \/>\u00f6ll speki hl\u00fdtur a\u00f0 uppfylla l\u00f6gm\u00e1li\u00f0<br \/>og \u00fea\u00f0 er a\u00f0 \u00feekkja alm\u00e6tti hans.<br \/> <\/span> <span class=\"ljodatexti\"> <a name=\"21\"><span class=\"versanumer_ljod\">21<\/span><\/a> Ef \u00fej\u00f3nn segir vi\u00f0 h\u00fasb\u00f3nda sinn:<br \/>\u201e\u00c9g vil ekki gera eins og \u00fe\u00fa \u00f3skar,\u201c<br \/>en framkv\u00e6mir \u00fea\u00f0 samt s\u00ed\u00f0ar <br \/>ergir hann \u00feann sem f\u00e6\u00f0ir hann. <span class=\"nedan_mal\" title=\" \u00deannig \u00ed \u00fdmsum handritum.\">[<\/span> <br \/> <\/span> <span class=\"ljodatexti\"> <a name=\"22\"><span class=\"versanumer_ljod\">22<\/span><\/a> \u00deekking \u00e1 illsku er engin speki,<br \/>r\u00e1\u00f0 syndara eru ekki hyggindi.<br \/> <\/span> <span class=\"ljodatexti\"> <a name=\"23\"><span class=\"versanumer_ljod\">23<\/span><\/a> Til eru \u00feau hyggindi sem vekja vi\u00f0bj\u00f3\u00f0,<br \/>til eru f\u00e1v\u00edsir sem brestur speki.<br \/> <\/span> <span class=\"ljodatexti\"> <a name=\"24\"><span class=\"versanumer_ljod\">24<\/span><\/a> Betri er gu\u00f0hr\u00e6ddur og greindarl\u00edtill<br \/>en lj\u00f3ng\u00e1fa\u00f0ur sem l\u00f6gm\u00e1li\u00f0 br\u00fdtur.<br \/> <\/span> <span class=\"ljodatexti\"> <a name=\"25\"><span class=\"versanumer_ljod\">25<\/span><\/a> Til er sk\u00f6rp r\u00e1\u00f0snilld sem rangl\u00e1t er<br \/>og margir beita br\u00f6g\u00f0um er d\u00f3m skal fella. <br \/> <\/span> <span class=\"ljodatexti\"> <a name=\"26\"><span class=\"versanumer_ljod\">26<\/span><\/a> Svo er illmenni\u00f0 sem ber yfirbrag\u00f0 m\u00e6\u00f0u, <br \/>en innra er \u00fea\u00f0 fullt svika. <br \/> <\/span> <span class=\"ljodatexti\"> <a name=\"27\"><span class=\"versanumer_ljod\">27<\/span><\/a> Ni\u00f0url\u00fatur er hann og l\u00e6st ekkert heyra, <br \/>hann r\u00e6\u00f0st a\u00f0 \u00fe\u00e9r \u00feegar minnst varir. <br \/> <\/span> <span class=\"ljodatexti\"> <a name=\"28\"><span class=\"versanumer_ljod\">28<\/span><\/a> Hindri hann magnleysi fr\u00e1 \u00fev\u00ed a\u00f0 syndga <br \/>mun hann \u00fe\u00f3 ska\u00f0a \u00feig f\u00e1i hann f\u00e6ri. <br \/> <\/span> <span class=\"ljodatexti\"> <a name=\"29\"><span class=\"versanumer_ljod\">29<\/span><\/a> Af \u00fatliti m\u00e1 manninn \u00feekkja, <br \/>hygginn m\u00e1 kenna af framkomu sinni. <br \/> <\/span> <span class=\"ljodatexti\"> <a name=\"30\"><span class=\"versanumer_ljod\">30<\/span><\/a> Kl\u00e6\u00f0na\u00f0ur manns, g\u00f6ngulag og hl\u00e1tur <br \/>gefa til kynna hvern mann hann geymir. <\/span> <\/p>\n","protected":false},"excerpt":{"rendered":"<p>1V\u00ednhneig\u00f0ur verkama\u00f0ur efnast ekki, s\u00e1 sem l\u00e6tur s\u00e9r f\u00e1tt um sm\u00e1tt ver\u00f0ur \u00f6rsnau\u00f0ur. 2 V\u00edn og v\u00edf lei\u00f0a skynsama afvega, s\u00e1 sem leggur lag sitt vi\u00f0 sk\u00e6kjur forher\u00f0ist \u00e6 meir. 3 Hann ver\u00f0ur rotnun og m\u00f6\u00f0kum a\u00f0 br\u00e1\u00f0,hinn forherti mun farast. 4 \u00d3vitur er au\u00f0tr\u00faa ma\u00f0ur,s\u00e1 sem syndgar bakar sj\u00e1lfum s\u00e9r tj\u00f3n. 5 Meinf\u00fdsinn ma\u00f0ur mun sj\u00e1lfur hlj\u00f3ta d\u00f3m.S\u00e1 sem stenst nautnir k\u00f3r\u00f3nar l\u00edf sittog s\u00e1 sem st\u00fdrir tungu sinni f\u00e6r a\u00f0 lifa \u00ed fri\u00f0i. [ Um lausm\u00e6lgi 6S\u00e1 er illu firrtur sem hatar lausm\u00e6lgi. 7 Haf\u00f0u aldrei neitt eftir \u00f6\u00f0rum,\u00e1 \u00fev\u00ed munt \u00fe\u00fa aldrei tapa. 8 Ber\u00f0u ekkert \u00fat, <a href=\"https:\/\/biblian.is\/biblian\/siraksbok-19-kafli\/\"> [&#8230;]<\/a><\/p>\n","protected":false},"author":1,"featured_media":0,"parent":0,"menu_order":0,"comment_status":"open","ping_status":"open","template":"bibliukaflar.php","meta":{"footnotes":""},"class_list":["post-2884","page","type-page","status-publish","hentry"],"_links":{"self":[{"href":"https:\/\/biblian.is\/biblian\/wp-json\/wp\/v2\/pages\/2884","targetHints":{"allow":["GET"]}}],"collection":[{"href":"https:\/\/biblian.is\/biblian\/wp-json\/wp\/v2\/pages"}],"about":[{"href":"https:\/\/biblian.is\/biblian\/wp-json\/wp\/v2\/types\/page"}],"author":[{"embeddable":true,"href":"https:\/\/biblian.is\/biblian\/wp-json\/wp\/v2\/users\/1"}],"replies":[{"embeddable":true,"href":"https:\/\/biblian.is\/biblian\/wp-json\/wp\/v2\/comments?post=2884"}],"version-history":[{"count":0,"href":"https:\/\/biblian.is\/biblian\/wp-json\/wp\/v2\/pages\/2884\/revisions"}],"wp:attachment":[{"href":"https:\/\/biblian.is\/biblian\/wp-json\/wp\/v2\/media?parent=2884"}],"curies":[{"name":"wp","href":"https:\/\/api.w.org\/{rel}","templated":true}]}}