{"id":2882,"date":"2017-12-30T21:05:03","date_gmt":"2017-12-30T21:05:03","guid":{"rendered":"http:\/\/biblian.is\/biblian\/s%c2%92raksb%c2%97k-17-kafli\/"},"modified":"2018-01-22T18:02:45","modified_gmt":"2018-01-22T18:02:45","slug":"siraksbok-17-kafli","status":"publish","type":"page","link":"https:\/\/biblian.is\/biblian\/siraksbok-17-kafli\/","title":{"rendered":"S\u00edraksb\u00f3k 17. kafli"},"content":{"rendered":"<p><span class=\"ljodatexti\"> <a name=\"1\"><span class=\"versanumer_ljod\">1<\/span><\/a>Drottinn skapa\u00f0i manninn af moldu <br \/>og l\u00e6tur hann hverfa aftur til jar\u00f0ar. <br \/> <\/span> <span class=\"ljodatexti\"> <a name=\"2\"><span class=\"versanumer_ljod\">2<\/span><\/a> Hann marka\u00f0i m\u00f6nnum daga og \u00e6viskei\u00f0 <br \/>og gaf \u00feeim vald yfir \u00f6llu \u00e1 j\u00f6r\u00f0u. <br \/> <\/span> <span class=\"ljodatexti\"> <a name=\"3\"><span class=\"versanumer_ljod\">3<\/span><\/a> Hann veitti \u00feeim hlutdeild \u00ed m\u00e6tti s\u00ednum <br \/>og skapa\u00f0i \u00fe\u00e1 \u00ed sinni mynd. <br \/> <\/span> <span class=\"ljodatexti\"> <a name=\"4\"><span class=\"versanumer_ljod\">4<\/span><\/a> Hann l\u00e9t allt sem lifir hafa beyg af m\u00f6nnum <br \/>og l\u00e9t \u00fe\u00e1 drottna yfir d\u00fdrum og fuglum. <span class=\"nedan_mal\" title=\" Sum handrit b\u00e6ta vi\u00f0 5. versi: Drottinn gaf \u00feeim fimm h\u00e6fileika, sj\u00f6tta gj\u00f6f hans er hugur og sj\u00f6unda gj\u00f6fin skynsemi sem sk\u00fdrir a\u00f0rar gjafir hans.\">[<\/span> <br \/> <\/span> <span class=\"ljodatexti\"> <a name=\"6\"><span class=\"versanumer_ljod\">6<\/span><\/a> Skynsemi gaf hann \u00feeim, tungu og augu, <br \/>eyru og hjarta svo a\u00f0 \u00feeir m\u00e6ttu hugsa.<br \/> <\/span> <span class=\"ljodatexti\"> <a name=\"7\"><span class=\"versanumer_ljod\">7<\/span><\/a> Drottinn fyllti \u00fe\u00e1 \u00feekkingu og skilningi <br \/>og kenndi \u00feeim a\u00f0 greina gott og illt. <br \/> <\/span> <span class=\"ljodatexti\"> <a name=\"8\"><span class=\"versanumer_ljod\">8<\/span><\/a> Hann fyllti hjarta \u00feeirra gu\u00f0s\u00f3tta <br \/>svo a\u00f0 \u00feeir s\u00e6ju m\u00e1ttug verk hans.<br \/> <\/span> <span class=\"ljodatexti\"> <a name=\"9\"><a name=\"10\"><span class=\"versanumer_ljod\">9\/10<\/span><\/a><\/a> \u00deeir skulu vegsama hans heilaga nafn<br \/>og bo\u00f0a m\u00e1ttarverk hans.<br \/> <\/span> <span class=\"ljodatexti\"> <a name=\"11\"><span class=\"versanumer_ljod\">11<\/span><\/a> Hann veitti m\u00f6nnum kost \u00e1 \u00feekkingu,<br \/>gaf \u00feeim l\u00f6gm\u00e1li\u00f0 sem lei\u00f0ir til l\u00edfs.<br \/> <\/span> <span class=\"ljodatexti\"> <a name=\"12\"><span class=\"versanumer_ljod\">12<\/span><\/a> Hann ger\u00f0i vi\u00f0 \u00fe\u00e1 eil\u00edfan s\u00e1ttm\u00e1la<br \/>og kunngj\u00f6r\u00f0i \u00feeim bo\u00f0or\u00f0 s\u00edn. <br \/> <\/span> <span class=\"ljodatexti\"> <a name=\"13\"><span class=\"versanumer_ljod\">13<\/span><\/a> Augu \u00feeirra litu m\u00e1ttuga vegsemd hans<br \/>og eyru \u00feeirra n\u00e1mu d\u00fdrlega r\u00f6dd hans.<br \/> <\/span> <span class=\"ljodatexti\"> <a name=\"14\"><span class=\"versanumer_ljod\">14<\/span><\/a> Hann sag\u00f0i vi\u00f0 \u00fe\u00e1: \u201eFor\u00f0ist allt rangl\u00e6ti,\u201c<br \/>og bau\u00f0 s\u00e9rhverjum hvernig breyta skyldi vi\u00f0 n\u00e1ungann. <\/span> <\/p>\n<h3 class=\"millifyrirsogn_2007\">Gu\u00f0 d\u00e6mir<\/h3>\n<p><span class=\"ljodatexti\"> <a name=\"15\"><span class=\"versanumer_ljod\">15<\/span><\/a> Vegir manna blasa \u00e1vallt vi\u00f0 Drottni, <br \/>\u00feeir geta aldrei dulist sj\u00f3num hans.<br \/> <\/span> <span class=\"ljodatexti\"> <a name=\"16\"><span class=\"versanumer_ljod\">16<\/span><\/a> \u00deeir feta veg illskunnar fr\u00e1 \u00e6sku<br \/>og megna ekki a\u00f0 breyta steinhj\u00f6rtum s\u00ednum \u00ed hj\u00f6rtu af holdi.<br \/> <\/span> <span class=\"ljodatexti\"> <a name=\"17\"><span class=\"versanumer_ljod\">17<\/span><\/a> \u00deegar hann skipti \u00fej\u00f3\u00f0um gj\u00f6rvallrar jar\u00f0ar <span class=\"nedan_mal\" title=\" \u00deannig \u00ed sumum handritum. \u00d6nnur handrit hafa upphaf 17. vers: Hann setti s\u00e9rhverri \u00fej\u00f3\u00f0 ...\">[<\/span> <br \/>setti hann s\u00e9rhverri \u00fej\u00f3\u00f0 lei\u00f0toga <br \/>en \u00cdsrael er eign Drottins. <br \/> <\/span> <span class=\"ljodatexti\"> <a name=\"18\"><span class=\"versanumer_ljod\">18<\/span><\/a> Hann er frumbur\u00f0ur hans og agar hann,<br \/>gefur honum lj\u00f3s k\u00e6rleika s\u00edns og afr\u00e6kir hann ekki. <span class=\"nedan_mal\" title=\" \u00deannig \u00ed \u00fdmsum handritum.\">[<\/span> <br \/> <\/span> <span class=\"ljodatexti\"> <a name=\"19\"><span class=\"versanumer_ljod\">19<\/span><\/a> \u00d6ll verk manna eru honum svo auglj\u00f3s sem s\u00f3lin, <br \/>\u00e1n afl\u00e1ts hv\u00edla augu hans \u00e1 vegum \u00feeirra. <br \/> <\/span> <span class=\"ljodatexti\"> <a name=\"20\"><span class=\"versanumer_ljod\">20<\/span><\/a> Rangindi \u00feeirra eru ekki hulin Drottni, <br \/>syndir \u00feeirra allar blasa vi\u00f0 honum. <br \/> <\/span> <span class=\"ljodatexti\"> <a name=\"21\"><span class=\"versanumer_ljod\">21<\/span><\/a> Drottinn er g\u00f3\u00f0ur og \u00feekkir \u00fe\u00e1 sem hann sk\u00f3p,<br \/>hann sleppir \u00feeim ekki, sv\u00edkur \u00fe\u00e1 ekki, heldur miskunnar \u00feeim. <span class=\"nedan_mal\" title=\" \u00deannig \u00ed \u00fdmsum handritum.\">[<\/span> <br \/> <\/span> <span class=\"ljodatexti\"> <a name=\"22\"><span class=\"versanumer_ljod\">22<\/span><\/a> Drottinn metur miskunnsemi manns sem innsiglishring,<br \/>hann g\u00e6tir g\u00f3\u00f0vildar manns sem sj\u00e1aldurs augans.<br \/> <\/span> <span class=\"ljodatexti\"> <a name=\"23\"><span class=\"versanumer_ljod\">23<\/span><\/a> S\u00ed\u00f0ar mun hann r\u00edsa upp og endurgjalda \u00feeim,<br \/>l\u00e1ta \u00feeim misgj\u00f6r\u00f0ir \u00ed koll koma.<br \/> <\/span> <span class=\"ljodatexti\"> <a name=\"24\"><span class=\"versanumer_ljod\">24<\/span><\/a> En \u00feeim sem i\u00f0rast tekur hann aftur vi\u00f0<br \/>og hughreystir \u00fe\u00e1 sem eru a\u00f0 missa m\u00f3\u00f0inn. <\/span> <\/p>\n<h3 class=\"millifyrirsogn_2007\">Hvatning til i\u00f0runar<\/h3>\n<p><span class=\"ljodatexti\"> <a name=\"25\"><span class=\"versanumer_ljod\">25<\/span><\/a> Sn\u00fa \u00fe\u00e9r til Drottins og l\u00e1t af syndum,<br \/>bi\u00f0 frammi fyrir honum og minnka misgj\u00f6r\u00f0ir.<br \/> <\/span> <span class=\"ljodatexti\"> <a name=\"26\"><span class=\"versanumer_ljod\">26<\/span><\/a> Sn\u00fa aftur til Hins h\u00e6sta og hverf fr\u00e1 rangl\u00e6ti <br \/>og hata \u00e1kaft alla vi\u00f0urstygg\u00f0.<br \/>Hann mun sj\u00e1lfur lei\u00f0a \u00feig til lj\u00f3ss s\u00edns sem l\u00e6knar. <span class=\"nedan_mal\" title=\" \u00deannig \u00ed \u00fdmsum handritum.\">[<\/span> <br \/> <\/span> <span class=\"ljodatexti\"> <a name=\"27\"><span class=\"versanumer_ljod\">27<\/span><\/a> Hver lofsyngur Hinum h\u00e6sta \u00ed helju, <br \/>hver mun flytja lofgj\u00f6r\u00f0 \u00ed lifenda sta\u00f0?<br \/> <\/span> <span class=\"ljodatexti\"> <a name=\"28\"><span class=\"versanumer_ljod\">28<\/span><\/a> S\u00e1 sem deyr fyrirfinnst ei framar,<br \/>lofgj\u00f6r\u00f0 hans hlj\u00f3\u00f0nar,<br \/>s\u00e1 sem \u00e1 l\u00edf og heilsu syngi Drottni lof.<br \/> <\/span> <span class=\"ljodatexti\"> <a name=\"29\"><span class=\"versanumer_ljod\">29<\/span><\/a> Hve mikil er miskunn Drottins<br \/>og mildi hans vi\u00f0 \u00fe\u00e1 er til hans sn\u00faa. <br \/> <\/span> <span class=\"ljodatexti\"> <a name=\"30\"><span class=\"versanumer_ljod\">30<\/span><\/a> Eigi er allt \u00e1 valdi mannsins,<br \/>mannanna b\u00f6rn eru eigi \u00f3dau\u00f0leg.<br \/> <\/span> <span class=\"ljodatexti\"> <a name=\"31\"><span class=\"versanumer_ljod\">31<\/span><\/a> Hva\u00f0 lj\u00f3mar bjartar s\u00f3lu?<br \/>Og jafnvel h\u00fan myrkvast.<br \/>Ill er hyggja holds og bl\u00f3\u00f0s.<br \/> <\/span> <span class=\"ljodatexti\"> <a name=\"32\"><span class=\"versanumer_ljod\">32<\/span><\/a> Drottinn hefur yfirs\u00fdn yfir hersveitir h\u00e6sta himins<br \/>en allir menn eru mold og aska. <\/span> <\/p>\n","protected":false},"excerpt":{"rendered":"<p>1Drottinn skapa\u00f0i manninn af moldu og l\u00e6tur hann hverfa aftur til jar\u00f0ar. 2 Hann marka\u00f0i m\u00f6nnum daga og \u00e6viskei\u00f0 og gaf \u00feeim vald yfir \u00f6llu \u00e1 j\u00f6r\u00f0u. 3 Hann veitti \u00feeim hlutdeild \u00ed m\u00e6tti s\u00ednum og skapa\u00f0i \u00fe\u00e1 \u00ed sinni mynd. 4 Hann l\u00e9t allt sem lifir hafa beyg af m\u00f6nnum og l\u00e9t \u00fe\u00e1 drottna yfir d\u00fdrum og fuglum. [ 6 Skynsemi gaf hann \u00feeim, tungu og augu, eyru og hjarta svo a\u00f0 \u00feeir m\u00e6ttu hugsa. 7 Drottinn fyllti \u00fe\u00e1 \u00feekkingu og skilningi og kenndi \u00feeim a\u00f0 greina gott og illt. 8 Hann fyllti hjarta \u00feeirra gu\u00f0s\u00f3tta svo a\u00f0 \u00feeir <a href=\"https:\/\/biblian.is\/biblian\/siraksbok-17-kafli\/\"> [&#8230;]<\/a><\/p>\n","protected":false},"author":1,"featured_media":0,"parent":0,"menu_order":0,"comment_status":"open","ping_status":"open","template":"bibliukaflar.php","meta":{"footnotes":""},"class_list":["post-2882","page","type-page","status-publish","hentry"],"_links":{"self":[{"href":"https:\/\/biblian.is\/biblian\/wp-json\/wp\/v2\/pages\/2882","targetHints":{"allow":["GET"]}}],"collection":[{"href":"https:\/\/biblian.is\/biblian\/wp-json\/wp\/v2\/pages"}],"about":[{"href":"https:\/\/biblian.is\/biblian\/wp-json\/wp\/v2\/types\/page"}],"author":[{"embeddable":true,"href":"https:\/\/biblian.is\/biblian\/wp-json\/wp\/v2\/users\/1"}],"replies":[{"embeddable":true,"href":"https:\/\/biblian.is\/biblian\/wp-json\/wp\/v2\/comments?post=2882"}],"version-history":[{"count":0,"href":"https:\/\/biblian.is\/biblian\/wp-json\/wp\/v2\/pages\/2882\/revisions"}],"wp:attachment":[{"href":"https:\/\/biblian.is\/biblian\/wp-json\/wp\/v2\/media?parent=2882"}],"curies":[{"name":"wp","href":"https:\/\/api.w.org\/{rel}","templated":true}]}}