{"id":2881,"date":"2017-12-30T21:05:03","date_gmt":"2017-12-30T21:05:03","guid":{"rendered":"http:\/\/biblian.is\/biblian\/s%c2%92raksb%c2%97k-16-kafli\/"},"modified":"2018-01-20T02:36:41","modified_gmt":"2018-01-20T02:36:41","slug":"siraksbok-16-kafli","status":"publish","type":"page","link":"https:\/\/biblian.is\/biblian\/siraksbok-16-kafli\/","title":{"rendered":"S\u00edraksb\u00f3k 16. kafli"},"content":{"rendered":"<h3 class=\"millifyrirsogn_2007\"> Aflei\u00f0ing syndarinnar<\/h3>\n<p><span class=\"ljodatexti\"> <a name=\"1\"><span class=\"versanumer_ljod\">1<\/span><\/a> \u00de\u00fa skalt ekki \u00fer\u00e1 merg\u00f0 barna,<br \/>\u00feau g\u00e6tu reynst duglaus,<br \/>og ekki skaltu gle\u00f0jast yfir gu\u00f0lausum sonum.<br \/> <\/span> <span class=\"ljodatexti\"> <a name=\"2\"><span class=\"versanumer_ljod\">2<\/span><\/a> Fagna\u00f0u eigi \u00fe\u00f3tt b\u00f6rnum fj\u00f6lgi,<br \/>nema \u00feau \u00f3ttist Drottin.<br \/> <\/span> <span class=\"ljodatexti\"> <a name=\"3\"><span class=\"versanumer_ljod\">3<\/span><\/a> Vertu ekki viss um a\u00f0 \u00feau komist upp<br \/>og reiddu \u00feig ekki \u00e1 fj\u00f6lda \u00feeirra.<br \/>Eitt barn getur reynst betur en \u00fe\u00fasund<br \/>og betra er a\u00f0 deyja barnlaus en a\u00f0 eiga gu\u00f0laus b\u00f6rn.<br \/> <\/span> <span class=\"ljodatexti\"> <a name=\"4\"><span class=\"versanumer_ljod\">4<\/span><\/a> Einn hygginn ma\u00f0ur getur byggt borg,<br \/>en \u00e6tt gu\u00f0lausra mun afm\u00e1\u00f0.<br \/> <\/span> <span class=\"ljodatexti\"> <a name=\"5\"><span class=\"versanumer_ljod\">5<\/span><\/a> Margt \u00fev\u00edl\u00edkt hef \u00e9g s\u00e9\u00f0<br \/>og heyrt margt \u00feessu meira.<br \/> <\/span> <span class=\"ljodatexti\"> <a name=\"6\"><span class=\"versanumer_ljod\">6<\/span><\/a> Eldur mun tendrast \u00fear sem syndarar safnast<br \/>og hj\u00e1 \u00f3hl\u00fd\u00f0inni \u00fej\u00f3\u00f0 mun rei\u00f0i Drottins kvikna. <br \/> <\/span> <span class=\"ljodatexti\"> <a name=\"7\"><span class=\"versanumer_ljod\">7<\/span><\/a> Enga v\u00e6g\u00f0 s\u00fdndi hann risum fornaldar <br \/>sem treystu \u00e1 eigin m\u00e1tt og f\u00e9llu fr\u00e1.<br \/> <\/span> <span class=\"ljodatexti\"> <a name=\"8\"><span class=\"versanumer_ljod\">8<\/span><\/a> N\u00e1gr\u00f6nnum Lots \u00feyrmdi hann ekki,<br \/>hann haf\u00f0i andstygg\u00f0 \u00e1 ofurdrambi \u00feeirra. <br \/> <\/span> <span class=\"ljodatexti\"> <a name=\"9\"><span class=\"versanumer_ljod\">9<\/span><\/a> Hann s\u00fdndi ford\u00e6mdum l\u00fd\u00f0 enga miskunn<br \/>og uppr\u00e6tti hann sakir synda. <br \/> <\/span> <span class=\"ljodatexti\"> <a name=\"10\"><span class=\"versanumer_ljod\">10<\/span><\/a> Eins f\u00f3r fyrir sex hundru\u00f0 \u00fe\u00fasund manna f\u00f3tg\u00f6nguli\u00f0i<br \/>sem safna\u00f0ist saman me\u00f0 forhert hjarta. <br \/> <\/span> <span class=\"ljodatexti\"> <a name=\"11\"><span class=\"versanumer_ljod\">11<\/span><\/a> \u00de\u00f3tt einungis einn v\u00e6ri har\u00f0sv\u00edra\u00f0ur<br \/>v\u00e6ri \u00fea\u00f0 undur ef hann slyppi vi\u00f0 hegningu.<br \/>\u00dev\u00ed a\u00f0 b\u00e6\u00f0i miskunn og rei\u00f0i er a\u00f0 finna hj\u00e1 Drottni,<br \/>hann er n\u00e1\u00f0ugur Drottinn en \u00fathellir einnig rei\u00f0i.<br \/> <\/span> <span class=\"ljodatexti\"> <a name=\"12\"><span class=\"versanumer_ljod\">12<\/span><\/a> Miskunn hans er jafn m\u00e1ttug og hegning hans.<br \/>Hann d\u00e6mir hvern mann af verkum hans. <br \/> <\/span> <span class=\"ljodatexti\"> <a name=\"13\"><span class=\"versanumer_ljod\">13<\/span><\/a> Syndarinn sleppur ekki undan me\u00f0 feng sinn<br \/>n\u00e9 bregst gu\u00f0hr\u00e6ddum umbun \u00feolinm\u00e6\u00f0i sinnar. <br \/> <\/span> <span class=\"ljodatexti\"> <a name=\"14\"><span class=\"versanumer_ljod\">14<\/span><\/a> Drottinn tilreiknar s\u00e9rhvert g\u00f3\u00f0verk, <br \/>s\u00e9rhver f\u00e6r gj\u00f6ld eftir gj\u00f6r\u00f0um s\u00ednum. <br \/> <\/span> <span class=\"ljodatexti\"> <a name=\"17\"><span class=\"versanumer_ljod\">17<\/span><\/a> Seg\u00f0u ekki: \u201e\u00c9g er Drottni dulinn,<br \/>hver minnist m\u00edn \u00ed upph\u00e6\u00f0um? <br \/>Ekki \u00feekkist \u00e9g \u00ed mannmerg\u00f0inni,<br \/>hver er \u00e9g \u00ed \u00f3m\u00e6li sk\u00f6punarinnar?\u201c<br \/> <\/span> <span class=\"ljodatexti\"> <a name=\"18\"><span class=\"versanumer_ljod\">18<\/span><\/a> Sj\u00e1, himinninn, himinn himna,<br \/>undirdj\u00fapin og j\u00f6r\u00f0in munu skj\u00e1lfa er Drottinn kemur.<br \/> <\/span> <span class=\"ljodatexti\"> <a name=\"19\"><span class=\"versanumer_ljod\">19<\/span><\/a> Fj\u00f6llin jafnt og grundv\u00f6llur jar\u00f0ar<br \/>n\u00f6tra af skelfingu er hann l\u00edtur til \u00feeirra. <br \/> <\/span> <span class=\"ljodatexti\"> <a name=\"20\"><span class=\"versanumer_ljod\">20<\/span><\/a> En enginn leggur s\u00e9r \u00feetta \u00e1 hjarta,<br \/>hver minnist vega Drottins?<br \/> <\/span> <span class=\"ljodatexti\"> <a name=\"21\"><span class=\"versanumer_ljod\">21<\/span><\/a> Stormsveipinn s\u00e9r enginn ma\u00f0ur. <br \/>Flest verk Drottins eru unnin \u00ed leyndum.<br \/> <\/span> <span class=\"ljodatexti\"> <a name=\"22\"><span class=\"versanumer_ljod\">22<\/span><\/a> Hver mun kunngj\u00f6ra r\u00e9ttl\u00e6tisverk hans?<br \/>Hver mun b\u00ed\u00f0a \u00feess? Reikningsskilin eru fjarri.<br \/> <\/span> <span class=\"ljodatexti\"> <a name=\"23\"><span class=\"versanumer_ljod\">23<\/span><\/a> \u00deannig hugsar heimskinginn me\u00f0 s\u00e9r,<br \/>f\u00e1v\u00eds ma\u00f0ur og r\u00e1\u00f0villtur elur \u00e1 sl\u00edkri firru. <\/span> <\/p>\n<h3 class=\"millifyrirsogn_2007\">Speki Gu\u00f0s \u00ed sk\u00f6punarverkinu<\/h3>\n<p><span class=\"ljodatexti\"> <a name=\"24\"><span class=\"versanumer_ljod\">24<\/span><\/a> Hl\u00fd\u00f0 \u00e1 mig, barn, og l\u00e6r\u00f0u speki, <br \/>gef \u00feig heils hugar a\u00f0 or\u00f0um m\u00ednum.<br \/> <\/span> <span class=\"ljodatexti\"> <a name=\"25\"><span class=\"versanumer_ljod\">25<\/span><\/a> \u00c9g kunngj\u00f6ri \u00fea\u00f0 sem er vegi\u00f0 og meti\u00f0,<br \/>gj\u00f6rhugsu\u00f0 kenning er \u00fea\u00f0 sem \u00e9g bo\u00f0a.<br \/> <\/span> <span class=\"ljodatexti\"> <a name=\"26\"><span class=\"versanumer_ljod\">26<\/span><\/a> Drottinn sk\u00f3p verk s\u00edn \u00ed upphafi<br \/>og er \u00feau ur\u00f0u til gaf hann hverju \u00feeirra sta\u00f0.<br \/> <\/span> <span class=\"ljodatexti\"> <a name=\"27\"><span class=\"versanumer_ljod\">27<\/span><\/a> Hann \u00e1kvar\u00f0a\u00f0i \u00feeim hlutverk til eil\u00edf\u00f0ar, <br \/>valdsvi\u00f0 fr\u00e1 kynsl\u00f3\u00f0 til kynsl\u00f3\u00f0ar.<br \/>\u00deau hungrar eigi, \u00feau \u00fereytast eigi,<br \/>aldrei l\u00e1ta \u00feau af verkum s\u00ednum.<br \/> <\/span> <span class=\"ljodatexti\"> <a name=\"28\"><span class=\"versanumer_ljod\">28<\/span><\/a> Ekkert \u00feeirra stjakar vi\u00f0 \u00f6\u00f0ru<br \/>og aldrei \u00f3hl\u00fd\u00f0nast \u00feau bo\u00f0um Drottins.<br \/> <\/span> <span class=\"ljodatexti\"> <a name=\"29\"><span class=\"versanumer_ljod\">29<\/span><\/a> \u00deegar Drottinn haf\u00f0i gert allt \u00feetta leit hann til jar\u00f0ar<br \/>og fyllti hana g\u00e6\u00f0um s\u00ednum.<br \/> <\/span> <span class=\"ljodatexti\"> <a name=\"30\"><span class=\"versanumer_ljod\">30<\/span><\/a> Hann \u00feakti hana alls konar l\u00edfverum,<br \/>a\u00f0 j\u00f6r\u00f0u munu \u00fe\u00e6r aftur ver\u00f0a. <\/span> <\/p>\n","protected":false},"excerpt":{"rendered":"<p>Aflei\u00f0ing syndarinnar 1 \u00de\u00fa skalt ekki \u00fer\u00e1 merg\u00f0 barna,\u00feau g\u00e6tu reynst duglaus,og ekki skaltu gle\u00f0jast yfir gu\u00f0lausum sonum. 2 Fagna\u00f0u eigi \u00fe\u00f3tt b\u00f6rnum fj\u00f6lgi,nema \u00feau \u00f3ttist Drottin. 3 Vertu ekki viss um a\u00f0 \u00feau komist uppog reiddu \u00feig ekki \u00e1 fj\u00f6lda \u00feeirra.Eitt barn getur reynst betur en \u00fe\u00fasundog betra er a\u00f0 deyja barnlaus en a\u00f0 eiga gu\u00f0laus b\u00f6rn. 4 Einn hygginn ma\u00f0ur getur byggt borg,en \u00e6tt gu\u00f0lausra mun afm\u00e1\u00f0. 5 Margt \u00fev\u00edl\u00edkt hef \u00e9g s\u00e9\u00f0og heyrt margt \u00feessu meira. 6 Eldur mun tendrast \u00fear sem syndarar safnastog hj\u00e1 \u00f3hl\u00fd\u00f0inni \u00fej\u00f3\u00f0 mun rei\u00f0i Drottins kvikna. 7 Enga v\u00e6g\u00f0 s\u00fdndi hann risum <a href=\"https:\/\/biblian.is\/biblian\/siraksbok-16-kafli\/\"> [&#8230;]<\/a><\/p>\n","protected":false},"author":1,"featured_media":0,"parent":0,"menu_order":0,"comment_status":"open","ping_status":"open","template":"bibliukaflar.php","meta":{"footnotes":""},"class_list":["post-2881","page","type-page","status-publish","hentry"],"_links":{"self":[{"href":"https:\/\/biblian.is\/biblian\/wp-json\/wp\/v2\/pages\/2881","targetHints":{"allow":["GET"]}}],"collection":[{"href":"https:\/\/biblian.is\/biblian\/wp-json\/wp\/v2\/pages"}],"about":[{"href":"https:\/\/biblian.is\/biblian\/wp-json\/wp\/v2\/types\/page"}],"author":[{"embeddable":true,"href":"https:\/\/biblian.is\/biblian\/wp-json\/wp\/v2\/users\/1"}],"replies":[{"embeddable":true,"href":"https:\/\/biblian.is\/biblian\/wp-json\/wp\/v2\/comments?post=2881"}],"version-history":[{"count":0,"href":"https:\/\/biblian.is\/biblian\/wp-json\/wp\/v2\/pages\/2881\/revisions"}],"wp:attachment":[{"href":"https:\/\/biblian.is\/biblian\/wp-json\/wp\/v2\/media?parent=2881"}],"curies":[{"name":"wp","href":"https:\/\/api.w.org\/{rel}","templated":true}]}}