{"id":2879,"date":"2017-12-30T21:05:03","date_gmt":"2017-12-30T21:05:03","guid":{"rendered":"http:\/\/biblian.is\/biblian\/s%c2%92raksb%c2%97k-14-kafli\/"},"modified":"2017-12-30T21:05:04","modified_gmt":"2017-12-30T21:05:04","slug":"siraksbok-14-kafli","status":"publish","type":"page","link":"https:\/\/biblian.is\/biblian\/siraksbok-14-kafli\/","title":{"rendered":"S\u00edraksb\u00f3k 14. kafli"},"content":{"rendered":"<p><span class=\"ljodatexti\"> <a name=\"1\"><span class=\"versanumer_ljod\">1<\/span><\/a>S\u00e6ll er s\u00e1 sem hefur taumhald \u00e1 tungu sinni <br \/>og sorg vegna synda n\u00edstir ekki. <br \/> <\/span> <span class=\"ljodatexti\"> <a name=\"2\"><span class=\"versanumer_ljod\">2<\/span><\/a> S\u00e6ll er s\u00e1 sem \u00fearf ei a\u00f0 \u00e1lasa s\u00e9r <br \/>og \u00fearf ekki a\u00f0 sj\u00e1 vonir breg\u00f0ast. <\/span> <\/p>\n<h3 class=\"millifyrirsogn_2007\">Um au\u00f0<\/h3>\n<p><span class=\"ljodatexti\"> <a name=\"3\"><span class=\"versanumer_ljod\">3<\/span><\/a>Eigi hentar au\u00f0s\u00e6ld sm\u00e1s\u00e1larlegum,<br \/>hvert gagn f\u00e6rir au\u00f0ur n\u00edskum manni?<br \/> <\/span> <span class=\"ljodatexti\"> <a name=\"4\"><span class=\"versanumer_ljod\">4<\/span><\/a> S\u00e1 safnar fyrir a\u00f0ra sem neitar s\u00e9r um allt,<br \/>\u00f3kunnir munu nj\u00f3ta vellystinga af eigum hans. <br \/> <\/span> <span class=\"ljodatexti\"> <a name=\"5\"><span class=\"versanumer_ljod\">5<\/span><\/a> Hverjum skyldi s\u00e1 g\u00f3\u00f0ur sem sj\u00e1lfan sig kvelur?<br \/>Aldrei f\u00e6ra eignir sl\u00edkum gle\u00f0i.<br \/> <\/span> <span class=\"ljodatexti\"> <a name=\"6\"><span class=\"versanumer_ljod\">6<\/span><\/a> Enginn er verr settur en s\u00e1 sem heldur \u00ed vi\u00f0 sig,<br \/>\u00feetta eru gj\u00f6ld illsku hans:<br \/> <\/span> <span class=\"ljodatexti\"> <a name=\"7\"><span class=\"versanumer_ljod\">7<\/span><\/a> Geri hann vel var \u00fea\u00f0 \u00f3vart,<br \/>illska hans ver\u00f0ur a\u00f0 lokum auglj\u00f3s.<br \/> <\/span> <span class=\"ljodatexti\"> <a name=\"8\"><span class=\"versanumer_ljod\">8<\/span><\/a> Illur er \u00f6fundsj\u00fakur ma\u00f0ur,<br \/>hann sn\u00fdr baki vi\u00f0 \u00f6\u00f0rum og skeytir ei um neinn. <br \/> <\/span> <span class=\"ljodatexti\"> <a name=\"9\"><span class=\"versanumer_ljod\">9<\/span><\/a> Hann s\u00e9r aldrei n\u00f3g koma \u00ed sinn hlut,<br \/>s\u00e1l hans visnar af rangl\u00e1tri \u00e1girnd.<br \/> <\/span> <span class=\"ljodatexti\"> <a name=\"10\"><span class=\"versanumer_ljod\">10<\/span><\/a> S\u00e1 n\u00edski er spar \u00e1 brau\u00f0<br \/>og l\u00ed\u00f0ur skort vi\u00f0 eigi\u00f0 bor\u00f0.<br \/> <\/span> <span class=\"ljodatexti\"> <a name=\"11\"><span class=\"versanumer_ljod\">11<\/span><\/a> Barni\u00f0 mitt, unn \u00fe\u00e9r alls g\u00f3\u00f0s sem \u00fe\u00fa getur<br \/>og f\u00e6r Drottni \u00fe\u00e1 f\u00f3rn sem honum ber.<br \/> <\/span> <span class=\"ljodatexti\"> <a name=\"12\"><span class=\"versanumer_ljod\">12<\/span><\/a> Minnstu \u00feess a\u00f0 dau\u00f0anum dvelst eigi,<br \/>\u00fe\u00fa veist ekki hven\u00e6r \u00fe\u00fa skalt til heljar halda.<br \/> <\/span> <span class=\"ljodatexti\"> <a name=\"13\"><span class=\"versanumer_ljod\">13<\/span><\/a> Gj\u00f6r vel til vinar \u00e1\u00f0ur en \u00fe\u00fa ert allur,<br \/>ver honum svo \u00f6rl\u00e1tur sem efni \u00fe\u00edn leyfa. <br \/> <\/span> <span class=\"ljodatexti\"> <a name=\"14\"><span class=\"versanumer_ljod\">14<\/span><\/a> Neita \u00fe\u00e9r ekki um gla\u00f0an dag,<br \/>synja \u00fe\u00e9r eigi um saklausa skemmtun.<br \/> <\/span> <span class=\"ljodatexti\"> <a name=\"15\"><span class=\"versanumer_ljod\">15<\/span><\/a> Ver\u00f0ur \u00fe\u00fa ekki a\u00f0 l\u00e1ta \u00f6\u00f0rum eftir \u00e1v\u00f6xt erfi\u00f0is \u00fe\u00edns?<br \/>Munu ekki a\u00f0rir skipta \u00fev\u00ed me\u00f0 s\u00e9r sem \u00fe\u00fa afla\u00f0ir? <br \/> <\/span> <span class=\"ljodatexti\"> <a name=\"16\"><span class=\"versanumer_ljod\">16<\/span><\/a> Gef og \u00feigg og nj\u00f3ttu l\u00edfsins, <br \/>\u00ed helju er enga gle\u00f0i a\u00f0 finna.<br \/> <\/span> <span class=\"ljodatexti\"> <a name=\"17\"><span class=\"versanumer_ljod\">17<\/span><\/a> Allt hold fyrnist sem fat,<br \/>l\u00f6gm\u00e1l fr\u00e1 \u00f6r\u00f3fi alda b\u00fd\u00f0ur: \u201e\u00de\u00fa skalt deyja.\u201c<br \/> <\/span> <span class=\"ljodatexti\"> <a name=\"18\"><span class=\"versanumer_ljod\">18<\/span><\/a> Eins og bl\u00f6\u00f0 \u00e1 laufgu\u00f0u tr\u00e9,<br \/>eitt fellur, anna\u00f0 sprettur, <br \/>\u00feannig er um kynsl\u00f3\u00f0ir manna,<br \/>ein deyr, \u00f6nnur f\u00e6\u00f0ist.<br \/> <\/span> <span class=\"ljodatexti\"> <a name=\"19\"><span class=\"versanumer_ljod\">19<\/span><\/a> \u00d6ll mannanna verk hr\u00f6rna, ey\u00f0ast<br \/>og s\u00e1 sem \u00feau vann hverfur me\u00f0 \u00feeim. <\/span> <\/p>\n<h3 class=\"millifyrirsogn_2007\">Hamingjan sem spekin veitir<\/h3>\n<p><span class=\"ljodatexti\"> <a name=\"20\"><span class=\"versanumer_ljod\">20<\/span><\/a>S\u00e6ll er s\u00e1 sem i\u00f0kar speki <br \/>og skerpir skilning sinn \u00ed umr\u00e6\u00f0um, <br \/> <\/span> <span class=\"ljodatexti\"> <a name=\"21\"><span class=\"versanumer_ljod\">21<\/span><\/a> \u00edhugar vegu spekinnar \u00ed hjarta s\u00ednu <br \/>og grundar leyndard\u00f3ma hennar. <br \/> <\/span> <span class=\"ljodatexti\"> <a name=\"22\"><span class=\"versanumer_ljod\">22<\/span><\/a> Fylg \u00fe\u00fa henni l\u00edkt og vei\u00f0ima\u00f0ur br\u00e1\u00f0, <br \/>sit fyrir spekinni \u00fear sem h\u00fan fer inn. <br \/> <\/span> <span class=\"ljodatexti\"> <a name=\"23\"><span class=\"versanumer_ljod\">23<\/span><\/a> S\u00e1 sem g\u00e6gist \u00e1 glugga hennar, <br \/>leggur vi\u00f0 hlustir hj\u00e1 dyrum hennar, <br \/> <\/span> <span class=\"ljodatexti\"> <a name=\"24\"><span class=\"versanumer_ljod\">24<\/span><\/a> sest a\u00f0 vi\u00f0 h\u00fas hennar <br \/>og rekur tjaldh\u00e6la s\u00edna \u00ed vegg \u00feess, <br \/> <\/span> <span class=\"ljodatexti\"> <a name=\"25\"><span class=\"versanumer_ljod\">25<\/span><\/a> sl\u00e6r tjaldi s\u00ednu upp \u00ed n\u00e1nd spekinnar, <br \/>\u00fear \u00e1 hann gott athvarf. <br \/> <\/span> <span class=\"ljodatexti\"> <a name=\"26\"><span class=\"versanumer_ljod\">26<\/span><\/a> B\u00f6rn s\u00edn f\u00e6r hann henni til verndar,<br \/>hv\u00edlist undir greinum hennar.<br \/> <\/span> <span class=\"ljodatexti\"> <a name=\"27\"><span class=\"versanumer_ljod\">27<\/span><\/a> Hj\u00e1 henni finnur hann skj\u00f3l fyrir s\u00f3larbreyskju<br \/>og er umvafinn d\u00fdr\u00f0 hennar. <\/span> <\/p>\n","protected":false},"excerpt":{"rendered":"<p>1S\u00e6ll er s\u00e1 sem hefur taumhald \u00e1 tungu sinni og sorg vegna synda n\u00edstir ekki. 2 S\u00e6ll er s\u00e1 sem \u00fearf ei a\u00f0 \u00e1lasa s\u00e9r og \u00fearf ekki a\u00f0 sj\u00e1 vonir breg\u00f0ast. Um au\u00f0 3Eigi hentar au\u00f0s\u00e6ld sm\u00e1s\u00e1larlegum,hvert gagn f\u00e6rir au\u00f0ur n\u00edskum manni? 4 S\u00e1 safnar fyrir a\u00f0ra sem neitar s\u00e9r um allt,\u00f3kunnir munu nj\u00f3ta vellystinga af eigum hans. 5 Hverjum skyldi s\u00e1 g\u00f3\u00f0ur sem sj\u00e1lfan sig kvelur?Aldrei f\u00e6ra eignir sl\u00edkum gle\u00f0i. 6 Enginn er verr settur en s\u00e1 sem heldur \u00ed vi\u00f0 sig,\u00feetta eru gj\u00f6ld illsku hans: 7 Geri hann vel var \u00fea\u00f0 \u00f3vart,illska hans ver\u00f0ur a\u00f0 lokum auglj\u00f3s. <a href=\"https:\/\/biblian.is\/biblian\/siraksbok-14-kafli\/\"> [&#8230;]<\/a><\/p>\n","protected":false},"author":1,"featured_media":0,"parent":0,"menu_order":0,"comment_status":"open","ping_status":"open","template":"bibliukaflar.php","meta":{"footnotes":""},"class_list":["post-2879","page","type-page","status-publish","hentry"],"_links":{"self":[{"href":"https:\/\/biblian.is\/biblian\/wp-json\/wp\/v2\/pages\/2879","targetHints":{"allow":["GET"]}}],"collection":[{"href":"https:\/\/biblian.is\/biblian\/wp-json\/wp\/v2\/pages"}],"about":[{"href":"https:\/\/biblian.is\/biblian\/wp-json\/wp\/v2\/types\/page"}],"author":[{"embeddable":true,"href":"https:\/\/biblian.is\/biblian\/wp-json\/wp\/v2\/users\/1"}],"replies":[{"embeddable":true,"href":"https:\/\/biblian.is\/biblian\/wp-json\/wp\/v2\/comments?post=2879"}],"version-history":[{"count":0,"href":"https:\/\/biblian.is\/biblian\/wp-json\/wp\/v2\/pages\/2879\/revisions"}],"wp:attachment":[{"href":"https:\/\/biblian.is\/biblian\/wp-json\/wp\/v2\/media?parent=2879"}],"curies":[{"name":"wp","href":"https:\/\/api.w.org\/{rel}","templated":true}]}}