{"id":2878,"date":"2017-12-30T21:05:03","date_gmt":"2017-12-30T21:05:03","guid":{"rendered":"http:\/\/biblian.is\/biblian\/s%c2%92raksb%c2%97k-13-kafli\/"},"modified":"2018-01-20T02:31:05","modified_gmt":"2018-01-20T02:31:05","slug":"siraksbok-13-kafli","status":"publish","type":"page","link":"https:\/\/biblian.is\/biblian\/siraksbok-13-kafli\/","title":{"rendered":"S\u00edraksb\u00f3k 13. kafli"},"content":{"rendered":"<p><span class=\"ljodatexti\"><a name=\"1\"><span class=\"versanumer_ljod\">1<\/span><\/a>Hver sem snertir bik mun flekkast<br \/> og s\u00e1 sem umgengst drambsaman dregur d\u00e1m af honum.<br \/> <\/span> <span class=\"ljodatexti\"> <a name=\"2\"><span class=\"versanumer_ljod\">2<\/span><\/a> Tak eigi upp byr\u00f0i sem er \u00fe\u00e9r um megn<br \/>og legg eigi lag vi\u00f0 \u00fe\u00e9r voldugri og au\u00f0ugri.<br \/>Hvernig farnast leirkeri hj\u00e1 j\u00e1rnpotti?<br \/>Rekist \u00fea\u00f0 \u00ed hann brotnar keri\u00f0.<br \/> <\/span> <span class=\"ljodatexti\"> <a name=\"3\"><span class=\"versanumer_ljod\">3<\/span><\/a> Au\u00f0ma\u00f0urinn beitir rangindum<br \/>og er auk \u00feess \u00f3skammfeilinn. <br \/>F\u00e1t\u00e6klingnum er gert rangt til<br \/>og m\u00e1 auk \u00feess bi\u00f0ja velvir\u00f0ingar.<br \/> <\/span> <span class=\"ljodatexti\"> <a name=\"4\"><span class=\"versanumer_ljod\">4<\/span><\/a> Geti au\u00f0ma\u00f0ur haft not af \u00fe\u00e9r \u00fe\u00e1 mun hann nota s\u00e9r \u00feig<br \/>en s\u00e9rt \u00fe\u00fa \u00ed nau\u00f0 sn\u00fdr hann baki vi\u00f0 \u00fe\u00e9r.<br \/> <\/span> <span class=\"ljodatexti\"> <a name=\"5\"><span class=\"versanumer_ljod\">5<\/span><\/a> Eigir \u00fe\u00fa eitthva\u00f0 til \u00fe\u00e1 unir hann hj\u00e1 \u00fe\u00e9r,<br \/>gerir eign \u00fe\u00edna a\u00f0 engu og f\u00e6st eigi um \u00fea\u00f0.<br \/> <\/span> <span class=\"ljodatexti\"> <a name=\"6\"><span class=\"versanumer_ljod\">6<\/span><\/a> \u00dearfnist hann \u00fe\u00edn mun hann villa um fyrir \u00fe\u00e9r,<br \/>vera h\u00fdr \u00ed brag\u00f0i og upp\u00f6rvandi,<br \/>bl\u00ed\u00f0m\u00e1ll mun hann segja: \u201e\u00dearfnast \u00fe\u00fa einhvers?\u201c<br \/> <\/span> <span class=\"ljodatexti\"> <a name=\"7\"><span class=\"versanumer_ljod\">7<\/span><\/a> Hann ver\u00f0ur svo \u00f6rl\u00e1tur a\u00f0 \u00fe\u00fa blyg\u00f0ast \u00fe\u00edn<br \/>uns hann hefur haft allt af \u00fe\u00e9r tv\u00f6- og \u00ferefalt <br \/>og hefur \u00feig a\u00f0 lokum a\u00f0 h\u00e1\u00f0i.<br \/>Sj\u00e1i hann \u00feig s\u00ed\u00f0ar for\u00f0ast hann \u00feig<br \/>og skekur h\u00f6fu\u00f0i\u00f0 yfir \u00fe\u00e9r. <br \/> <\/span> <span class=\"ljodatexti\"> <a name=\"8\"><span class=\"versanumer_ljod\">8<\/span><\/a> G\u00e6t \u00feess a\u00f0 l\u00e1ta ei blekkjast,<br \/>l\u00e1t f\u00e1v\u00edsi \u00fe\u00edna ekki ver\u00f0a \u00fe\u00e9r til ni\u00f0url\u00e6gingar.<br \/> <\/span> <span class=\"ljodatexti\"> <a name=\"9\"><span class=\"versanumer_ljod\">9<\/span><\/a> Bj\u00f3\u00f0i valdama\u00f0ur \u00fe\u00e9r heim vertu \u00fe\u00e1 ekki \u00f3\u00f0f\u00fas,<br \/>\u00fe\u00e1 mun hann leggja enn har\u00f0ar a\u00f0 \u00fe\u00e9r.<br \/> <\/span> <span class=\"ljodatexti\"> <a name=\"10\"><span class=\"versanumer_ljod\">10<\/span><\/a> Trana \u00fe\u00e9r ekki fram svo a\u00f0 \u00fe\u00e9r ver\u00f0i ekki stjaka\u00f0 fr\u00e1,<br \/>vertu ekki \u00f3framf\u00e6rinn \u00fev\u00ed a\u00f0 \u00fe\u00e1 gleymist \u00fe\u00fa.<br \/> <\/span> <span class=\"ljodatexti\"> <a name=\"11\"><span class=\"versanumer_ljod\">11<\/span><\/a> Ger\u00f0u \u00fe\u00e9r eigi d\u00e6lt vi\u00f0 valdamann,<br \/>treystu ekki heldur skrafi hans.<br \/>\u00cd l\u00f6ngum vi\u00f0r\u00e6\u00f0um er hann a\u00f0 reyna \u00feig<br \/>og rannsakar \u00feig \u00e1 me\u00f0an hann brosir vi\u00f0 \u00fe\u00e9r.<br \/> <\/span> <span class=\"ljodatexti\"> <a name=\"12\"><span class=\"versanumer_ljod\">12<\/span><\/a> \u00d3v\u00e6ginn er s\u00e1 sem hleypur me\u00f0 \u00fea\u00f0 sem honum er sagt<br \/>og hl\u00edfir \u00fe\u00e9r hvorki vi\u00f0 har\u00f0r\u00e6\u00f0i n\u00e9 helsi.<br \/> <\/span> <span class=\"ljodatexti\"> <a name=\"13\"><span class=\"versanumer_ljod\">13<\/span><\/a> G\u00e6t vel a\u00f0 og ver vark\u00e1r,<br \/>\u00fe\u00e9r er h\u00e6tt vi\u00f0 hr\u00f6sun \u00ed hverju skrefi. <br \/> <\/span> <span class=\"ljodatexti\"> <a name=\"14\"><span class=\"versanumer_ljod\">14<\/span><\/a> Heyrir \u00fe\u00fa \u00feetta \u00ed svefni \u00fe\u00e1 skaltu vakna. <br \/>Elska Drottin svo lengi sem \u00fe\u00fa lifir,<br \/>bi\u00f0 til hans svo a\u00f0 \u00fe\u00e9r ver\u00f0i bjarga\u00f0. <span class=\"nedan_mal\" title=\" \u00deannig \u00ed gr\u00edskum handritum.\">[<\/span> <br \/> <\/span> <span class=\"ljodatexti\"> <a name=\"15\"><span class=\"versanumer_ljod\">15<\/span><\/a> S\u00e9rhver d\u00fdrategund ann s\u00ednum l\u00edkum,<br \/>hver og einn ma\u00f0ur s\u00e9r n\u00e1num.<br \/> <\/span> <span class=\"ljodatexti\"> <a name=\"16\"><span class=\"versanumer_ljod\">16<\/span><\/a> Allar verur halda sig a\u00f0 sinni tegund,<br \/>s\u00e9rhver ma\u00f0ur la\u00f0ast a\u00f0 s\u00ednum l\u00edka.<br \/> <\/span> <span class=\"ljodatexti\"> <a name=\"17\"><span class=\"versanumer_ljod\">17<\/span><\/a> Ekki leggur \u00falfur lag sitt vi\u00f0 lamb<br \/>n\u00e9 heldur gu\u00f0laus vi\u00f0 gu\u00f0r\u00e6kinn.<br \/> <\/span> <span class=\"ljodatexti\"> <a name=\"18\"><span class=\"versanumer_ljod\">18<\/span><\/a> Ekki geta h\u00fdena og hundur seti\u00f0 \u00e1 s\u00e1rs h\u00f6f\u00f0i<br \/>og aldrei munu r\u00edkur og f\u00e1t\u00e6kur halda fri\u00f0.<br \/> <\/span> <span class=\"ljodatexti\"> <a name=\"19\"><span class=\"versanumer_ljod\">19<\/span><\/a> Villiasnar \u00ed au\u00f0ninni ver\u00f0a lj\u00f3num a\u00f0 br\u00e1\u00f0<br \/>og eins leita au\u00f0ugir br\u00e1\u00f0ar hj\u00e1 f\u00e1t\u00e6kum.<br \/> <\/span> <span class=\"ljodatexti\"> <a name=\"20\"><span class=\"versanumer_ljod\">20<\/span><\/a> Au\u00f0m\u00fdkt er drambs\u00f6mum andstygg\u00f0,<br \/>eins fyrirl\u00edtur au\u00f0ugur f\u00e1t\u00e6kan.<br \/> <\/span> <span class=\"ljodatexti\"> <a name=\"21\"><span class=\"versanumer_ljod\">21<\/span><\/a> Hnj\u00f3ti au\u00f0ma\u00f0ur sty\u00f0ja hann vinir<br \/>en falli f\u00e1t\u00e6kur stjaka vinir jafnvel vi\u00f0 honum. <br \/> <\/span> <span class=\"ljodatexti\"> <a name=\"22\"><span class=\"versanumer_ljod\">22<\/span><\/a> Ver\u00f0i au\u00f0ugum \u00e1 reynast margir til varnar,<br \/>fari hann me\u00f0 firru er \u00fea\u00f0 lagt \u00fat \u00e1 betri veg.<br \/>Ver\u00f0i f\u00e1t\u00e6kum \u00e1 mun hann fyrirlitinn<br \/>og enginn hl\u00fd\u00f0ir \u00e1 viturleg or\u00f0 hans.<br \/> <\/span> <span class=\"ljodatexti\"> <a name=\"23\"><span class=\"versanumer_ljod\">23<\/span><\/a> Er au\u00f0ugur m\u00e6lir \u00feegja allir<br \/>og hefja or\u00f0 hans til sk\u00fdjanna.<br \/>Er f\u00e1t\u00e6kur talar er sagt: \u201eHver er n\u00fa \u00feetta?\u201c<br \/>Hnj\u00f3ti hann er honum hrundi\u00f0 um koll.<br \/> <\/span> <span class=\"ljodatexti\"> <a name=\"24\"><span class=\"versanumer_ljod\">24<\/span><\/a> G\u00f3\u00f0ur er au\u00f0ur sem vel er fenginn<br \/>en f\u00e1t\u00e6kt er b\u00f6l a\u00f0 mati gu\u00f0lausra.<br \/> <\/span> <span class=\"ljodatexti\"> <a name=\"25\"><span class=\"versanumer_ljod\">25<\/span><\/a> \u00dea\u00f0 sem hjarta manns geymir breytir \u00e1sj\u00f3nu hans <br \/>\u00fdmist til g\u00f3\u00f0s e\u00f0a \u00fe\u00e1 ills.<br \/> <\/span> <span class=\"ljodatexti\"> <a name=\"26\"><span class=\"versanumer_ljod\">26<\/span><\/a> H\u00fdr svipur ber vott um hamingju \u00ed hjarta. <br \/>A\u00f0 semja d\u00e6mis\u00f6gur krefst dj\u00faprar umhugsunar. <\/span> <\/p>\n","protected":false},"excerpt":{"rendered":"<p>1Hver sem snertir bik mun flekkast og s\u00e1 sem umgengst drambsaman dregur d\u00e1m af honum. 2 Tak eigi upp byr\u00f0i sem er \u00fe\u00e9r um megnog legg eigi lag vi\u00f0 \u00fe\u00e9r voldugri og au\u00f0ugri.Hvernig farnast leirkeri hj\u00e1 j\u00e1rnpotti?Rekist \u00fea\u00f0 \u00ed hann brotnar keri\u00f0. 3 Au\u00f0ma\u00f0urinn beitir rangindumog er auk \u00feess \u00f3skammfeilinn. F\u00e1t\u00e6klingnum er gert rangt tilog m\u00e1 auk \u00feess bi\u00f0ja velvir\u00f0ingar. 4 Geti au\u00f0ma\u00f0ur haft not af \u00fe\u00e9r \u00fe\u00e1 mun hann nota s\u00e9r \u00feigen s\u00e9rt \u00fe\u00fa \u00ed nau\u00f0 sn\u00fdr hann baki vi\u00f0 \u00fe\u00e9r. 5 Eigir \u00fe\u00fa eitthva\u00f0 til \u00fe\u00e1 unir hann hj\u00e1 \u00fe\u00e9r,gerir eign \u00fe\u00edna a\u00f0 engu og f\u00e6st eigi um <a href=\"https:\/\/biblian.is\/biblian\/siraksbok-13-kafli\/\"> [&#8230;]<\/a><\/p>\n","protected":false},"author":1,"featured_media":0,"parent":0,"menu_order":0,"comment_status":"open","ping_status":"open","template":"bibliukaflar.php","meta":{"footnotes":""},"class_list":["post-2878","page","type-page","status-publish","hentry"],"_links":{"self":[{"href":"https:\/\/biblian.is\/biblian\/wp-json\/wp\/v2\/pages\/2878","targetHints":{"allow":["GET"]}}],"collection":[{"href":"https:\/\/biblian.is\/biblian\/wp-json\/wp\/v2\/pages"}],"about":[{"href":"https:\/\/biblian.is\/biblian\/wp-json\/wp\/v2\/types\/page"}],"author":[{"embeddable":true,"href":"https:\/\/biblian.is\/biblian\/wp-json\/wp\/v2\/users\/1"}],"replies":[{"embeddable":true,"href":"https:\/\/biblian.is\/biblian\/wp-json\/wp\/v2\/comments?post=2878"}],"version-history":[{"count":0,"href":"https:\/\/biblian.is\/biblian\/wp-json\/wp\/v2\/pages\/2878\/revisions"}],"wp:attachment":[{"href":"https:\/\/biblian.is\/biblian\/wp-json\/wp\/v2\/media?parent=2878"}],"curies":[{"name":"wp","href":"https:\/\/api.w.org\/{rel}","templated":true}]}}