{"id":2877,"date":"2017-12-30T21:04:58","date_gmt":"2017-12-30T21:04:58","guid":{"rendered":"http:\/\/biblian.is\/biblian\/s%c2%92raksb%c2%97k-12-kafli\/"},"modified":"2017-12-30T21:05:00","modified_gmt":"2017-12-30T21:05:00","slug":"siraksbok-12-kafli","status":"publish","type":"page","link":"https:\/\/biblian.is\/biblian\/siraksbok-12-kafli\/","title":{"rendered":"S\u00edraksb\u00f3k 12. kafli"},"content":{"rendered":"<p><span class=\"ljodatexti\"> <a name=\"1\"><span class=\"versanumer_ljod\">1<\/span><\/a>G\u00e6t a\u00f0 hverjum \u00fe\u00fa gerir gott,<br \/>\u00fe\u00e1 munt \u00fe\u00fa hlj\u00f3ta \u00feakkir fyrir g\u00f3\u00f0verk.<br \/> <\/span> <span class=\"ljodatexti\"> <a name=\"2\"><span class=\"versanumer_ljod\">2<\/span><\/a> Gj\u00f6r gu\u00f0hr\u00e6ddum manni gott og \u00fe\u00e9r mun \u00fea\u00f0 endurgoldi\u00f0,<br \/>ef ekki af honum \u00fe\u00e1 af Hinum h\u00e6sta.<br \/> <\/span> <span class=\"ljodatexti\"> <a name=\"3\"><span class=\"versanumer_ljod\">3<\/span><\/a> Ekkert gott mun s\u00e1 hlj\u00f3ta<br \/>sem st\u00f6\u00f0ugt a\u00f0hefst illt<br \/>og engin g\u00f3\u00f0verk gerir.<br \/> <\/span> <span class=\"ljodatexti\"> <a name=\"4\"><span class=\"versanumer_ljod\">4<\/span><\/a> Gef \u00fe\u00fa gu\u00f0hr\u00e6ddum <br \/>en tak syndara eigi a\u00f0 \u00fe\u00e9r.<br \/> <\/span> <span class=\"ljodatexti\"> <a name=\"5\"><span class=\"versanumer_ljod\">5<\/span><\/a> Vertu hj\u00e1lpsamur vi\u00f0 au\u00f0mj\u00faka<br \/>en gef gu\u00f0lausum ekkert,<br \/>synja honum um mat og gef honum ekkert<br \/>svo a\u00f0 hann reynist \u00fe\u00e9r ekki yfirsterkari.<br \/>\u00dev\u00ed a\u00f0 \u00fe\u00fa f\u00e6r\u00f0 s\u00e9rhva\u00f0 gott sem \u00fe\u00fa gerir honum<br \/>tv\u00f6falt endurgoldi\u00f0 me\u00f0 illu.<br \/> <\/span> <span class=\"ljodatexti\"> <a name=\"6\"><span class=\"versanumer_ljod\">6<\/span><\/a> Hinn h\u00e6sti hatar syndara einnig<br \/>og gu\u00f0lausum mun hann refsa. <br \/> <\/span> <span class=\"ljodatexti\"> <a name=\"7\"><span class=\"versanumer_ljod\">7<\/span><\/a> Ver gjafmildur g\u00f3\u00f0um<br \/>en annastu ekki syndarann.<br \/> <\/span> <span class=\"ljodatexti\"> <a name=\"8\"><span class=\"versanumer_ljod\">8<\/span><\/a> Ekki m\u00e1 vin reyna me\u00f0an vel gengur<br \/>en \u00f3vinur dylst eigi er illa vegnar.<br \/> <\/span> <span class=\"ljodatexti\"> <a name=\"9\"><span class=\"versanumer_ljod\">9<\/span><\/a> \u00deegar allt gengur manni \u00ed hag hryggjast \u00f3vinir hans,<br \/>gangi honum allt \u00f6ndvert v\u00edkur vinur jafnvel fr\u00e1.<br \/> <\/span> <span class=\"ljodatexti\"> <a name=\"10\"><span class=\"versanumer_ljod\">10<\/span><\/a> Treystu aldrei \u00f3vini,<br \/>illska hans er sem t\u00e6ring \u00ed bronsi.<br \/> <\/span> <span class=\"ljodatexti\"> <a name=\"11\"><span class=\"versanumer_ljod\">11<\/span><\/a> \u00de\u00f3tt hann s\u00e9 au\u00f0m\u00fdktin ein og gangi \u00e1l\u00fatur<br \/>skaltu vera \u00e1 var\u00f0bergi og varast hann.<br \/>\u00de\u00fa skalt fara me\u00f0 hann eins og \u00feegar bronsspegill er f\u00e6g\u00f0ur, <br \/>\u00fe\u00e1 kemstu a\u00f0 hva\u00f0 undir t\u00e6ringunni er. <br \/> <\/span> <span class=\"ljodatexti\"> <a name=\"12\"><span class=\"versanumer_ljod\">12<\/span><\/a> Hleyp honum ekki a\u00f0 hli\u00f0 \u00fe\u00e9r<br \/>svo a\u00f0 hann steypi \u00fe\u00e9r ekki og taki st\u00f6\u00f0u \u00fe\u00edna.<br \/>Set hann eigi \u00fe\u00e9r til h\u00e6gri handar,<br \/>ella mun hann reyna a\u00f0 hreppa s\u00e6ti \u00feitt.<br \/>A\u00f0 lokum kemstu a\u00f0 raun um hva\u00f0 \u00e9g \u00e1 vi\u00f0<br \/>og minnist me\u00f0 angri a\u00f0varana minna.<br \/> <\/span> <span class=\"ljodatexti\"> <a name=\"13\"><span class=\"versanumer_ljod\">13<\/span><\/a> Hver aumkar sl\u00f6ngutemjara sem bitinn er<br \/>e\u00f0a \u00feann sem fer of n\u00e6rri villid\u00fdrum?<br \/> <\/span> <span class=\"ljodatexti\"> <a name=\"14\"><span class=\"versanumer_ljod\">14<\/span><\/a> Sama m\u00e1 segja um \u00feann<br \/>sem leggur lag sitt vi\u00f0 syndara<br \/>og tekur \u00fe\u00e1tt \u00ed syndum hans.<br \/> <\/span> <span class=\"ljodatexti\"> <a name=\"15\"><span class=\"versanumer_ljod\">15<\/span><\/a> Hann mun standa me\u00f0 \u00fe\u00e9r um sinn<br \/>en breg\u00f0ast ef \u00e1 bj\u00e1tar hj\u00e1 \u00fe\u00e9r.<br \/> <\/span> <span class=\"ljodatexti\"> <a name=\"16\"><span class=\"versanumer_ljod\">16<\/span><\/a> Um varir \u00f3vinar fer fagurgali<br \/>en \u00ed hjarta s\u00ednu leggur hann gildru fyrir \u00feig. <br \/>\u00cd augs\u00fdn \u00feinni fellir \u00f3vinur t\u00e1r<br \/>en f\u00e1i hann f\u00e6ri slekkur ekkert bl\u00f3\u00f0\u00feorsta hans.<br \/> <\/span> <span class=\"ljodatexti\"> <a name=\"17\"><span class=\"versanumer_ljod\">17<\/span><\/a> Ratir \u00fe\u00fa \u00ed \u00f3g\u00e6fu muntu finna hann \u00fear fyrri \u00fe\u00e9r,<br \/>hann l\u00e6st hj\u00e1lpa en breg\u00f0ur fyrir \u00feig f\u00e6ti.<br \/> <\/span> <span class=\"ljodatexti\"> <a name=\"18\"><span class=\"versanumer_ljod\">18<\/span><\/a> Hann mun hrista h\u00f6fu\u00f0i\u00f0 og n\u00faa saman l\u00f3fum, <br \/>brei\u00f0a \u00fat \u00f3hr\u00f3\u00f0ur um \u00feig<br \/>og s\u00fdna n\u00fa sitt r\u00e9tta andlit. <\/span> <\/p>\n","protected":false},"excerpt":{"rendered":"<p>1G\u00e6t a\u00f0 hverjum \u00fe\u00fa gerir gott,\u00fe\u00e1 munt \u00fe\u00fa hlj\u00f3ta \u00feakkir fyrir g\u00f3\u00f0verk. 2 Gj\u00f6r gu\u00f0hr\u00e6ddum manni gott og \u00fe\u00e9r mun \u00fea\u00f0 endurgoldi\u00f0,ef ekki af honum \u00fe\u00e1 af Hinum h\u00e6sta. 3 Ekkert gott mun s\u00e1 hlj\u00f3tasem st\u00f6\u00f0ugt a\u00f0hefst illtog engin g\u00f3\u00f0verk gerir. 4 Gef \u00fe\u00fa gu\u00f0hr\u00e6ddum en tak syndara eigi a\u00f0 \u00fe\u00e9r. 5 Vertu hj\u00e1lpsamur vi\u00f0 au\u00f0mj\u00fakaen gef gu\u00f0lausum ekkert,synja honum um mat og gef honum ekkertsvo a\u00f0 hann reynist \u00fe\u00e9r ekki yfirsterkari.\u00dev\u00ed a\u00f0 \u00fe\u00fa f\u00e6r\u00f0 s\u00e9rhva\u00f0 gott sem \u00fe\u00fa gerir honumtv\u00f6falt endurgoldi\u00f0 me\u00f0 illu. 6 Hinn h\u00e6sti hatar syndara einnigog gu\u00f0lausum mun hann refsa. 7 Ver gjafmildur g\u00f3\u00f0umen annastu ekki <a href=\"https:\/\/biblian.is\/biblian\/siraksbok-12-kafli\/\"> [&#8230;]<\/a><\/p>\n","protected":false},"author":1,"featured_media":0,"parent":0,"menu_order":0,"comment_status":"open","ping_status":"open","template":"bibliukaflar.php","meta":{"footnotes":""},"class_list":["post-2877","page","type-page","status-publish","hentry"],"_links":{"self":[{"href":"https:\/\/biblian.is\/biblian\/wp-json\/wp\/v2\/pages\/2877","targetHints":{"allow":["GET"]}}],"collection":[{"href":"https:\/\/biblian.is\/biblian\/wp-json\/wp\/v2\/pages"}],"about":[{"href":"https:\/\/biblian.is\/biblian\/wp-json\/wp\/v2\/types\/page"}],"author":[{"embeddable":true,"href":"https:\/\/biblian.is\/biblian\/wp-json\/wp\/v2\/users\/1"}],"replies":[{"embeddable":true,"href":"https:\/\/biblian.is\/biblian\/wp-json\/wp\/v2\/comments?post=2877"}],"version-history":[{"count":0,"href":"https:\/\/biblian.is\/biblian\/wp-json\/wp\/v2\/pages\/2877\/revisions"}],"wp:attachment":[{"href":"https:\/\/biblian.is\/biblian\/wp-json\/wp\/v2\/media?parent=2877"}],"curies":[{"name":"wp","href":"https:\/\/api.w.org\/{rel}","templated":true}]}}