{"id":2876,"date":"2017-12-30T21:04:58","date_gmt":"2017-12-30T21:04:58","guid":{"rendered":"http:\/\/biblian.is\/biblian\/s%c2%92raksb%c2%97k-11-kafli\/"},"modified":"2017-12-30T21:05:00","modified_gmt":"2017-12-30T21:05:00","slug":"siraksbok-11-kafli","status":"publish","type":"page","link":"https:\/\/biblian.is\/biblian\/siraksbok-11-kafli\/","title":{"rendered":"S\u00edraksb\u00f3k 11. kafli"},"content":{"rendered":"<p><span class=\"ljodatexti\"> <a name=\"1\"><span class=\"versanumer_ljod\">1<\/span><\/a>Spekin eykur hag f\u00e1t\u00e6ks manns<br \/>og lei\u00f0ir hann til s\u00e6tis hj\u00e1 tignarm\u00f6nnum. <br \/> <\/span> <span class=\"ljodatexti\"> <a name=\"2\"><span class=\"versanumer_ljod\">2<\/span><\/a> Lofa engan mann fyrir \u00e1sj\u00e1leik,<br \/>lasta eigi neinn fyrir \u00fatlit sitt.<br \/> <\/span> <span class=\"ljodatexti\"> <a name=\"3\"><span class=\"versanumer_ljod\">3<\/span><\/a> \u00d6rsm\u00e1 er b\u00fdflugan me\u00f0al fleygra vera<br \/>en afur\u00f0 hennar er s\u00e6tari \u00f6llu lost\u00e6ti.<br \/> <\/span> <span class=\"ljodatexti\"> <a name=\"4\"><span class=\"versanumer_ljod\">4<\/span><\/a> Hreyk \u00fe\u00e9r ekki upp \u00fe\u00f3tt \u00fe\u00fa berir gl\u00e6st kl\u00e6\u00f0i<br \/>og ofmetnast ekki \u00fe\u00f3tt \u00fe\u00fa nj\u00f3tir s\u00e6mdar.<br \/>\u00dev\u00ed a\u00f0 Drottinn gerir d\u00e1semdarverk<br \/>og \u00fea\u00f0 sem hann a\u00f0hefst er m\u00f6nnum huli\u00f0. <br \/> <\/span> <span class=\"ljodatexti\"> <a name=\"5\"><span class=\"versanumer_ljod\">5<\/span><\/a> Margur har\u00f0stj\u00f3rinn hefur \u00far h\u00e1s\u00e6ti falli\u00f0<br \/>og s\u00e1 hlaut k\u00f3r\u00f3nu sem s\u00edst var\u00f0i.<br \/> <\/span> <span class=\"ljodatexti\"> <a name=\"6\"><span class=\"versanumer_ljod\">6<\/span><\/a> Margur valdhafinn \u00feoldi mestu sm\u00e1n<br \/>og r\u00f3ma\u00f0ir menn lentu \u00e1 valdi annarra. <\/span> <\/p>\n<h3 class=\"millifyrirsogn_2007\">Ver vark\u00e1r<\/h3>\n<p><span class=\"ljodatexti\"> <a name=\"7\"><span class=\"versanumer_ljod\">7<\/span><\/a>Finn eigi a\u00f0 neinu a\u00f0 \u00f3k\u00f6nnu\u00f0u m\u00e1li,<br \/>hygg fyrst a\u00f0 og gagnr\u00fdn s\u00ed\u00f0an.<br \/> <\/span> <span class=\"ljodatexti\"> <a name=\"8\"><span class=\"versanumer_ljod\">8<\/span><\/a> Svara eigi fyrr en \u00fe\u00fa hefur hlusta\u00f0<br \/>og gr\u00edp ekki fram \u00ed er annar talar.<br \/> <\/span> <span class=\"ljodatexti\"> <a name=\"9\"><span class=\"versanumer_ljod\">9<\/span><\/a> \u00dejarka ekki um \u00fea\u00f0 sem \u00feig var\u00f0ar engu<br \/>og eig ekki hlut a\u00f0 deilum syndara.<br \/> <\/span> <span class=\"ljodatexti\"> <a name=\"10\"><span class=\"versanumer_ljod\">10<\/span><\/a> Barn, gef \u00feig eigi a\u00f0 of m\u00f6rgu \u00ed senn,<br \/>me\u00f0 of margt \u00ed fangi muntu hrasa.<br \/>Hvernig sem \u00fe\u00fa keppist vi\u00f0 muntu engu n\u00e1 a\u00f0 lj\u00faka<br \/>og sleppur ekki \u00fe\u00f3tt \u00fe\u00fa hlaupist fr\u00e1 verki.<br \/> <\/span> <span class=\"ljodatexti\"> <a name=\"11\"><span class=\"versanumer_ljod\">11<\/span><\/a> Margur erfi\u00f0ar, stritar og keppist vi\u00f0<br \/>en dregst \u00fe\u00f3 s\u00edfellt aftur \u00far.<br \/> <\/span> <span class=\"ljodatexti\"> <a name=\"12\"><span class=\"versanumer_ljod\">12<\/span><\/a> Annar silast og er hj\u00e1lpar\u00feurfi,<br \/>vanmegna er hann og \u00f6rbjarga.<br \/>En augu Drottins hv\u00edla \u00e1 honum til g\u00f3\u00f0s,<br \/>hann hefur hann upp<br \/> <\/span> <span class=\"ljodatexti\"> <a name=\"13\"><span class=\"versanumer_ljod\">13<\/span><\/a> og l\u00e6tur hann bera h\u00f6fu\u00f0i\u00f0 h\u00e1tt,<br \/>m\u00f6rgum vekur \u00fea\u00f0 fur\u00f0u.<br \/> <\/span> <span class=\"ljodatexti\"> <a name=\"14\"><span class=\"versanumer_ljod\">14<\/span><\/a> Bl\u00edtt og str\u00edtt, l\u00edf og dau\u00f0i,<br \/>\u00f6rbirg\u00f0 og au\u00f0ur kemur fr\u00e1 Drottni. <br \/> <\/span> <span class=\"ljodatexti\"> <a name=\"15\"><span class=\"versanumer_ljod\">15<\/span><\/a> Speki, \u00feekking og skilningur \u00e1 l\u00f6gm\u00e1linu kemur fr\u00e1 Drottni,<br \/>k\u00e6rleikur og g\u00f3\u00f0verk eru einnig fr\u00e1 honum.<br \/> <\/span> <span class=\"ljodatexti\"> <a name=\"16\"><span class=\"versanumer_ljod\">16<\/span><\/a> Villa og myrkur er syndaranna fr\u00e1 f\u00e6\u00f0ingu<br \/>og \u00feeim sem fellur illskan fylgir h\u00fan til elli\u00e1ra. <span class=\"nedan_mal\" title=\" 15. og 16. vers eru bygg\u00f0 \u00e1 hebreskum og gr\u00edskum handritum.\">[<\/span> <br \/> <\/span> <span class=\"ljodatexti\"> <a name=\"17\"><span class=\"versanumer_ljod\">17<\/span><\/a> Gjafir Drottins reynast gu\u00f0r\u00e6knum varanlegar,<br \/>vel\u00fe\u00f3knun hans veitir \u00e6varandi heill.<br \/> <\/span> <span class=\"ljodatexti\"> <a name=\"18\"><span class=\"versanumer_ljod\">18<\/span><\/a> Einn kemst \u00ed efni me\u00f0 sparna\u00f0i og nurli<br \/>en hver eru svo laun hans?<br \/> <\/span> <span class=\"ljodatexti\"> <a name=\"19\"><span class=\"versanumer_ljod\">19<\/span><\/a> \u00deegar hann segir: \u201eN\u00fa hv\u00edli \u00e9g mig,<br \/>n\u00fa skal \u00e9g nj\u00f3ta au\u00f0s m\u00edns,\u201c<br \/>\u00fe\u00e1 veit hann eigi hve \u00feess er langt a\u00f0 b\u00ed\u00f0a<br \/>a\u00f0 hann l\u00e1ti \u00f6\u00f0rum sitt eftir og deyi. <br \/> <\/span> <span class=\"ljodatexti\"> <a name=\"20\"><span class=\"versanumer_ljod\">20<\/span><\/a> Gegndu skyldum \u00fe\u00ednum, sinntu \u00feeim vel,<br \/>r\u00e6ktu st\u00f6rf \u00fe\u00edn til elli\u00e1ra. <br \/> <\/span> <span class=\"ljodatexti\"> <a name=\"21\"><span class=\"versanumer_ljod\">21<\/span><\/a> D\u00e1\u00f0u eigi verk gu\u00f0lausra,<br \/>treystu Drottni og erfi\u00f0a \u00feolg\u00f3\u00f0ur. <br \/>Au\u00f0velt er \u00ed augum Drottins<br \/>a\u00f0 koma f\u00e1t\u00e6kum skj\u00f3tt \u00ed efni.<br \/> <\/span> <span class=\"ljodatexti\"> <a name=\"22\"><span class=\"versanumer_ljod\">22<\/span><\/a> Laun r\u00e9ttl\u00e1ts eru blessun Drottins,<br \/>hagur hans bl\u00f3mstrar \u00e1 augabrag\u00f0i.<br \/> <\/span> <span class=\"ljodatexti\"> <a name=\"23\"><span class=\"versanumer_ljod\">23<\/span><\/a> Seg\u00f0u ekki: \u201eHvers er m\u00e9r vant,<br \/>hva\u00f0a g\u00e6\u00f0i getur framt\u00ed\u00f0in f\u00e6rt m\u00e9r?\u201c<br \/> <\/span> <span class=\"ljodatexti\"> <a name=\"24\"><span class=\"versanumer_ljod\">24<\/span><\/a> Seg\u00f0u ekki: \u201e\u00c9g \u00e1 n\u00e6gtir,<br \/>ekkert illt getur hent mig framar.\u201c<br \/> <\/span> <span class=\"ljodatexti\"> <a name=\"25\"><span class=\"versanumer_ljod\">25<\/span><\/a> \u00c1 g\u00f3\u00f0um d\u00f6gum gleymist b\u00f6l<br \/>en \u00e1 \u00f3heilladegi er g\u00e6fu eigi minnst.<br \/> <\/span> <span class=\"ljodatexti\"> <a name=\"26\"><span class=\"versanumer_ljod\">26<\/span><\/a> Au\u00f0velt er Drottni a\u00f0 endurgjalda<br \/>\u00e1 endad\u00e6gri hverjum eftir breytni. <br \/> <\/span> <span class=\"ljodatexti\"> <a name=\"27\"><span class=\"versanumer_ljod\">27<\/span><\/a> \u00dej\u00e1ning um stund og au\u00f0na \u00f6ll gleymist,<br \/>endalok manns afhj\u00fapa hvernig hann breytti.<br \/> <\/span> <span class=\"ljodatexti\"> <a name=\"28\"><span class=\"versanumer_ljod\">28<\/span><\/a> L\u00fds engan s\u00e6lan fyrir d\u00e1nard\u00e6gur,<br \/>af b\u00f6rnum manns m\u00e1 kenna hver hann var. <\/span> <\/p>\n<h3 class=\"millifyrirsogn_2007\">Vanda val vina<\/h3>\n<p><span class=\"ljodatexti\"> <a name=\"29\"><span class=\"versanumer_ljod\">29<\/span><\/a> Lei\u00f0 eigi hvern sem er heim \u00ed h\u00fas \u00feitt,<br \/>margv\u00edsleg eru br\u00f6g\u00f0 hins l\u00e6v\u00edsa.<br \/> <\/span> <span class=\"ljodatexti\"> <a name=\"30\"><span class=\"versanumer_ljod\">30<\/span><\/a> Hjarta hrokagikks er sem ginningarfugl \u00ed b\u00fari<br \/>e\u00f0a nj\u00f3snari sem situr um \u00e1vir\u00f0ingar \u00fe\u00ednar.<br \/> <\/span> <span class=\"ljodatexti\"> <a name=\"31\"><span class=\"versanumer_ljod\">31<\/span><\/a> Hann leitar f\u00e6ris til a\u00f0 leggja gott \u00fat \u00e1 verri veg<br \/>og atar dyg\u00f0ir \u00fe\u00ednar auri.<br \/> <\/span> <span class=\"ljodatexti\"> <a name=\"32\"><span class=\"versanumer_ljod\">32<\/span><\/a> Af neista getur bingur kola or\u00f0i\u00f0 b\u00e1l <br \/>og syndugur ma\u00f0ur leitar f\u00e6ris a\u00f0 \u00fathella bl\u00f3\u00f0i. <br \/> <\/span> <span class=\"ljodatexti\"> <a name=\"33\"><span class=\"versanumer_ljod\">33<\/span><\/a> Sneiddu hj\u00e1 illvirkja, hann hyggur \u00e1 illt,<br \/>l\u00e1t hann ekki flekka \u00feig um eil\u00edf\u00f0.<br \/> <\/span> <span class=\"ljodatexti\"> <a name=\"34\"><span class=\"versanumer_ljod\">34<\/span><\/a> Bj\u00f3\u00f0ir \u00fe\u00fa \u00f3kunnugum til vistar<br \/>mun hann valda \u00fe\u00e9r vanda<br \/>og gera \u00feig framandi f\u00f3lki \u00fe\u00ednu. <\/span> <\/p>\n","protected":false},"excerpt":{"rendered":"<p>1Spekin eykur hag f\u00e1t\u00e6ks mannsog lei\u00f0ir hann til s\u00e6tis hj\u00e1 tignarm\u00f6nnum. 2 Lofa engan mann fyrir \u00e1sj\u00e1leik,lasta eigi neinn fyrir \u00fatlit sitt. 3 \u00d6rsm\u00e1 er b\u00fdflugan me\u00f0al fleygra veraen afur\u00f0 hennar er s\u00e6tari \u00f6llu lost\u00e6ti. 4 Hreyk \u00fe\u00e9r ekki upp \u00fe\u00f3tt \u00fe\u00fa berir gl\u00e6st kl\u00e6\u00f0iog ofmetnast ekki \u00fe\u00f3tt \u00fe\u00fa nj\u00f3tir s\u00e6mdar.\u00dev\u00ed a\u00f0 Drottinn gerir d\u00e1semdarverkog \u00fea\u00f0 sem hann a\u00f0hefst er m\u00f6nnum huli\u00f0. 5 Margur har\u00f0stj\u00f3rinn hefur \u00far h\u00e1s\u00e6ti falli\u00f0og s\u00e1 hlaut k\u00f3r\u00f3nu sem s\u00edst var\u00f0i. 6 Margur valdhafinn \u00feoldi mestu sm\u00e1nog r\u00f3ma\u00f0ir menn lentu \u00e1 valdi annarra. Ver vark\u00e1r 7Finn eigi a\u00f0 neinu a\u00f0 \u00f3k\u00f6nnu\u00f0u m\u00e1li,hygg fyrst a\u00f0 og gagnr\u00fdn <a href=\"https:\/\/biblian.is\/biblian\/siraksbok-11-kafli\/\"> [&#8230;]<\/a><\/p>\n","protected":false},"author":1,"featured_media":0,"parent":0,"menu_order":0,"comment_status":"open","ping_status":"open","template":"bibliukaflar.php","meta":{"footnotes":""},"class_list":["post-2876","page","type-page","status-publish","hentry"],"_links":{"self":[{"href":"https:\/\/biblian.is\/biblian\/wp-json\/wp\/v2\/pages\/2876","targetHints":{"allow":["GET"]}}],"collection":[{"href":"https:\/\/biblian.is\/biblian\/wp-json\/wp\/v2\/pages"}],"about":[{"href":"https:\/\/biblian.is\/biblian\/wp-json\/wp\/v2\/types\/page"}],"author":[{"embeddable":true,"href":"https:\/\/biblian.is\/biblian\/wp-json\/wp\/v2\/users\/1"}],"replies":[{"embeddable":true,"href":"https:\/\/biblian.is\/biblian\/wp-json\/wp\/v2\/comments?post=2876"}],"version-history":[{"count":0,"href":"https:\/\/biblian.is\/biblian\/wp-json\/wp\/v2\/pages\/2876\/revisions"}],"wp:attachment":[{"href":"https:\/\/biblian.is\/biblian\/wp-json\/wp\/v2\/media?parent=2876"}],"curies":[{"name":"wp","href":"https:\/\/api.w.org\/{rel}","templated":true}]}}