{"id":2875,"date":"2017-12-30T21:04:58","date_gmt":"2017-12-30T21:04:58","guid":{"rendered":"http:\/\/biblian.is\/biblian\/s%c2%92raksb%c2%97k-10-kafli\/"},"modified":"2018-01-20T02:12:01","modified_gmt":"2018-01-20T02:12:01","slug":"siraksbok-10-kafli","status":"publish","type":"page","link":"https:\/\/biblian.is\/biblian\/siraksbok-10-kafli\/","title":{"rendered":"S\u00edraksb\u00f3k 10. kafli"},"content":{"rendered":"<p><span class=\"ljodatexti\"><a name=\"1\"><span class=\"versanumer_ljod\">1<\/span><\/a>Vitur lei\u00f0togi fr\u00e6\u00f0ir \u00fej\u00f3\u00f0 s\u00edna,<br \/> g\u00f3\u00f0 skipan er \u00fear sem hygginn r\u00e6\u00f0ur.<br \/> <\/span> <span class=\"ljodatexti\"> <a name=\"2\"><span class=\"versanumer_ljod\">2<\/span><\/a> \u00dej\u00f3\u00f0h\u00f6f\u00f0ingja l\u00edkjast \u00fej\u00f3nar hans<br \/>og b\u00e6jarb\u00faar borgarstj\u00f3ra.<br \/> <\/span> <span class=\"ljodatexti\"> <a name=\"3\"><span class=\"versanumer_ljod\">3<\/span><\/a> \u00d3mennta\u00f0ur konungur steypir \u00fej\u00f3\u00f0 sinni \u00ed gl\u00f6tun,<br \/>og borgin bl\u00f3mstrar undir stj\u00f3rn viturra.<br \/> <\/span> <span class=\"ljodatexti\"> <a name=\"4\"><span class=\"versanumer_ljod\">4<\/span><\/a> Yfirr\u00e1\u00f0 jar\u00f0ar eru \u00ed hendi Drottins,<br \/>hann f\u00e6r \u00feau r\u00e9ttum manni \u00e1 r\u00e9ttum t\u00edma.<br \/> <\/span> <span class=\"ljodatexti\"> <a name=\"5\"><span class=\"versanumer_ljod\">5<\/span><\/a> \u00cd hendi Drottins er hags\u00e6ld manns,<br \/>r\u00e1\u00f0am\u00f6nnum veitir hann vegsemd. <\/span> <\/p>\n<h3 class=\"millifyrirsogn_2007\">Vara\u00f0 vi\u00f0 hroka<\/h3>\n<p><span class=\"ljodatexti\"> <a name=\"6\"><span class=\"versanumer_ljod\">6<\/span><\/a>Rei\u00f0stu eigi n\u00e1unga \u00fe\u00ednum<br \/>fyrir hva\u00f0 eina sem hann gerir rangt,<br \/>l\u00e1t eigi ofdramb st\u00fdra ger\u00f0um.<br \/> <\/span> <span class=\"ljodatexti\"> <a name=\"7\"><span class=\"versanumer_ljod\">7<\/span><\/a> Hroka hata Gu\u00f0 og menn,<br \/>rangl\u00e6ti er hatursefni b\u00e1\u00f0um.<br \/> <\/span> <span class=\"ljodatexti\"> <a name=\"8\"><span class=\"versanumer_ljod\">8<\/span><\/a> Fr\u00e1 einni \u00fej\u00f3\u00f0 til annarrar f\u00e6rast v\u00f6ld,<br \/>ofbeldi, hroki og \u00e1girnd valda \u00fev\u00ed.<br \/>[Ekkert er gu\u00f0lausara en hinn \u00e1gjarni, <br \/>hann g\u00e6ti selt s\u00e1l s\u00edna.] <span class=\"nedan_mal\" title=\" Vantar \u00ed sum gr\u00edsk handrit.\">[<\/span> <br \/> <\/span> <span class=\"ljodatexti\"> <a name=\"9\"><span class=\"versanumer_ljod\">9<\/span><\/a> Hv\u00ed hreykir s\u00e9r duft og aska<br \/>\u00ed b\u00fak sem hr\u00f6rnar <span class=\"nedan_mal\" title=\" \u00de\u00fd\u00f0ingin byggist \u00e1 hebreska textanum.\">[<\/span> \u00feegar \u00ed lifanda l\u00edfi?<br \/> <\/span> <span class=\"ljodatexti\"> <a name=\"10\"><span class=\"versanumer_ljod\">10<\/span><\/a> Langvinnur sj\u00fakd\u00f3mur gerir l\u00e6kninn r\u00e1\u00f0\u00ferota,<br \/>konungur \u00ed dag, n\u00e1r a\u00f0 morgni.<br \/> <\/span> <span class=\"ljodatexti\"> <a name=\"11\"><span class=\"versanumer_ljod\">11<\/span><\/a> \u00cd hlut s\u00e9rhvers sem deyr<br \/>koma ma\u00f0kar, flugur og lirfur.<br \/> <\/span> <span class=\"ljodatexti\"> <a name=\"12\"><span class=\"versanumer_ljod\">12<\/span><\/a> A\u00f0 sn\u00faa fr\u00e1 Drottni er upphaf hroka mannsins,<br \/>er hjarta\u00f0 v\u00edkur fr\u00e1 skapara s\u00ednum.<br \/> <\/span> <span class=\"ljodatexti\"> <a name=\"13\"><span class=\"versanumer_ljod\">13<\/span><\/a> \u00dev\u00ed a\u00f0 syndin er uppspretta ofdrambs,<br \/>fr\u00e1 forhertum vellur vi\u00f0urstygg\u00f0.<br \/>Vegna \u00feessa sendir Drottinn f\u00e1d\u00e6ma hegningu<br \/>og gerey\u00f0ir \u00feeim sem svo er fari\u00f0.<br \/> <\/span> <span class=\"ljodatexti\"> <a name=\"14\"><span class=\"versanumer_ljod\">14<\/span><\/a> Drottinn steypir voldugum \u00far h\u00e1s\u00e6tum<br \/>og setur h\u00f3gv\u00e6ra \u00ed \u00feeirra sta\u00f0.<br \/> <\/span> <span class=\"ljodatexti\"> <a name=\"15\"><span class=\"versanumer_ljod\">15<\/span><\/a> Drottinn r\u00edfur upp \u00fej\u00f3\u00f0ir me\u00f0 r\u00f3tum<br \/>og gr\u00f3\u00f0ursetur l\u00edtill\u00e1ta \u00ed \u00feeirra sta\u00f0.<br \/> <\/span> <span class=\"ljodatexti\"> <a name=\"16\"><span class=\"versanumer_ljod\">16<\/span><\/a> Drottinn ey\u00f0ir \u00fej\u00f3\u00f0l\u00f6ndum<br \/>og jafnar \u00feau vi\u00f0 j\u00f6r\u00f0u.<br \/> <\/span> <span class=\"ljodatexti\"> <a name=\"17\"><span class=\"versanumer_ljod\">17<\/span><\/a> Hann uppr\u00e6tir \u00fej\u00f3\u00f0ir \u00far mannkyni og ey\u00f0ir \u00feeim<br \/>og \u00feurrkar \u00fat minningu \u00feeirra af j\u00f6r\u00f0u.<br \/> <\/span> <span class=\"ljodatexti\"> <a name=\"18\"><span class=\"versanumer_ljod\">18<\/span><\/a> Ofdramb er m\u00f6nnum eigi \u00e1skapa\u00f0<br \/>n\u00e9 heiftar\u00e6\u00f0i \u00feeim sem af konu er f\u00e6ddur. <\/span> <\/p>\n<h3 class=\"millifyrirsogn_2007\">Menn sem hei\u00f0ur ber<\/h3>\n<p><span class=\"ljodatexti\"> <a name=\"19\"><span class=\"versanumer_ljod\">19<\/span><\/a>Ni\u00f0jum hverra ber vegsemd? Ni\u00f0jum manna. <br \/>Ni\u00f0jum hverra ber vegsemd? \u00deeirra sem \u00f3ttast Drottin. <br \/>Ni\u00f0jum hverra s\u00e6mir eigi hei\u00f0ur? Ni\u00f0jum manna. <br \/>Ni\u00f0jum hverra s\u00e6mir eigi hei\u00f0ur? \u00deeirra sem bo\u00f0or\u00f0in brj\u00f3ta. <br \/> <\/span> <span class=\"ljodatexti\"> <a name=\"20\"><span class=\"versanumer_ljod\">20<\/span><\/a> \u00cd h\u00f3pi br\u00e6\u00f0ra er hinn fremsti hei\u00f0ra\u00f0ur <br \/>en Drottinn hei\u00f0rar \u00fe\u00e1 sem \u00f3ttast hann.<br \/> <\/span> <span class=\"ljodatexti\"> <a name=\"21\"><span class=\"versanumer_ljod\">21<\/span><\/a> Gu\u00f0s\u00f3tti er upphaf \u00feess a\u00f0 ver\u00f0a Gu\u00f0i \u00feekkur<br \/>en \u00feverm\u00f3\u00f0ska og hroki upphaf h\u00f6fnunar. <span class=\"nedan_mal\" title=\" Vantar \u00ed sum gr\u00edsk handrit.\">[<\/span> <br \/> <\/span> <span class=\"ljodatexti\"> <a name=\"22\"><span class=\"versanumer_ljod\">22<\/span><\/a> Au\u00f0ugum og virtum jafnt og f\u00e1t\u00e6kum <br \/>er \u00f6llum hei\u00f0ur af a\u00f0 \u00f3ttast Drottin. <span class=\"nedan_mal\" title=\" Annar lesh\u00e1ttur: Dvalargestur, \u00fatlendingur og snau\u00f0ur, \u00feeim \u00f6llum er hei\u00f0ur af a\u00f0 \u00f3ttast Drottin.\">[<\/span> <br \/> <\/span> <span class=\"ljodatexti\"> <a name=\"23\"><span class=\"versanumer_ljod\">23<\/span><\/a> Rangt er a\u00f0 fyrirl\u00edta vitran f\u00e1t\u00e6kling <br \/>og \u00f3h\u00e6fa a\u00f0 hafa syndara \u00ed hei\u00f0ri. <br \/> <\/span> <span class=\"ljodatexti\"> <a name=\"24\"><span class=\"versanumer_ljod\">24<\/span><\/a> H\u00f6f\u00f0ingi, d\u00f3mari og valdama\u00f0ur eru virtir vel <br \/>en enginn \u00feeirra tekur \u00fe\u00f3 gu\u00f0hr\u00e6ddum fram. <br \/> <\/span> <span class=\"ljodatexti\"> <a name=\"25\"><span class=\"versanumer_ljod\">25<\/span><\/a> Frj\u00e1lsbornir munu \u00fej\u00f3na vitrum \u00fer\u00e6li <br \/>og hygginn ma\u00f0ur andm\u00e6lir \u00fev\u00ed ekki. <\/span> <\/p>\n<h3 class=\"millifyrirsogn_2007\">L\u00edtill\u00e6ti og sj\u00e1lfsvir\u00f0ing<\/h3>\n<p><span class=\"ljodatexti\"> <a name=\"26\"><span class=\"versanumer_ljod\">26<\/span><\/a> Gorta ekki af visku er \u00fe\u00fa gengur a\u00f0 verki,<br \/>l\u00e1t eigi mikinn er a\u00f0 \u00fe\u00e9r sverfur.<br \/> <\/span> <span class=\"ljodatexti\"> <a name=\"27\"><span class=\"versanumer_ljod\">27<\/span><\/a> Betra er a\u00f0 vinna og b\u00faa vi\u00f0 n\u00e6gtir<br \/>en a\u00f0 l\u00e1ta mikinn og l\u00ed\u00f0a skort.<br \/> <\/span> <span class=\"ljodatexti\"> <a name=\"28\"><span class=\"versanumer_ljod\">28<\/span><\/a> Barn, ver l\u00edtill\u00e1tt en ber vir\u00f0ingu fyrir sj\u00e1lfu \u00fe\u00e9r,<br \/>met sj\u00e1lft \u00feig svo sem \u00fe\u00e9r ber.<br \/> <\/span> <span class=\"ljodatexti\"> <a name=\"29\"><span class=\"versanumer_ljod\">29<\/span><\/a> Hver s\u00fdknar \u00feann sem \u00e1fellist sig?<br \/>Hver vir\u00f0ir \u00feann sem vanvir\u00f0ir sig?<br \/> <\/span> <span class=\"ljodatexti\"> <a name=\"30\"><span class=\"versanumer_ljod\">30<\/span><\/a> F\u00e1t\u00e6kur er virtur af vitsmunum s\u00ednum,<br \/>au\u00f0ugur fyrir efni s\u00edn.<br \/> <\/span> <span class=\"ljodatexti\"> <a name=\"31\"><span class=\"versanumer_ljod\">31<\/span><\/a> S\u00e1 sem er virtur \u00fe\u00f3tt snau\u00f0ur s\u00e9,<br \/>hve miklu fremur ef au\u00f0ugur v\u00e6ri?<br \/>S\u00e1 sem er vanvirtur \u00fe\u00f3tt efna\u00f0ur s\u00e9,<br \/>hve miklu fremur ef f\u00e1t\u00e6kur v\u00e6ri? <\/span> <\/p>\n","protected":false},"excerpt":{"rendered":"<p>1Vitur lei\u00f0togi fr\u00e6\u00f0ir \u00fej\u00f3\u00f0 s\u00edna, g\u00f3\u00f0 skipan er \u00fear sem hygginn r\u00e6\u00f0ur. 2 \u00dej\u00f3\u00f0h\u00f6f\u00f0ingja l\u00edkjast \u00fej\u00f3nar hansog b\u00e6jarb\u00faar borgarstj\u00f3ra. 3 \u00d3mennta\u00f0ur konungur steypir \u00fej\u00f3\u00f0 sinni \u00ed gl\u00f6tun,og borgin bl\u00f3mstrar undir stj\u00f3rn viturra. 4 Yfirr\u00e1\u00f0 jar\u00f0ar eru \u00ed hendi Drottins,hann f\u00e6r \u00feau r\u00e9ttum manni \u00e1 r\u00e9ttum t\u00edma. 5 \u00cd hendi Drottins er hags\u00e6ld manns,r\u00e1\u00f0am\u00f6nnum veitir hann vegsemd. Vara\u00f0 vi\u00f0 hroka 6Rei\u00f0stu eigi n\u00e1unga \u00fe\u00ednumfyrir hva\u00f0 eina sem hann gerir rangt,l\u00e1t eigi ofdramb st\u00fdra ger\u00f0um. 7 Hroka hata Gu\u00f0 og menn,rangl\u00e6ti er hatursefni b\u00e1\u00f0um. 8 Fr\u00e1 einni \u00fej\u00f3\u00f0 til annarrar f\u00e6rast v\u00f6ld,ofbeldi, hroki og \u00e1girnd valda \u00fev\u00ed.[Ekkert er gu\u00f0lausara en hinn \u00e1gjarni, <a href=\"https:\/\/biblian.is\/biblian\/siraksbok-10-kafli\/\"> [&#8230;]<\/a><\/p>\n","protected":false},"author":1,"featured_media":0,"parent":0,"menu_order":0,"comment_status":"open","ping_status":"open","template":"bibliukaflar.php","meta":{"footnotes":""},"class_list":["post-2875","page","type-page","status-publish","hentry"],"_links":{"self":[{"href":"https:\/\/biblian.is\/biblian\/wp-json\/wp\/v2\/pages\/2875","targetHints":{"allow":["GET"]}}],"collection":[{"href":"https:\/\/biblian.is\/biblian\/wp-json\/wp\/v2\/pages"}],"about":[{"href":"https:\/\/biblian.is\/biblian\/wp-json\/wp\/v2\/types\/page"}],"author":[{"embeddable":true,"href":"https:\/\/biblian.is\/biblian\/wp-json\/wp\/v2\/users\/1"}],"replies":[{"embeddable":true,"href":"https:\/\/biblian.is\/biblian\/wp-json\/wp\/v2\/comments?post=2875"}],"version-history":[{"count":0,"href":"https:\/\/biblian.is\/biblian\/wp-json\/wp\/v2\/pages\/2875\/revisions"}],"wp:attachment":[{"href":"https:\/\/biblian.is\/biblian\/wp-json\/wp\/v2\/media?parent=2875"}],"curies":[{"name":"wp","href":"https:\/\/api.w.org\/{rel}","templated":true}]}}