{"id":2874,"date":"2017-12-30T21:04:58","date_gmt":"2017-12-30T21:04:58","guid":{"rendered":"http:\/\/biblian.is\/biblian\/s%c2%92raksb%c2%97k-9-kafli\/"},"modified":"2018-01-20T02:10:56","modified_gmt":"2018-01-20T02:10:56","slug":"siraksbok-9-kafli","status":"publish","type":"page","link":"https:\/\/biblian.is\/biblian\/siraksbok-9-kafli\/","title":{"rendered":"S\u00edraksb\u00f3k 9. kafli"},"content":{"rendered":"<h3 class=\"millifyrirsogn_2007\"> Um konur<\/h3>\n<p><span class=\"ljodatexti\"> <a name=\"1\"><span class=\"versanumer_ljod\">1<\/span><\/a>Ver eigi afbr\u00fd\u00f0isamur konunni vi\u00f0 barm \u00fe\u00e9r,<br \/> \u00fea\u00f0 kennir henni a\u00f0eins a\u00f0 gera \u00fe\u00e9r illt.<br \/> <\/span> <span class=\"ljodatexti\"> <a name=\"2\"><span class=\"versanumer_ljod\">2<\/span><\/a> Gefstu engri konu \u00e1 vald,<br \/>\u00fe\u00e1 ver\u00f0ur \u00fe\u00fa viljalaust verkf\u00e6ri hennar.<br \/> <\/span> <span class=\"ljodatexti\"> <a name=\"3\"><span class=\"versanumer_ljod\">3<\/span><\/a> Leita ekki fundar vi\u00f0 l\u00e9tt\u00fa\u00f0uga konu,<br \/>annars kanntu a\u00f0 \u00e1netjast henni.<br \/> <\/span> <span class=\"ljodatexti\"> <a name=\"4\"><span class=\"versanumer_ljod\">4<\/span><\/a> Gj\u00f6r \u00fe\u00e9r ekki t\u00edtt um t\u00f3nlistarkonu<br \/>svo a\u00f0 t\u00f6frar hennar fangi eigi hug \u00feinn.<br \/> <\/span> <span class=\"ljodatexti\"> <a name=\"5\"><span class=\"versanumer_ljod\">5<\/span><\/a> Einbl\u00edndu eigi \u00e1 meyna,<br \/>\u00fe\u00e1 kanntu a\u00f0 \u00feurfa \u00feungar b\u00e6tur a\u00f0 gjalda.<br \/> <\/span> <span class=\"ljodatexti\"> <a name=\"6\"><span class=\"versanumer_ljod\">6<\/span><\/a> Legg ekki lag \u00feitt vi\u00f0 sk\u00e6kjur<br \/>\u00fev\u00ed \u00fe\u00e1 ey\u00f0ast \u00fe\u00e9r eigur allar.<br \/> <\/span> <span class=\"ljodatexti\"> <a name=\"7\"><span class=\"versanumer_ljod\">7<\/span><\/a> Vertu ekki \u00e1 g\u00e6gjum \u00e1 g\u00f6tum borgar,<br \/>eigra eigi um f\u00e1farnar sl\u00f3\u00f0ir.<br \/> <\/span> <span class=\"ljodatexti\"> <a name=\"8\"><span class=\"versanumer_ljod\">8<\/span><\/a> Festu ei augu \u00e1 fagurri konu,<br \/>star\u00f0u ekki \u00e1 \u00feokka konu annars manns.<br \/>Fegur\u00f0 konu hefur margan leitt afvega,<br \/>h\u00fan kveikir \u00e1starbr\u00edma sem b\u00e1l.<br \/> <\/span> <span class=\"ljodatexti\"> <a name=\"9\"><span class=\"versanumer_ljod\">9<\/span><\/a> Sestu ekki til bor\u00f0s me\u00f0 giftri konu,<br \/>sit eigi me\u00f0 henni a\u00f0 sumbli,<br \/>\u00fe\u00fa g\u00e6tir hrifist af henni<br \/>og \u00fea\u00f0 mun valda \u00fe\u00e9r v\u00e1legum dau\u00f0a. <\/span> <\/p>\n<h3 class=\"millifyrirsogn_2007\">Um vin\u00e1ttu<\/h3>\n<p><span class=\"ljodatexti\"> <a name=\"10\"><span class=\"versanumer_ljod\">10<\/span><\/a>Yfirgef eigi aldavin,<br \/>annar mun aldrei fylla skar\u00f0 hans.<br \/>N\u00fdr vinur er sem n\u00fdtt v\u00edn,<br \/>\u00fe\u00fa n\u00fdtur \u00feess \u00fev\u00ed meir sem \u00fea\u00f0 eldist.<br \/> <\/span> <span class=\"ljodatexti\"> <a name=\"11\"><span class=\"versanumer_ljod\">11<\/span><\/a> L\u00edt frama syndara eigi \u00f6fundaraugum,<br \/>ekki veistu nema l\u00edfi hans lj\u00faki me\u00f0 h\u00f6rmung.<br \/> <\/span> <span class=\"ljodatexti\"> <a name=\"12\"><span class=\"versanumer_ljod\">12<\/span><\/a> Gle\u00f0stu eigi yfir \u00fev\u00ed sem gu\u00f0lausa gle\u00f0ur,<br \/>mundu a\u00f0 \u00feeir eru sekir \u00e6vina alla.<br \/> <\/span> <span class=\"ljodatexti\"> <a name=\"13\"><span class=\"versanumer_ljod\">13<\/span><\/a> For\u00f0astu \u00feann sem hefur vald til a\u00f0 dey\u00f0a,<br \/>\u00fe\u00e1 \u00fearft \u00fe\u00fa ekki a\u00f0 \u00f3ttast um l\u00edf \u00feitt.<br \/>\u00deurfir\u00f0u a\u00f0 vitja hans g\u00e6t \u00fe\u00edn \u00fe\u00e1 vel,<br \/>ella kann hann a\u00f0 dey\u00f0a \u00feig.<br \/>Vit a\u00f0 \u00fe\u00fa gengur \u00e1 milli gildra<br \/>eins og \u00fe\u00fa v\u00e6rir v\u00f6r\u00f0ur yst \u00e1 borgarm\u00far.<br \/> <\/span> <span class=\"ljodatexti\"> <a name=\"14\"><span class=\"versanumer_ljod\">14<\/span><\/a> Veg og met n\u00e1unga \u00feinn sem fremst \u00fe\u00fa megnar<br \/>og r\u00e1\u00f0f\u00e6r \u00feig s\u00ed\u00f0an vi\u00f0 vitra menn.<br \/> <\/span> <span class=\"ljodatexti\"> <a name=\"15\"><span class=\"versanumer_ljod\">15<\/span><\/a> Skipstu \u00e1 sko\u00f0unum vi\u00f0 hyggindamenn<br \/>og allt \u00feitt tal l\u00fati a\u00f0 l\u00f6gm\u00e1li Hins h\u00e6sta.<br \/> <\/span> <span class=\"ljodatexti\"> <a name=\"16\"><span class=\"versanumer_ljod\">16<\/span><\/a> R\u00e1\u00f0vandir menn s\u00e9u bor\u00f0nautar \u00fe\u00ednir,<br \/>\u00f3tti Drottins s\u00e9 \u00feitt fremsta hr\u00f3sunarefni.<br \/> <\/span><\/p>\n<h3 class=\"millifyrirsogn_2007\">Um lei\u00f0toga og valdhafa<\/h3>\n<p><span class=\"ljodatexti\"> <a name=\"17\"><span class=\"versanumer_ljod\">17<\/span><\/a>Handaverk hagleiksmanna f\u00e6ra \u00feeim lof<br \/>og or\u00f0 lei\u00f0toga l\u00fd\u00f0sins birta speki hans. <br \/> <\/span> <span class=\"ljodatexti\"> <a name=\"18\"><span class=\"versanumer_ljod\">18<\/span><\/a> Borgin skelfist m\u00e1lgefinn mann <br \/>og or\u00f0h\u00e1kur vekur hatur f\u00f3lksins. <\/span> <\/p>\n","protected":false},"excerpt":{"rendered":"<p>Um konur 1Ver eigi afbr\u00fd\u00f0isamur konunni vi\u00f0 barm \u00fe\u00e9r, \u00fea\u00f0 kennir henni a\u00f0eins a\u00f0 gera \u00fe\u00e9r illt. 2 Gefstu engri konu \u00e1 vald,\u00fe\u00e1 ver\u00f0ur \u00fe\u00fa viljalaust verkf\u00e6ri hennar. 3 Leita ekki fundar vi\u00f0 l\u00e9tt\u00fa\u00f0uga konu,annars kanntu a\u00f0 \u00e1netjast henni. 4 Gj\u00f6r \u00fe\u00e9r ekki t\u00edtt um t\u00f3nlistarkonusvo a\u00f0 t\u00f6frar hennar fangi eigi hug \u00feinn. 5 Einbl\u00edndu eigi \u00e1 meyna,\u00fe\u00e1 kanntu a\u00f0 \u00feurfa \u00feungar b\u00e6tur a\u00f0 gjalda. 6 Legg ekki lag \u00feitt vi\u00f0 sk\u00e6kjur\u00fev\u00ed \u00fe\u00e1 ey\u00f0ast \u00fe\u00e9r eigur allar. 7 Vertu ekki \u00e1 g\u00e6gjum \u00e1 g\u00f6tum borgar,eigra eigi um f\u00e1farnar sl\u00f3\u00f0ir. 8 Festu ei augu \u00e1 fagurri konu,star\u00f0u ekki \u00e1 \u00feokka konu <a href=\"https:\/\/biblian.is\/biblian\/siraksbok-9-kafli\/\"> [&#8230;]<\/a><\/p>\n","protected":false},"author":1,"featured_media":0,"parent":0,"menu_order":0,"comment_status":"open","ping_status":"open","template":"bibliukaflar.php","meta":{"footnotes":""},"class_list":["post-2874","page","type-page","status-publish","hentry"],"_links":{"self":[{"href":"https:\/\/biblian.is\/biblian\/wp-json\/wp\/v2\/pages\/2874","targetHints":{"allow":["GET"]}}],"collection":[{"href":"https:\/\/biblian.is\/biblian\/wp-json\/wp\/v2\/pages"}],"about":[{"href":"https:\/\/biblian.is\/biblian\/wp-json\/wp\/v2\/types\/page"}],"author":[{"embeddable":true,"href":"https:\/\/biblian.is\/biblian\/wp-json\/wp\/v2\/users\/1"}],"replies":[{"embeddable":true,"href":"https:\/\/biblian.is\/biblian\/wp-json\/wp\/v2\/comments?post=2874"}],"version-history":[{"count":0,"href":"https:\/\/biblian.is\/biblian\/wp-json\/wp\/v2\/pages\/2874\/revisions"}],"wp:attachment":[{"href":"https:\/\/biblian.is\/biblian\/wp-json\/wp\/v2\/media?parent=2874"}],"curies":[{"name":"wp","href":"https:\/\/api.w.org\/{rel}","templated":true}]}}