{"id":2873,"date":"2017-12-30T21:04:58","date_gmt":"2017-12-30T21:04:58","guid":{"rendered":"http:\/\/biblian.is\/biblian\/s%c2%92raksb%c2%97k-8-kafli\/"},"modified":"2018-01-20T02:10:16","modified_gmt":"2018-01-20T02:10:16","slug":"siraksbok-8-kafli","status":"publish","type":"page","link":"https:\/\/biblian.is\/biblian\/siraksbok-8-kafli\/","title":{"rendered":"S\u00edraksb\u00f3k 8. kafli"},"content":{"rendered":"<h3 class=\"millifyrirsogn_2007\"> Hyggindi sem \u00ed hag koma<\/h3>\n<p> <span class=\"ljodatexti\"><a name=\"1\"><span class=\"versanumer_ljod\">1<\/span><\/a>H\u00e1\u00f0u ekki bar\u00e1ttu vi\u00f0 voldugan mann, <br \/> \u00fe\u00fa g\u00e6tir falli\u00f0 \u00ed hendur honum. <br \/> <\/span> <span class=\"ljodatexti\"> <a name=\"2\"><span class=\"versanumer_ljod\">2<\/span><\/a> \u00der\u00e1tta eigi vi\u00f0 au\u00f0ugan mann, <br \/>hann kann a\u00f0 nota f\u00e9 sitt \u00fe\u00e9r til falls. <br \/>Gulli\u00f0 hefur m\u00f6rgum manni spillt <br \/>og glapi\u00f0 huga konunga. <br \/> <\/span> <span class=\"ljodatexti\"> <a name=\"3\"><span class=\"versanumer_ljod\">3<\/span><\/a> \u00der\u00e1tta eigi vi\u00f0 \u00ferasgjarnan mann, <br \/>b\u00e6t ekki brenni \u00e1 b\u00e1l hans. <br \/> <\/span> <span class=\"ljodatexti\"> <a name=\"4\"><span class=\"versanumer_ljod\">4<\/span><\/a> Drag\u00f0u eigi d\u00e1r a\u00f0 illa upp\u00f6ldum, <br \/>\u00fe\u00e1 kann hann a\u00f0 sm\u00e1na forfe\u00f0ur \u00fe\u00edna. <br \/> <\/span> <span class=\"ljodatexti\"> <a name=\"5\"><span class=\"versanumer_ljod\">5<\/span><\/a> \u00c1fellstu ekki neinn sem b\u00e6tir r\u00e1\u00f0 sitt, <br \/>minnstu \u00feess a\u00f0 v\u00e9r allir erum sekir. <br \/> <\/span> <span class=\"ljodatexti\"> <a name=\"6\"><span class=\"versanumer_ljod\">6<\/span><\/a> Vanvirtu ekki neinn sem elli beygir,<br \/>\u00fdmsir af oss munu einnig eldast.<br \/> <\/span> <span class=\"ljodatexti\"> <a name=\"7\"><span class=\"versanumer_ljod\">7<\/span><\/a> Fagna \u00fe\u00fa aldrei dau\u00f0a neins,<br \/>minnstu \u00feess a\u00f0 v\u00e9r munum allir deyja.<br \/> <\/span> <span class=\"ljodatexti\"> <a name=\"8\"><span class=\"versanumer_ljod\">8<\/span><\/a> Vanvirtu eigi viturra or\u00f0,<br \/>legg\u00f0u al\u00fa\u00f0 vi\u00f0 l\u00edkingar \u00feeirra.<br \/>\u00dea\u00f0an mun \u00fe\u00e9r \u00feekking koma<br \/>til \u00feess a\u00f0 \u00fej\u00f3na \u00fej\u00f3\u00f0h\u00f6f\u00f0ingjum. <br \/> <\/span> <span class=\"ljodatexti\"> <a name=\"9\"><span class=\"versanumer_ljod\">9<\/span><\/a> Gef\u00f0u gaum a\u00f0 \u00fev\u00ed sem gamlir kve\u00f0a,<br \/>\u00feeir n\u00e1mu sj\u00e1lfir af s\u00ednum fe\u00f0rum.<br \/>Af \u00feeim m\u00e1tt \u00fe\u00fa hyggindi hlj\u00f3ta<br \/>sem ver\u00f0a \u00fe\u00e9r hagfelld \u00feegar \u00e1lits \u00fe\u00edns er leita\u00f0.<br \/> <\/span> <span class=\"ljodatexti\"> <a name=\"10\"><span class=\"versanumer_ljod\">10<\/span><\/a> Bl\u00e1stu eigi a\u00f0 gl\u00f3\u00f0um syndarans,<br \/>ella kann b\u00e1l hans a\u00f0 brenna \u00feig.<br \/> <\/span> <span class=\"ljodatexti\"> <a name=\"11\"><span class=\"versanumer_ljod\">11<\/span><\/a> Ekki skaltu hopa fyrir \u00f3skammfeilnum<br \/>\u00fev\u00ed a\u00f0 \u00fe\u00e1 mun hann sn\u00faa or\u00f0um \u00fe\u00ednum gegn \u00fe\u00e9r.<br \/> <\/span> <span class=\"ljodatexti\"> <a name=\"12\"><span class=\"versanumer_ljod\">12<\/span><\/a> L\u00e1na eigi \u00feeim sem er \u00fe\u00e9r voldugri,<br \/>gerir \u00fe\u00fa \u00fea\u00f0 m\u00e1ttu telja \u00fea\u00f0 tapa\u00f0.<br \/> <\/span> <span class=\"ljodatexti\"> <a name=\"13\"><span class=\"versanumer_ljod\">13<\/span><\/a> Gakk eigi \u00ed \u00e1byrg\u00f0 um efni fram,<br \/>ef \u00fe\u00fa gerir \u00fea\u00f0 skaltu b\u00faast vi\u00f0 a\u00f0 borga sj\u00e1lfur.<br \/> <\/span> <span class=\"ljodatexti\"> <a name=\"14\"><span class=\"versanumer_ljod\">14<\/span><\/a> Deil eigi vi\u00f0 d\u00f3mara,<br \/>hann vinnur m\u00e1li\u00f0 vegna st\u00f6\u00f0u sinnar.<br \/> <\/span> <span class=\"ljodatexti\"> <a name=\"15\"><span class=\"versanumer_ljod\">15<\/span><\/a> Fer\u00f0astu eigi me\u00f0 f\u00edfldj\u00f6rfum,<br \/>hann mun valda \u00fe\u00e9r mesta h\u00e1ska.<br \/>Hann l\u00e6tur kylfu r\u00e1\u00f0a kasti<br \/>og heimska hans mun kosta ykkur b\u00e1\u00f0a l\u00edfi\u00f0.<br \/> <\/span> <span class=\"ljodatexti\"> <a name=\"16\"><span class=\"versanumer_ljod\">16<\/span><\/a> Bj\u00f3\u00f0 ekki uppst\u00f6kkum birginn,<br \/>far aldrei me\u00f0 \u00feeim um \u00f3bygg\u00f0ir.<br \/>Sl\u00edkum finnst h\u00e9g\u00f3mi a\u00f0 \u00fathella bl\u00f3\u00f0i<br \/>og \u00feegar enginn er til hj\u00e1lpar r\u00e6\u00f0st hann \u00e1 \u00feig.<br \/> <\/span> <span class=\"ljodatexti\"> <a name=\"17\"><span class=\"versanumer_ljod\">17<\/span><\/a> R\u00e1\u00f0gastu eigi vi\u00f0 einfeldning,<br \/>hann getur ekki \u00feaga\u00f0 yfir neinu.<br \/> <\/span> <span class=\"ljodatexti\"> <a name=\"18\"><span class=\"versanumer_ljod\">18<\/span><\/a> L\u00e1t eigi \u00f3kunna sj\u00e1 \u00fea\u00f0 sem \u00fe\u00fa vilt leyna,<br \/>l\u00edtt veistu til hvers \u00fea\u00f0 kann a\u00f0 lei\u00f0a.<br \/> <\/span> <span class=\"ljodatexti\"> <a name=\"19\"><span class=\"versanumer_ljod\">19<\/span><\/a> Seg\u00f0u engum allan hug<br \/>svo a\u00f0 \u00fe\u00e9r eigi heill hrapi. <\/span> <\/p>\n","protected":false},"excerpt":{"rendered":"<p>Hyggindi sem \u00ed hag koma 1H\u00e1\u00f0u ekki bar\u00e1ttu vi\u00f0 voldugan mann, \u00fe\u00fa g\u00e6tir falli\u00f0 \u00ed hendur honum. 2 \u00der\u00e1tta eigi vi\u00f0 au\u00f0ugan mann, hann kann a\u00f0 nota f\u00e9 sitt \u00fe\u00e9r til falls. Gulli\u00f0 hefur m\u00f6rgum manni spillt og glapi\u00f0 huga konunga. 3 \u00der\u00e1tta eigi vi\u00f0 \u00ferasgjarnan mann, b\u00e6t ekki brenni \u00e1 b\u00e1l hans. 4 Drag\u00f0u eigi d\u00e1r a\u00f0 illa upp\u00f6ldum, \u00fe\u00e1 kann hann a\u00f0 sm\u00e1na forfe\u00f0ur \u00fe\u00edna. 5 \u00c1fellstu ekki neinn sem b\u00e6tir r\u00e1\u00f0 sitt, minnstu \u00feess a\u00f0 v\u00e9r allir erum sekir. 6 Vanvirtu ekki neinn sem elli beygir,\u00fdmsir af oss munu einnig eldast. 7 Fagna \u00fe\u00fa aldrei dau\u00f0a neins,minnstu <a href=\"https:\/\/biblian.is\/biblian\/siraksbok-8-kafli\/\"> [&#8230;]<\/a><\/p>\n","protected":false},"author":1,"featured_media":0,"parent":0,"menu_order":0,"comment_status":"open","ping_status":"open","template":"bibliukaflar.php","meta":{"footnotes":""},"class_list":["post-2873","page","type-page","status-publish","hentry"],"_links":{"self":[{"href":"https:\/\/biblian.is\/biblian\/wp-json\/wp\/v2\/pages\/2873","targetHints":{"allow":["GET"]}}],"collection":[{"href":"https:\/\/biblian.is\/biblian\/wp-json\/wp\/v2\/pages"}],"about":[{"href":"https:\/\/biblian.is\/biblian\/wp-json\/wp\/v2\/types\/page"}],"author":[{"embeddable":true,"href":"https:\/\/biblian.is\/biblian\/wp-json\/wp\/v2\/users\/1"}],"replies":[{"embeddable":true,"href":"https:\/\/biblian.is\/biblian\/wp-json\/wp\/v2\/comments?post=2873"}],"version-history":[{"count":0,"href":"https:\/\/biblian.is\/biblian\/wp-json\/wp\/v2\/pages\/2873\/revisions"}],"wp:attachment":[{"href":"https:\/\/biblian.is\/biblian\/wp-json\/wp\/v2\/media?parent=2873"}],"curies":[{"name":"wp","href":"https:\/\/api.w.org\/{rel}","templated":true}]}}