{"id":2872,"date":"2017-12-30T21:04:58","date_gmt":"2017-12-30T21:04:58","guid":{"rendered":"http:\/\/biblian.is\/biblian\/s%c2%92raksb%c2%97k-7-kafli\/"},"modified":"2018-01-20T02:09:07","modified_gmt":"2018-01-20T02:09:07","slug":"siraksbok-7-kafli","status":"publish","type":"page","link":"https:\/\/biblian.is\/biblian\/siraksbok-7-kafli\/","title":{"rendered":"S\u00edraksb\u00f3k 7. kafli"},"content":{"rendered":"<h3 class=\"millifyrirsogn_2007\"> \u00ddmis hollr\u00e1\u00f0<\/h3>\n<p><span class=\"ljodatexti\"><a name=\"1\"><span class=\"versanumer_ljod\">1<\/span><\/a>Gj\u00f6r ekkert illt, \u00fe\u00e1 mun illt ei henda \u00feig.<br \/> <a name=\"2\"><span class=\"versanumer_ljod\">2<\/span><\/a> For\u00f0astu rangl\u00e6ti og \u00fea\u00f0 mun v\u00edkja fyrir \u00fe\u00e9r.<br \/> <\/span> <span class=\"ljodatexti\"> <a name=\"3\"><span class=\"versanumer_ljod\">3<\/span><\/a> S\u00e1\u00f0u eigi \u00ed pl\u00f3gf\u00f6r rangl\u00e6tis,<br \/>ella uppsker\u00f0u sj\u00f6falt af sl\u00edku.<br \/> <\/span> <span class=\"ljodatexti\"> <a name=\"4\"><span class=\"versanumer_ljod\">4<\/span><\/a> Bi\u00f0 Gu\u00f0 ekki um v\u00f6ld<br \/>n\u00e9 konung um tignarst\u00f6\u00f0u.<br \/> <\/span> <span class=\"ljodatexti\"> <a name=\"5\"><span class=\"versanumer_ljod\">5<\/span><\/a> \u00de\u00fa skalt eigi r\u00e9ttl\u00e1tur \u00feykjast fyrir Drottni<br \/>n\u00e9 hygginn frammi fyrir konungi.<br \/> <\/span> <span class=\"ljodatexti\"> <a name=\"6\"><span class=\"versanumer_ljod\">6<\/span><\/a> S\u00e6kstu eigi eftir d\u00f3marast\u00f6\u00f0u,<br \/>\u00feig kann a\u00f0 bresta bolmagn til a\u00f0 uppr\u00e6ta illt<br \/>og kynnir a\u00f0 beygja \u00feig fyrir vilja valdsmanns<br \/>og flekkur f\u00e9lli \u00e1 hreinan skj\u00f6ld \u00feinn.<br \/> <\/span> <span class=\"ljodatexti\"> <a name=\"7\"><span class=\"versanumer_ljod\">7<\/span><\/a> Vinn \u00fe\u00e9r eigi til sakar hj\u00e1 borgarb\u00faum<br \/>og vertu \u00fe\u00e9r ekki til skammar \u00ed mannfj\u00f6lda.<br \/> <\/span> <span class=\"ljodatexti\"> <a name=\"8\"><span class=\"versanumer_ljod\">8<\/span><\/a> Dr\u00fdg\u00f0u ekki synd \u00e1 synd ofan<br \/>\u00fev\u00ed a\u00f0 einnar mun ei \u00f3hegnt l\u00e1ti\u00f0.<br \/> <\/span> <span class=\"ljodatexti\"> <a name=\"9\"><span class=\"versanumer_ljod\">9<\/span><\/a> Seg\u00f0u ekki: \u201eDrottinn mun meta m\u00ednar m\u00f6rgu gjafir,<br \/>Hinn h\u00e6sti Gu\u00f0 mun veita f\u00f3rn minni vi\u00f0t\u00f6ku.\u201c<br \/> <\/span> <span class=\"ljodatexti\"> <a name=\"10\"><span class=\"versanumer_ljod\">10<\/span><\/a> \u00dereystu ekki \u00e1 a\u00f0 bi\u00f0ja,<br \/>set \u00feig ekki \u00far f\u00e6ri a\u00f0 gera g\u00f3\u00f0verk.<br \/> <\/span> <span class=\"ljodatexti\"> <a name=\"11\"><span class=\"versanumer_ljod\">11<\/span><\/a> H\u00e6\u00f0 \u00fe\u00fa engan sem a\u00f0\u00ferengdur er,<br \/>einn er s\u00e1 sem b\u00e6\u00f0i ni\u00f0url\u00e6gir og upphefur.<br \/> <\/span> <span class=\"ljodatexti\"> <a name=\"12\"><span class=\"versanumer_ljod\">12<\/span><\/a> Brei\u00f0 eigi \u00fat lygar um br\u00f3\u00f0ur \u00feinn,<br \/>gj\u00f6r ei sl\u00edkt heldur vini \u00fe\u00ednum.<br \/> <\/span> <span class=\"ljodatexti\"> <a name=\"13\"><span class=\"versanumer_ljod\">13<\/span><\/a> Leyf\u00f0u \u00fe\u00e9r aldrei a\u00f0 segja \u00f3satt,<br \/>hneig\u00f0 til \u00feess lei\u00f0ir til ills eins.<br \/> <\/span> <span class=\"ljodatexti\"> <a name=\"14\"><span class=\"versanumer_ljod\">14<\/span><\/a> For\u00f0astu m\u00e6lgi \u00e1 fundi \u00f6ldunga<br \/>og vertu ei staglsamur \u00ed b\u00e6num \u00fe\u00ednum.<br \/> <\/span> <span class=\"ljodatexti\"> <a name=\"15\"><span class=\"versanumer_ljod\">15<\/span><\/a> Haf\u00f0u ei \u00f3beit \u00e1 erfi\u00f0isvinnu<br \/>e\u00f0a \u00e1 a\u00f0 erja j\u00f6r\u00f0ina. \u00dea\u00f0 er bo\u00f0 Hins h\u00e6sta.<br \/> <\/span> <span class=\"ljodatexti\"> <a name=\"16\"><span class=\"versanumer_ljod\">16<\/span><\/a> Fylltu ekki flokk syndara,<br \/>minnstu \u00feess a\u00f0 hegningin l\u00e6tur ekki eftir s\u00e9r b\u00ed\u00f0a.<br \/> <\/span> <span class=\"ljodatexti\"> <a name=\"17\"><span class=\"versanumer_ljod\">17<\/span><\/a> Au\u00f0m\u00fdktu \u00feig s\u00edfellt meir<br \/>\u00fev\u00ed a\u00f0 hegning gu\u00f0lausra er eldur og ormar. <\/span> <\/p>\n<h3 class=\"millifyrirsogn_2007\">Au\u00f0s\u00fdndu \u00f6llum umhyggju<\/h3>\n<p><span class=\"ljodatexti\"> <a name=\"18\"><span class=\"versanumer_ljod\">18<\/span><\/a>Sel eigi g\u00f3\u00f0vin fyrir gull <br \/>n\u00e9 sannan br\u00f3\u00f0ur fyrir \u00d3f\u00edrgull. <br \/> <\/span> <span class=\"ljodatexti\"> <a name=\"19\"><span class=\"versanumer_ljod\">19<\/span><\/a> Varpa ekki fr\u00e1 \u00fe\u00e9r viturri konu og g\u00f3\u00f0ri, <br \/>\u00feokki sl\u00edkrar er gulli d\u00fdrm\u00e6tari. <br \/> <\/span> <span class=\"ljodatexti\"> <a name=\"20\"><span class=\"versanumer_ljod\">20<\/span><\/a> Leik eigi \u00fer\u00e6l illa sem vinnur \u00fe\u00e9r vel<br \/>n\u00e9 daglaunamann sem leggur sig fram.<br \/> <\/span> <span class=\"ljodatexti\"> <a name=\"21\"><span class=\"versanumer_ljod\">21<\/span><\/a> Elska vitran \u00fer\u00e6l af \u00f6llu hjarta,<br \/>varna honum ekki frelsis.<br \/> <\/span> <span class=\"ljodatexti\"> <a name=\"22\"><span class=\"versanumer_ljod\">22<\/span><\/a> Eigir \u00fe\u00fa b\u00faf\u00e9 \u00fe\u00e1 skaltu hir\u00f0a \u00fea\u00f0 vel,<br \/>s\u00e9 \u00fea\u00f0 \u00fe\u00e9r til nytja \u00fe\u00e1 haltu \u00fev\u00ed.<br \/> <\/span> <span class=\"ljodatexti\"> <a name=\"23\"><span class=\"versanumer_ljod\">23<\/span><\/a> Eigir \u00fe\u00fa b\u00f6rn \u00fe\u00e1 skaltu uppfr\u00e6\u00f0a \u00feau<br \/>og l\u00e1ta \u00feau hl\u00fd\u00f0a allt fr\u00e1 bernsku.<br \/> <\/span> <span class=\"ljodatexti\"> <a name=\"24\"><span class=\"versanumer_ljod\">24<\/span><\/a> Eigir \u00fe\u00fa d\u00e6tur, g\u00e6t \u00fe\u00e1 dyg\u00f0ar \u00feeirra<br \/>og vertu \u00feeim eigi of eftirl\u00e1tur.<br \/> <\/span> <span class=\"ljodatexti\"> <a name=\"25\"><span class=\"versanumer_ljod\">25<\/span><\/a> Miklu verki er loki\u00f0 er \u00fe\u00fa gefur d\u00f3ttur manni<br \/>en gef\u00f0u hana hyggnum manni.<br \/> <\/span> <span class=\"ljodatexti\"> <a name=\"26\"><span class=\"versanumer_ljod\">26<\/span><\/a> Eigir \u00fe\u00fa konu \u00fe\u00e9r ge\u00f0fellda skaltu ekki skilja vi\u00f0 hana<br \/>en treystu eigi \u00feeirri sem \u00fe\u00e9r ge\u00f0jast illa.<br \/> <\/span> <span class=\"ljodatexti\"> <a name=\"27\"><span class=\"versanumer_ljod\">27<\/span><\/a> Hei\u00f0ra f\u00f6\u00f0ur \u00feinn af \u00f6llu hjarta,<br \/>gleym ekki nau\u00f0 m\u00f3\u00f0ur \u00feinnar er h\u00fan \u00f3l \u00feig.<br \/> <\/span> <span class=\"ljodatexti\"> <a name=\"28\"><span class=\"versanumer_ljod\">28<\/span><\/a> Minnstu \u00feess a\u00f0 \u00fe\u00fa ert af \u00feeim kominn,<br \/>hvernig m\u00e1ttu launa \u00feeim allt sem \u00feau ger\u00f0u fyrir \u00feig?<br \/> <\/span> <span class=\"ljodatexti\"> <a name=\"29\"><span class=\"versanumer_ljod\">29<\/span><\/a> S\u00fdn Drottni lotningu af allri s\u00e1lu<br \/>og s\u00fdndu prestum hans vir\u00f0ingu.<br \/> <\/span> <span class=\"ljodatexti\"> <a name=\"30\"><span class=\"versanumer_ljod\">30<\/span><\/a> Elska skapara \u00feinn af \u00f6llum m\u00e6tti<br \/>og styddu \u00fe\u00e1 sem honum \u00fej\u00f3na.<br \/> <\/span> <span class=\"ljodatexti\"> <a name=\"31\"><span class=\"versanumer_ljod\">31<\/span><\/a> \u00d3ttastu Drottin, hei\u00f0ra prestinn,<br \/>veit honum hlutdeild s\u00edna svo sem \u00fe\u00e9r er bo\u00f0i\u00f0:<br \/>frumgr\u00f3\u00f0a, sektarf\u00f3rn, hlut af bringu,<br \/>helgunarf\u00f3rn og \u00fea\u00f0 sem fyrst er helga\u00f0.<br \/> <\/span> <span class=\"ljodatexti\"> <a name=\"32\"><span class=\"versanumer_ljod\">32<\/span><\/a> R\u00e9ttu f\u00e1t\u00e6kum einnig hj\u00e1lparh\u00f6nd<br \/>og \u00fe\u00fa munt hlj\u00f3ta fullkomna blessun.<br \/> <\/span> <span class=\"ljodatexti\"> <a name=\"33\"><span class=\"versanumer_ljod\">33<\/span><\/a> Vertu \u00f6llum sem lifa mildur \u00e1 gjafir<br \/>og synja ekki heldur l\u00e1tnum um li\u00f0.<br \/> <\/span> <span class=\"ljodatexti\"> <a name=\"34\"><span class=\"versanumer_ljod\">34<\/span><\/a> Sneiddu eigi hj\u00e1 \u00feeim sem gr\u00e1ta <br \/>og syrg\u00f0u me\u00f0 syrgjendum. <br \/> <\/span> <span class=\"ljodatexti\"> <a name=\"35\"><span class=\"versanumer_ljod\">35<\/span><\/a> Vertu ekki tregur a\u00f0 vitja sj\u00fakra <br \/>\u00fev\u00ed a\u00f0 vins\u00e6ldir muntu af \u00fev\u00ed hlj\u00f3ta. <br \/> <\/span> <span class=\"ljodatexti\"> <a name=\"36\"><span class=\"versanumer_ljod\">36<\/span><\/a> Minnstu banad\u00e6gurs \u00ed breytni allri, <br \/>\u00fe\u00e1 muntu aldrei illt fremja. <\/span> <\/p>\n","protected":false},"excerpt":{"rendered":"<p>\u00ddmis hollr\u00e1\u00f0 1Gj\u00f6r ekkert illt, \u00fe\u00e1 mun illt ei henda \u00feig. 2 For\u00f0astu rangl\u00e6ti og \u00fea\u00f0 mun v\u00edkja fyrir \u00fe\u00e9r. 3 S\u00e1\u00f0u eigi \u00ed pl\u00f3gf\u00f6r rangl\u00e6tis,ella uppsker\u00f0u sj\u00f6falt af sl\u00edku. 4 Bi\u00f0 Gu\u00f0 ekki um v\u00f6ldn\u00e9 konung um tignarst\u00f6\u00f0u. 5 \u00de\u00fa skalt eigi r\u00e9ttl\u00e1tur \u00feykjast fyrir Drottnin\u00e9 hygginn frammi fyrir konungi. 6 S\u00e6kstu eigi eftir d\u00f3marast\u00f6\u00f0u,\u00feig kann a\u00f0 bresta bolmagn til a\u00f0 uppr\u00e6ta illtog kynnir a\u00f0 beygja \u00feig fyrir vilja valdsmannsog flekkur f\u00e9lli \u00e1 hreinan skj\u00f6ld \u00feinn. 7 Vinn \u00fe\u00e9r eigi til sakar hj\u00e1 borgarb\u00faumog vertu \u00fe\u00e9r ekki til skammar \u00ed mannfj\u00f6lda. 8 Dr\u00fdg\u00f0u ekki synd \u00e1 synd ofan\u00fev\u00ed a\u00f0 <a href=\"https:\/\/biblian.is\/biblian\/siraksbok-7-kafli\/\"> [&#8230;]<\/a><\/p>\n","protected":false},"author":1,"featured_media":0,"parent":0,"menu_order":0,"comment_status":"open","ping_status":"open","template":"bibliukaflar.php","meta":{"footnotes":""},"class_list":["post-2872","page","type-page","status-publish","hentry"],"_links":{"self":[{"href":"https:\/\/biblian.is\/biblian\/wp-json\/wp\/v2\/pages\/2872","targetHints":{"allow":["GET"]}}],"collection":[{"href":"https:\/\/biblian.is\/biblian\/wp-json\/wp\/v2\/pages"}],"about":[{"href":"https:\/\/biblian.is\/biblian\/wp-json\/wp\/v2\/types\/page"}],"author":[{"embeddable":true,"href":"https:\/\/biblian.is\/biblian\/wp-json\/wp\/v2\/users\/1"}],"replies":[{"embeddable":true,"href":"https:\/\/biblian.is\/biblian\/wp-json\/wp\/v2\/comments?post=2872"}],"version-history":[{"count":0,"href":"https:\/\/biblian.is\/biblian\/wp-json\/wp\/v2\/pages\/2872\/revisions"}],"wp:attachment":[{"href":"https:\/\/biblian.is\/biblian\/wp-json\/wp\/v2\/media?parent=2872"}],"curies":[{"name":"wp","href":"https:\/\/api.w.org\/{rel}","templated":true}]}}