{"id":2871,"date":"2017-12-30T21:04:58","date_gmt":"2017-12-30T21:04:58","guid":{"rendered":"http:\/\/biblian.is\/biblian\/s%c2%92raksb%c2%97k-6-kafli\/"},"modified":"2018-01-20T02:07:57","modified_gmt":"2018-01-20T02:07:57","slug":"siraksbok-6-kafli","status":"publish","type":"page","link":"https:\/\/biblian.is\/biblian\/siraksbok-6-kafli\/","title":{"rendered":"S\u00edraksb\u00f3k 6. kafli"},"content":{"rendered":"<p><span class=\"ljodatexti\"> <a name=\"1\"><span class=\"versanumer_ljod\">1<\/span><\/a>\u00de\u00fa skalt eigi gerast \u00f3vinur \u00feess sem vinur \u00feinn er.<br \/> Illur or\u00f0st\u00edr f\u00e6rir hneisu og \u00e1m\u00e6li<br \/>og hlotnast syndara sem m\u00e6lir tungum tveim.<br \/> <\/span> <span class=\"ljodatexti\"> <a name=\"2\"><span class=\"versanumer_ljod\">2<\/span><\/a> Gefstu ei f\u00fdsnum \u00fe\u00ednum \u00e1 vald,<br \/>\u00fe\u00e6r munu t\u00e6ta m\u00e1tt \u00feinn sem mann\u00fdgt naut.<br \/> <\/span> <span class=\"ljodatexti\"> <a name=\"3\"><span class=\"versanumer_ljod\">3<\/span><\/a> \u00de\u00e6r munu eta upp bl\u00f6\u00f0 \u00fe\u00edn og ey\u00f0a aldinum \u00fe\u00ednum<br \/>og \u00fe\u00fa stendur eftir eins og visi\u00f0 tr\u00e9.<br \/> <\/span> <span class=\"ljodatexti\"> <a name=\"4\"><span class=\"versanumer_ljod\">4<\/span><\/a> Spillt \u00e1str\u00ed\u00f0a t\u00e6rir \u00feann sem elur \u00e1 henni<br \/>og hann ver\u00f0ur athl\u00e6gi \u00f3vina sinna. <\/span> <\/p>\n<h3 class=\"millifyrirsogn_2007\">Vin\u00e1tta<\/h3>\n<p><span class=\"ljodatexti\"> <a name=\"5\"><span class=\"versanumer_ljod\">5<\/span><\/a>F\u00f6gur or\u00f0 fj\u00f6lga vinum<br \/>og \u00f3m\u00fe\u00fdtt m\u00e1l vekur vinsemd fleiri.<br \/> <\/span> <span class=\"ljodatexti\"> <a name=\"6\"><span class=\"versanumer_ljod\">6<\/span><\/a> Kunningsskap vi\u00f0 marga skaltu halda<br \/>en veit einum af \u00fe\u00fasundi tr\u00fana\u00f0 \u00feinn allan.<br \/> <\/span> <span class=\"ljodatexti\"> <a name=\"7\"><span class=\"versanumer_ljod\">7<\/span><\/a> Vin skaltu reyna viljir \u00fe\u00fa vin eiga<br \/>og ver eigi flj\u00f3tur til a\u00f0 veita honum tr\u00fana\u00f0.<br \/> <\/span> <span class=\"ljodatexti\"> <a name=\"8\"><span class=\"versanumer_ljod\">8<\/span><\/a> Margur er vinur \u00feegar honum hentar<br \/>en er hvergi n\u00e6rri \u00feegar a\u00f0 sverfur.<br \/> <\/span> <span class=\"ljodatexti\"> <a name=\"9\"><span class=\"versanumer_ljod\">9<\/span><\/a> A\u00f0rir eru \u00feeir vinir sem \u00ed \u00f3vini breytast<br \/>og gera \u00fe\u00e9r hneisu me\u00f0 \u00fev\u00ed a\u00f0 lj\u00f3stra upp hva\u00f0 olli.<br \/> <\/span> <span class=\"ljodatexti\"> <a name=\"10\"><span class=\"versanumer_ljod\">10<\/span><\/a> Margur er vinur er \u00fe\u00fa b\u00fd\u00f0ur til veislu<br \/>en er hvergi n\u00e6rri \u00feegar a\u00f0 sverfur.<br \/> <\/span> <span class=\"ljodatexti\"> <a name=\"11\"><span class=\"versanumer_ljod\">11<\/span><\/a> \u00deegar \u00fe\u00e9r vegnar vel er hann sem hugur \u00feinn<br \/>og segir \u00fej\u00f3num \u00fe\u00ednum til.<br \/> <\/span> <span class=\"ljodatexti\"> <a name=\"12\"><span class=\"versanumer_ljod\">12<\/span><\/a> En gerist \u00fe\u00e9r m\u00f3tdr\u00e6gt sn\u00fdst hann gegn \u00fe\u00e9r<br \/>og fer \u00ed felur sj\u00e1i hann \u00feig n\u00e1lgast.<br \/> <\/span> <span class=\"ljodatexti\"> <a name=\"13\"><span class=\"versanumer_ljod\">13<\/span><\/a> Hald \u00feig fjarri fjandm\u00f6nnum \u00fe\u00ednum<br \/>og vertu \u00e1 var\u00f0bergi gagnvart vinum.<br \/> <\/span> <span class=\"ljodatexti\"> <a name=\"14\"><span class=\"versanumer_ljod\">14<\/span><\/a> Traustur vinur er \u00f6rugg v\u00f6rn,<br \/>finnir \u00fe\u00fa sl\u00edkan \u00e1ttu fj\u00e1rsj\u00f3\u00f0 fundinn.<br \/> <\/span> <span class=\"ljodatexti\"> <a name=\"15\"><span class=\"versanumer_ljod\">15<\/span><\/a> Traustur vinur er ver\u00f0m\u00e6tari \u00f6llu,<br \/>\u00e1 engan kvar\u00f0a f\u00e6st gildi hans meti\u00f0.<br \/> <\/span> <span class=\"ljodatexti\"> <a name=\"16\"><span class=\"versanumer_ljod\">16<\/span><\/a> Traustur vinur er sem \u00f3d\u00e1insdrykkur,<br \/>s\u00e1 sem Drottin \u00f3ttast mun sl\u00edkan finna.<br \/> <\/span> <span class=\"ljodatexti\"> <a name=\"17\"><span class=\"versanumer_ljod\">17<\/span><\/a> S\u00e1 sem \u00f3ttast Drottin vandar val vina,<br \/>hann heldur s\u00e9r a\u00f0 sl\u00edkum sem honum sj\u00e1lfum l\u00edkjast. <\/span> <\/p>\n<h3 class=\"millifyrirsogn_2007\">\u00c1minnt um a\u00f0 l\u00e6ra af spekinni<\/h3>\n<p><span class=\"ljodatexti\"> <a name=\"18\"><span class=\"versanumer_ljod\">18<\/span><\/a>Barni\u00f0 mitt, \u00fe\u00fd\u00f0stu lei\u00f0s\u00f6gn \u00feegar \u00ed \u00e6sku, <br \/>\u00fe\u00e1 munt \u00fe\u00fa speki finna allt til elli\u00e1ra. <br \/> <\/span> <span class=\"ljodatexti\"> <a name=\"19\"><span class=\"versanumer_ljod\">19<\/span><\/a> N\u00e1lgastu spekina l\u00edkt og s\u00e1 sem pl\u00e6gir og s\u00e1ir, <br \/>\u00fe\u00e1 m\u00e1ttu v\u00e6nta a\u00f0 h\u00fan gefi g\u00f3\u00f0an \u00e1v\u00f6xt. <br \/>R\u00e6kt vi\u00f0 hana er skammvinn \u00feraut<br \/>\u00fev\u00ed a\u00f0 br\u00e1tt muntu neyta af \u00e1vexti hennar.<br \/> <\/span> <span class=\"ljodatexti\"> <a name=\"20\"><span class=\"versanumer_ljod\">20<\/span><\/a> Spekin er erfi\u00f0 \u00feeim er enga \u00f6gun hlaut<br \/>og heimskum hlotnast h\u00fan eigi.<br \/> <\/span> <span class=\"ljodatexti\"> <a name=\"21\"><span class=\"versanumer_ljod\">21<\/span><\/a> H\u00fan reynist steinn er hann f\u00e6r ei \u00e1 stall komi\u00f0,<br \/>hann hra\u00f0ar s\u00e9r a\u00f0 hverfa fr\u00e1 henni.<br \/> <\/span> <span class=\"ljodatexti\"> <a name=\"22\"><span class=\"versanumer_ljod\">22<\/span><\/a> Spekin ber nafn sitt me\u00f0 r\u00e9ttu, <span class=\"nedan_mal\" title=\" \u00d6nnur hugsanleg \u00fe\u00fd\u00f0ing: \u00e1 or\u00f0st\u00edr sinn skilinn.\">[<\/span> <br \/>h\u00fan liggur ei \u00f6llum \u00ed augum uppi.<br \/> <\/span> <span class=\"ljodatexti\"> <a name=\"23\"><span class=\"versanumer_ljod\">23<\/span><\/a> Hl\u00fd\u00f0 \u00e1, barni\u00f0 mitt, og tak tils\u00f6gn minni,<br \/>hafna \u00fe\u00fa eigi heilr\u00e6\u00f0um m\u00ednum.<br \/> <\/span> <span class=\"ljodatexti\"> <a name=\"24\"><span class=\"versanumer_ljod\">24<\/span><\/a> Set haft spekinnar \u00e1 f\u00e6tur \u00fe\u00e9r<br \/>og ok hennar \u00fe\u00e9r \u00e1 her\u00f0ar.<br \/> <\/span> <span class=\"ljodatexti\"> <a name=\"25\"><span class=\"versanumer_ljod\">25<\/span><\/a> Lyft spekinni \u00e1 bak \u00fe\u00e9r og ber hana,<br \/>gremstu ei yfir fj\u00f6trum hennar.<br \/> <\/span> <span class=\"ljodatexti\"> <a name=\"26\"><span class=\"versanumer_ljod\">26<\/span><\/a> Leita \u00fe\u00fa hennar af allri s\u00e1lu,<br \/>feta vegu hennar af \u00f6llum m\u00e6tti.<br \/> <\/span> <span class=\"ljodatexti\"> <a name=\"27\"><span class=\"versanumer_ljod\">27<\/span><\/a> Kanna \u00fe\u00fa og leita og \u00fe\u00e1 mun spekin birtast \u00fe\u00e9r.<br \/>Slepp henni eigi er \u00fe\u00fa hefur h\u00f6ndla\u00f0 hana.<br \/> <\/span> <span class=\"ljodatexti\"> <a name=\"28\"><span class=\"versanumer_ljod\">28<\/span><\/a> A\u00f0 lokum finnur \u00fe\u00fa \u00feann fri\u00f0 sem h\u00fan veitir,<br \/>spekin mun umbreytast \u00fe\u00e9r \u00ed gle\u00f0igjafa.<br \/> <\/span> <span class=\"ljodatexti\"> <a name=\"29\"><span class=\"versanumer_ljod\">29<\/span><\/a> Fj\u00f6trar hennar ver\u00f0a \u00fe\u00e9r sterk v\u00f6rn,<br \/>aktygi hennar a\u00f0 tignarskr\u00fa\u00f0a.<br \/> <\/span> <span class=\"ljodatexti\"> <a name=\"30\"><span class=\"versanumer_ljod\">30<\/span><\/a> Ok <span class=\"nedan_mal\" title=\" \u00de\u00fd\u00f0ingin er bygg\u00f0 \u00e1 hebreska textanum.\">[<\/span> spekinnar ver\u00f0ur \u00fe\u00e9r dj\u00e1sn af gulli,<br \/>fj\u00f6trar hennar purpuraskr\u00fa\u00f0i.<br \/> <\/span> <span class=\"ljodatexti\"> <a name=\"31\"><span class=\"versanumer_ljod\">31<\/span><\/a> \u00de\u00fa munt skr\u00fd\u00f0ast henni sem tignarkl\u00e6\u00f0um<br \/>og bera spekina sem hei\u00f0ursk\u00f3r\u00f3nu \u00e1 h\u00f6f\u00f0i.<br \/> <\/span> <span class=\"ljodatexti\"> <a name=\"32\"><span class=\"versanumer_ljod\">32<\/span><\/a> Ef \u00fe\u00fa vilt, sonur minn, \u00fe\u00e1 muntu fr\u00e6\u00f0ast<br \/>og ver\u00f0a hygginn ef \u00fe\u00fa leggur \u00feig fram.<br \/> <\/span> <span class=\"ljodatexti\"> <a name=\"33\"><span class=\"versanumer_ljod\">33<\/span><\/a> S\u00e9rtu f\u00fas til a\u00f0 hlusta muntu fr\u00e6\u00f0ast<br \/>og ver\u00f0ur hygginn ef \u00fe\u00fa leggur vi\u00f0 hlustir.<br \/> <\/span> <span class=\"ljodatexti\"> <a name=\"34\"><span class=\"versanumer_ljod\">34<\/span><\/a> Vertu \u00fear gjarnan sem gamlir eru<br \/>og legg \u00e1 minni\u00f0 speki \u00feeirra.<br \/> <\/span> <span class=\"ljodatexti\"> <a name=\"35\"><span class=\"versanumer_ljod\">35<\/span><\/a> Hl\u00fd\u00f0 f\u00faslega \u00e1 hverja h\u00e1leita samr\u00e6\u00f0u,<br \/>l\u00e1t ekkert spakm\u00e6li fram hj\u00e1 \u00fe\u00e9r fara.<br \/> <\/span> <span class=\"ljodatexti\"> <a name=\"36\"><span class=\"versanumer_ljod\">36<\/span><\/a> Finnir \u00fe\u00fa hygginn mann, gakk \u00e1rla \u00e1 fund hans,<br \/>n\u00fa\u00f0u upp \u00fer\u00f6skuld hans me\u00f0 f\u00f3tum \u00fe\u00ednum.<br \/> <\/span> <span class=\"ljodatexti\"> <a name=\"37\"><span class=\"versanumer_ljod\">37<\/span><\/a> Grunda fyrirm\u00e6li Drottins,<br \/>\u00edhuga st\u00f6\u00f0ugt bo\u00f0or\u00f0 hans.<br \/>Hann mun veita hjarta \u00fe\u00ednu sta\u00f0festu<br \/>og gefa \u00fe\u00e9r \u00fe\u00e1 speki sem \u00fe\u00fa \u00fer\u00e1ir. <\/span> <\/p>\n","protected":false},"excerpt":{"rendered":"<p>1\u00de\u00fa skalt eigi gerast \u00f3vinur \u00feess sem vinur \u00feinn er. Illur or\u00f0st\u00edr f\u00e6rir hneisu og \u00e1m\u00e6liog hlotnast syndara sem m\u00e6lir tungum tveim. 2 Gefstu ei f\u00fdsnum \u00fe\u00ednum \u00e1 vald,\u00fe\u00e6r munu t\u00e6ta m\u00e1tt \u00feinn sem mann\u00fdgt naut. 3 \u00de\u00e6r munu eta upp bl\u00f6\u00f0 \u00fe\u00edn og ey\u00f0a aldinum \u00fe\u00ednumog \u00fe\u00fa stendur eftir eins og visi\u00f0 tr\u00e9. 4 Spillt \u00e1str\u00ed\u00f0a t\u00e6rir \u00feann sem elur \u00e1 henniog hann ver\u00f0ur athl\u00e6gi \u00f3vina sinna. Vin\u00e1tta 5F\u00f6gur or\u00f0 fj\u00f6lga vinumog \u00f3m\u00fe\u00fdtt m\u00e1l vekur vinsemd fleiri. 6 Kunningsskap vi\u00f0 marga skaltu haldaen veit einum af \u00fe\u00fasundi tr\u00fana\u00f0 \u00feinn allan. 7 Vin skaltu reyna viljir \u00fe\u00fa vin eigaog ver <a href=\"https:\/\/biblian.is\/biblian\/siraksbok-6-kafli\/\"> [&#8230;]<\/a><\/p>\n","protected":false},"author":1,"featured_media":0,"parent":0,"menu_order":0,"comment_status":"open","ping_status":"open","template":"bibliukaflar.php","meta":{"footnotes":""},"class_list":["post-2871","page","type-page","status-publish","hentry"],"_links":{"self":[{"href":"https:\/\/biblian.is\/biblian\/wp-json\/wp\/v2\/pages\/2871","targetHints":{"allow":["GET"]}}],"collection":[{"href":"https:\/\/biblian.is\/biblian\/wp-json\/wp\/v2\/pages"}],"about":[{"href":"https:\/\/biblian.is\/biblian\/wp-json\/wp\/v2\/types\/page"}],"author":[{"embeddable":true,"href":"https:\/\/biblian.is\/biblian\/wp-json\/wp\/v2\/users\/1"}],"replies":[{"embeddable":true,"href":"https:\/\/biblian.is\/biblian\/wp-json\/wp\/v2\/comments?post=2871"}],"version-history":[{"count":0,"href":"https:\/\/biblian.is\/biblian\/wp-json\/wp\/v2\/pages\/2871\/revisions"}],"wp:attachment":[{"href":"https:\/\/biblian.is\/biblian\/wp-json\/wp\/v2\/media?parent=2871"}],"curies":[{"name":"wp","href":"https:\/\/api.w.org\/{rel}","templated":true}]}}