{"id":2870,"date":"2017-12-30T21:04:58","date_gmt":"2017-12-30T21:04:58","guid":{"rendered":"http:\/\/biblian.is\/biblian\/s%c2%92raksb%c2%97k-5-kafli\/"},"modified":"2018-01-20T02:07:06","modified_gmt":"2018-01-20T02:07:06","slug":"siraksbok-5-kafli","status":"publish","type":"page","link":"https:\/\/biblian.is\/biblian\/siraksbok-5-kafli\/","title":{"rendered":"S\u00edraksb\u00f3k 5. kafli"},"content":{"rendered":"<h3 class=\"millifyrirsogn_2007\"> Vertu ei \u00f3skammfeilinn<\/h3>\n<p> <span class=\"ljodatexti\"><a name=\"1\"><span class=\"versanumer_ljod\">1<\/span><\/a>Rei\u00f0 \u00feig ekki \u00e1 au\u00f0 \u00feinn<br \/> og seg\u00f0u ekki: \u201e\u00c9g \u00e1 allt sem \u00e9g \u00fearfnast.\u201c<br \/> <\/span> <span class=\"ljodatexti\"> <a name=\"2\"><span class=\"versanumer_ljod\">2<\/span><\/a> Legg eigi s\u00e1l \u00fe\u00edna og m\u00e1tt \u00ed \u00fea\u00f0<br \/>a\u00f0 eltast vi\u00f0 girndir hjartans.<br \/> <\/span> <span class=\"ljodatexti\"> <a name=\"3\"><span class=\"versanumer_ljod\">3<\/span><\/a> Seg\u00f0u ekki: \u201eR\u00e6\u00f0ur nokkur yfir m\u00e9r?\u201c<br \/>\u00deess mun Drottinn hegna.<br \/> <\/span> <span class=\"ljodatexti\"> <a name=\"4\"><span class=\"versanumer_ljod\">4<\/span><\/a> Seg\u00f0u ekki: \u201e\u00c9g hef syndga\u00f0 og hva\u00f0 ger\u00f0i \u00fea\u00f0 til?\u201c<br \/>Bi\u00f0lund Drottins er mikil.<br \/> <\/span> <span class=\"ljodatexti\"> <a name=\"5\"><span class=\"versanumer_ljod\">5<\/span><\/a> Vertu ekki svo viss um fyrirgefningu<br \/>a\u00f0 \u00fe\u00fa dr\u00fdgir synd \u00e1 synd ofan.<br \/> <\/span> <span class=\"ljodatexti\"> <a name=\"6\"><span class=\"versanumer_ljod\">6<\/span><\/a> Seg\u00f0u ekki: \u201eMiskunn Drottins er mikil,<br \/>hann mun fyrirgefa m\u00e9r allar syndir.\u201c<br \/>Hj\u00e1 honum er miskunn a\u00f0 finna en einnig rei\u00f0i,<br \/>til syndara ber hann heiftarhug.<br \/> <\/span> <span class=\"ljodatexti\"> <a name=\"7\"><span class=\"versanumer_ljod\">7<\/span><\/a> Drag eigi a\u00f0 hverfa aftur til Drottins,<br \/>fresta \u00fev\u00ed ekki dag fr\u00e1 degi.<br \/>Rei\u00f0i Drottins kemur \u00f3v\u00e6nt yfir,<br \/>\u00e1 degi hegningar er \u00fati um \u00feig.<br \/> <\/span> <span class=\"ljodatexti\"> <a name=\"8\"><span class=\"versanumer_ljod\">8<\/span><\/a> Rei\u00f0 \u00feig ekki \u00e1 rangfenginn au\u00f0,<br \/>hann mun \u00fe\u00e9r gagnslaus \u00e1 reynslut\u00edma.<br \/> <\/span><\/p>\n<h3 class=\"millifyrirsogn_2007\">Einl\u00e6gni og sj\u00e1lfsstj\u00f3rn<\/h3>\n<p><span class=\"ljodatexti\"> <a name=\"9\"><span class=\"versanumer_ljod\">9<\/span><\/a>Vinsa ei korn hvernig sem bl\u00e6s, <br \/>gakk eigi hverja g\u00f6tu sem fyrir ver\u00f0ur, <br \/>\u00feannig ferst syndara sem hr\u00e6snar. <br \/> <\/span> <span class=\"ljodatexti\"> <a name=\"10\"><span class=\"versanumer_ljod\">10<\/span><\/a> Haltu fast vi\u00f0 sannf\u00e6ringu \u00fe\u00edna,<br \/>ver sj\u00e1lfum \u00fe\u00e9r samkv\u00e6mur \u00ed or\u00f0um.<br \/> <\/span> <span class=\"ljodatexti\"> <a name=\"11\"><span class=\"versanumer_ljod\">11<\/span><\/a> Ver rei\u00f0ub\u00fainn til a\u00f0 hlusta \u00e1 a\u00f0ra<br \/>en hugsa \u00feig vel um \u00e1\u00f0ur en \u00fe\u00fa svarar.<br \/> <\/span> <span class=\"ljodatexti\"> <a name=\"12\"><span class=\"versanumer_ljod\">12<\/span><\/a> Granna \u00fe\u00ednum skaltu svara hafir \u00fe\u00fa \u00feekkingu til,<br \/>set ella t\u00f6nn fyrir tungu.<br \/> <\/span> <span class=\"ljodatexti\"> <a name=\"13\"><span class=\"versanumer_ljod\">13<\/span><\/a> Af tali hl\u00fdst hei\u00f0ur en einnig vans\u00e6md,<br \/>tunga manns getur or\u00f0i\u00f0 honum til falls.<br \/> <\/span> <span class=\"ljodatexti\"> <a name=\"14\"><span class=\"versanumer_ljod\">14<\/span><\/a> \u00de\u00fa skalt ekki kallast r\u00f3gberi,<br \/>nota eigi tungu \u00fe\u00edna \u00f6\u00f0rum til falls.<br \/>\u00dej\u00f3fur ver\u00f0ur s\u00e9r til skammar,<br \/>s\u00e1 sem talar tungum tveim hl\u00fdtur har\u00f0an d\u00f3m.<br \/> <\/span> <span class=\"ljodatexti\"> <a name=\"15\"><span class=\"versanumer_ljod\">15<\/span><\/a> Bregstu hvorki \u00ed st\u00f3ru n\u00e9 sm\u00e1u. <\/span> <\/p>\n","protected":false},"excerpt":{"rendered":"<p>Vertu ei \u00f3skammfeilinn 1Rei\u00f0 \u00feig ekki \u00e1 au\u00f0 \u00feinn og seg\u00f0u ekki: \u201e\u00c9g \u00e1 allt sem \u00e9g \u00fearfnast.\u201c 2 Legg eigi s\u00e1l \u00fe\u00edna og m\u00e1tt \u00ed \u00fea\u00f0a\u00f0 eltast vi\u00f0 girndir hjartans. 3 Seg\u00f0u ekki: \u201eR\u00e6\u00f0ur nokkur yfir m\u00e9r?\u201c\u00deess mun Drottinn hegna. 4 Seg\u00f0u ekki: \u201e\u00c9g hef syndga\u00f0 og hva\u00f0 ger\u00f0i \u00fea\u00f0 til?\u201cBi\u00f0lund Drottins er mikil. 5 Vertu ekki svo viss um fyrirgefningua\u00f0 \u00fe\u00fa dr\u00fdgir synd \u00e1 synd ofan. 6 Seg\u00f0u ekki: \u201eMiskunn Drottins er mikil,hann mun fyrirgefa m\u00e9r allar syndir.\u201cHj\u00e1 honum er miskunn a\u00f0 finna en einnig rei\u00f0i,til syndara ber hann heiftarhug. 7 Drag eigi a\u00f0 hverfa aftur til Drottins,fresta <a href=\"https:\/\/biblian.is\/biblian\/siraksbok-5-kafli\/\"> [&#8230;]<\/a><\/p>\n","protected":false},"author":1,"featured_media":0,"parent":0,"menu_order":0,"comment_status":"open","ping_status":"open","template":"bibliukaflar.php","meta":{"footnotes":""},"class_list":["post-2870","page","type-page","status-publish","hentry"],"_links":{"self":[{"href":"https:\/\/biblian.is\/biblian\/wp-json\/wp\/v2\/pages\/2870","targetHints":{"allow":["GET"]}}],"collection":[{"href":"https:\/\/biblian.is\/biblian\/wp-json\/wp\/v2\/pages"}],"about":[{"href":"https:\/\/biblian.is\/biblian\/wp-json\/wp\/v2\/types\/page"}],"author":[{"embeddable":true,"href":"https:\/\/biblian.is\/biblian\/wp-json\/wp\/v2\/users\/1"}],"replies":[{"embeddable":true,"href":"https:\/\/biblian.is\/biblian\/wp-json\/wp\/v2\/comments?post=2870"}],"version-history":[{"count":0,"href":"https:\/\/biblian.is\/biblian\/wp-json\/wp\/v2\/pages\/2870\/revisions"}],"wp:attachment":[{"href":"https:\/\/biblian.is\/biblian\/wp-json\/wp\/v2\/media?parent=2870"}],"curies":[{"name":"wp","href":"https:\/\/api.w.org\/{rel}","templated":true}]}}