{"id":2869,"date":"2017-12-30T21:04:58","date_gmt":"2017-12-30T21:04:58","guid":{"rendered":"http:\/\/biblian.is\/biblian\/s%c2%92raksb%c2%97k-4-kafli\/"},"modified":"2018-01-20T02:06:09","modified_gmt":"2018-01-20T02:06:09","slug":"siraksbok-4-kafli","status":"publish","type":"page","link":"https:\/\/biblian.is\/biblian\/siraksbok-4-kafli\/","title":{"rendered":"S\u00edraksb\u00f3k 4. kafli"},"content":{"rendered":"<h3 class=\"millifyrirsogn_2007\"> Ver mildur vi\u00f0 f\u00e1t\u00e6ka<\/h3>\n<p><span class=\"ljodatexti\"> <a name=\"1\"><span class=\"versanumer_ljod\">1<\/span><\/a>Barni\u00f0 mitt, sviptu ekki b\u00e1gstaddan bj\u00f6rg,<br \/> l\u00e1t eigi \u00feurfandi augu lengi m\u00e6na.<br \/> <\/span> <span class=\"ljodatexti\"> <a name=\"2\"><span class=\"versanumer_ljod\">2<\/span><\/a> S\u00e6r\u00f0u ekki \u00feann sem sveltur,<br \/>skaprauna \u00feeim eigi sem l\u00ed\u00f0ur skort.<br \/> <\/span> <span class=\"ljodatexti\"> <a name=\"3\"><span class=\"versanumer_ljod\">3<\/span><\/a> Auk ekki angur \u00feess sem \u00feegar er bitur<br \/>og drag ekki nau\u00f0staddan \u00e1 gj\u00f6f \u00feinni.<br \/> <\/span> <span class=\"ljodatexti\"> <a name=\"4\"><span class=\"versanumer_ljod\">4<\/span><\/a> Synja ei b\u00f3n a\u00f0\u00ferengds manns<br \/>og sn\u00fa eigi baki vi\u00f0 f\u00e1t\u00e6kum.<br \/> <\/span> <span class=\"ljodatexti\"> <a name=\"5\"><span class=\"versanumer_ljod\">5<\/span><\/a> Bein eigi sj\u00f3num fr\u00e1 \u00feurfandi manni<br \/>og gef honum ekki \u00e1st\u00e6\u00f0u til a\u00f0 form\u00e6la \u00fe\u00e9r.<br \/> <\/span> <span class=\"ljodatexti\"> <a name=\"6\"><span class=\"versanumer_ljod\">6<\/span><\/a> Bi\u00f0ji hann \u00fe\u00e9r b\u00f6lb\u00e6na \u00ed n\u00edstandi bitur\u00f0<br \/>mun s\u00e1 sem hann sk\u00f3p heyra b\u00e6n hans.<br \/> <\/span> <span class=\"ljodatexti\"> <a name=\"7\"><span class=\"versanumer_ljod\">7<\/span><\/a> Gj\u00f6r \u00feig k\u00e6ran s\u00f6fnu\u00f0inum,<br \/>au\u00f0s\u00fdn valdsm\u00f6nnum vir\u00f0ingu.<br \/> <\/span> <span class=\"ljodatexti\"> <a name=\"8\"><span class=\"versanumer_ljod\">8<\/span><\/a> Hl\u00fd\u00f0 \u00e1 or\u00f0 f\u00e1t\u00e6ks manns,<br \/>svara \u00e1varpi hans vingjarnlega.<br \/> <\/span> <span class=\"ljodatexti\"> <a name=\"9\"><span class=\"versanumer_ljod\">9<\/span><\/a> Bjarga ofs\u00f3ttum fr\u00e1 ofs\u00e6kjendum<br \/>og ver fastur fyrir \u00feegar \u00fe\u00fa d\u00e6mir.<br \/> <\/span> <span class=\"ljodatexti\"> <a name=\"10\"><span class=\"versanumer_ljod\">10<\/span><\/a> Vertu muna\u00f0arlausum sem fa\u00f0ir<br \/>og ekkjum sto\u00f0 \u00ed makans sta\u00f0.<br \/>\u00de\u00e1 munt \u00fe\u00fa ver\u00f0a Hinum h\u00e6sta sem sonur, <br \/>hann mun elska \u00feig meir en m\u00f3\u00f0ir \u00fe\u00edn. <\/span> <\/p>\n<h3 class=\"millifyrirsogn_2007\">Spekin sem kennari<\/h3>\n<p><span class=\"ljodatexti\"> <a name=\"11\"><span class=\"versanumer_ljod\">11<\/span><\/a>Spekin hefur b\u00f6rn s\u00edn til vegs<br \/>og tekur \u00feau a\u00f0 s\u00e9r sem hennar leita.<br \/> <\/span> <span class=\"ljodatexti\"> <a name=\"12\"><span class=\"versanumer_ljod\">12<\/span><\/a> S\u00e1 sem elskar hana elskar l\u00edfi\u00f0,<br \/>\u00e1rrisulir hennar vegna hlj\u00f3ta \u00f3m\u00e6ldan f\u00f6gnu\u00f0.<br \/> <\/span> <span class=\"ljodatexti\"> <a name=\"13\"><span class=\"versanumer_ljod\">13<\/span><\/a> S\u00e1 sem spekina h\u00f6ndlar au\u00f0nast vegsemd <br \/>og blessun Drottins fylgir henni. <br \/> <\/span> <span class=\"ljodatexti\"> <a name=\"14\"><span class=\"versanumer_ljod\">14<\/span><\/a> \u00deeir \u00fej\u00f3na Hinum heilaga sem \u00fej\u00f3na spekinni <br \/>og Drottinn elskar \u00fe\u00e1 sem unna henni.<br \/> <\/span> <span class=\"ljodatexti\"> <a name=\"15\"><span class=\"versanumer_ljod\">15<\/span><\/a> S\u00e1 sem hl\u00fd\u00f0ir spekinni mun d\u00e6ma l\u00fd\u00f0i, <br \/>s\u00e1 er henni fylgir mun \u00f3hultur b\u00faa. <br \/> <\/span> <span class=\"ljodatexti\"> <a name=\"16\"><span class=\"versanumer_ljod\">16<\/span><\/a> Treysti hann spekinni mun h\u00fan ver\u00f0a eign hans<br \/>og ganga \u00ed arf til ni\u00f0ja hans. <br \/> <\/span> <span class=\"ljodatexti\"> <a name=\"17\"><span class=\"versanumer_ljod\">17<\/span><\/a> Fyrst mun h\u00fan lei\u00f0a hann um torf\u00e6ra stigu <br \/>og vekja honum \u00f3tta og skelfingu. <br \/>Spekin agar hann me\u00f0 \u00fej\u00e1ningum <br \/>uns hann ber fullt traust til hennar. <br \/>H\u00fan reynir hann me\u00f0 kr\u00f6fum s\u00ednum. <br \/> <\/span> <span class=\"ljodatexti\"> <a name=\"18\"><span class=\"versanumer_ljod\">18<\/span><\/a> H\u00fan kemur s\u00ed\u00f0an rakleitt til hans \u00e1 n\u00fd, <br \/>gle\u00f0ur hann og birtir honum s\u00edna leyndu d\u00f3ma. <br \/> <\/span> <span class=\"ljodatexti\"> <a name=\"19\"><span class=\"versanumer_ljod\">19<\/span><\/a> Ef hann lei\u00f0ist afvega yfirgefur h\u00fan hann <br \/>og ofurselur hann gl\u00f6tun. <\/span> <\/p>\n<h3 class=\"millifyrirsogn_2007\">For\u00f0astu illt<\/h3>\n<p><span class=\"ljodatexti\"> <a name=\"20\"><span class=\"versanumer_ljod\">20<\/span><\/a>Tak r\u00e1\u00f0 \u00ed t\u00edma og for\u00f0ast illt,<br \/>blyg\u00f0ast \u00fe\u00edn eigi fyrir sj\u00e1lfan \u00feig.<br \/> <\/span> <span class=\"ljodatexti\"> <a name=\"21\"><span class=\"versanumer_ljod\">21<\/span><\/a> Til er blyg\u00f0un sem lei\u00f0ir til syndar<br \/>og blyg\u00f0un sem hei\u00f0ur vex af og hylli.<br \/> <\/span> <span class=\"ljodatexti\"> <a name=\"22\"><span class=\"versanumer_ljod\">22<\/span><\/a> Gj\u00f6r \u00fe\u00e9r engan mannamun \u00fe\u00e9r til ska\u00f0a,<br \/>l\u00e1t eigi au\u00f0m\u00fdkja \u00feig og ganga \u00e1 hlut \u00feinn.<br \/> <\/span> <span class=\"ljodatexti\"> <a name=\"23\"><span class=\"versanumer_ljod\">23<\/span><\/a> Skirrstu ekki vi\u00f0 a\u00f0 segja hug \u00feinn \u00feegar \u00fe\u00e9r ber<br \/>[og leyn ekki speki \u00feinni]. <span class=\"nedan_mal\" title=\" Vantar \u00ed sum gr\u00edsk handrit.\">[<\/span> <br \/> <\/span> <span class=\"ljodatexti\"> <a name=\"24\"><span class=\"versanumer_ljod\">24<\/span><\/a> Af or\u00f0um m\u00e1 spekina \u00feekkja<br \/>og menntun af m\u00e1lfari.<br \/> <\/span> <span class=\"ljodatexti\"> <a name=\"25\"><span class=\"versanumer_ljod\">25<\/span><\/a> M\u00e6l aldrei gegn sannleikanum<br \/>en fyrirver\u00f0 \u00feig fyrir f\u00e1fr\u00e6\u00f0i \u00fe\u00edna.<br \/> <\/span> <span class=\"ljodatexti\"> <a name=\"26\"><span class=\"versanumer_ljod\">26<\/span><\/a> Blyg\u00f0ast \u00fe\u00edn eigi fyrir a\u00f0 j\u00e1ta syndir \u00fe\u00ednar<br \/>og reyndu eigi a\u00f0 st\u00f6\u00f0va \u00e1rstraum.<br \/> <\/span> <span class=\"ljodatexti\"> <a name=\"27\"><span class=\"versanumer_ljod\">27<\/span><\/a> Smja\u00f0ra ekki fyrir heimskum manni<br \/>og drag\u00f0u eigi taum valdhafa.<br \/> <\/span> <span class=\"ljodatexti\"> <a name=\"28\"><span class=\"versanumer_ljod\">28<\/span><\/a> Legg l\u00edf \u00feitt a\u00f0 ve\u00f0i \u00ed bar\u00e1ttu fyrir sannleikann,<br \/>\u00fe\u00e1 mun Drottinn Gu\u00f0 berjast \u00fe\u00e9r vi\u00f0 hli\u00f0.<br \/> <\/span> <span class=\"ljodatexti\"> <a name=\"29\"><span class=\"versanumer_ljod\">29<\/span><\/a> Ver hvorki st\u00f3rl\u00e1tur \u00ed or\u00f0um<br \/>n\u00e9 latur og hir\u00f0ulaus \u00ed verkum.<br \/> <\/span> <span class=\"ljodatexti\"> <a name=\"30\"><span class=\"versanumer_ljod\">30<\/span><\/a> Ver ekki lj\u00f3ni l\u00edkur heima fyrir,<br \/>eigi dynt\u00f3ttur vi\u00f0 \u00fej\u00f3na \u00fe\u00edna.<br \/> <\/span> <span class=\"ljodatexti\"> <a name=\"31\"><span class=\"versanumer_ljod\">31<\/span><\/a> Haf\u00f0u ekki h\u00f6ndina teyg\u00f0a \u00fat til a\u00f0 \u00feiggja<br \/>en a\u00f0 \u00fe\u00e9r kippta er launa ber. <\/span> <\/p>\n","protected":false},"excerpt":{"rendered":"<p>Ver mildur vi\u00f0 f\u00e1t\u00e6ka 1Barni\u00f0 mitt, sviptu ekki b\u00e1gstaddan bj\u00f6rg, l\u00e1t eigi \u00feurfandi augu lengi m\u00e6na. 2 S\u00e6r\u00f0u ekki \u00feann sem sveltur,skaprauna \u00feeim eigi sem l\u00ed\u00f0ur skort. 3 Auk ekki angur \u00feess sem \u00feegar er biturog drag ekki nau\u00f0staddan \u00e1 gj\u00f6f \u00feinni. 4 Synja ei b\u00f3n a\u00f0\u00ferengds mannsog sn\u00fa eigi baki vi\u00f0 f\u00e1t\u00e6kum. 5 Bein eigi sj\u00f3num fr\u00e1 \u00feurfandi manniog gef honum ekki \u00e1st\u00e6\u00f0u til a\u00f0 form\u00e6la \u00fe\u00e9r. 6 Bi\u00f0ji hann \u00fe\u00e9r b\u00f6lb\u00e6na \u00ed n\u00edstandi bitur\u00f0mun s\u00e1 sem hann sk\u00f3p heyra b\u00e6n hans. 7 Gj\u00f6r \u00feig k\u00e6ran s\u00f6fnu\u00f0inum,au\u00f0s\u00fdn valdsm\u00f6nnum vir\u00f0ingu. 8 Hl\u00fd\u00f0 \u00e1 or\u00f0 f\u00e1t\u00e6ks manns,svara \u00e1varpi hans vingjarnlega. 9 <a href=\"https:\/\/biblian.is\/biblian\/siraksbok-4-kafli\/\"> [&#8230;]<\/a><\/p>\n","protected":false},"author":1,"featured_media":0,"parent":0,"menu_order":0,"comment_status":"open","ping_status":"open","template":"bibliukaflar.php","meta":{"footnotes":""},"class_list":["post-2869","page","type-page","status-publish","hentry"],"_links":{"self":[{"href":"https:\/\/biblian.is\/biblian\/wp-json\/wp\/v2\/pages\/2869","targetHints":{"allow":["GET"]}}],"collection":[{"href":"https:\/\/biblian.is\/biblian\/wp-json\/wp\/v2\/pages"}],"about":[{"href":"https:\/\/biblian.is\/biblian\/wp-json\/wp\/v2\/types\/page"}],"author":[{"embeddable":true,"href":"https:\/\/biblian.is\/biblian\/wp-json\/wp\/v2\/users\/1"}],"replies":[{"embeddable":true,"href":"https:\/\/biblian.is\/biblian\/wp-json\/wp\/v2\/comments?post=2869"}],"version-history":[{"count":0,"href":"https:\/\/biblian.is\/biblian\/wp-json\/wp\/v2\/pages\/2869\/revisions"}],"wp:attachment":[{"href":"https:\/\/biblian.is\/biblian\/wp-json\/wp\/v2\/media?parent=2869"}],"curies":[{"name":"wp","href":"https:\/\/api.w.org\/{rel}","templated":true}]}}