{"id":2868,"date":"2017-12-30T21:04:58","date_gmt":"2017-12-30T21:04:58","guid":{"rendered":"http:\/\/biblian.is\/biblian\/s%c2%92raksb%c2%97k-3-kafli\/"},"modified":"2018-01-16T02:29:29","modified_gmt":"2018-01-16T02:29:29","slug":"siraksbok-3-kafli","status":"publish","type":"page","link":"https:\/\/biblian.is\/biblian\/siraksbok-3-kafli\/","title":{"rendered":"S\u00edraksb\u00f3k 3. kafli"},"content":{"rendered":"<h3 class=\"millifyrirsogn_2007\"> Hei\u00f0ra foreldra<\/h3>\n<p><span class=\"ljodatexti\"> <a name=\"1\"><span class=\"versanumer_ljod\">1<\/span><\/a>Hl\u00fd\u00f0i\u00f0 \u00e1 fort\u00f6lur f\u00f6\u00f0ur y\u00f0ar, b\u00f6rnin m\u00edn. <br \/>Breyti\u00f0 eftir \u00feeim svo a\u00f0 \u00fe\u00e9r megi\u00f0 \u00f6rugg vera <br \/> <\/span> <span class=\"ljodatexti\"> <a name=\"2\"><span class=\"versanumer_ljod\">2<\/span><\/a> \u00fev\u00ed a\u00f0 Drottinn hefur sett b\u00f6rnum a\u00f0 hei\u00f0ra f\u00f6\u00f0ur, <br \/>\u00e1kvar\u00f0a\u00f0 r\u00e9tt m\u00f3\u00f0ur yfir sonum.<br \/> <\/span> <span class=\"ljodatexti\"> <a name=\"3\"><span class=\"versanumer_ljod\">3<\/span><\/a> S\u00e1 sem vir\u00f0ir f\u00f6\u00f0ur sinn b\u00e6tir fyrir syndir<br \/> <\/span> <span class=\"ljodatexti\"> <a name=\"4\"><span class=\"versanumer_ljod\">4<\/span><\/a> og s\u00e1 sem hei\u00f0rar m\u00f3\u00f0ur s\u00edna safnar s\u00e9r fj\u00e1rsj\u00f3\u00f0i.<br \/> <\/span> <span class=\"ljodatexti\"> <a name=\"5\"><span class=\"versanumer_ljod\">5<\/span><\/a> S\u00e1 sem vir\u00f0ir f\u00f6\u00f0ur sinn mun barnal\u00e1n hlj\u00f3ta<br \/>og er hann bi\u00f0ur hl\u00fdtur hann b\u00e6nheyrslu.<br \/> <\/span> <span class=\"ljodatexti\"> <a name=\"6\"><span class=\"versanumer_ljod\">6<\/span><\/a> S\u00e1 sem hei\u00f0rar f\u00f6\u00f0ur sinn mun langl\u00edfur ver\u00f0a<br \/>og s\u00e1 sem hl\u00fd\u00f0ir Drottni er m\u00f3\u00f0ur sinni huggun.<br \/> <\/span> <span class=\"ljodatexti\"> <a name=\"7\"><span class=\"versanumer_ljod\">7<\/span><\/a> Hl\u00fd\u00f0 foreldrum eins og \u00fer\u00e6ll h\u00fasb\u00e6ndum.<br \/> <\/span> <span class=\"ljodatexti\"> <a name=\"8\"><span class=\"versanumer_ljod\">8<\/span><\/a> Hei\u00f0ra f\u00f6\u00f0ur \u00feinn \u00ed or\u00f0i og verki<br \/>og \u00fe\u00fa munt hlj\u00f3ta blessun hans.<br \/> <\/span> <span class=\"ljodatexti\"> <a name=\"9\"><span class=\"versanumer_ljod\">9<\/span><\/a> Blessun f\u00f6\u00f0ur er hornsteinn heimilis barna<br \/>en b\u00f6lb\u00e6n m\u00f3\u00f0ur sviptir \u00fea\u00f0 grunni.<br \/> <\/span> <span class=\"ljodatexti\"> <a name=\"10\"><span class=\"versanumer_ljod\">10<\/span><\/a> Upphef \u00feig eigi me\u00f0 a\u00f0 ni\u00f0url\u00e6gja f\u00f6\u00f0ur \u00feinn,<br \/>\u00fe\u00e9r er ei vegsauki a\u00f0 vans\u00e6md hans.<br \/> <\/span> <span class=\"ljodatexti\"> <a name=\"11\"><span class=\"versanumer_ljod\">11<\/span><\/a> Hei\u00f0ur f\u00f6\u00f0ur er s\u00e6md sonar,<br \/>en vans\u00e6md m\u00f3\u00f0ur er b\u00f6rnum sm\u00e1n.<br \/> <\/span> <span class=\"ljodatexti\"> <a name=\"12\"><span class=\"versanumer_ljod\">12<\/span><\/a> Annastu f\u00f6\u00f0ur \u00feinn \u00ed elli hans, barni\u00f0 mitt,<br \/>hrygg\u00f0u hann ekki svo lengi sem hann lifir.<br \/> <\/span> <span class=\"ljodatexti\"> <a name=\"13\"><span class=\"versanumer_ljod\">13<\/span><\/a> Ver honum n\u00e6rg\u00e6tinn \u00fe\u00f3tt \u00e1 hann s\u00e6ki elligl\u00f6p,<br \/>vanvir\u00f0 hann eigi me\u00f0an \u00fe\u00e9r enn svellur \u00fer\u00f3ttur.<br \/> <\/span> <span class=\"ljodatexti\"> <a name=\"14\"><span class=\"versanumer_ljod\">14<\/span><\/a> G\u00e6ska vi\u00f0 f\u00f6\u00f0ur gleymist eigi,<br \/>h\u00fan mun b\u00e6ta fyrir \u00fea\u00f0 sem syndir \u00fe\u00ednar spilltu.<br \/> <\/span> <span class=\"ljodatexti\"> <a name=\"15\"><span class=\"versanumer_ljod\">15<\/span><\/a> \u00c1 ney\u00f0arstundu mun \u00fe\u00edn minnst ver\u00f0a<br \/>og syndir \u00fe\u00ednar hverfa l\u00edkt og hr\u00edm fyrir s\u00f3lu.<br \/> <\/span> <span class=\"ljodatexti\"> <a name=\"16\"><span class=\"versanumer_ljod\">16<\/span><\/a> S\u00e1 gu\u00f0lastar sem afr\u00e6kir f\u00f6\u00f0ur sinn,<br \/>Drottinn afneitar \u00feeim sem reitir m\u00f3\u00f0ur s\u00edna til rei\u00f0i. <\/span> <\/p>\n<h3 class=\"millifyrirsogn_2007\">Ver au\u00f0mj\u00fakur<\/h3>\n<p><span class=\"ljodatexti\"> <a name=\"17\"><span class=\"versanumer_ljod\">17<\/span><\/a>Barni\u00f0 mitt, stunda i\u00f0ju \u00fe\u00edna \u00ed au\u00f0m\u00fdkt, <br \/>\u00fe\u00e1 mun \u00fe\u00e9r unna\u00f0 meira en gjafmildum manni. <br \/> <\/span> <span class=\"ljodatexti\"> <a name=\"18\"><span class=\"versanumer_ljod\">18<\/span><\/a> Ver \u00fev\u00ed h\u00f3gv\u00e6rari sem vegur \u00feinn vex <br \/>og n\u00e1\u00f0 muntu hlj\u00f3ta \u00ed augum Drottins.<br \/> <\/span> <span class=\"ljodatexti\"> <a name=\"19\"><span class=\"versanumer_ljod\">19<\/span><\/a> Marga ber h\u00e1tt og \u00feeir eru d\u00e1\u00f0ir<br \/>en au\u00f0mj\u00fakum birtir hann leyndard\u00f3ma s\u00edna. <span class=\"nedan_mal\" title=\" Vantar \u00ed sum gr\u00edsk handrit.\">[<\/span> <br \/> <\/span> <span class=\"ljodatexti\"> <a name=\"20\"><span class=\"versanumer_ljod\">20<\/span><\/a> Mikill er m\u00e1ttur Drottins<br \/>og au\u00f0mj\u00fakir vegsama hann.<br \/> <\/span> <span class=\"ljodatexti\"> <a name=\"21\"><span class=\"versanumer_ljod\">21<\/span><\/a> Leita \u00feess eigi sem er \u00fe\u00e9r ofvaxi\u00f0<br \/>og kanna \u00fea\u00f0 eigi sem \u00fe\u00e9r er um megn.<br \/> <\/span> <span class=\"ljodatexti\"> <a name=\"22\"><span class=\"versanumer_ljod\">22<\/span><\/a> Huglei\u00f0 \u00feau bo\u00f0or\u00f0 sem \u00fe\u00fa hefur fengi\u00f0,<br \/>hitt var\u00f0ar \u00feig engu sem er huli\u00f0.<br \/> <\/span> <span class=\"ljodatexti\"> <a name=\"23\"><span class=\"versanumer_ljod\">23<\/span><\/a> S\u00f3a ei kr\u00f6ftum \u00e1 \u00fea\u00f0 sem \u00fe\u00fa veldur eigi,<br \/>\u00fe\u00e9r er \u00feegar birt meira en \u00e1 manns valdi er a\u00f0 skilja.<br \/> <\/span> <span class=\"ljodatexti\"> <a name=\"24\"><span class=\"versanumer_ljod\">24<\/span><\/a> \u00de\u00f3tti hefur leitt marga afvega<br \/>og ska\u00f0legar firrur spillt d\u00f3mgreind \u00feeirra.<br \/> <\/span> <span class=\"ljodatexti\"> <a name=\"25\"><span class=\"versanumer_ljod\">25<\/span><\/a> \u00c1n augna s\u00e9r\u00f0u ekki lj\u00f3s,<br \/>\u00e1n \u00feekkingar \u00f6\u00f0last \u00fe\u00fa ekki speki. <span class=\"nedan_mal\" title=\" Byggt \u00e1 hebreskum handritum.\">[<\/span> <br \/> <\/span> <span class=\"ljodatexti\"> <a name=\"26\"><span class=\"versanumer_ljod\">26<\/span><\/a> Ill endalok b\u00ed\u00f0a \u00fever\u00fa\u00f0ugra,<br \/>\u00feeim sem ann h\u00e6ttu mun h\u00fan tort\u00edma.<br \/> <\/span> <span class=\"ljodatexti\"> <a name=\"27\"><span class=\"versanumer_ljod\">27<\/span><\/a> \u00dever\u00fa\u00f0uga munu byr\u00f0ar \u00fejaka<br \/>og syndarinn hle\u00f0ur synd \u00e1 synd ofan.<br \/> <\/span> <span class=\"ljodatexti\"> <a name=\"28\"><span class=\"versanumer_ljod\">28<\/span><\/a> Vi\u00f0 b\u00f6li hrokagikks er ekkert til b\u00f3ta<br \/>\u00fev\u00ed a\u00f0 illskan hefur fest r\u00e6tur \u00ed honum.<br \/> <\/span> <span class=\"ljodatexti\"> <a name=\"29\"><span class=\"versanumer_ljod\">29<\/span><\/a> Viturt hjarta \u00edhugar or\u00f0skvi\u00f0i<br \/>og n\u00e6mt eyra er yndi spekings. <\/span> <\/p>\n<h3 class=\"millifyrirsogn_2007\">Gjafmildi vi\u00f0 f\u00e1t\u00e6ka<\/h3>\n<p><span class=\"ljodatexti\"> <a name=\"30\"><span class=\"versanumer_ljod\">30<\/span><\/a> Vatni\u00f0 slekkur brennandi b\u00e1l<br \/>og g\u00f3\u00f0verk b\u00e6tir fyrir syndir.<br \/> <\/span> <span class=\"ljodatexti\"> <a name=\"31\"><span class=\"versanumer_ljod\">31<\/span><\/a> \u00deess manns mun s\u00ed\u00f0ar minnst<br \/>sem launar gott me\u00f0 g\u00f3\u00f0u,<br \/>\u00feegar \u00e1 m\u00f3ti bl\u00e6s mun hann stu\u00f0ning hlj\u00f3ta. <\/span> <\/p>\n","protected":false},"excerpt":{"rendered":"<p>Hei\u00f0ra foreldra 1Hl\u00fd\u00f0i\u00f0 \u00e1 fort\u00f6lur f\u00f6\u00f0ur y\u00f0ar, b\u00f6rnin m\u00edn. Breyti\u00f0 eftir \u00feeim svo a\u00f0 \u00fe\u00e9r megi\u00f0 \u00f6rugg vera 2 \u00fev\u00ed a\u00f0 Drottinn hefur sett b\u00f6rnum a\u00f0 hei\u00f0ra f\u00f6\u00f0ur, \u00e1kvar\u00f0a\u00f0 r\u00e9tt m\u00f3\u00f0ur yfir sonum. 3 S\u00e1 sem vir\u00f0ir f\u00f6\u00f0ur sinn b\u00e6tir fyrir syndir 4 og s\u00e1 sem hei\u00f0rar m\u00f3\u00f0ur s\u00edna safnar s\u00e9r fj\u00e1rsj\u00f3\u00f0i. 5 S\u00e1 sem vir\u00f0ir f\u00f6\u00f0ur sinn mun barnal\u00e1n hlj\u00f3taog er hann bi\u00f0ur hl\u00fdtur hann b\u00e6nheyrslu. 6 S\u00e1 sem hei\u00f0rar f\u00f6\u00f0ur sinn mun langl\u00edfur ver\u00f0aog s\u00e1 sem hl\u00fd\u00f0ir Drottni er m\u00f3\u00f0ur sinni huggun. 7 Hl\u00fd\u00f0 foreldrum eins og \u00fer\u00e6ll h\u00fasb\u00e6ndum. 8 Hei\u00f0ra f\u00f6\u00f0ur \u00feinn \u00ed or\u00f0i og verkiog \u00fe\u00fa <a href=\"https:\/\/biblian.is\/biblian\/siraksbok-3-kafli\/\"> [&#8230;]<\/a><\/p>\n","protected":false},"author":1,"featured_media":0,"parent":0,"menu_order":0,"comment_status":"open","ping_status":"open","template":"bibliukaflar.php","meta":{"footnotes":""},"class_list":["post-2868","page","type-page","status-publish","hentry"],"_links":{"self":[{"href":"https:\/\/biblian.is\/biblian\/wp-json\/wp\/v2\/pages\/2868","targetHints":{"allow":["GET"]}}],"collection":[{"href":"https:\/\/biblian.is\/biblian\/wp-json\/wp\/v2\/pages"}],"about":[{"href":"https:\/\/biblian.is\/biblian\/wp-json\/wp\/v2\/types\/page"}],"author":[{"embeddable":true,"href":"https:\/\/biblian.is\/biblian\/wp-json\/wp\/v2\/users\/1"}],"replies":[{"embeddable":true,"href":"https:\/\/biblian.is\/biblian\/wp-json\/wp\/v2\/comments?post=2868"}],"version-history":[{"count":0,"href":"https:\/\/biblian.is\/biblian\/wp-json\/wp\/v2\/pages\/2868\/revisions"}],"wp:attachment":[{"href":"https:\/\/biblian.is\/biblian\/wp-json\/wp\/v2\/media?parent=2868"}],"curies":[{"name":"wp","href":"https:\/\/api.w.org\/{rel}","templated":true}]}}