{"id":2867,"date":"2017-12-30T21:04:58","date_gmt":"2017-12-30T21:04:58","guid":{"rendered":"http:\/\/biblian.is\/biblian\/s%c2%92raksb%c2%97k-2-kafli\/"},"modified":"2017-12-30T21:04:59","modified_gmt":"2017-12-30T21:04:59","slug":"siraksbok-2-kafli","status":"publish","type":"page","link":"https:\/\/biblian.is\/biblian\/siraksbok-2-kafli\/","title":{"rendered":"S\u00edraksb\u00f3k 2. kafli"},"content":{"rendered":"<h3 class=\"millifyrirsogn_2007\"> \u00dej\u00f3ni\u00f0 Drottni me\u00f0 \u00feolg\u00e6\u00f0i<\/h3>\n<p><span class=\"ljodatexti\"> <a name=\"1\"><span class=\"versanumer_ljod\">1<\/span><\/a>Barni\u00f0 mitt, er \u00fe\u00fa kemur til a\u00f0 \u00fej\u00f3na Drottni<br \/>b\u00fa \u00feig \u00fe\u00e1 undir \u00feolraun.<br \/> <\/span> <span class=\"ljodatexti\"> <a name=\"2\"><span class=\"versanumer_ljod\">2<\/span><\/a> Hjarta \u00feitt s\u00e9 einl\u00e6gt og sta\u00f0fast<br \/>og r\u00f3tt \u00e1 reynslut\u00edma.<br \/> <\/span> <span class=\"ljodatexti\"> <a name=\"3\"><span class=\"versanumer_ljod\">3<\/span><\/a> Haltu \u00fe\u00e9r fast vi\u00f0 Drottin og v\u00edk eigi fr\u00e1 honum<br \/>og \u00fe\u00fa munt vaxa af \u00fev\u00ed um s\u00ed\u00f0ir.<br \/> <\/span> <span class=\"ljodatexti\"> <a name=\"4\"><span class=\"versanumer_ljod\">4<\/span><\/a> Tak \u00f6llu sem a\u00f0 h\u00f6ndum ber,<br \/>ber\u00f0u \u00fej\u00e1ningu og ney\u00f0 me\u00f0 \u00feolinm\u00e6\u00f0i.<br \/> <\/span> <span class=\"ljodatexti\"> <a name=\"5\"><span class=\"versanumer_ljod\">5<\/span><\/a> Eins og gull er reynt \u00ed eldi,<br \/>\u00feannig eru \u00feeir sem Drottinn ann<br \/>reyndir \u00ed deiglu \u00fej\u00e1ningar.<br \/> <\/span> <span class=\"ljodatexti\"> <a name=\"6\"><span class=\"versanumer_ljod\">6<\/span><\/a> Treystu honum og hann mun taka \u00feig a\u00f0 s\u00e9r,<br \/>gakk r\u00e9ttan veg og vona \u00e1 hann. <\/span> <\/p>\n<h3 class=\"millifyrirsogn_2007\">N\u00e1\u00f0ugur og miskunnsamur er Drottinn<\/h3>\n<p><span class=\"ljodatexti\"> <a name=\"7\"><span class=\"versanumer_ljod\">7<\/span><\/a>\u00de\u00e9r sem \u00f3ttist Drottin, b\u00ed\u00f0i\u00f0 miskunnar hans, <br \/>sn\u00fai\u00f0 ei fr\u00e1 honum svo a\u00f0 \u00fe\u00e9r falli\u00f0. <br \/> <\/span> <span class=\"ljodatexti\"> <a name=\"8\"><span class=\"versanumer_ljod\">8<\/span><\/a> \u00de\u00e9r sem \u00f3ttist Drottin, treysti\u00f0 honum, <br \/>hann mun eigi l\u00e1ta laun y\u00f0ar breg\u00f0ast. <br \/> <\/span> <span class=\"ljodatexti\"> <a name=\"9\"><span class=\"versanumer_ljod\">9<\/span><\/a> \u00de\u00e9r sem \u00f3ttist Drottin, v\u00e6nti\u00f0 g\u00f3\u00f0s, <br \/>eil\u00edfrar gle\u00f0i og miskunnar. <br \/> <\/span> <span class=\"ljodatexti\"> <a name=\"10\"><span class=\"versanumer_ljod\">10<\/span><\/a> Hugsi\u00f0 til genginna kynsl\u00f3\u00f0a og g\u00e6ti\u00f0 a\u00f0: <br \/>Br\u00e1st Drottinn nokkrum sem treysti honum? <br \/>Yfirgaf Drottinn nokkurn sem \u00f3tta\u00f0ist hann? <br \/>Hver \u00e1kalla\u00f0i Drottin og hlaut ekki \u00e1heyrn?<br \/> <\/span> <span class=\"ljodatexti\"> <a name=\"11\"><span class=\"versanumer_ljod\">11<\/span><\/a> N\u00e1\u00f0ugur og miskunnsamur er Drottinn,<br \/>hann fyrirgefur syndir og bjargar \u00e1 ney\u00f0arstundu.<br \/> <\/span> <span class=\"ljodatexti\"> <a name=\"12\"><span class=\"versanumer_ljod\">12<\/span><\/a> Vei blau\u00f0um hj\u00f6rtum og magnvana h\u00f6ndum,<br \/>vei \u00feeim syndara sem s\u00fdnir tv\u00f6feldni.<br \/> <\/span> <span class=\"ljodatexti\"> <a name=\"13\"><span class=\"versanumer_ljod\">13<\/span><\/a> Vei huglausu hjarta sem treystir ekki,<br \/>eigi mun \u00fea\u00f0 vernd hlj\u00f3ta.<br \/> <\/span> <span class=\"ljodatexti\"> <a name=\"14\"><span class=\"versanumer_ljod\">14<\/span><\/a> Vei y\u00f0ur sem skortir \u00ferautseigju,<br \/>hva\u00f0 geri\u00f0 \u00fe\u00e9r er Drottinn kemur til d\u00f3ms?<br \/> <\/span> <span class=\"ljodatexti\"> <a name=\"15\"><span class=\"versanumer_ljod\">15<\/span><\/a> \u00deeir sem \u00f3ttast Drottin \u00f3hl\u00fd\u00f0nast eigi or\u00f0um hans.<br \/>\u00deeir sem hann elska ganga vegi hans.<br \/> <\/span> <span class=\"ljodatexti\"> <a name=\"16\"><span class=\"versanumer_ljod\">16<\/span><\/a> \u00deeir sem \u00f3ttast Drottin leitast vi\u00f0 a\u00f0 \u00fe\u00f3knast honum<br \/>og \u00feeir sem elska hann s\u00f6kkva s\u00e9r \u00ed l\u00f6gm\u00e1li\u00f0.<br \/> <\/span> <span class=\"ljodatexti\"> <a name=\"17\"><span class=\"versanumer_ljod\">17<\/span><\/a> \u00deeir sem \u00f3ttast Drottin undirb\u00faa hj\u00f6rtu s\u00edn<br \/>og beygja sig \u00ed au\u00f0m\u00fdkt fyrir honum.<br \/> <\/span> <span class=\"ljodatexti\"> <a name=\"18\"><span class=\"versanumer_ljod\">18<\/span><\/a> L\u00e1tum oss falla \u00ed hendur Drottins<br \/>en eigi \u00ed hendur manna.<br \/>Miskunn hans er eins mikil<br \/>og m\u00e1ttug tign hans. <\/span> <\/p>\n","protected":false},"excerpt":{"rendered":"<p>\u00dej\u00f3ni\u00f0 Drottni me\u00f0 \u00feolg\u00e6\u00f0i 1Barni\u00f0 mitt, er \u00fe\u00fa kemur til a\u00f0 \u00fej\u00f3na Drottnib\u00fa \u00feig \u00fe\u00e1 undir \u00feolraun. 2 Hjarta \u00feitt s\u00e9 einl\u00e6gt og sta\u00f0fastog r\u00f3tt \u00e1 reynslut\u00edma. 3 Haltu \u00fe\u00e9r fast vi\u00f0 Drottin og v\u00edk eigi fr\u00e1 honumog \u00fe\u00fa munt vaxa af \u00fev\u00ed um s\u00ed\u00f0ir. 4 Tak \u00f6llu sem a\u00f0 h\u00f6ndum ber,ber\u00f0u \u00fej\u00e1ningu og ney\u00f0 me\u00f0 \u00feolinm\u00e6\u00f0i. 5 Eins og gull er reynt \u00ed eldi,\u00feannig eru \u00feeir sem Drottinn annreyndir \u00ed deiglu \u00fej\u00e1ningar. 6 Treystu honum og hann mun taka \u00feig a\u00f0 s\u00e9r,gakk r\u00e9ttan veg og vona \u00e1 hann. N\u00e1\u00f0ugur og miskunnsamur er Drottinn 7\u00de\u00e9r sem \u00f3ttist Drottin, b\u00ed\u00f0i\u00f0 miskunnar <a href=\"https:\/\/biblian.is\/biblian\/siraksbok-2-kafli\/\"> [&#8230;]<\/a><\/p>\n","protected":false},"author":1,"featured_media":0,"parent":0,"menu_order":0,"comment_status":"open","ping_status":"open","template":"bibliukaflar.php","meta":{"footnotes":""},"class_list":["post-2867","page","type-page","status-publish","hentry"],"_links":{"self":[{"href":"https:\/\/biblian.is\/biblian\/wp-json\/wp\/v2\/pages\/2867","targetHints":{"allow":["GET"]}}],"collection":[{"href":"https:\/\/biblian.is\/biblian\/wp-json\/wp\/v2\/pages"}],"about":[{"href":"https:\/\/biblian.is\/biblian\/wp-json\/wp\/v2\/types\/page"}],"author":[{"embeddable":true,"href":"https:\/\/biblian.is\/biblian\/wp-json\/wp\/v2\/users\/1"}],"replies":[{"embeddable":true,"href":"https:\/\/biblian.is\/biblian\/wp-json\/wp\/v2\/comments?post=2867"}],"version-history":[{"count":0,"href":"https:\/\/biblian.is\/biblian\/wp-json\/wp\/v2\/pages\/2867\/revisions"}],"wp:attachment":[{"href":"https:\/\/biblian.is\/biblian\/wp-json\/wp\/v2\/media?parent=2867"}],"curies":[{"name":"wp","href":"https:\/\/api.w.org\/{rel}","templated":true}]}}