{"id":2866,"date":"2017-12-30T21:04:58","date_gmt":"2017-12-30T21:04:58","guid":{"rendered":"http:\/\/biblian.is\/biblian\/s%c2%92raksb%c2%97k-1-kafli\/"},"modified":"2018-01-20T21:04:43","modified_gmt":"2018-01-20T21:04:43","slug":"siraksbok-1-kafli","status":"publish","type":"page","link":"https:\/\/biblian.is\/biblian\/siraksbok-1-kafli\/","title":{"rendered":"S\u00edraksb\u00f3k 1. kafli"},"content":{"rendered":"<h3 class=\"millifyrirsogn_2007\"> Form\u00e1li \u00fe\u00fd\u00f0anda b\u00f3karinnar \u00far hebresku \u00e1 gr\u00edsku<\/h3>\n<p>L\u00f6gm\u00e1li\u00f0, sp\u00e1mennirnir og s\u00ed\u00f0ari rit hafa l\u00e1ti\u00f0 okkur \u00ed t\u00e9 gn\u00f3tt d\u00fdrm\u00e6tra gjafa. \u00deeirra vegna ber \u00cdsrael lof fyrir menntun s\u00edna og speki. \u00deeir sem rit \u00feessi lesa eiga ekki a\u00f0eins a\u00f0 au\u00f0gast sj\u00e1lfir a\u00f0 \u00feekkingu heldur ber \u00feeim einnig a\u00f0 leitast vi\u00f0 \u00fea\u00f0 \u00ed r\u00e6\u00f0u og riti a\u00f0 l\u00e6rd\u00f3msi\u00f0kanir \u00feeirra ver\u00f0i \u00f6\u00f0rum til nytja.<br \/>\nJes\u00fas, afi minn, haf\u00f0i lengi s\u00f6kkt s\u00e9r ni\u00f0ur \u00ed ranns\u00f3kn l\u00f6gm\u00e1lsins, sp\u00e1mannaritanna og annarra rita fe\u00f0ra okkar. Var hann or\u00f0inn \u00feeim einkar handgenginn. \u00dea\u00f0 var\u00f0 honum k\u00f6llun til a\u00f0 leggja sj\u00e1lfur sitt af m\u00f6rkum til menntunar og spekiritunnar. \u00dea\u00f0 ger\u00f0i hann til \u00feess a\u00f0 \u00feeir sem l\u00e6rd\u00f3mi unna og kynntu s\u00e9r rit hans g\u00e6tu teki\u00f0 enn meiri framf\u00f6rum me\u00f0 \u00fev\u00ed a\u00f0 breyta eftir l\u00f6gm\u00e1linu. <br \/>\n\u00c9g bi\u00f0 ykkur n\u00fa a\u00f0 lesa b\u00f3kina af velvilja og eftirtekt og taka ekki hart \u00e1 \u00fev\u00ed \u00fe\u00f3tt misbrestur kunni a\u00f0 vir\u00f0ast \u00e1 \u00fe\u00fd\u00f0ingunni \u00e1 st\u00f6ku sta\u00f0 en allan lag\u00f0i \u00e9g mig fram vi\u00f0 verki\u00f0. En \u00fea\u00f0 sem upphaflega var sami\u00f0 \u00e1 hebresku f\u00e6r a\u00f0 einhverju leyti a\u00f0ra merkingu \u00feegar \u00fev\u00ed er sn\u00fai\u00f0 \u00e1 a\u00f0ra tungu. \u00dea\u00f0 \u00e1 ekki a\u00f0eins vi\u00f0 um \u00feessa b\u00f3k. Sj\u00e1lft l\u00f6gm\u00e1li\u00f0, sp\u00e1mennirnir og hinar b\u00e6kurnar v\u00edkja um merkingu \u00fe\u00f3nokku\u00f0 fr\u00e1 \u00fev\u00ed sem er \u00e1 frumm\u00e1linu. <br \/>\n\u00c9g kom til Egyptalands \u00e1 \u00fer\u00edtugasta og \u00e1ttunda stj\u00f3rnar\u00e1ri Evergetesar konungs og dvaldist \u00fear um t\u00edma. Komst \u00e9g a\u00f0 raun um a\u00f0 fr\u00e6\u00f0ast\u00f6rf eru \u00fear mj\u00f6g i\u00f0ku\u00f0. Fannst m\u00e9r \u00e9g \u00fev\u00ed kn\u00fainn til a\u00f0 leggja al\u00fa\u00f0 og elju vi\u00f0 \u00fe\u00fd\u00f0ingu \u00feessa rits. Allt fr\u00e1 \u00feeim t\u00edma hef \u00e9g af \u00f3\u00fereytandi eljusemi lagt n\u00f3tt vi\u00f0 dag vi\u00f0 a\u00f0 lj\u00faka b\u00f3kinni og b\u00faa hana til \u00fatg\u00e1fu \u00ed \u00fe\u00e1gu \u00feeirra sem b\u00faa \u00ed framandi landi og vilja afla s\u00e9r \u00feekkingar og hafa l\u00edfi s\u00ednu \u00ed samr\u00e6mi vi\u00f0 l\u00f6gm\u00e1li\u00f0.<\/p>\n<h3 class=\"millifyrirsogn_2007\"> Spekin vegs\u00f6mu\u00f0<\/h3>\n<p> <span class=\"ljodatexti\"><a name=\"1\"><span class=\"versanumer_ljod\">1<\/span><\/a> \u00d6ll speki er fr\u00e1 Drottni,<br \/> hj\u00e1 honum er h\u00fan a\u00f0 eil\u00edfu.<br \/> <\/span> <span class=\"ljodatexti\"> <a name=\"2\"><span class=\"versanumer_ljod\">2<\/span><\/a> Hver f\u00e6r tali\u00f0 sandkorn \u00e1 sj\u00e1varstr\u00f6nd,<br \/>dropa regns e\u00f0a daga eil\u00edf\u00f0ar?<br \/> <\/span> <span class=\"ljodatexti\"> <a name=\"3\"><span class=\"versanumer_ljod\">3<\/span><\/a> Hver f\u00e6r kanna\u00f0 h\u00e6\u00f0 himins, v\u00ed\u00f0\u00e1ttu jar\u00f0ar,<br \/>undirdj\u00fapin e\u00f0a spekina?<br \/> <\/span> <span class=\"ljodatexti\"> <a name=\"4\"><span class=\"versanumer_ljod\">4<\/span><\/a> Fyrri \u00f6llu var spekin sk\u00f6pu\u00f0,<br \/>fr\u00e1 eil\u00edf\u00f0 voru skilningur og hyggindi.<br \/> <\/span> <span class=\"ljodatexti\"> <a name=\"5\"><span class=\"versanumer_ljod\">5<\/span><\/a> Or\u00f0 Gu\u00f0s \u00ed upph\u00e6\u00f0um er lind spekinnar, <br \/>eil\u00edf bo\u00f0 hans vegir hennar. <span class=\"nedan_mal\" title=\" Vantar \u00ed sum gr\u00edsk handrit.\">[<\/span> <br \/> <\/span> <span class=\"ljodatexti\"> <a name=\"6\"><span class=\"versanumer_ljod\">6<\/span><\/a> Hverjum opinbera\u00f0ist upphaf spekinnar? <br \/>Hver komst fyrir hulin r\u00f6k hennar?<br \/> <\/span> <span class=\"ljodatexti\"> <a name=\"7\"><span class=\"versanumer_ljod\">7<\/span><\/a> Hverjum opinbera\u00f0ist \u00feekking \u00e1 spekinni <br \/>og hver hlaut skilning \u00e1 allri reynslu hennar? <span class=\"nedan_mal\" title=\" Vantar \u00ed sum gr\u00edsk handrit.\">[<\/span> <br \/> <\/span> <span class=\"ljodatexti\"> <a name=\"8\"><span class=\"versanumer_ljod\">8<\/span><\/a> Drottinn einn er spakur, \u00f3gurlegur mj\u00f6g,<br \/>situr \u00ed h\u00e1s\u00e6ti s\u00ednu.<br \/> <\/span> <span class=\"ljodatexti\"> <a name=\"9\"><span class=\"versanumer_ljod\">9<\/span><\/a> Hann er s\u00e1 sem spekina sk\u00f3p,<br \/>leit \u00e1 hana og virti vel<br \/>og veitti henni yfir \u00f6ll s\u00edn verk.<br \/> <\/span> <span class=\"ljodatexti\"> <a name=\"10\"><span class=\"versanumer_ljod\">10<\/span><\/a> Allt sem lifir f\u00e9kk hlutdeild \u00ed \u00feeirri gj\u00f6f hans,<br \/>hann veitir \u00feeim sem elska hann r\u00edkulega af henni.<br \/> <\/span> <span class=\"ljodatexti\"> <a name=\"11\"><span class=\"versanumer_ljod\">11<\/span><\/a> A\u00f0 \u00f3ttast Drottin er hei\u00f0ur og vegsemd,<br \/>gle\u00f0i og fagna\u00f0arsveigur.<br \/> <\/span> <span class=\"ljodatexti\"> <a name=\"12\"><span class=\"versanumer_ljod\">12<\/span><\/a> A\u00f0 \u00f3ttast Drottin fyllir hjarta\u00f0 f\u00f6gnu\u00f0i, <br \/>veitir \u00e1n\u00e6gju, gle\u00f0i og langl\u00edfi. <br \/> <\/span> <span class=\"ljodatexti\"> <a name=\"13\"><span class=\"versanumer_ljod\">13<\/span><\/a> S\u00e1 sem \u00f3ttast Drottin mun hlj\u00f3ta s\u00e6lan endi, <br \/>nj\u00f3ta blessunar \u00e1 banad\u00e6gri. <\/span> <\/p>\n<h3 class=\"millifyrirsogn_2007\">Upphaf spekinnar<\/h3>\n<p><span class=\"ljodatexti\"> <a name=\"14\"><span class=\"versanumer_ljod\">14<\/span><\/a>Upphaf spekinnar er a\u00f0 \u00f3ttast Drottin.<br \/>H\u00fan er \u00e1sk\u00f6pu\u00f0 hinum tr\u00faf\u00f6stu \u00feegar \u00ed m\u00f3\u00f0url\u00edfi.<br \/> <\/span> <span class=\"ljodatexti\"> <a name=\"15\"><span class=\"versanumer_ljod\">15<\/span><\/a> Hj\u00e1 m\u00f6nnum hefur h\u00fan gert s\u00e9r b\u00fasta\u00f0,<br \/>grundvalla\u00f0an a\u00f0 eil\u00edfu,<br \/>ni\u00f0jar \u00feeirra munu treysta \u00e1 hana. <span class=\"nedan_mal\" title=\" Annar lesh\u00e1ttur: Og ni\u00f0jum \u00feeirra ver\u00f0ur h\u00fan falin.\">[<\/span> <br \/> <\/span> <span class=\"ljodatexti\"> <a name=\"16\"><span class=\"versanumer_ljod\">16<\/span><\/a> N\u00e6gtir speki er a\u00f0 \u00f3ttast Drottin,<br \/>h\u00fan se\u00f0ur menn me\u00f0 aldinum s\u00ednum.<br \/> <\/span> <span class=\"ljodatexti\"> <a name=\"17\"><span class=\"versanumer_ljod\">17<\/span><\/a> H\u00fas \u00feeirra allt fyllir h\u00fan lost\u00e6ti,<br \/>for\u00f0ab\u00farin afur\u00f0um s\u00ednum.<br \/> <\/span> <span class=\"ljodatexti\"> <a name=\"18\"><span class=\"versanumer_ljod\">18<\/span><\/a> K\u00f3r\u00f3na spekinnar er a\u00f0 \u00f3ttast Drottin,<br \/>h\u00fan ber bl\u00f3m fri\u00f0ar og fullrar heilsu.<br \/> <\/span> <span class=\"ljodatexti\"> <a name=\"19\"><span class=\"versanumer_ljod\">19<\/span><\/a> Drottinn horf\u00f0i \u00e1 spekina og mat hana mikils.<br \/>H\u00fan l\u00e6tur \u00feekkingu og inns\u00e6i falla sem regn,<br \/>eflir vegsemd \u00feeirra sem h\u00f6ndla hana.<br \/> <\/span> <span class=\"ljodatexti\"> <a name=\"20\"><span class=\"versanumer_ljod\">20<\/span><\/a> R\u00f3t spekinnar er a\u00f0 \u00f3ttast Drottin,<br \/>greinar hennar eru langl\u00edfi.<br \/> <\/span> <span class=\"ljodatexti\"> <a name=\"21\"><span class=\"versanumer_ljod\">21<\/span><\/a> Gu\u00f0s\u00f3tti hrekur syndir \u00e1 braut<br \/>og \u00fear sem hann er a\u00f0 finna v\u00edkur rei\u00f0in fr\u00e1. <span class=\"nedan_mal\" title=\" Vantar \u00ed sum gr\u00edsk handrit.\">[<\/span> <\/p>\n<h3 class=\"millifyrirsogn_2007\">Hafi\u00f0 taumhald \u00e1 lund og tungu<\/h3>\n<p><span class=\"ljodatexti\"> <a name=\"22\"><span class=\"versanumer_ljod\">22<\/span><\/a> \u00d3r\u00e9ttm\u00e6t rei\u00f0i \u00e1 engar m\u00e1lsb\u00e6tur,<br \/>h\u00f6mlulaus heift lei\u00f0ir manninn til falls.<br \/> <\/span> <span class=\"ljodatexti\"> <a name=\"23\"><span class=\"versanumer_ljod\">23<\/span><\/a> \u00deolinm\u00f3\u00f0ur \u00fereyr til hentugs t\u00edma<br \/>og honum hlotnast gle\u00f0i um s\u00ed\u00f0ir.<br \/> <\/span> <span class=\"ljodatexti\"> <a name=\"24\"><span class=\"versanumer_ljod\">24<\/span><\/a> Or\u00f0var er hann uns t\u00edmi er til,<br \/>\u00fe\u00e1 hlj\u00f3ta hyggindi hans lof af v\u00f6rum margra. <\/span> <\/p>\n<h3 class=\"millifyrirsogn_2007\">Spekin og lotning fyrir Gu\u00f0i<\/h3>\n<p><span class=\"ljodatexti\"> <a name=\"25\"><span class=\"versanumer_ljod\">25<\/span><\/a> Spekin b\u00fdr yfir fj\u00e1rsj\u00f3\u00f0um spakm\u00e6la<br \/>en gu\u00f0hr\u00e6\u00f0sla er syndurum vi\u00f0urstygg\u00f0.<br \/> <\/span> <span class=\"ljodatexti\"> <a name=\"26\"><span class=\"versanumer_ljod\">26<\/span><\/a> Ef \u00fe\u00fa \u00fer\u00e1ir speki skaltu halda bo\u00f0or\u00f0in,<br \/>\u00fe\u00e1 mun Drottinn veita \u00fe\u00e9r gn\u00f3tt hennar.<br \/> <\/span> <span class=\"ljodatexti\"> <a name=\"27\"><span class=\"versanumer_ljod\">27<\/span><\/a> Speki og menntun er a\u00f0 \u00f3ttast Drottin,<br \/>tr\u00fafesti og au\u00f0m\u00fdkt gle\u00f0ja hann.<br \/> <\/span> <span class=\"ljodatexti\"> <a name=\"28\"><span class=\"versanumer_ljod\">28<\/span><\/a> Sporna ei gegn \u00fev\u00ed a\u00f0 \u00f3ttast Drottin,<br \/>gakk ei fyrir hann me\u00f0 svik \u00ed hjarta.<br \/> <\/span> <span class=\"ljodatexti\"> <a name=\"29\"><span class=\"versanumer_ljod\">29<\/span><\/a> Hr\u00e6sna \u00fe\u00fa eigi fyrir m\u00f6nnum<br \/>og haf g\u00e1t \u00e1 v\u00f6rum \u00fe\u00ednum.<br \/> <\/span> <span class=\"ljodatexti\"> <a name=\"30\"><span class=\"versanumer_ljod\">30<\/span><\/a> Hreyk \u00fe\u00e9r eigi upp svo a\u00f0 \u00fe\u00fa fallir<br \/>og lei\u00f0ir vanvir\u00f0u yfir \u00feig.<br \/>Drottinn mun \u00fe\u00e1 lei\u00f0a \u00fea\u00f0 \u00ed lj\u00f3s sem \u00fe\u00fa hylur hi\u00f0 innra<br \/>og au\u00f0m\u00fdkja \u00feig \u00ed augs\u00fdn safna\u00f0arins.<br \/>\u00de\u00fa gekkst eigi fram \u00ed \u00f3tta Drottins,<br \/>hjarta \u00feitt var fullt svika. <\/span> <\/p>\n","protected":false},"excerpt":{"rendered":"<p>Form\u00e1li \u00fe\u00fd\u00f0anda b\u00f3karinnar \u00far hebresku \u00e1 gr\u00edsku L\u00f6gm\u00e1li\u00f0, sp\u00e1mennirnir og s\u00ed\u00f0ari rit hafa l\u00e1ti\u00f0 okkur \u00ed t\u00e9 gn\u00f3tt d\u00fdrm\u00e6tra gjafa. \u00deeirra vegna ber \u00cdsrael lof fyrir menntun s\u00edna og speki. \u00deeir sem rit \u00feessi lesa eiga ekki a\u00f0eins a\u00f0 au\u00f0gast sj\u00e1lfir a\u00f0 \u00feekkingu heldur ber \u00feeim einnig a\u00f0 leitast vi\u00f0 \u00fea\u00f0 \u00ed r\u00e6\u00f0u og riti a\u00f0 l\u00e6rd\u00f3msi\u00f0kanir \u00feeirra ver\u00f0i \u00f6\u00f0rum til nytja. Jes\u00fas, afi minn, haf\u00f0i lengi s\u00f6kkt s\u00e9r ni\u00f0ur \u00ed ranns\u00f3kn l\u00f6gm\u00e1lsins, sp\u00e1mannaritanna og annarra rita fe\u00f0ra okkar. Var hann or\u00f0inn \u00feeim einkar handgenginn. \u00dea\u00f0 var\u00f0 honum k\u00f6llun til a\u00f0 leggja sj\u00e1lfur sitt af m\u00f6rkum til menntunar og spekiritunnar. <a href=\"https:\/\/biblian.is\/biblian\/siraksbok-1-kafli\/\"> [&#8230;]<\/a><\/p>\n","protected":false},"author":1,"featured_media":0,"parent":0,"menu_order":0,"comment_status":"open","ping_status":"open","template":"bibliukaflar.php","meta":{"footnotes":""},"class_list":["post-2866","page","type-page","status-publish","hentry"],"_links":{"self":[{"href":"https:\/\/biblian.is\/biblian\/wp-json\/wp\/v2\/pages\/2866","targetHints":{"allow":["GET"]}}],"collection":[{"href":"https:\/\/biblian.is\/biblian\/wp-json\/wp\/v2\/pages"}],"about":[{"href":"https:\/\/biblian.is\/biblian\/wp-json\/wp\/v2\/types\/page"}],"author":[{"embeddable":true,"href":"https:\/\/biblian.is\/biblian\/wp-json\/wp\/v2\/users\/1"}],"replies":[{"embeddable":true,"href":"https:\/\/biblian.is\/biblian\/wp-json\/wp\/v2\/comments?post=2866"}],"version-history":[{"count":0,"href":"https:\/\/biblian.is\/biblian\/wp-json\/wp\/v2\/pages\/2866\/revisions"}],"wp:attachment":[{"href":"https:\/\/biblian.is\/biblian\/wp-json\/wp\/v2\/media?parent=2866"}],"curies":[{"name":"wp","href":"https:\/\/api.w.org\/{rel}","templated":true}]}}