{"id":2865,"date":"2017-12-30T21:04:58","date_gmt":"2017-12-30T21:04:58","guid":{"rendered":"http:\/\/biblian.is\/biblian\/speki-sal%c2%97mons-19-kafli\/"},"modified":"2017-12-30T21:04:59","modified_gmt":"2017-12-30T21:04:59","slug":"speki-salomons-19-kafli","status":"publish","type":"page","link":"https:\/\/biblian.is\/biblian\/speki-salomons-19-kafli\/","title":{"rendered":"Speki Sal\u00f3mons 19. kafli"},"content":{"rendered":"<h3 class=\"millifyrirsogn_2007\"> Egyptar drukkna, \u00cdsraelsmenn fara yfir hafi\u00f0<\/h3>\n<p><a name=\"1\"><span class=\"versanumer_2007\">1<\/span><\/a> En yfir hinum gu\u00f0lausu gr\u00faf\u00f0i v\u00e6g\u00f0arlaus rei\u00f0i Gu\u00f0s \u00fear til yfir lauk, enda s\u00e1 hann fyrir illvirkin sem \u00feeir \u00e1ttu eftir a\u00f0 fremja. <a name=\"2\"><span class=\"versanumer_2007\">2<\/span><\/a> \u00deeir \u00e1ttu eftir a\u00f0 sj\u00e1 sig um h\u00f6nd og veita \u00cdsraelsm\u00f6nnum eftirf\u00f6r \u00fe\u00f3tt \u00feeir hef\u00f0u veitt \u00feeim fararleyfi og stu\u00f0la\u00f0 a\u00f0 brottf\u00f6r \u00feeirra. <a name=\"3\"><span class=\"versanumer_2007\">3<\/span><\/a> Me\u00f0an \u00feeir voru enn \u00fejaka\u00f0ir sorg og s\u00e1tu harm\u00ferungnir vi\u00f0 grafir hinna l\u00e1tnu n\u00e1\u00f0i n\u00fd f\u00e1sinna t\u00f6kum \u00e1 \u00feeim. \u00deeir t\u00f3ku a\u00f0 ofs\u00e6kja og elta eins og strokumenn \u00fe\u00e1 sem \u00feeir h\u00f6f\u00f0u r\u00e9tt \u00e1\u00f0ur reki\u00f0 burt og be\u00f0i\u00f0 a\u00f0 fara. <a name=\"4\"><span class=\"versanumer_2007\">4<\/span><\/a> Makleg \u00f6rl\u00f6g leiddu \u00fe\u00e1 til \u00feessara \u00f6r\u00ferifar\u00e1\u00f0a og fengu \u00fe\u00e1 til a\u00f0 gleyma \u00fev\u00ed sem li\u00f0i\u00f0 var. \u00dea\u00f0 var til \u00feess a\u00f0 \u00feeir t\u00e6kju \u00fat til fulls \u00fe\u00e1 hegningu sem \u00feeir h\u00f6f\u00f0u unni\u00f0 til. <a name=\"5\"><span class=\"versanumer_2007\">5<\/span><\/a> L\u00fd\u00f0ur \u00feinn \u00e1tti a\u00f0 hlj\u00f3ta undursamlega f\u00f6r en hinir a\u00f0 m\u00e6ta dau\u00f0anum me\u00f0 \u00f3venjulegum h\u00e6tti.<br \/> <a name=\"6\"><span class=\"versanumer_2007\">6<\/span><\/a> Allt e\u00f0li sk\u00f6punarinnar t\u00f3k stakkaskiptum a\u00f0 n\u00fdju fr\u00e1 grunni og hl\u00fdddi skipunum \u00fe\u00ednum til \u00feess a\u00f0 b\u00f6rn \u00fe\u00edn var\u00f0veittust \u00f3sk\u00f6ddu\u00f0. <a name=\"7\"><span class=\"versanumer_2007\">7<\/span><\/a> Menn s\u00e1u sk\u00fd leggjast yfir herb\u00fa\u00f0irnar og fast land reis \u00fear sem fyrr var \u00feaki\u00f0 vatni. Rau\u00f0ahafi\u00f0 var\u00f0 grei\u00f0f\u00e6r vegur og \u00f3lgandi sj\u00f3rinn gr\u00e6nn v\u00f6llur. <a name=\"8\"><span class=\"versanumer_2007\">8<\/span><\/a> \u00dear f\u00f3r yfir allur l\u00fd\u00f0urinn sem h\u00f6nd \u00fe\u00edn hl\u00edf\u00f0i og s\u00e9\u00f0 haf\u00f0i d\u00e1samleg undur. <a name=\"9\"><span class=\"versanumer_2007\">9<\/span><\/a> \u00deeir voru eins og hestar \u00ed haga og l\u00e9ku s\u00e9r sem l\u00f6mb og vegs\u00f6mu\u00f0u \u00feig, Drottinn, sem frelsa\u00f0ir \u00fe\u00e1. <a name=\"10\"><span class=\"versanumer_2007\">10<\/span><\/a> \u00dev\u00ed a\u00f0 enn var \u00feeim \u00fea\u00f0 hugst\u00e6tt sem gerst haf\u00f0i \u00ed \u00fatleg\u00f0inni. M\u00fd haf\u00f0i sprotti\u00f0 upp \u00far j\u00f6r\u00f0inni \u00ed sta\u00f0 \u00feess a\u00f0 kvikna \u00e1 e\u00f0lilegan h\u00e1tt. Flj\u00f3ti\u00f0 spj\u00f3 froskamerg\u00f0 \u00ed sta\u00f0 \u00feess a\u00f0 f\u00f3stra lagard\u00fdr. <a name=\"11\"><span class=\"versanumer_2007\">11<\/span><\/a> \u00deegar \u00fe\u00e1 s\u00ed\u00f0ar langa\u00f0i \u00ed eitthva\u00f0 g\u00f3ms\u00e6tt a\u00f0 eta og \u00feeir b\u00e1\u00f0u um \u00fea\u00f0 fengu \u00feeir a\u00f0 sj\u00e1 fugla ver\u00f0a til \u00e1 n\u00fdjan h\u00e1tt: <a name=\"12\"><span class=\"versanumer_2007\">12<\/span><\/a> Lyngh\u00e6nsni stigu upp \u00far hafinu til a\u00f0 se\u00f0ja hungur \u00feeirra.<br \/> <a name=\"13\"><span class=\"versanumer_2007\">13<\/span><\/a> \u00c1 syndurum dundu refsingar en undan \u00feeim f\u00f3ru fyrirbo\u00f0ar, miklar eldingar. Maklega guldu \u00feeir eigin illsku \u00fev\u00ed a\u00f0 \u00feeir h\u00f6f\u00f0u ali\u00f0 me\u00f0 s\u00e9r hatramman hug til \u00fatlendinga. <a name=\"14\"><span class=\"versanumer_2007\">14<\/span><\/a> A\u00f0rir hafa \u00fath\u00fdst \u00f3kunnum a\u00f0komum\u00f6nnum en \u00feessir menn \u00fer\u00e6lku\u00f0u gesti sem gert h\u00f6f\u00f0u vel til \u00feeirra. <a name=\"15\"><span class=\"versanumer_2007\">15<\/span><\/a> Og ekki n\u00f3g me\u00f0 \u00fea\u00f0. Hinir, sem t\u00f3ku \u00fatlendingum illa, munu vissulega \u00feurfa a\u00f0 svara fyrir \u00fea\u00f0 <a name=\"16\"><span class=\"versanumer_2007\">16<\/span><\/a> en \u00feessir f\u00f6gnu\u00f0u \u00feeim me\u00f0 veisluh\u00f6ldum og \u00fej\u00f6ku\u00f0u \u00fe\u00e1 s\u00ed\u00f0an me\u00f0 hr\u00e6\u00f0ilegu erfi\u00f0i er \u00feeir h\u00f6f\u00f0u \u00feegar \u00f6\u00f0last \u00feegnr\u00e9ttindi. <a name=\"17\"><span class=\"versanumer_2007\">17<\/span><\/a> \u00deeir voru l\u00edka slegnir blindu eins og hinir vi\u00f0 dyr hins r\u00e9ttl\u00e1ta \u00feegar \u00feeir, umluktir ni\u00f0amyrkri, leitu\u00f0u inng\u00f6ngu hver um s\u00ednar dyr.<br \/> <a name=\"18\"><span class=\"versanumer_2007\">18<\/span><\/a> Frumefnin geta sj\u00e1lf komi\u00f0 fram \u00ed n\u00fdjum samb\u00f6ndum eins og stef breytir um takt \u00feegar leiki\u00f0 er \u00e1 strengi en hlj\u00f3murinn helst \u00e1vallt hinn sami. \u00deetta m\u00e1 lj\u00f3slega sj\u00e1 me\u00f0 \u00fev\u00ed a\u00f0 grandsko\u00f0a \u00fea\u00f0 sem \u00fe\u00e1 ger\u00f0ist. <a name=\"19\"><span class=\"versanumer_2007\">19<\/span><\/a> Landd\u00fdr ur\u00f0u a\u00f0 lagard\u00fdrum og sundd\u00fdr gengu \u00e1 land. <a name=\"20\"><span class=\"versanumer_2007\">20<\/span><\/a> Eldurinn magna\u00f0ist a\u00f0 eigin krafti \u00ed vatninu og vatni\u00f0 gleymdi e\u00f0li s\u00ednu a\u00f0 sl\u00f6kkva. <a name=\"21\"><span class=\"versanumer_2007\">21<\/span><\/a> \u00de\u00f3 eyddu logarnir hvorki holdi au\u00f0s\u00e6r\u00f0ra d\u00fdra, sem \u00f3\u00f0u eldinn, n\u00e9 leystist himnesk f\u00e6\u00f0an upp, sem er hr\u00edmi l\u00edkust, \u00fe\u00f3tt h\u00fan br\u00e1\u00f0ni au\u00f0veldlega. <a name=\"22\"><span class=\"versanumer_2007\">22<\/span><\/a> J\u00e1, \u00e1 allan h\u00e1tt hefur \u00fe\u00fa, Drottinn, gert l\u00fd\u00f0 \u00feinn mikinn og vegsamlegan. \u00de\u00fa hefur aldrei afr\u00e6kt hann og \u00e1vallt og alls sta\u00f0ar veitt honum fulltingi. <\/p>\n","protected":false},"excerpt":{"rendered":"<p>Egyptar drukkna, \u00cdsraelsmenn fara yfir hafi\u00f0 1 En yfir hinum gu\u00f0lausu gr\u00faf\u00f0i v\u00e6g\u00f0arlaus rei\u00f0i Gu\u00f0s \u00fear til yfir lauk, enda s\u00e1 hann fyrir illvirkin sem \u00feeir \u00e1ttu eftir a\u00f0 fremja. 2 \u00deeir \u00e1ttu eftir a\u00f0 sj\u00e1 sig um h\u00f6nd og veita \u00cdsraelsm\u00f6nnum eftirf\u00f6r \u00fe\u00f3tt \u00feeir hef\u00f0u veitt \u00feeim fararleyfi og stu\u00f0la\u00f0 a\u00f0 brottf\u00f6r \u00feeirra. 3 Me\u00f0an \u00feeir voru enn \u00fejaka\u00f0ir sorg og s\u00e1tu harm\u00ferungnir vi\u00f0 grafir hinna l\u00e1tnu n\u00e1\u00f0i n\u00fd f\u00e1sinna t\u00f6kum \u00e1 \u00feeim. \u00deeir t\u00f3ku a\u00f0 ofs\u00e6kja og elta eins og strokumenn \u00fe\u00e1 sem \u00feeir h\u00f6f\u00f0u r\u00e9tt \u00e1\u00f0ur reki\u00f0 burt og be\u00f0i\u00f0 a\u00f0 fara. 4 Makleg \u00f6rl\u00f6g leiddu \u00fe\u00e1 <a href=\"https:\/\/biblian.is\/biblian\/speki-salomons-19-kafli\/\"> [&#8230;]<\/a><\/p>\n","protected":false},"author":1,"featured_media":0,"parent":0,"menu_order":0,"comment_status":"open","ping_status":"open","template":"bibliukaflar.php","meta":{"footnotes":""},"class_list":["post-2865","page","type-page","status-publish","hentry"],"_links":{"self":[{"href":"https:\/\/biblian.is\/biblian\/wp-json\/wp\/v2\/pages\/2865","targetHints":{"allow":["GET"]}}],"collection":[{"href":"https:\/\/biblian.is\/biblian\/wp-json\/wp\/v2\/pages"}],"about":[{"href":"https:\/\/biblian.is\/biblian\/wp-json\/wp\/v2\/types\/page"}],"author":[{"embeddable":true,"href":"https:\/\/biblian.is\/biblian\/wp-json\/wp\/v2\/users\/1"}],"replies":[{"embeddable":true,"href":"https:\/\/biblian.is\/biblian\/wp-json\/wp\/v2\/comments?post=2865"}],"version-history":[{"count":0,"href":"https:\/\/biblian.is\/biblian\/wp-json\/wp\/v2\/pages\/2865\/revisions"}],"wp:attachment":[{"href":"https:\/\/biblian.is\/biblian\/wp-json\/wp\/v2\/media?parent=2865"}],"curies":[{"name":"wp","href":"https:\/\/api.w.org\/{rel}","templated":true}]}}