{"id":2864,"date":"2017-12-30T21:04:58","date_gmt":"2017-12-30T21:04:58","guid":{"rendered":"http:\/\/biblian.is\/biblian\/speki-sal%c2%97mons-18-kafli\/"},"modified":"2017-12-30T21:04:59","modified_gmt":"2017-12-30T21:04:59","slug":"speki-salomons-18-kafli","status":"publish","type":"page","link":"https:\/\/biblian.is\/biblian\/speki-salomons-18-kafli\/","title":{"rendered":"Speki Sal\u00f3mons 18. kafli"},"content":{"rendered":"<p><a name=\"1\"><span class=\"versanumer_2007\">1<\/span><\/a> En hi\u00f0 sk\u00e6rasta lj\u00f3s skein vi\u00f0 \u00fe\u00ednum heil\u00f6gu. \u00d3vinirnir heyr\u00f0u raddir \u00feeirra en s\u00e1u \u00fe\u00e1 ekki. \u00deeir pr\u00edsu\u00f0u \u00fe\u00e1 s\u00e6la fyrir a\u00f0 hafa ekki \u00feurft a\u00f0 \u00fej\u00e1st eins og \u00feeir <a name=\"2\"><span class=\"versanumer_2007\">2<\/span><\/a> og voru \u00feeim \u00feakkl\u00e1tir fyrir a\u00f0 vinna s\u00e9r ekki mein, \u00fe\u00f3tt \u00feeir hef\u00f0u veri\u00f0 illu beittir, og b\u00e1\u00f0u fyrirgefningar \u00e1 fjandskap s\u00ednum. <a name=\"3\"><span class=\"versanumer_2007\">3<\/span><\/a> \u00de\u00fa gafst \u00cdsrael eldst\u00f3lpa a\u00f0 vegv\u00edsi um \u00f3kunnan veg, s\u00f3l sem ska\u00f0a\u00f0i hann eigi \u00e1 fr\u00e6g\u00f0arf\u00f6r. <a name=\"4\"><span class=\"versanumer_2007\">4<\/span><\/a> Hinir \u00e1ttu \u00fea\u00f0 skili\u00f0 a\u00f0 missa lj\u00f3ssins og fj\u00f6trast myrkri. \u00deeir h\u00f6f\u00f0u haldi\u00f0 f\u00f6ngnum b\u00f6rnum \u00fe\u00ednum sem \u00e1ttu a\u00f0 mi\u00f0la heiminum \u00f3forgengilegu lj\u00f3si l\u00f6gm\u00e1lsins.<\/p>\n<h3 class=\"millifyrirsogn_2007\">\u00deessa n\u00f3tt<\/h3>\n<p><a name=\"5\"><span class=\"versanumer_2007\">5<\/span><\/a> \u00deeir h\u00f6f\u00f0u \u00e1kve\u00f0i\u00f0 a\u00f0 dey\u00f0a ungb\u00f6rn hinna heil\u00f6gu. \u00deegar eitt barn var bori\u00f0 \u00fat og komst af refsa\u00f0ir \u00fe\u00fa \u00feeim og hreifst burt fj\u00f6lda af b\u00f6rnum \u00feeirra og tort\u00edmdir \u00feeim h\u00f3pum saman \u00ed voldugum bylgjum. <a name=\"6\"><span class=\"versanumer_2007\">6<\/span><\/a> \u00deessi n\u00f3tt kom fe\u00f0rum vorum ekki \u00e1 \u00f3vart. \u00deeir \u00e1ttu a\u00f0 vera fullkomlega vissir um og gle\u00f0jast yfir \u00feeim fyrirheitum sem \u00feeir treystu. <a name=\"7\"><span class=\"versanumer_2007\">7<\/span><\/a> L\u00fd\u00f0ur \u00feinn v\u00e6nti frelsunar r\u00e9ttl\u00e1tra og tort\u00edmingar \u00f3vina. <a name=\"8\"><span class=\"versanumer_2007\">8<\/span><\/a> \u00dea\u00f0 sem \u00fe\u00fa refsa\u00f0ir andst\u00e6\u00f0ingunum me\u00f0 nota\u00f0ir \u00fe\u00fa til a\u00f0 kalla okkur til \u00fe\u00edn og veita okkur s\u00e6md. <a name=\"9\"><span class=\"versanumer_2007\">9<\/span><\/a> Heil\u00f6g b\u00f6rn r\u00e9ttl\u00e1tra fe\u00f0ra f\u00e6r\u00f0u f\u00f3rnir \u00ed kyrr\u00feey og gengu einum huga undir \u00fea\u00f0 gu\u00f0d\u00f3mlega l\u00f6gm\u00e1l a\u00f0 eitt skuli yfir alla hina heil\u00f6gu ganga \u00ed me\u00f0byr og andstreymi. Og \u00feeir sungu \u00feegar fe\u00f0runum lofs\u00f6ng.<br \/> <a name=\"10\"><span class=\"versanumer_2007\">10<\/span><\/a> \u00c1 m\u00f3ti kv\u00e1\u00f0u vi\u00f0 skerandi vein \u00f3vinanna, n\u00edstandi harmakvein yfir b\u00f6rnum sem \u00feeir syrg\u00f0u. <a name=\"11\"><span class=\"versanumer_2007\">11<\/span><\/a> \u00der\u00e6ll og h\u00fasb\u00f3ndi hlutu s\u00f6mu refsingu, eitt gekk yfir \u00feegn og \u00feengil. <a name=\"12\"><span class=\"versanumer_2007\">12<\/span><\/a> Allir st\u00f3\u00f0u \u00feeir uppi me\u00f0 \u00f3teljandi n\u00e1i sem be\u00f0i\u00f0 h\u00f6f\u00f0u bana \u00e1 sama h\u00e1tt. \u00deeir sem eftir lif\u00f0u voru of f\u00e1ir til a\u00f0 greftra l\u00edkin \u00fev\u00ed a\u00f0 \u00ed einni svipan haf\u00f0i bl\u00f3ma kynstofns \u00feeirra veri\u00f0 eytt. <a name=\"13\"><span class=\"versanumer_2007\">13<\/span><\/a> Allt h\u00f6f\u00f0u \u00feeir vefengt vegna fj\u00f6lkynngi sinnar. En \u00feegar frumbur\u00f0ir \u00feeirra d\u00f3u ur\u00f0u \u00feeir a\u00f0 vi\u00f0urkenna a\u00f0 l\u00fd\u00f0urinn v\u00e6ri b\u00f6rn Gu\u00f0s. <br \/> <a name=\"14\"><span class=\"versanumer_2007\">14<\/span><\/a> \u00deegar dj\u00fap \u00fe\u00f6gn gr\u00faf\u00f0i yfir \u00f6llu og n\u00f3ttin var a\u00f0 h\u00e1lfu li\u00f0in hj\u00e1 <a name=\"15\"><span class=\"versanumer_2007\">15<\/span><\/a> st\u00f6kk \u00feitt alm\u00e1ttuga or\u00f0 fr\u00e1 konungsh\u00e1s\u00e6ti \u00fe\u00ednu \u00e1 himni ni\u00f0ur \u00e1 ford\u00e6mt landi\u00f0. \u00dea\u00f0 var eins og v\u00edgreifur bardagama\u00f0ur <a name=\"16\"><span class=\"versanumer_2007\">16<\/span><\/a> og beitti hispurslausu bo\u00f0i \u00fe\u00ednu eins og hv\u00f6ttu sver\u00f0i. \u00dear sem \u00fea\u00f0 nam sta\u00f0ar deyddi \u00fea\u00f0 allt. \u00dea\u00f0 nam vi\u00f0 himin \u00feegar \u00fea\u00f0 gekk \u00e1 j\u00f6r\u00f0u. <a name=\"17\"><span class=\"versanumer_2007\">17<\/span><\/a> \u00de\u00e1 skelfdu \u00f3vinina skyndilega \u00e6gilegar draums\u00fdnir og \u00f3v\u00e6ntur \u00f3tti greip \u00fe\u00e1. <a name=\"18\"><span class=\"versanumer_2007\">18<\/span><\/a> \u00dear sem \u00feeir l\u00e1gu h\u00e1lfdau\u00f0ir hver um annan \u00feveran ger\u00f0u \u00feeir uppsk\u00e1tt fyrir hva\u00f0a sakir \u00feeir d\u00f3u. <a name=\"19\"><span class=\"versanumer_2007\">19<\/span><\/a> Draumarnir, sem ollu \u00feeim ofbo\u00f0i, h\u00f6f\u00f0u birt \u00feeim \u00fea\u00f0 fyrir fram. \u00deeir \u00e1ttu ekki a\u00f0 farast \u00e1n \u00feess a\u00f0 vita hvers vegna \u00feeir \u00fej\u00e1\u00f0ust.<br \/> <a name=\"20\"><span class=\"versanumer_2007\">20<\/span><\/a> Hinir r\u00e9ttl\u00e1tu f\u00f3ru ekki heldur varhluta af dau\u00f0anum. Margir f\u00f3rust \u00ed ey\u00f0im\u00f6rkinni. Refsid\u00f3murinn vara\u00f0i \u00fe\u00f3 ekki lengi. <a name=\"21\"><span class=\"versanumer_2007\">21<\/span><\/a> Vammlaus ma\u00f0ur kom \u00feeim skj\u00f3tt til hj\u00e1lpar. Hann haf\u00f0i b\u00e6nir og fri\u00f0\u00fe\u00e6gingarf\u00f3rnir fr\u00e1 helgi\u00fej\u00f3nustu sinni a\u00f0 vopni. Hann r\u00e9\u00f0st gegn rei\u00f0inni, st\u00f6\u00f0va\u00f0i pl\u00e1guna og s\u00fdndi me\u00f0 \u00fev\u00ed a\u00f0 hann var \u00fej\u00f3nn \u00feinn. <a name=\"22\"><span class=\"versanumer_2007\">22<\/span><\/a> Hann sigra\u00f0i heiftina hvorki me\u00f0 l\u00edkams\u00fer\u00f3tti n\u00e9 vopnavaldi heldur yfirbuga\u00f0i hann me\u00f0 or\u00f0i \u00feann er refsar og minnti \u00e1 ei\u00f0a og s\u00e1ttm\u00e1la vi\u00f0 fe\u00f0urna. <a name=\"23\"><span class=\"versanumer_2007\">23<\/span><\/a> \u00deegar l\u00edkin h\u00f6f\u00f0u hrannast upp t\u00f3k hann s\u00e9r st\u00f6\u00f0u, st\u00f6\u00f0va\u00f0i framr\u00e1sina og var\u00f0i lei\u00f0ina til \u00feeirra sem lif\u00f0u. <a name=\"24\"><span class=\"versanumer_2007\">24<\/span><\/a> Allan heiminn m\u00e1tti sj\u00e1 \u00e1 sk\u00f3s\u00ed\u00f0um kyrtli hans. Fr\u00e6g\u00f0 fe\u00f0ranna var greypt \u00e1 fj\u00f3rar ra\u00f0ir e\u00f0alsteina. H\u00e1tign \u00fe\u00edna gat a\u00f0 l\u00edta \u00e1 ennisskrauti hans. <a name=\"25\"><span class=\"versanumer_2007\">25<\/span><\/a> Fyrir \u00feessu hopa\u00f0i ey\u00f0andinn, \u00feetta skelfdi hann. \u00dea\u00f0 eitt n\u00e6g\u00f0i a\u00f0 \u00feeir h\u00f6f\u00f0u fengi\u00f0 a\u00f0 reyna rei\u00f0ina.<\/p>\n","protected":false},"excerpt":{"rendered":"<p>1 En hi\u00f0 sk\u00e6rasta lj\u00f3s skein vi\u00f0 \u00fe\u00ednum heil\u00f6gu. \u00d3vinirnir heyr\u00f0u raddir \u00feeirra en s\u00e1u \u00fe\u00e1 ekki. \u00deeir pr\u00edsu\u00f0u \u00fe\u00e1 s\u00e6la fyrir a\u00f0 hafa ekki \u00feurft a\u00f0 \u00fej\u00e1st eins og \u00feeir 2 og voru \u00feeim \u00feakkl\u00e1tir fyrir a\u00f0 vinna s\u00e9r ekki mein, \u00fe\u00f3tt \u00feeir hef\u00f0u veri\u00f0 illu beittir, og b\u00e1\u00f0u fyrirgefningar \u00e1 fjandskap s\u00ednum. 3 \u00de\u00fa gafst \u00cdsrael eldst\u00f3lpa a\u00f0 vegv\u00edsi um \u00f3kunnan veg, s\u00f3l sem ska\u00f0a\u00f0i hann eigi \u00e1 fr\u00e6g\u00f0arf\u00f6r. 4 Hinir \u00e1ttu \u00fea\u00f0 skili\u00f0 a\u00f0 missa lj\u00f3ssins og fj\u00f6trast myrkri. \u00deeir h\u00f6f\u00f0u haldi\u00f0 f\u00f6ngnum b\u00f6rnum \u00fe\u00ednum sem \u00e1ttu a\u00f0 mi\u00f0la heiminum \u00f3forgengilegu lj\u00f3si l\u00f6gm\u00e1lsins. \u00deessa n\u00f3tt 5 \u00deeir <a href=\"https:\/\/biblian.is\/biblian\/speki-salomons-18-kafli\/\"> [&#8230;]<\/a><\/p>\n","protected":false},"author":1,"featured_media":0,"parent":0,"menu_order":0,"comment_status":"open","ping_status":"open","template":"bibliukaflar.php","meta":{"footnotes":""},"class_list":["post-2864","page","type-page","status-publish","hentry"],"_links":{"self":[{"href":"https:\/\/biblian.is\/biblian\/wp-json\/wp\/v2\/pages\/2864","targetHints":{"allow":["GET"]}}],"collection":[{"href":"https:\/\/biblian.is\/biblian\/wp-json\/wp\/v2\/pages"}],"about":[{"href":"https:\/\/biblian.is\/biblian\/wp-json\/wp\/v2\/types\/page"}],"author":[{"embeddable":true,"href":"https:\/\/biblian.is\/biblian\/wp-json\/wp\/v2\/users\/1"}],"replies":[{"embeddable":true,"href":"https:\/\/biblian.is\/biblian\/wp-json\/wp\/v2\/comments?post=2864"}],"version-history":[{"count":0,"href":"https:\/\/biblian.is\/biblian\/wp-json\/wp\/v2\/pages\/2864\/revisions"}],"wp:attachment":[{"href":"https:\/\/biblian.is\/biblian\/wp-json\/wp\/v2\/media?parent=2864"}],"curies":[{"name":"wp","href":"https:\/\/api.w.org\/{rel}","templated":true}]}}