{"id":2863,"date":"2017-12-30T21:04:58","date_gmt":"2017-12-30T21:04:58","guid":{"rendered":"http:\/\/biblian.is\/biblian\/speki-sal%c2%97mons-17-kafli\/"},"modified":"2018-01-16T02:18:32","modified_gmt":"2018-01-16T02:18:32","slug":"speki-salomons-17-kafli","status":"publish","type":"page","link":"https:\/\/biblian.is\/biblian\/speki-salomons-17-kafli\/","title":{"rendered":"Speki Sal\u00f3mons 17. kafli"},"content":{"rendered":"<h3 class=\"millifyrirsogn_2007\"> Myrkur yfir Egyptum, eldst\u00f3lpi l\u00fdsir \u00cdsrael<\/h3>\n<p><a name=\"1\"><span class=\"versanumer_2007\">1<\/span><\/a> Miklir eru d\u00f3mar \u00fe\u00ednir og torskildir. \u00deess vegna villtust \u00fe\u00e6r s\u00e1lir sem ekki h\u00f6f\u00f0u hloti\u00f0 fr\u00e6\u00f0slu. <a name=\"2\"><span class=\"versanumer_2007\">2<\/span><\/a> \u00deegar hinir gu\u00f0lausu hug\u00f0ust vera a\u00f0 k\u00faga heilagan l\u00fd\u00f0 \u00fe\u00e1 voru \u00feeir fangar \u00ed myrkri og l\u00e1gu fj\u00f6tra\u00f0ir um langa n\u00f3tt \u00ed h\u00fasum s\u00ednum, \u00fatsk\u00fafa\u00f0ir fr\u00e1 eil\u00edfri forsj\u00f3n. <a name=\"3\"><span class=\"versanumer_2007\">3<\/span><\/a> \u00deeir tv\u00edstru\u00f0ust felmtra\u00f0ir vegna \u00edmynda\u00f0ra s\u00fdna. \u00deeir t\u00f6ldu a\u00f0 leyndar syndir \u00feeirra mundu hyljast a\u00f0 baki dimmri sl\u00e6\u00f0u gleymskunnar. <a name=\"4\"><span class=\"versanumer_2007\">4<\/span><\/a> Jafnvel afkiminn, sem \u00feeir leyndust \u00ed, hl\u00edf\u00f0i \u00feeim ekki vi\u00f0 \u00f3gnum. Allt \u00ed kringum \u00fe\u00e1 dundu skelfileg \u00f3hlj\u00f3\u00f0 og fyrir \u00fe\u00e1 bar \u00f3fr\u00fdnilega svipi, \u00f3gnvekjandi \u00e1s\u00fdndum. <a name=\"5\"><span class=\"versanumer_2007\">5<\/span><\/a> Enginn eldur megna\u00f0i a\u00f0 l\u00fdsa n\u00e9 m\u00e1ttu leiftur stjarna s\u00edn neins til a\u00f0 breg\u00f0a birtu \u00e1 hina skelfilegu n\u00f3tt. <a name=\"6\"><span class=\"versanumer_2007\">6<\/span><\/a> \u00deeir s\u00e1u a\u00f0eins \u00f3ttalegt, sj\u00e1lfkveikt villulj\u00f3s. Fr\u00e1vita af hinu \u00f3\u00feekkta, sem fyrir augu bar, virtist \u00feeim \u00fea\u00f0 enn skelfilegra en \u00fea\u00f0 var. <a name=\"7\"><span class=\"versanumer_2007\">7<\/span><\/a> Fj\u00f6lkynngi t\u00f6framanna reyndist gagnslaus og \u00feeir sem gortu\u00f0u af \u00feekkingu ur\u00f0u s\u00e9r til skammar. <a name=\"8\"><span class=\"versanumer_2007\">8<\/span><\/a> \u00deeir sem \u00fe\u00f3ttust geta hraki\u00f0 \u00f3tta og ofbo\u00f0 fr\u00e1 sj\u00fakum s\u00e1lum ur\u00f0u sj\u00e1lfir gagnteknir hl\u00e1legri hr\u00e6\u00f0slu. <a name=\"9\"><span class=\"versanumer_2007\">9<\/span><\/a>\/<a name=\"10\"><span class=\"versanumer_2007\">10<\/span><\/a> \u00dea\u00f0 sem skelfdi \u00fe\u00e1 var ska\u00f0laust. Samt voru \u00feeir skelfingu lostnir vi\u00f0 su\u00f0i\u00f0 \u00ed p\u00f6ddunum og hv\u00e6si\u00f0 \u00ed sn\u00e1kunum. \u00deeir \u00e1r\u00e6ddu ekki einu sinni a\u00f0 horfa \u00fat \u00ed lofti\u00f0 sem enginn kemst \u00fe\u00f3 hj\u00e1. <a name=\"11\"><span class=\"versanumer_2007\">11<\/span><\/a> \u00dev\u00ed a\u00f0 huglaus er vonskan og hl\u00fdtur sinn d\u00f3m fyrir eigin vitnisbur\u00f0, bitin af samviskunni b\u00fdst h\u00fan vi\u00f0 hinu versta. <a name=\"12\"><span class=\"versanumer_2007\">12<\/span><\/a> \u00d3ttinn felst \u00ed \u00fev\u00ed a\u00f0 sto\u00f0 skynseminnar brestur. <a name=\"13\"><span class=\"versanumer_2007\">13<\/span><\/a> \u00dev\u00ed veikari sem hinn \u00farr\u00e6\u00f0alausi er innra me\u00f0 s\u00e9r \u00feeim mun f\u00fasari er hann a\u00f0 loka augum fyrir \u00fev\u00ed sem kv\u00f6l hans veldur.<br \/> <a name=\"14\"><span class=\"versanumer_2007\">14<\/span><\/a> \u00deeir sem sv\u00e1fu \u00feessa m\u00e1ttarvana n\u00f3tt, sem kom \u00far magnlausum afkimum heljar, kv\u00f6ldust allir \u00e1 sama h\u00e1tt: <a name=\"15\"><span class=\"versanumer_2007\">15<\/span><\/a> \u00deeir voru \u00fdmist \u00e1s\u00f3ttir af \u00edmyndu\u00f0um vofum e\u00f0a ur\u00f0u viti s\u00ednu fj\u00e6r \u00fev\u00ed a\u00f0 sviplega og \u00f3v\u00e6nt helltist skelfing yfir \u00fe\u00e1. <a name=\"16\"><span class=\"versanumer_2007\">16<\/span><\/a> Hver og einn f\u00e9ll \u00fear sem hann st\u00f3\u00f0. Hann luktist inni \u00ed fangelsi sem \u00fe\u00f3 var enginn slagbrandur fyrir. <a name=\"17\"><span class=\"versanumer_2007\">17<\/span><\/a> Hvort sem \u00fea\u00f0 var b\u00f3ndi e\u00f0a hir\u00f0ingi e\u00f0a einyrki og erfi\u00f0isma\u00f0ur, \u00fe\u00e1 skall \u00feetta yfir hann, enginn gat vikist undan. <a name=\"18\"><span class=\"versanumer_2007\">18<\/span><\/a> Allir hnepptust \u00ed sama myrkrafj\u00f6tur. Hvort sem \u00feeir heyr\u00f0u \u00feyt vindsins e\u00f0a \u00fe\u00fd\u00f0an fuglas\u00f6ng \u00ed laufgu\u00f0um greinum e\u00f0a ni\u00f0andi foss <a name=\"19\"><span class=\"versanumer_2007\">19<\/span><\/a> e\u00f0a \u00feungar drunur fr\u00e1 hrapandi bj\u00f6rgum e\u00f0a f\u00f3tatak st\u00f6kkvandi d\u00fdra, sem s\u00e1ust \u00fe\u00f3 ekki, e\u00f0a \u00f6skur \u00ed hr\u00e6\u00f0ilegustu \u00f3argad\u00fdrum e\u00f0a bergm\u00e1l, sem kva\u00f0 vi\u00f0 \u00ed glj\u00fafrum, allt skelfdi \u00feetta \u00fe\u00e1 og dr\u00f3 \u00far \u00feeim allan m\u00e1tt.<br \/> <a name=\"20\"><span class=\"versanumer_2007\">20<\/span><\/a> En allur heimur var ba\u00f0a\u00f0ur sk\u00e6rri birtu og menn gengu til verka \u00e1n vandkv\u00e6\u00f0a. <a name=\"21\"><span class=\"versanumer_2007\">21<\/span><\/a> En yfir \u00fe\u00e1 eina breiddist \u00feungt n\u00e1ttmyrkri\u00f0, \u00edmynd \u00feess myrkurs sem \u00feeir stefndu \u00ed. En sj\u00e1lfum s\u00e9r voru \u00feeir meiri byr\u00f0i en myrkri\u00f0.<\/p>\n","protected":false},"excerpt":{"rendered":"<p>Myrkur yfir Egyptum, eldst\u00f3lpi l\u00fdsir \u00cdsrael 1 Miklir eru d\u00f3mar \u00fe\u00ednir og torskildir. \u00deess vegna villtust \u00fe\u00e6r s\u00e1lir sem ekki h\u00f6f\u00f0u hloti\u00f0 fr\u00e6\u00f0slu. 2 \u00deegar hinir gu\u00f0lausu hug\u00f0ust vera a\u00f0 k\u00faga heilagan l\u00fd\u00f0 \u00fe\u00e1 voru \u00feeir fangar \u00ed myrkri og l\u00e1gu fj\u00f6tra\u00f0ir um langa n\u00f3tt \u00ed h\u00fasum s\u00ednum, \u00fatsk\u00fafa\u00f0ir fr\u00e1 eil\u00edfri forsj\u00f3n. 3 \u00deeir tv\u00edstru\u00f0ust felmtra\u00f0ir vegna \u00edmynda\u00f0ra s\u00fdna. \u00deeir t\u00f6ldu a\u00f0 leyndar syndir \u00feeirra mundu hyljast a\u00f0 baki dimmri sl\u00e6\u00f0u gleymskunnar. 4 Jafnvel afkiminn, sem \u00feeir leyndust \u00ed, hl\u00edf\u00f0i \u00feeim ekki vi\u00f0 \u00f3gnum. Allt \u00ed kringum \u00fe\u00e1 dundu skelfileg \u00f3hlj\u00f3\u00f0 og fyrir \u00fe\u00e1 bar \u00f3fr\u00fdnilega svipi, \u00f3gnvekjandi \u00e1s\u00fdndum. 5 <a href=\"https:\/\/biblian.is\/biblian\/speki-salomons-17-kafli\/\"> [&#8230;]<\/a><\/p>\n","protected":false},"author":1,"featured_media":0,"parent":0,"menu_order":0,"comment_status":"open","ping_status":"open","template":"bibliukaflar.php","meta":{"footnotes":""},"class_list":["post-2863","page","type-page","status-publish","hentry"],"_links":{"self":[{"href":"https:\/\/biblian.is\/biblian\/wp-json\/wp\/v2\/pages\/2863","targetHints":{"allow":["GET"]}}],"collection":[{"href":"https:\/\/biblian.is\/biblian\/wp-json\/wp\/v2\/pages"}],"about":[{"href":"https:\/\/biblian.is\/biblian\/wp-json\/wp\/v2\/types\/page"}],"author":[{"embeddable":true,"href":"https:\/\/biblian.is\/biblian\/wp-json\/wp\/v2\/users\/1"}],"replies":[{"embeddable":true,"href":"https:\/\/biblian.is\/biblian\/wp-json\/wp\/v2\/comments?post=2863"}],"version-history":[{"count":0,"href":"https:\/\/biblian.is\/biblian\/wp-json\/wp\/v2\/pages\/2863\/revisions"}],"wp:attachment":[{"href":"https:\/\/biblian.is\/biblian\/wp-json\/wp\/v2\/media?parent=2863"}],"curies":[{"name":"wp","href":"https:\/\/api.w.org\/{rel}","templated":true}]}}